{"id":775,"date":"2022-04-28T11:34:02","date_gmt":"2022-04-28T09:34:02","guid":{"rendered":"https:\/\/agora.xtec.cat\/esc-musicamartorell\/?page_id=775"},"modified":"2022-05-02T12:24:15","modified_gmt":"2022-05-02T10:24:15","slug":"musica-per-a-nadons","status":"publish","type":"page","link":"https:\/\/agora.xtec.cat\/esc-musicamartorell\/ofertaformativa\/musica-per-a-nadons\/","title":{"rendered":"M\u00fasica per a Nadons"},"content":{"rendered":"<p><img loading=\"lazy\" decoding=\"async\" class=\"alignnone wp-image-687 size-large\" src=\"https:\/\/agora.xtec.cat\/esc-musicamartorell\/wp-content\/uploads\/usu2511\/2022\/01\/NADONS-2n-Q-e1651084291897-1024x409.jpg\" alt=\"\" width=\"1024\" height=\"409\" srcset=\"https:\/\/agora.xtec.cat\/esc-musicamartorell\/wp-content\/uploads\/usu2511\/2022\/01\/NADONS-2n-Q-e1651084291897-1024x409.jpg 1024w, https:\/\/agora.xtec.cat\/esc-musicamartorell\/wp-content\/uploads\/usu2511\/2022\/01\/NADONS-2n-Q-e1651084291897-300x120.jpg 300w, https:\/\/agora.xtec.cat\/esc-musicamartorell\/wp-content\/uploads\/usu2511\/2022\/01\/NADONS-2n-Q-e1651084291897-768x307.jpg 768w, https:\/\/agora.xtec.cat\/esc-musicamartorell\/wp-content\/uploads\/usu2511\/2022\/01\/NADONS-2n-Q-e1651084291897.jpg 1143w\" sizes=\"auto, (max-width: 1024px) 100vw, 1024px\" \/><\/p>\n<p><strong>Taller de nadons<\/strong>:\u00a0 (de 9 mesos a 3 anys)\u00a0 activitat condu\u00efda per l\u2019Anna Roig consistent en sessions de 45 minuts setmanals\u00a0 per gaudir de la m\u00fasica en fam\u00edlia i compartir recursos que us podran servir per fer m\u00fasica amb els vostres nadons: can\u00e7ons, jocs de falda, jocs de dits, experimentaci\u00f3 amb objectes sonors, audicions, danses, descoberta d\u2019instruments, etc.<\/p>\n<p>Les sessions van dirigides a infants de 9 mesos a 3 anys, dividits en grups per edats i acompanyats per un adult de refer\u00e8ncia. L\u2019horari ser\u00e0 de 16h a 16:45h, els dilluns, dimarts o dimecres. L\u2019objectiu principal \u00e9s oferir-vos una bona estona guiada de jocs musicals compartits amb els vostres nadons, per tal d\u2019iniciar-los en la sensibilitzaci\u00f3 musical i, a la vegada, que pugueu obtenir recursos per a vincular-vos musicalment amb els vostres petits a casa en qualsevol moment.<\/p>\n<p>Tallers quadrimestrals de setembre a gener i de febrer a juny , cadascun consta de 14 sessions.<\/p>\n<p>28\u201969 \u20ac tot el taller.<\/p>\n<p>Per a m\u00e9s informaci\u00f3 podeu contactar amb <a href=\"mailto:escolademusica@martorell.cat\">nosaltres .<\/a><\/p>\n","protected":false},"excerpt":{"rendered":"<p>Taller de nadons:\u00a0 (de 9 mesos a 3 anys)\u00a0 activitat condu\u00efda per l\u2019Anna Roig consistent en sessions de 45 minuts setmanals\u00a0 per gaudir de la m\u00fasica en fam\u00edlia i compartir recursos que us podran servir per fer m\u00fasica amb els vostres nadons: can\u00e7ons, jocs de&hellip;  <a href=\"https:\/\/agora.xtec.cat\/esc-musicamartorell\/ofertaformativa\/musica-per-a-nadons\/\" title=\"Read M\u00fasica per a Nadons\">Llegeix m\u00e9s\u00bb<\/a><\/p>\n","protected":false},"author":1,"featured_media":0,"parent":57,"menu_order":2,"comment_status":"closed","ping_status":"closed","template":"page-templates\/side-menu.php","meta":{"_bbp_topic_count":0,"_bbp_reply_count":0,"_bbp_total_topic_count":0,"_bbp_total_reply_count":0,"_bbp_voice_count":0,"_bbp_anonymous_reply_count":0,"_bbp_topic_count_hidden":0,"_bbp_reply_count_hidden":0,"_bbp_forum_subforum_count":0,"footnotes":""},"class_list":["post-775","page","type-page","status-publish","hentry"],"post_mailing_queue_ids":[],"_links":{"self":[{"href":"https:\/\/agora.xtec.cat\/esc-musicamartorell\/wp-json\/wp\/v2\/pages\/775","targetHints":{"allow":["GET"]}}],"collection":[{"href":"https:\/\/agora.xtec.cat\/esc-musicamartorell\/wp-json\/wp\/v2\/pages"}],"about":[{"href":"https:\/\/agora.xtec.cat\/esc-musicamartorell\/wp-json\/wp\/v2\/types\/page"}],"author":[{"embeddable":true,"href":"https:\/\/agora.xtec.cat\/esc-musicamartorell\/wp-json\/wp\/v2\/users\/1"}],"replies":[{"embeddable":true,"href":"https:\/\/agora.xtec.cat\/esc-musicamartorell\/wp-json\/wp\/v2\/comments?post=775"}],"version-history":[{"count":2,"href":"https:\/\/agora.xtec.cat\/esc-musicamartorell\/wp-json\/wp\/v2\/pages\/775\/revisions"}],"predecessor-version":[{"id":855,"href":"https:\/\/agora.xtec.cat\/esc-musicamartorell\/wp-json\/wp\/v2\/pages\/775\/revisions\/855"}],"up":[{"embeddable":true,"href":"https:\/\/agora.xtec.cat\/esc-musicamartorell\/wp-json\/wp\/v2\/pages\/57"}],"wp:attachment":[{"href":"https:\/\/agora.xtec.cat\/esc-musicamartorell\/wp-json\/wp\/v2\/media?parent=775"}],"curies":[{"name":"wp","href":"https:\/\/api.w.org\/{rel}","templated":true}]}}