{"id":767,"date":"2022-04-28T11:13:56","date_gmt":"2022-04-28T09:13:56","guid":{"rendered":"https:\/\/agora.xtec.cat\/esc-musicamartorell\/?page_id=767"},"modified":"2022-07-05T10:35:36","modified_gmt":"2022-07-05T08:35:36","slug":"nivell-avancat-expertesa","status":"publish","type":"page","link":"https:\/\/agora.xtec.cat\/esc-musicamartorell\/ofertaformativa\/nivell-avancat-expertesa\/","title":{"rendered":"Nivell Avan\u00e7at &#8211; Expertesa"},"content":{"rendered":"<p>Adre\u00e7at a aquells alumnes que volen ser provistos de la formaci\u00f3 necess\u00e0ria per accedir als estudis de grau professional i\/o superior de m\u00fasica perqu\u00e8 desitgen dedicar-se \u00a0professionalment a la m\u00fasica.\u00a0 Facilitant-los al m\u00e0xim la simultane\u00eftat amb els estudis de r\u00e8gim general a trav\u00e9s de convalidacions segons la c\u00e0rrega lectiva.<\/p>\n<h6><strong>Dedicaci\u00f3 setmanal<\/strong>:<\/h6>\n<ul>\n<li>1 hora de classe individual d\u2019instrument<\/li>\n<li>2 hores de Llenguatge musical<\/li>\n<li>1 hora d\u2019harmonia<\/li>\n<li>45 minuts d\u2019Audici\u00f3 (a partir del 3er curs de Nivell avan\u00e7at)<\/li>\n<li>1 hora de classe col\u00b7lectiva pr\u00e0ctica instrumental (Conjunt instrumental, m\u00fasica de cambra o combo)<\/li>\n<\/ul>\n<h6><strong>Horari<\/strong>:<\/h6>\n<table style=\"border-collapse: collapse; width: 66.95%;\">\n<tbody>\n<tr>\n<td style=\"width: 29.3201%;\">Nivell Avan\u00e7at 1 (<strong>NA1<\/strong>)<\/td>\n<td style=\"width: 37.6299%;\">Harmon\u00eda: Dilluns de 18h a 19h<\/p>\n<p>Llenguatge Musical: dilluns i dimecres de 19h a 20h<\/p>\n<p>Cambra: a determinar<\/td>\n<\/tr>\n<tr>\n<td style=\"width: 29.3201%;\">Nivell Avan\u00e7at 3 (<strong>NA3<\/strong>)<\/td>\n<td style=\"width: 37.6299%;\">Harmon\u00eda 3. Dijous de 19h a 20h<\/p>\n<p>Llenguatge Musical: Dimarts i dijous de 20h a 21h<\/p>\n<p>Cambra: a determinar<\/td>\n<\/tr>\n<\/tbody>\n<\/table>\n<h6><strong>Preu<\/strong>:<\/h6>\n<p>Matr\u00edcula: 50\u20ac anuals<\/p>\n<p>Quota mensual: 118\u20ac<\/p>\n","protected":false},"excerpt":{"rendered":"<p>Adre\u00e7at a aquells alumnes que volen ser provistos de la formaci\u00f3 necess\u00e0ria per accedir als estudis de grau professional i\/o superior de m\u00fasica perqu\u00e8 desitgen dedicar-se \u00a0professionalment a la m\u00fasica.\u00a0 Facilitant-los al m\u00e0xim la simultane\u00eftat amb els estudis de r\u00e8gim general a trav\u00e9s de convalidacions&hellip;  <a href=\"https:\/\/agora.xtec.cat\/esc-musicamartorell\/ofertaformativa\/nivell-avancat-expertesa\/\" title=\"Read Nivell Avan\u00e7at &#8211; Expertesa\">Llegeix m\u00e9s\u00bb<\/a><\/p>\n","protected":false},"author":1,"featured_media":0,"parent":57,"menu_order":6,"comment_status":"closed","ping_status":"closed","template":"page-templates\/side-menu.php","meta":{"_bbp_topic_count":0,"_bbp_reply_count":0,"_bbp_total_topic_count":0,"_bbp_total_reply_count":0,"_bbp_voice_count":0,"_bbp_anonymous_reply_count":0,"_bbp_topic_count_hidden":0,"_bbp_reply_count_hidden":0,"_bbp_forum_subforum_count":0,"footnotes":""},"class_list":["post-767","page","type-page","status-publish","hentry"],"post_mailing_queue_ids":[],"_links":{"self":[{"href":"https:\/\/agora.xtec.cat\/esc-musicamartorell\/wp-json\/wp\/v2\/pages\/767","targetHints":{"allow":["GET"]}}],"collection":[{"href":"https:\/\/agora.xtec.cat\/esc-musicamartorell\/wp-json\/wp\/v2\/pages"}],"about":[{"href":"https:\/\/agora.xtec.cat\/esc-musicamartorell\/wp-json\/wp\/v2\/types\/page"}],"author":[{"embeddable":true,"href":"https:\/\/agora.xtec.cat\/esc-musicamartorell\/wp-json\/wp\/v2\/users\/1"}],"replies":[{"embeddable":true,"href":"https:\/\/agora.xtec.cat\/esc-musicamartorell\/wp-json\/wp\/v2\/comments?post=767"}],"version-history":[{"count":3,"href":"https:\/\/agora.xtec.cat\/esc-musicamartorell\/wp-json\/wp\/v2\/pages\/767\/revisions"}],"predecessor-version":[{"id":1100,"href":"https:\/\/agora.xtec.cat\/esc-musicamartorell\/wp-json\/wp\/v2\/pages\/767\/revisions\/1100"}],"up":[{"embeddable":true,"href":"https:\/\/agora.xtec.cat\/esc-musicamartorell\/wp-json\/wp\/v2\/pages\/57"}],"wp:attachment":[{"href":"https:\/\/agora.xtec.cat\/esc-musicamartorell\/wp-json\/wp\/v2\/media?parent=767"}],"curies":[{"name":"wp","href":"https:\/\/api.w.org\/{rel}","templated":true}]}}