{"id":736,"date":"2022-04-26T18:37:11","date_gmt":"2022-04-26T16:37:11","guid":{"rendered":"https:\/\/agora.xtec.cat\/esc-musicamartorell\/?page_id=736"},"modified":"2022-07-05T10:08:30","modified_gmt":"2022-07-05T08:08:30","slug":"aprofundiment-%c2%b7-improvisacio","status":"publish","type":"page","link":"https:\/\/agora.xtec.cat\/esc-musicamartorell\/ofertaformativa\/aprofundiment\/aprofundiment-%c2%b7-improvisacio\/","title":{"rendered":"Aprofundiment \u00b7 Improvisaci\u00f3"},"content":{"rendered":"<p>Requisits: tenir un m\u00ednim coneixement de l&#8217;instrument i \u00e9s recomanable haver cursat <a href=\"https:\/\/agora.xtec.cat\/esc-musicamartorell\/ofertaformativa\/aprofundiment\/aprofundiment-%c2%b7-teoria-moderna\/\">Aprofundiment teoria moderna<\/a><\/p>\n<h6>Objectius de l&#8217;assignatura:<\/h6>\n<ul>\n<li>Gaudir tocant improvisacions sobre can\u00e7ons de diferents g\u00e8neres musicals<\/li>\n<li>Aprendre a com compondre una melodia i la seva base harm\u00f2nica<\/li>\n<li>Utilitzar amb flu\u00efdesa les escales m\u00e9s usuals: blues, pentat\u00f2niques, major, menor, modes, menor harm\u00f2nica i mel\u00f2dica, l\u00eddia dominant, sim\u00e8triques disminu\u00efdes i tonal<\/li>\n<li>Disposar d&#8217;eines musicals tant per la base r\u00edtmica com per les melodies solistes<\/li>\n<\/ul>\n<h6>Metodolog\u00eda:<\/h6>\n<ul>\n<li>Les classes consten aproximadament d&#8217;un 25% te\u00f2ric i el 75% practicant amb l&#8217;instrument.<\/li>\n<li>Pr\u00e0ctiques din\u00e0miques basades en la exploraci\u00f3 de l&#8217;instrument i de la harmonia moderna potenciant l&#8217;escolta i la interacci\u00f3 amb els companys mitjan\u00e7ant diferents exercicis r\u00edtmics i mel\u00f2dics<\/li>\n<\/ul>\n<h6>Horari:<\/h6>\n<p>Grup A dijous de 20h a 21h. Grup B dijous de 19:15h a 20:15h<\/p>\n","protected":false},"excerpt":{"rendered":"<p>Requisits: tenir un m\u00ednim coneixement de l&#8217;instrument i \u00e9s recomanable haver cursat <a href=\"https:\/\/agora.xtec.cat\/esc-musicamartorell\/ofertaformativa\/aprofundiment\/aprofundiment-%c2%b7-teoria-moderna\/\">Aprofundiment teoria moderna<\/a><br \/>\nObjectius de l&#8217;assignatura:<\/p>\n<ul>\n<li>Gaudir tocant improvisacions sobre can\u00e7ons de diferents g\u00e8neres musicals<\/li>\n<li>Aprendre a com compondre una melodia i la seva base harm\u00f2nica<\/li>\n<li>Utilitzar amb flu\u00efdesa les escales m\u00e9s usuals: blues, pentat\u00f2niques, major,&hellip;  <a href=\"https:\/\/agora.xtec.cat\/esc-musicamartorell\/ofertaformativa\/aprofundiment\/aprofundiment-%c2%b7-improvisacio\/\" title=\"Read Aprofundiment \u00b7 Improvisaci\u00f3\">Llegeix m\u00e9s\u00bb<\/a><br \/>\n","protected":false},"author":1,"featured_media":0,"parent":729,"menu_order":0,"comment_status":"closed","ping_status":"closed","template":"page-templates\/side-menu.php","meta":{"_bbp_topic_count":0,"_bbp_reply_count":0,"_bbp_total_topic_count":0,"_bbp_total_reply_count":0,"_bbp_voice_count":0,"_bbp_anonymous_reply_count":0,"_bbp_topic_count_hidden":0,"_bbp_reply_count_hidden":0,"_bbp_forum_subforum_count":0,"footnotes":""},"class_list":["post-736","page","type-page","status-publish","hentry"],"post_mailing_queue_ids":[],"_links":{"self":[{"href":"https:\/\/agora.xtec.cat\/esc-musicamartorell\/wp-json\/wp\/v2\/pages\/736","targetHints":{"allow":["GET"]}}],"collection":[{"href":"https:\/\/agora.xtec.cat\/esc-musicamartorell\/wp-json\/wp\/v2\/pages"}],"about":[{"href":"https:\/\/agora.xtec.cat\/esc-musicamartorell\/wp-json\/wp\/v2\/types\/page"}],"author":[{"embeddable":true,"href":"https:\/\/agora.xtec.cat\/esc-musicamartorell\/wp-json\/wp\/v2\/users\/1"}],"replies":[{"embeddable":true,"href":"https:\/\/agora.xtec.cat\/esc-musicamartorell\/wp-json\/wp\/v2\/comments?post=736"}],"version-history":[{"count":3,"href":"https:\/\/agora.xtec.cat\/esc-musicamartorell\/wp-json\/wp\/v2\/pages\/736\/revisions"}],"predecessor-version":[{"id":1094,"href":"https:\/\/agora.xtec.cat\/esc-musicamartorell\/wp-json\/wp\/v2\/pages\/736\/revisions\/1094"}],"up":[{"embeddable":true,"href":"https:\/\/agora.xtec.cat\/esc-musicamartorell\/wp-json\/wp\/v2\/pages\/729"}],"wp:attachment":[{"href":"https:\/\/agora.xtec.cat\/esc-musicamartorell\/wp-json\/wp\/v2\/media?parent=736"}],"curies":[{"name":"wp","href":"https:\/\/api.w.org\/{rel}","templated":true}]}}