{"id":734,"date":"2022-04-26T18:36:02","date_gmt":"2022-04-26T16:36:02","guid":{"rendered":"https:\/\/agora.xtec.cat\/esc-musicamartorell\/?page_id=734"},"modified":"2022-07-05T10:10:48","modified_gmt":"2022-07-05T08:10:48","slug":"aprofundiment-%c2%b7-teoria-moderna","status":"publish","type":"page","link":"https:\/\/agora.xtec.cat\/esc-musicamartorell\/ofertaformativa\/aprofundiment\/aprofundiment-%c2%b7-teoria-moderna\/","title":{"rendered":"Aprofundiment \u00b7 Teor\u00eda Moderna"},"content":{"rendered":"<h6>Objectius de l\u2019assignatura<\/h6>\n<p>Assolir una audici\u00f3 concentrada, activa i conscient, amb un alt grau d\u2019implicaci\u00f3 en la diferenciaci\u00f3 d\u2019all\u00f2 que s\u2019escolta. Recon\u00e8ixer i descriure les propietats dels recursos musicals, del ritme, de la melodia i de l\u2019harmonia a trav\u00e9s de l\u2019escolta. Disposar de vocabulari pr\u00e0ctic per a l\u2019an\u00e0lisi i la descripci\u00f3 de qualsevol fen\u00f2men sonor. Millorar el nivell d\u2019audibilitat i desenvolupar l\u2019agilitat auditiva, donant les bases per facilitar l&#8217;acc\u00e9s a <a href=\"https:\/\/agora.xtec.cat\/esc-musicamartorell\/ofertaformativa\/aprofundiment\/aprofundiment-%c2%b7-improvisacio\/\">Aprofundiment Improvisaci\u00f3<\/a>.<\/p>\n<h6>Els diferents blocs tem\u00e0tics s\u00f3n:<\/h6>\n<ul>\n<li>El ritme: la percepci\u00f3 del ritme i els principis r\u00edtmics fonamentals. Tipologies r\u00edtmiques; tempo, pulsaci\u00f3 i comp\u00e0s; ritme i accent.<\/li>\n<li>La melodia: models i perfils mel\u00f2dics. El motiu.<\/li>\n<li>L\u2019harmonia: tonalitat major i menor. Construcci\u00f3 d&#8217;acords tr\u00edades i quatr\u00edades amb les seves disposicions. Clix\u00e9s harm\u00f2nics de la m\u00fasica popular.<\/li>\n<li>Composici\u00f3-Improvisaci\u00f3 sobre cicles harm\u00f2nics senzills i usuals en la m\u00fasica popular. Forma Blues<\/li>\n<\/ul>\n<h6>Horari:<\/h6>\n<p>Dimarts de 19:15h a 20:15h<\/p>\n","protected":false},"excerpt":{"rendered":"<p>Objectius de l\u2019assignatura<br \/>\nAssolir una audici\u00f3 concentrada, activa i conscient, amb un alt grau d\u2019implicaci\u00f3 en la diferenciaci\u00f3 d\u2019all\u00f2 que s\u2019escolta. Recon\u00e8ixer i descriure les propietats dels recursos musicals, del ritme, de la melodia i de l\u2019harmonia a trav\u00e9s de l\u2019escolta. Disposar de vocabulari pr\u00e0ctic per&hellip;  <a href=\"https:\/\/agora.xtec.cat\/esc-musicamartorell\/ofertaformativa\/aprofundiment\/aprofundiment-%c2%b7-teoria-moderna\/\" title=\"Read Aprofundiment \u00b7 Teor\u00eda Moderna\">Llegeix m\u00e9s\u00bb<\/a><\/p>\n","protected":false},"author":1,"featured_media":0,"parent":729,"menu_order":0,"comment_status":"closed","ping_status":"closed","template":"page-templates\/side-menu.php","meta":{"_bbp_topic_count":0,"_bbp_reply_count":0,"_bbp_total_topic_count":0,"_bbp_total_reply_count":0,"_bbp_voice_count":0,"_bbp_anonymous_reply_count":0,"_bbp_topic_count_hidden":0,"_bbp_reply_count_hidden":0,"_bbp_forum_subforum_count":0,"footnotes":""},"class_list":["post-734","page","type-page","status-publish","hentry"],"post_mailing_queue_ids":[],"_links":{"self":[{"href":"https:\/\/agora.xtec.cat\/esc-musicamartorell\/wp-json\/wp\/v2\/pages\/734","targetHints":{"allow":["GET"]}}],"collection":[{"href":"https:\/\/agora.xtec.cat\/esc-musicamartorell\/wp-json\/wp\/v2\/pages"}],"about":[{"href":"https:\/\/agora.xtec.cat\/esc-musicamartorell\/wp-json\/wp\/v2\/types\/page"}],"author":[{"embeddable":true,"href":"https:\/\/agora.xtec.cat\/esc-musicamartorell\/wp-json\/wp\/v2\/users\/1"}],"replies":[{"embeddable":true,"href":"https:\/\/agora.xtec.cat\/esc-musicamartorell\/wp-json\/wp\/v2\/comments?post=734"}],"version-history":[{"count":3,"href":"https:\/\/agora.xtec.cat\/esc-musicamartorell\/wp-json\/wp\/v2\/pages\/734\/revisions"}],"predecessor-version":[{"id":1096,"href":"https:\/\/agora.xtec.cat\/esc-musicamartorell\/wp-json\/wp\/v2\/pages\/734\/revisions\/1096"}],"up":[{"embeddable":true,"href":"https:\/\/agora.xtec.cat\/esc-musicamartorell\/wp-json\/wp\/v2\/pages\/729"}],"wp:attachment":[{"href":"https:\/\/agora.xtec.cat\/esc-musicamartorell\/wp-json\/wp\/v2\/media?parent=734"}],"curies":[{"name":"wp","href":"https:\/\/api.w.org\/{rel}","templated":true}]}}