{"id":729,"date":"2022-04-26T18:32:26","date_gmt":"2022-04-26T16:32:26","guid":{"rendered":"https:\/\/agora.xtec.cat\/esc-musicamartorell\/?page_id=729"},"modified":"2022-07-05T11:10:44","modified_gmt":"2022-07-05T09:10:44","slug":"aprofundiment","status":"publish","type":"page","link":"https:\/\/agora.xtec.cat\/esc-musicamartorell\/ofertaformativa\/aprofundiment\/","title":{"rendered":"Aprofundiment"},"content":{"rendered":"<p>Adre\u00e7at principalment als alumnes que han cursat l\u2019Ensenyament B\u00e0sic que volen continuar aprenent i gaudint de la m\u00fasica ampliant el coneixement del seu instrument. O b\u00e9, alumnes majors d\u2019edat que, amb uns m\u00ednims coneixements musicals, volen gaudir de la m\u00fasica amb aquestes interessants propostes.<\/p>\n<h6><strong>Dedicaci\u00f3 setmanal<\/strong>:<\/h6>\n<ul>\n<li>30 minuts de classe individual d\u2019instrument<\/li>\n<li>1 hora de classe col\u00b7lectiva te\u00f2rica.<\/li>\n<\/ul>\n<table style=\"border-collapse: collapse; width: 84.7025%;\">\n<tbody>\n<tr>\n<td style=\"width: 36.78%;\"><a href=\"https:\/\/agora.xtec.cat\/esc-musicamartorell\/ofertaformativa\/aprofundiment\/aprofundiment-%c2%b7-creacio-de-canco\/\">I \u00b7 APROFUNDIMENT CAN\u00c7\u00d3<\/a>. (<strong>AP1<\/strong>)<\/td>\n<td style=\"width: 47.9225%;\"><strong>Grup A<\/strong>, dilluns de 19:30h a 20:30h i <strong>Grup B<\/strong>, dimarts de 19:30h a 20:30h.<\/td>\n<\/tr>\n<tr>\n<td style=\"width: 36.78%;\"><a href=\"https:\/\/agora.xtec.cat\/esc-musicamartorell\/ofertaformativa\/aprofundiment\/aprofundiment-%c2%b7-teoria-moderna\/\">II \u00b7 APROFUNDIMENT TEOR\u00cdA MODERNA<\/a> (<strong>AP2<\/strong>)<\/td>\n<td style=\"width: 47.9225%;\">Dimarts de 19:15h a 20:15h<\/td>\n<\/tr>\n<tr>\n<td style=\"width: 36.78%;\"><a href=\"https:\/\/agora.xtec.cat\/esc-musicamartorell\/ofertaformativa\/aprofundiment\/aprofundiment-%c2%b7-improvisacio\/\">III \u00b7 APROFUNDIMENT IMPROVISACI\u00d3.<\/a> (<strong>AP3<\/strong>)<\/td>\n<td style=\"width: 47.9225%;\"><strong>Grup A<\/strong> dijous de 20h a 21h. <strong>Grup B<\/strong> dijous de 19:15h a 20:15h<\/td>\n<\/tr>\n<tr>\n<td style=\"width: 36.78%;\"><a href=\"https:\/\/agora.xtec.cat\/esc-musicamartorell\/ofertaformativa\/aprofundiment\/aprofundiment-%c2%b7-produccio-musical\/\">IV \u00b7 APROFUNDIMENT PRODUCCI\u00d3 MUSICAL<\/a> (<strong>AP4<\/strong>)<\/td>\n<td style=\"width: 47.9225%;\">Dimarts de 20h a 21h<\/td>\n<\/tr>\n<\/tbody>\n<\/table>\n<ul>\n<li>1 hora de classe col\u00b7lectiva pr\u00e0ctica instrumental (Conjunt instrumental o combo. Horari a convenir)<\/li>\n<li>45 minuts Cor Adult. Dimecres de 21h a 21:45h.<\/li>\n<\/ul>\n<h6><strong>Preu<\/strong><\/h6>\n<p>Matr\u00edcula: 50\u20ac anuals<\/p>\n<p>Quota mensual: 76\u20ac<\/p>\n","protected":false},"excerpt":{"rendered":"<p>Adre\u00e7at principalment als alumnes que han cursat l\u2019Ensenyament B\u00e0sic que volen continuar aprenent i gaudint de la m\u00fasica ampliant el coneixement del seu instrument. O b\u00e9, alumnes majors d\u2019edat que, amb uns m\u00ednims coneixements musicals, volen gaudir de la m\u00fasica amb aquestes interessants propostes.<br \/>\nDedicaci\u00f3 setmanal:<\/p>\n<ul>\n<li>30&hellip;  <a href=\"https:\/\/agora.xtec.cat\/esc-musicamartorell\/ofertaformativa\/aprofundiment\/\" title=\"Read Aprofundiment\">Llegeix m\u00e9s\u00bb<\/a><br \/>\n","protected":false},"author":1,"featured_media":0,"parent":57,"menu_order":5,"comment_status":"closed","ping_status":"closed","template":"page-templates\/side-menu.php","meta":{"_bbp_topic_count":0,"_bbp_reply_count":0,"_bbp_total_topic_count":0,"_bbp_total_reply_count":0,"_bbp_voice_count":0,"_bbp_anonymous_reply_count":0,"_bbp_topic_count_hidden":0,"_bbp_reply_count_hidden":0,"_bbp_forum_subforum_count":0,"footnotes":""},"class_list":["post-729","page","type-page","status-publish","hentry"],"post_mailing_queue_ids":[],"_links":{"self":[{"href":"https:\/\/agora.xtec.cat\/esc-musicamartorell\/wp-json\/wp\/v2\/pages\/729","targetHints":{"allow":["GET"]}}],"collection":[{"href":"https:\/\/agora.xtec.cat\/esc-musicamartorell\/wp-json\/wp\/v2\/pages"}],"about":[{"href":"https:\/\/agora.xtec.cat\/esc-musicamartorell\/wp-json\/wp\/v2\/types\/page"}],"author":[{"embeddable":true,"href":"https:\/\/agora.xtec.cat\/esc-musicamartorell\/wp-json\/wp\/v2\/users\/1"}],"replies":[{"embeddable":true,"href":"https:\/\/agora.xtec.cat\/esc-musicamartorell\/wp-json\/wp\/v2\/comments?post=729"}],"version-history":[{"count":4,"href":"https:\/\/agora.xtec.cat\/esc-musicamartorell\/wp-json\/wp\/v2\/pages\/729\/revisions"}],"predecessor-version":[{"id":1108,"href":"https:\/\/agora.xtec.cat\/esc-musicamartorell\/wp-json\/wp\/v2\/pages\/729\/revisions\/1108"}],"up":[{"embeddable":true,"href":"https:\/\/agora.xtec.cat\/esc-musicamartorell\/wp-json\/wp\/v2\/pages\/57"}],"wp:attachment":[{"href":"https:\/\/agora.xtec.cat\/esc-musicamartorell\/wp-json\/wp\/v2\/media?parent=729"}],"curies":[{"name":"wp","href":"https:\/\/api.w.org\/{rel}","templated":true}]}}