{"id":46,"date":"2014-09-17T16:53:45","date_gmt":"2014-09-17T16:53:45","guid":{"rendered":"http:\/\/agora.xtec.cat\/esc-musicamartorell\/?page_id=46"},"modified":"2022-05-07T21:19:45","modified_gmt":"2022-05-07T19:19:45","slug":"organigrama","status":"publish","type":"page","link":"https:\/\/agora.xtec.cat\/esc-musicamartorell\/lescola\/organigrama\/","title":{"rendered":"Organigrama"},"content":{"rendered":"<p>Escola municipal de m\u00fasica de Martorell \u00e9s un servei de gesti\u00f3 directa de titularitat municipal de l\u2019Ajuntament de Martorell. Dep\u00e8n de la regidoria d\u2019educaci\u00f3 i dins de l\u2019organigrama municipal dep\u00e8n del Patronat Municipal de Serveis a les persones de Martorell.<\/p>\n<p>&nbsp;<\/p>\n<h6><strong>Direcci\u00f3<\/strong><\/h6>\n<ul>\n<li>Directora: <a href=\"mailto:cvalero@martorell.cat\">Carmen Valero Politi<\/a><\/li>\n<li>Cap d\u2019estudis: <a href=\"mailto:elopez@martorell.cat\">Eloi L\u00f3pez Oltra<\/a><\/li>\n<li>Secretari: <a href=\"mailto:jborras@martorell.cat\">Juli\u00e0 Borr\u00e0s Querol<\/a><\/li>\n<\/ul>\n<p>&nbsp;<\/p>\n<h6><strong>Caps de Departament<\/strong><\/h6>\n<ul>\n<li>Corda: <a href=\"mailto:imauri@martorell.cat\">Iolanda Mauri S\u00e1nchez<\/a><\/li>\n<li>Llenguatge musical: <a href=\"mailto:palmirall@martorell.cat\">Paquita Almirall Noya<\/a><\/li>\n<li>M\u00fasica moderna: <a href=\"mailto:jporcar@martorell.cat\">Jordi Porcar Coronado<\/a><\/li>\n<li>Piano: <a href=\"mailto:cvalero@martorell.cat\">Carmen Valero Politi<\/a><\/li>\n<li>Vent: <a href=\"mailto:smartinez@martorell.cat\">Susanna Mart\u00ednez Prims<\/a><\/li>\n<li>Sensibilitzaci\u00f3: <a href=\"mailto:aroig@martorell.cat\">Anna Roig Castellv\u00ed<\/a><\/li>\n<\/ul>\n<p>&nbsp;<\/p>\n<h6><strong>Personal no docent<\/strong><\/h6>\n<ul>\n<li>Consergeria: Nieves Rojo<\/li>\n<\/ul>\n<h5><\/h5>\n<p>&nbsp;<\/p>\n<h6><a href=\"https:\/\/agora.xtec.cat\/esc-musicamartorell\/ofertaformativa\/sensibilitzacio\/\">DEPARTAMENT DE SENSIBILITZACI\u00d3<\/a><\/h6>\n<ul>\n<li>Manuel Forni\u00e9s<\/li>\n<li>Kiko Val\u00edn<\/li>\n<li>Paquita Almirall<\/li>\n<li>Anna Roig<\/li>\n<li>\u00c0lex Badia<\/li>\n<\/ul>\n<p>&nbsp;<\/p>\n<h6><a href=\"https:\/\/agora.xtec.cat\/esc-musicamartorell\/ofertaformativa\/ensenyament-basic\/\">DEPARTAMENT DE LLENGUATGE MUSICAL<\/a><\/h6>\n<ul>\n<li>Paquita Almirall<\/li>\n<li>\u00c0lex Badia<\/li>\n<li>Lloren\u00e7 Castell\u00f3<\/li>\n<li>Enric de Castro<\/li>\n<li>Marina Hern\u00e1ndez<\/li>\n<li>Carmen Valero<\/li>\n<li>Kiko Val\u00edn<\/li>\n<\/ul>\n<p>&nbsp;<\/p>\n<h6><a href=\"https:\/\/agora.xtec.cat\/esc-musicamartorell\/ofertaformativa\/aprofundiment\/\">APROFUNDIMENT<\/a><\/h6>\n<ul>\n<li>AP1 CAN\u00c7\u00d3, Anna Roig<\/li>\n<li>AP2 T. MODERNA, Eloi L\u00f3pez<\/li>\n<li>AP3 IMPROVISACI\u00d3, Jordi Porcar i \u00c0lex Badia<\/li>\n<li>AP4 PRODUCCI\u00d3 MUSICAL, Marc Castell\u00f3<\/li>\n<\/ul>\n<p>&nbsp;<\/p>\n<h6><a href=\"https:\/\/agora.xtec.cat\/esc-musicamartorell\/ofertaformativa\/nivell-avancat-expertesa\/\">NIVELL AVAN\u00c7AT<\/a><\/h6>\n<ul>\n<li>NIVELL\u00a0AVAN\u00c7AT 1 i 2, Enric de Castro<\/li>\n<li>HARMON\u00cdA, Enric de Castro<\/li>\n<\/ul>\n<p>&nbsp;<\/p>\n<h6><strong>DEPARTAMENT DE PIANO<\/strong><\/h6>\n<ul>\n<li>Paquita Almirall<\/li>\n<li>\u00c0lex Badia<\/li>\n<li>Lloren\u00e7 Castell\u00f3<\/li>\n<li>Enric de Castro<\/li>\n<li>Marina Hern\u00e1ndez<\/li>\n<li>Carmen Valero<\/li>\n<\/ul>\n<p>&nbsp;<\/p>\n<h6><strong>DEPARTAMENT DE GUITARRA CL\u00c0SSICA<\/strong><\/h6>\n<ul>\n<li>Manuel Forni\u00e9s<\/li>\n<li>Danielle Kassner<\/li>\n<li>Kiko Valin<\/li>\n<\/ul>\n<p>&nbsp;<\/p>\n<h6><strong>DEPARTAMENT DE CORDA FREGADA<\/strong><\/h6>\n<ul>\n<li>Violoncel,\u00a0Juli\u00e0 Borr\u00e0s<\/li>\n<li>Viol\u00ed,\u00a0Iolanda Mauri<\/li>\n<\/ul>\n<p>&nbsp;<\/p>\n<h6>DEPARTAMENT DE VENT<\/h6>\n<ul>\n<li>Sax\u00f2fon, Enric de Castro<\/li>\n<li>Flauta travessera,\u00a0Susanna Mart\u00ednez<\/li>\n<li>Clarinet,\u00a0\u00a0Enric Pinazo<\/li>\n<li>Trompeta i tromb\u00f3,\u00a0 Pol Padr\u00f3s<\/li>\n<\/ul>\n<p>&nbsp;<\/p>\n<h6><strong>DEPARTAMENT \u00c0REA MODERNA<\/strong><\/h6>\n<ul>\n<li>Baix el\u00e8ctric, Jordi Porcar<\/li>\n<li>Bateria, Eloi L\u00f3pez<\/li>\n<li>Guitarra el\u00e8ctrica i\u00a0Ukelele, Marc Castell\u00f3<\/li>\n<li>Piano i cant modern, \u00c0lex Badia<\/li>\n<li>Trompeta, Pol Padr\u00f3s<\/li>\n<\/ul>\n<p>&nbsp;<\/p>\n<h5><a href=\"https:\/\/youtube.com\/playlist?list=PL8AuKPFZ3_qm7gUKFlazVBYMM8AVawbJF\" target=\"_blank\" rel=\"noopener noreferrer\">AGRUPACIONS<\/a><\/h5>\n<ul>\n<li>COR INFANTIL I COR ADULT, Lloren\u00e7 Castell\u00f3<\/li>\n<li>CONJUNS ENSENYAMENT B\u00c0SIC, <strong>CEB1<\/strong> J.Borr\u00e0s, P.Padr\u00f3s \/ <strong>CEB2<\/strong> D.Kassner, E.de Castro, M.Castell\u00f3, F.Val\u00edn \/ <strong>CEB3<\/strong> D.Kassner, E.Pinazo<\/li>\n<li>CONJUNS ENSENYAMENT B\u00c0SIC ADULT, <strong>CEBAD\u00a0<\/strong>J.Borr\u00e0s<\/li>\n<li>CONJUNT DE GUITARRES B\u00c0SIC\u00a0, Danielle Kassner<\/li>\n<li>GRUP DE CAMBRA DE GUITARRES, Danielle Kassner<\/li>\n<li>CONJUNT DE GUITARRES ADULTS, Manuel Forni\u00e9s<\/li>\n<li>ORQUESTRA DE CORDA, Iolanda Mauri\/Juli\u00e0 Borr\u00e0s<\/li>\n<li>BANDA, Enric de Castro<\/li>\n<li>BIG BAND, Pol Padr\u00f3s \/ Enric Pinazo<\/li>\n<li>CONJUNT DE GUITARRES ECHEGARAY, Kiko Val\u00edn<\/li>\n<li>CONJUNT DE GUITARRES LOLA ANGLADA, Danielle Kassner<\/li>\n<li>CONJUNT DE VENT ECHEGARAY, Enric Pinazo<\/li>\n<li>CONJUNT DE PIANOS ECHEGARAY, Manuel Forni\u00e9s<\/li>\n<li>RECURSOS PIAN\u00cdSTICS, Marina Hern\u00e1ndez<\/li>\n<li>COMBO DE VEUS, Marina Hern\u00e1ndez<\/li>\n<li>COMBO, Jordi Porcar, Marc Castell\u00f3, Enric de Castro, Pol Padr\u00f3s i Manuel Forni\u00e9s.<\/li>\n<\/ul>\n","protected":false},"excerpt":{"rendered":"<p>Escola municipal de m\u00fasica de Martorell \u00e9s un servei de gesti\u00f3 directa de titularitat municipal de l\u2019Ajuntament de Martorell. Dep\u00e8n de la regidoria d\u2019educaci\u00f3 i dins de l\u2019organigrama municipal dep\u00e8n del Patronat Municipal de Serveis a les persones de Martorell.<br \/>\n&nbsp;<br \/>\nDirecci\u00f3<\/p>\n<ul>\n<li>Directora: <a href=\"mailto:cvalero@martorell.cat\">Carmen Valero Politi<\/a><\/li>\n<li>Cap d\u2019estudis:&hellip;  <a href=\"https:\/\/agora.xtec.cat\/esc-musicamartorell\/lescola\/organigrama\/\" title=\"Read Organigrama\">Llegeix m\u00e9s\u00bb<\/a><br \/>\n","protected":false},"author":1,"featured_media":0,"parent":19,"menu_order":50,"comment_status":"closed","ping_status":"closed","template":"page-templates\/side-menu.php","meta":{"_bbp_topic_count":0,"_bbp_reply_count":0,"_bbp_total_topic_count":0,"_bbp_total_reply_count":0,"_bbp_voice_count":0,"_bbp_anonymous_reply_count":0,"_bbp_topic_count_hidden":0,"_bbp_reply_count_hidden":0,"_bbp_forum_subforum_count":0,"footnotes":""},"class_list":["post-46","page","type-page","status-publish","hentry"],"post_mailing_queue_ids":[],"_links":{"self":[{"href":"https:\/\/agora.xtec.cat\/esc-musicamartorell\/wp-json\/wp\/v2\/pages\/46","targetHints":{"allow":["GET"]}}],"collection":[{"href":"https:\/\/agora.xtec.cat\/esc-musicamartorell\/wp-json\/wp\/v2\/pages"}],"about":[{"href":"https:\/\/agora.xtec.cat\/esc-musicamartorell\/wp-json\/wp\/v2\/types\/page"}],"author":[{"embeddable":true,"href":"https:\/\/agora.xtec.cat\/esc-musicamartorell\/wp-json\/wp\/v2\/users\/1"}],"replies":[{"embeddable":true,"href":"https:\/\/agora.xtec.cat\/esc-musicamartorell\/wp-json\/wp\/v2\/comments?post=46"}],"version-history":[{"count":4,"href":"https:\/\/agora.xtec.cat\/esc-musicamartorell\/wp-json\/wp\/v2\/pages\/46\/revisions"}],"predecessor-version":[{"id":894,"href":"https:\/\/agora.xtec.cat\/esc-musicamartorell\/wp-json\/wp\/v2\/pages\/46\/revisions\/894"}],"up":[{"embeddable":true,"href":"https:\/\/agora.xtec.cat\/esc-musicamartorell\/wp-json\/wp\/v2\/pages\/19"}],"wp:attachment":[{"href":"https:\/\/agora.xtec.cat\/esc-musicamartorell\/wp-json\/wp\/v2\/media?parent=46"}],"curies":[{"name":"wp","href":"https:\/\/api.w.org\/{rel}","templated":true}]}}