{"id":9,"date":"2014-09-12T10:15:01","date_gmt":"2014-09-12T10:15:01","guid":{"rendered":"http:\/\/agora.xtec.cat\/esc-musica-parets\/?page_id=9"},"modified":"2026-04-28T19:11:24","modified_gmt":"2026-04-28T17:11:24","slug":"pagina-dinici-buida","status":"publish","type":"page","link":"https:\/\/agora.xtec.cat\/esc-musica-parets\/","title":{"rendered":"P\u00e0gina d&#8217;inici"},"content":{"rendered":"<h3><span style=\"color: #0000ff;\"><a href=\"https:\/\/agora.xtec.cat\/esc-musica-parets\/wp-content\/uploads\/usu1283\/2026\/04\/2026-Preinscripcio-Escola-Musica.pdf\"><strong>PREINSCRIPCI\u00d3 CURS 2026-27<\/strong><\/a><\/span><\/h3>\n<h4><span style=\"color: #0000ff;\">de l&#8217;11 al 22 de maig de 2026 a trav\u00e9s de la seu electr\u00f2nica de l&#8217;Ajuntament de Parets del Vall\u00e8s<\/span><\/h4>\n<p>&nbsp;<\/p>\n<p><span style=\"color: #ff0000;\"><strong>ARTICLES INTERESSANTS<\/strong><\/span><\/p>\n<ul style=\"list-style-type: disc;\">\n<li class=\"legacy entry-title instapaper_title\">\n<h3><a href=\"https:\/\/theconversation.com\/educacion-musical-en-la-infancia-un-entrenamiento-invisible-para-el-cerebro-264319\"><strong>Educaci\u00f3n musical en la infancia: un entrenamiento invisible para el cerebro<\/strong><\/a><\/h3>\n<\/li>\n<li>\n<h3><a href=\"https:\/\/theconversation.com\/aprender-musica-ensena-a-leer-106599\"><strong>Aprender m\u00fasica ense\u00f1a a leer<\/strong><\/a><\/h3>\n<\/li>\n<\/ul>\n","protected":false},"excerpt":{"rendered":"<p><a href=\"https:\/\/agora.xtec.cat\/esc-musica-parets\/wp-content\/uploads\/usu1283\/2026\/04\/2026-Preinscripcio-Escola-Musica.pdf\">PREINSCRIPCI\u00d3 CURS 2026-27<\/a><br \/>\nde l&#8217;11 al 22 de maig de 2026 a trav\u00e9s de la seu electr\u00f2nica de l&#8217;Ajuntament de Parets del Vall\u00e8s<br \/>\n&nbsp;<br \/>\nARTICLES INTERESSANTS<\/p>\n<ul style=\"list-style-type: disc;\">\n<li class=\"legacy entry-title instapaper_title\">\n<a href=\"https:\/\/theconversation.com\/educacion-musical-en-la-infancia-un-entrenamiento-invisible-para-el-cerebro-264319\">Educaci\u00f3n musical en la infancia: un entrenamiento invisible para el cerebro<\/a>\n<\/li>\n<li>\n<a href=\"https:\/\/theconversation.com\/aprender-musica-ensena-a-leer-106599\">Aprender m\u00fasica ense\u00f1a a leer<\/a>\n<\/li>\n<\/ul>\n","protected":false},"author":1,"featured_media":0,"parent":7,"menu_order":0,"comment_status":"closed","ping_status":"closed","template":"page-templates\/front-page.php","meta":{"_bbp_topic_count":0,"_bbp_reply_count":0,"_bbp_total_topic_count":0,"_bbp_total_reply_count":0,"_bbp_voice_count":0,"_bbp_anonymous_reply_count":0,"_bbp_topic_count_hidden":0,"_bbp_reply_count_hidden":0,"_bbp_forum_subforum_count":0,"footnotes":""},"class_list":["post-9","page","type-page","status-publish","hentry"],"post_mailing_queue_ids":[],"_links":{"self":[{"href":"https:\/\/agora.xtec.cat\/esc-musica-parets\/wp-json\/wp\/v2\/pages\/9","targetHints":{"allow":["GET"]}}],"collection":[{"href":"https:\/\/agora.xtec.cat\/esc-musica-parets\/wp-json\/wp\/v2\/pages"}],"about":[{"href":"https:\/\/agora.xtec.cat\/esc-musica-parets\/wp-json\/wp\/v2\/types\/page"}],"author":[{"embeddable":true,"href":"https:\/\/agora.xtec.cat\/esc-musica-parets\/wp-json\/wp\/v2\/users\/1"}],"replies":[{"embeddable":true,"href":"https:\/\/agora.xtec.cat\/esc-musica-parets\/wp-json\/wp\/v2\/comments?post=9"}],"version-history":[{"count":7,"href":"https:\/\/agora.xtec.cat\/esc-musica-parets\/wp-json\/wp\/v2\/pages\/9\/revisions"}],"predecessor-version":[{"id":3525,"href":"https:\/\/agora.xtec.cat\/esc-musica-parets\/wp-json\/wp\/v2\/pages\/9\/revisions\/3525"}],"up":[{"embeddable":true,"href":"https:\/\/agora.xtec.cat\/esc-musica-parets\/wp-json\/wp\/v2\/pages\/7"}],"wp:attachment":[{"href":"https:\/\/agora.xtec.cat\/esc-musica-parets\/wp-json\/wp\/v2\/media?parent=9"}],"curies":[{"name":"wp","href":"https:\/\/api.w.org\/{rel}","templated":true}]}}