{"id":773,"date":"2016-06-15T18:18:35","date_gmt":"2016-06-15T17:18:35","guid":{"rendered":"http:\/\/agora.xtec.cat\/esc-musica-parets\/?page_id=773"},"modified":"2025-06-04T19:36:25","modified_gmt":"2025-06-04T17:36:25","slug":"curs-destimulacio-musical-per-a-nadons","status":"publish","type":"page","link":"https:\/\/agora.xtec.cat\/esc-musica-parets\/estudis-musicals\/curs-destimulacio-musical-per-a-nadons\/","title":{"rendered":"Despertem amb M\u00fasica!"},"content":{"rendered":"<h3><span style=\"color: #0000ff;\">Curs d&#8217;estimulaci\u00f3 musical per a nadons<\/span><\/h3>\n<p><strong>A qui va adre\u00e7at?<\/strong><\/p>\n<p>A mares i\/o pares amb fills d&#8217;entre 2 mesos i 2 anys. Al curs pot participar un\/a adult\/a per nad\u00f3.<\/p>\n<p><strong>\u00a0Descripci\u00f3<\/strong><\/p>\n<p>Durant els primers anys de vida, el m\u00f3n sonor constitueix la principal font de comunicaci\u00f3 de l&#8217;infant. L&#8217;estimulaci\u00f3 musical esdev\u00e9 una eina clau per a promoure el seu desenvolupament i acompanyar-los a escoltar, descobrir la pr\u00f2pia veu, gaudir de la veu dels pares, descobrir instruments musicals, imitar i crear.<\/p>\n<p>Mitjan\u00e7ant el curs de m\u00fasica per nadons volem oferir un espai per compartir viv\u00e8ncies musicals entre pares\/mares i fills. Descobrint sons, danses, can\u00e7ons, moixaines i jocs de falda, les fam\u00edlies podran gaudir de moments musicals que enriquiran els seus vincles afectius adquirint, alhora, eines per poder crear a casa m\u00e9s moments com els viscuts.<\/p>\n<p><strong>Objectius<\/strong><\/p>\n<ul>\n<li>Estimular musicalment el nad\u00f3: timbre, ritme, altura, fraseig, estructura musical&#8230;<\/li>\n<li>Estimular la psicomotricitat del nad\u00f3<\/li>\n<li>Enfortir el vincle afectiu entre els membres de la fam\u00edlia<\/li>\n<li>Oferir eines i recursos musicals als pares i mares<\/li>\n<li>Gaudir de la m\u00fasica i animar les fam\u00edlies a jugar musicalment a casa, integrant les can\u00e7ons i creacions musicals en el seu dia a dia<\/li>\n<\/ul>\n<p>&nbsp;<\/p>\n\n\t\t<style type=\"text\/css\">\n\t\t\t#gallery-1 {\n\t\t\t\tmargin: auto;\n\t\t\t}\n\t\t\t#gallery-1 .gallery-item {\n\t\t\t\tfloat: left;\n\t\t\t\tmargin-top: 10px;\n\t\t\t\ttext-align: center;\n\t\t\t\twidth: 50%;\n\t\t\t}\n\t\t\t#gallery-1 img {\n\t\t\t\tborder: 2px solid #cfcfcf;\n\t\t\t}\n\t\t\t#gallery-1 .gallery-caption {\n\t\t\t\tmargin-left: 0;\n\t\t\t}\n\t\t\t\/* see gallery_shortcode() in wp-includes\/media.php *\/\n\t\t<\/style>\n\t\t<div id='gallery-1' class='gallery galleryid-773 gallery-columns-2 gallery-size-large'><dl class='gallery-item'>\n\t\t\t<dt class='gallery-icon landscape'>\n\t\t\t\t<a href='https:\/\/agora.xtec.cat\/esc-musica-parets\/estudis-musicals\/curs-destimulacio-musical-per-a-nadons\/attachment\/dscn6196\/'><img loading=\"lazy\" decoding=\"async\" width=\"1024\" height=\"768\" src=\"https:\/\/agora.xtec.cat\/esc-musica-parets\/wp-content\/uploads\/usu1283\/2024\/09\/DSCN6196-1024x768.jpg\" class=\"attachment-large size-large\" alt=\"\" srcset=\"https:\/\/agora.xtec.cat\/esc-musica-parets\/wp-content\/uploads\/usu1283\/2024\/09\/DSCN6196-1024x768.jpg 1024w, https:\/\/agora.xtec.cat\/esc-musica-parets\/wp-content\/uploads\/usu1283\/2024\/09\/DSCN6196-300x225.jpg 300w, https:\/\/agora.xtec.cat\/esc-musica-parets\/wp-content\/uploads\/usu1283\/2024\/09\/DSCN6196-768x576.jpg 768w, https:\/\/agora.xtec.cat\/esc-musica-parets\/wp-content\/uploads\/usu1283\/2024\/09\/DSCN6196-1536x1152.jpg 1536w, https:\/\/agora.xtec.cat\/esc-musica-parets\/wp-content\/uploads\/usu1283\/2024\/09\/DSCN6196-2048x1536.jpg 2048w, https:\/\/agora.xtec.cat\/esc-musica-parets\/wp-content\/uploads\/usu1283\/2024\/09\/DSCN6196-200x150.jpg 200w\" sizes=\"auto, (max-width: 1024px) 100vw, 1024px\" \/><\/a>\n\t\t\t<\/dt><\/dl><dl class='gallery-item'>\n\t\t\t<dt class='gallery-icon landscape'>\n\t\t\t\t<a href='https:\/\/agora.xtec.cat\/esc-musica-parets\/estudis-musicals\/curs-destimulacio-musical-per-a-nadons\/attachment\/dscn6187\/'><img loading=\"lazy\" decoding=\"async\" width=\"1024\" height=\"768\" src=\"https:\/\/agora.xtec.cat\/esc-musica-parets\/wp-content\/uploads\/usu1283\/2024\/09\/DSCN6187-1024x768.jpg\" class=\"attachment-large size-large\" alt=\"\" srcset=\"https:\/\/agora.xtec.cat\/esc-musica-parets\/wp-content\/uploads\/usu1283\/2024\/09\/DSCN6187-1024x768.jpg 1024w, https:\/\/agora.xtec.cat\/esc-musica-parets\/wp-content\/uploads\/usu1283\/2024\/09\/DSCN6187-300x225.jpg 300w, https:\/\/agora.xtec.cat\/esc-musica-parets\/wp-content\/uploads\/usu1283\/2024\/09\/DSCN6187-768x576.jpg 768w, https:\/\/agora.xtec.cat\/esc-musica-parets\/wp-content\/uploads\/usu1283\/2024\/09\/DSCN6187-1536x1152.jpg 1536w, https:\/\/agora.xtec.cat\/esc-musica-parets\/wp-content\/uploads\/usu1283\/2024\/09\/DSCN6187-2048x1536.jpg 2048w, https:\/\/agora.xtec.cat\/esc-musica-parets\/wp-content\/uploads\/usu1283\/2024\/09\/DSCN6187-200x150.jpg 200w\" sizes=\"auto, (max-width: 1024px) 100vw, 1024px\" \/><\/a>\n\t\t\t<\/dt><\/dl><br style=\"clear: both\" \/>\n\t\t<\/div>\n\n","protected":false},"excerpt":{"rendered":"<p>Curs d&#8217;estimulaci\u00f3 musical per a nadons<br \/>\nA qui va adre\u00e7at?<br \/>\nA mares i\/o pares amb fills d&#8217;entre 2 mesos i 2 anys. Al curs pot participar un\/a adult\/a per nad\u00f3.<br \/>\n\u00a0Descripci\u00f3<br \/>\nDurant els primers anys de vida, el m\u00f3n sonor constitueix la principal font de comunicaci\u00f3 de l&#8217;infant. L&#8217;estimulaci\u00f3&hellip;  <a href=\"https:\/\/agora.xtec.cat\/esc-musica-parets\/estudis-musicals\/curs-destimulacio-musical-per-a-nadons\/\" title=\"Read Despertem amb M\u00fasica!\">Llegeix m\u00e9s\u00bb<\/a><\/p>\n","protected":false},"author":1,"featured_media":0,"parent":592,"menu_order":0,"comment_status":"closed","ping_status":"closed","template":"page-templates\/side-menu.php","meta":{"_bbp_topic_count":0,"_bbp_reply_count":0,"_bbp_total_topic_count":0,"_bbp_total_reply_count":0,"_bbp_voice_count":0,"_bbp_anonymous_reply_count":0,"_bbp_topic_count_hidden":0,"_bbp_reply_count_hidden":0,"_bbp_forum_subforum_count":0,"footnotes":""},"class_list":["post-773","page","type-page","status-publish","hentry"],"post_mailing_queue_ids":[],"_links":{"self":[{"href":"https:\/\/agora.xtec.cat\/esc-musica-parets\/wp-json\/wp\/v2\/pages\/773","targetHints":{"allow":["GET"]}}],"collection":[{"href":"https:\/\/agora.xtec.cat\/esc-musica-parets\/wp-json\/wp\/v2\/pages"}],"about":[{"href":"https:\/\/agora.xtec.cat\/esc-musica-parets\/wp-json\/wp\/v2\/types\/page"}],"author":[{"embeddable":true,"href":"https:\/\/agora.xtec.cat\/esc-musica-parets\/wp-json\/wp\/v2\/users\/1"}],"replies":[{"embeddable":true,"href":"https:\/\/agora.xtec.cat\/esc-musica-parets\/wp-json\/wp\/v2\/comments?post=773"}],"version-history":[{"count":5,"href":"https:\/\/agora.xtec.cat\/esc-musica-parets\/wp-json\/wp\/v2\/pages\/773\/revisions"}],"predecessor-version":[{"id":3383,"href":"https:\/\/agora.xtec.cat\/esc-musica-parets\/wp-json\/wp\/v2\/pages\/773\/revisions\/3383"}],"up":[{"embeddable":true,"href":"https:\/\/agora.xtec.cat\/esc-musica-parets\/wp-json\/wp\/v2\/pages\/592"}],"wp:attachment":[{"href":"https:\/\/agora.xtec.cat\/esc-musica-parets\/wp-json\/wp\/v2\/media?parent=773"}],"curies":[{"name":"wp","href":"https:\/\/api.w.org\/{rel}","templated":true}]}}