{"id":541,"date":"2013-06-11T11:31:37","date_gmt":"2013-06-11T10:31:37","guid":{"rendered":"http:\/\/agora.xtec.cat\/esc-musica-parets\/intraweb\/cursos-i-tallers\/"},"modified":"2020-10-23T20:26:54","modified_gmt":"2020-10-23T18:26:54","slug":"cursos-i-tallers","status":"publish","type":"page","link":"https:\/\/agora.xtec.cat\/esc-musica-parets\/estudis-musicals\/cursos-i-tallers\/","title":{"rendered":"Cursos i tallers"},"content":{"rendered":"<ul>\n<li style=\"list-style-type: none;\">\n<ul>\n<li><span style=\"font-size: medium;\">Curs d\u2019introducci\u00f3 a l\u2019harmonia aplicada en m\u00fasica moderna <em>(aquest curs t\u00e9 la seva execuci\u00f3 condicionada a la demanda per a cada curs acad\u00e8mic)<\/em><br \/>\n<\/span><\/li>\n<li><span style=\"font-size: medium;\">Cursos d&#8217;instrument per adults <em>(les classes s\u00f3n integrals de llenguatge musical i instrument un cop per setmana)<\/em><\/span><\/li>\n<\/ul>\n<\/li>\n<li style=\"list-style-type: none;\">\n<ul>\n<li><span style=\"font-size: medium;\">Cursos d&#8217;instrument col\u00b7lectiu per adults <em>(aquests cursos tenen la seva execuci\u00f3 condicionada a la demanda per a cada curs acad\u00e8mic)<\/em><\/span><\/li>\n<\/ul>\n<\/li>\n<li style=\"list-style-type: none;\">\n<ul>\n<li><span style=\"font-size: medium;\">Curset d\u2019iniciaci\u00f3 a la m\u00fasica per adults <em>(aquests cursos tenen la seva execuci\u00f3 condicionada a la demanda per a cada curs acad\u00e8mic)<\/em><\/span><\/li>\n<\/ul>\n<\/li>\n<\/ul>\n<p><span style=\"font-size: medium;\">\u00a0<\/span><\/p>\n","protected":false},"excerpt":{"rendered":"<ul>\n<li style=\"list-style-type: none;\">\n<ul>\n<li>Curs d\u2019introducci\u00f3 a l\u2019harmonia aplicada en m\u00fasica moderna (aquest curs t\u00e9 la seva execuci\u00f3 condicionada a la demanda per a cada curs acad\u00e8mic)\n<\/li>\n<li>Cursos d&#8217;instrument per adults (les classes s\u00f3n integrals de llenguatge musical i instrument un cop per setmana)<\/li>\n<\/ul>\n<\/li>\n<li style=\"list-style-type: none;\">\n<ul>\n<li>Cursos d&#8217;instrument col\u00b7lectiu&hellip;  <a href=\"https:\/\/agora.xtec.cat\/esc-musica-parets\/estudis-musicals\/cursos-i-tallers\/\" title=\"Read Cursos i tallers\">Llegeix m\u00e9s\u00bb<\/a><br \/>\n","protected":false},"author":1,"featured_media":0,"parent":592,"menu_order":50,"comment_status":"closed","ping_status":"closed","template":"page-templates\/side-menu.php","meta":{"_bbp_topic_count":0,"_bbp_reply_count":0,"_bbp_total_topic_count":0,"_bbp_total_reply_count":0,"_bbp_voice_count":0,"_bbp_anonymous_reply_count":0,"_bbp_topic_count_hidden":0,"_bbp_reply_count_hidden":0,"_bbp_forum_subforum_count":0,"footnotes":""},"class_list":["post-541","page","type-page","status-publish","hentry"],"post_mailing_queue_ids":[],"_links":{"self":[{"href":"https:\/\/agora.xtec.cat\/esc-musica-parets\/wp-json\/wp\/v2\/pages\/541","targetHints":{"allow":["GET"]}}],"collection":[{"href":"https:\/\/agora.xtec.cat\/esc-musica-parets\/wp-json\/wp\/v2\/pages"}],"about":[{"href":"https:\/\/agora.xtec.cat\/esc-musica-parets\/wp-json\/wp\/v2\/types\/page"}],"author":[{"embeddable":true,"href":"https:\/\/agora.xtec.cat\/esc-musica-parets\/wp-json\/wp\/v2\/users\/1"}],"replies":[{"embeddable":true,"href":"https:\/\/agora.xtec.cat\/esc-musica-parets\/wp-json\/wp\/v2\/comments?post=541"}],"version-history":[{"count":3,"href":"https:\/\/agora.xtec.cat\/esc-musica-parets\/wp-json\/wp\/v2\/pages\/541\/revisions"}],"predecessor-version":[{"id":2445,"href":"https:\/\/agora.xtec.cat\/esc-musica-parets\/wp-json\/wp\/v2\/pages\/541\/revisions\/2445"}],"up":[{"embeddable":true,"href":"https:\/\/agora.xtec.cat\/esc-musica-parets\/wp-json\/wp\/v2\/pages\/592"}],"wp:attachment":[{"href":"https:\/\/agora.xtec.cat\/esc-musica-parets\/wp-json\/wp\/v2\/media?parent=541"}],"curies":[{"name":"wp","href":"https:\/\/api.w.org\/{rel}","templated":true}]}}