{"id":538,"date":"2013-06-11T09:37:34","date_gmt":"2013-06-11T08:37:34","guid":{"rendered":"http:\/\/agora.xtec.cat\/esc-musica-parets\/intraweb\/programa-basic\/"},"modified":"2024-09-30T17:10:23","modified_gmt":"2024-09-30T15:10:23","slug":"programa-basic","status":"publish","type":"page","link":"https:\/\/agora.xtec.cat\/esc-musica-parets\/estudis-musicals\/programa-basic\/","title":{"rendered":"Programa B\u00c0SIC"},"content":{"rendered":"<p><span style=\"font-size: medium;\">A partir de 8 anys. Formaci\u00f3 musical b\u00e0sica necess\u00e0ria per a gaudir de la m\u00fasica i que garanteix l&#8217;adquisici\u00f3 de les compet\u00e8ncies instrumentals i vocals suficients per a la seva participaci\u00f3 en conjunts aix\u00ed com per a l&#8217;execuci\u00f3 individual. Estructurat en 5 cursos, en acabar aquesta etapa els alumnes poden optar per fer les proves d&#8217;acc\u00e9s al grau professional i o b\u00e9 fer un programari lliure.<br \/>\n<\/span><\/p>\n<p>Tot i que hi ha centres on comencen l&#8217;aprenentatge d&#8217;un instrument a edats molt primerenques, a la nostra escola aquest aprenentatge el comencem a partir dels 8 anys tenint en compte els seg\u00fcents criteris:<\/p>\n<p>&#8211; <strong>Major maduresa cognitiva<\/strong>: Als 8 anys, els nens tenen una major capacitat de concentraci\u00f3 i poden comprendre millor instruccions complexes. Aix\u00f2 facilita l&#8217;aprenentatge de conceptes m\u00e9s abstractes, com la teoria musical o la lectura de partitures.<\/p>\n<p>&#8211; <strong>Millor desenvolupament motor<\/strong>: A aquesta edat, la coordinaci\u00f3 motora gruixuda i fina est\u00e0 m\u00e9s desenvolupada, la qual cosa permet una millor execuci\u00f3 t\u00e8cnica en instruments que requereixen moviments precisos.<\/p>\n<p>&#8211; <strong>Major capacitat per a la disciplina<\/strong>: Els nens de 8 anys solen ser m\u00e9s capa\u00e7os de seguir una rutina de pr\u00e0ctica de manera constant, la qual cosa pot ser m\u00e9s dif\u00edcil per als nens m\u00e9s petits, que es distreuen f\u00e0cilment.<\/p>\n<p>&#8211; <strong>Inter\u00e8s i motivaci\u00f3 m\u00e9s clars<\/strong>: Als 8 anys, els nens poden tenir un major sentit dels seus propis interessos i \u00e9s m\u00e9s probable que tri\u00efn un instrument que realment els atregui, la qual cosa afavoreix la motivaci\u00f3 a llarg termini.<\/p>\n<p>&#8211; <strong>Habilitats socials i emocionals m\u00e9s avan\u00e7ades<\/strong>: Els nens majors tendeixen a manejar millor les frustracions i s\u00f3n m\u00e9s resilients davant els desafiaments, la qual cosa pot fer que el proc\u00e9s d&#8217;aprenentatge sigui menys estressant.<\/p>\n<p>&#8211; <strong>Capacitat per a establir metes<\/strong>: Als 8 anys, els nens poden comprendre millor la idea de metes a llarg termini i tenir una millor noci\u00f3 de progr\u00e9s, la qual cosa els ajuda a mantenir-se compromesos amb l&#8217;aprenentatge de l&#8217;instrument.<\/p>\n<p>Encara que comen\u00e7ar m\u00e9s petits ofereix alguns avantatges relacionats amb la plasticitat cerebral, comen\u00e7ar als 8 anys permet als nens tenir un enfocament m\u00e9s disciplinat i conscient del proc\u00e9s d&#8217;aprenentatge.<\/p>\n<p align=\"center\"><a href=\"http:\/\/agora.xtec.cat\/esc-musica-parets\/wp-content\/uploads\/usu1283\/2016\/06\/nuevo-1.jpg\"><img loading=\"lazy\" decoding=\"async\" class=\"wp-image-747 aligncenter\" src=\"http:\/\/agora.xtec.cat\/esc-musica-parets\/wp-content\/uploads\/usu1283\/2016\/06\/nuevo-1.jpg\" alt=\"nuevo-1\" width=\"893\" height=\"205\" srcset=\"https:\/\/agora.xtec.cat\/esc-musica-parets\/wp-content\/uploads\/usu1283\/2016\/06\/nuevo-1.jpg 1000w, https:\/\/agora.xtec.cat\/esc-musica-parets\/wp-content\/uploads\/usu1283\/2016\/06\/nuevo-1-300x69.jpg 300w, https:\/\/agora.xtec.cat\/esc-musica-parets\/wp-content\/uploads\/usu1283\/2016\/06\/nuevo-1-768x177.jpg 768w\" sizes=\"auto, (max-width: 893px) 100vw, 893px\" \/><\/a><\/p>\n","protected":false},"excerpt":{"rendered":"<p>A partir de 8 anys. Formaci\u00f3 musical b\u00e0sica necess\u00e0ria per a gaudir de la m\u00fasica i que garanteix l&#8217;adquisici\u00f3 de les compet\u00e8ncies instrumentals i vocals suficients per a la seva participaci\u00f3 en conjunts aix\u00ed com per a l&#8217;execuci\u00f3 individual. Estructurat en 5 cursos, en acabar&hellip;  <a href=\"https:\/\/agora.xtec.cat\/esc-musica-parets\/estudis-musicals\/programa-basic\/\" title=\"Read Programa B\u00c0SIC\">Llegeix m\u00e9s\u00bb<\/a><\/p>\n","protected":false},"author":1,"featured_media":0,"parent":592,"menu_order":20,"comment_status":"closed","ping_status":"closed","template":"page-templates\/side-menu.php","meta":{"_bbp_topic_count":0,"_bbp_reply_count":0,"_bbp_total_topic_count":0,"_bbp_total_reply_count":0,"_bbp_voice_count":0,"_bbp_anonymous_reply_count":0,"_bbp_topic_count_hidden":0,"_bbp_reply_count_hidden":0,"_bbp_forum_subforum_count":0,"footnotes":""},"class_list":["post-538","page","type-page","status-publish","hentry"],"post_mailing_queue_ids":[],"_links":{"self":[{"href":"https:\/\/agora.xtec.cat\/esc-musica-parets\/wp-json\/wp\/v2\/pages\/538","targetHints":{"allow":["GET"]}}],"collection":[{"href":"https:\/\/agora.xtec.cat\/esc-musica-parets\/wp-json\/wp\/v2\/pages"}],"about":[{"href":"https:\/\/agora.xtec.cat\/esc-musica-parets\/wp-json\/wp\/v2\/types\/page"}],"author":[{"embeddable":true,"href":"https:\/\/agora.xtec.cat\/esc-musica-parets\/wp-json\/wp\/v2\/users\/1"}],"replies":[{"embeddable":true,"href":"https:\/\/agora.xtec.cat\/esc-musica-parets\/wp-json\/wp\/v2\/comments?post=538"}],"version-history":[{"count":5,"href":"https:\/\/agora.xtec.cat\/esc-musica-parets\/wp-json\/wp\/v2\/pages\/538\/revisions"}],"predecessor-version":[{"id":3264,"href":"https:\/\/agora.xtec.cat\/esc-musica-parets\/wp-json\/wp\/v2\/pages\/538\/revisions\/3264"}],"up":[{"embeddable":true,"href":"https:\/\/agora.xtec.cat\/esc-musica-parets\/wp-json\/wp\/v2\/pages\/592"}],"wp:attachment":[{"href":"https:\/\/agora.xtec.cat\/esc-musica-parets\/wp-json\/wp\/v2\/media?parent=538"}],"curies":[{"name":"wp","href":"https:\/\/api.w.org\/{rel}","templated":true}]}}