{"id":537,"date":"2013-06-11T09:25:16","date_gmt":"2013-06-11T08:25:16","guid":{"rendered":"http:\/\/agora.xtec.cat\/esc-musica-parets\/intraweb\/iniciacions-musicals\/"},"modified":"2025-06-04T19:32:40","modified_gmt":"2025-06-04T17:32:40","slug":"iniciacions-musicals","status":"publish","type":"page","link":"https:\/\/agora.xtec.cat\/esc-musica-parets\/estudis-musicals\/iniciacions-musicals\/","title":{"rendered":"Iniciacions Musicals"},"content":{"rendered":"<p><span style=\"font-size: medium;\">Sensibilitzaci\u00f3 musical per a nens i nenes de 5 a 7 anys en classes col\u00b7lectives amb l&#8217;objectiu d&#8217;iniciar-se en l&#8217;educaci\u00f3 musical. Aquest cicle es divideix en tres nivells<\/span>.<\/p>\n<p>Durant aquesta etapa, els alumnes assoleixen els fonaments b\u00e0sics de la m\u00fasica a trav\u00e9s del ritme, la veu i la psicomotricitat a partir de can\u00e7ons i danses. Progressivament, el darrer curs d&#8217;aquesta etapa es van introduint altres conceptes com les notes i els valors musicals, aix\u00ed com una primera aproximaci\u00f3 a la interpretaci\u00f3 musical, la improvisaci\u00f3 i el conjunt instrumental a partir d&#8217;instruments de percussi\u00f3 com poden ser carillons, campanes, etc.<\/p>\n<p><span style=\"color: #993366;\"><strong>Orientaci\u00f3 pedag\u00f2gica adre\u00e7ada a la tria de l\u2019instrument<\/strong><\/span>. A trav\u00e9s de la <span style=\"color: #3366ff;\"><em><strong>R<\/strong><strong>oda d&#8217;instruments<\/strong> <\/em><\/span>els alumnes de 7 anys, i durant tot un curs acad\u00e8mic, realitzen varies sessions a cadascuna de les especialitats instrumentals que s&#8217;imparteixen al centre per tal de sentir-los, tocar-los i experimentar-los, de manera que es puguin fer una idea m\u00e9s concreta de l&#8217;instrument que voldran aprendre a tocar. En acabar el curs, els professors dels diferents instruments, poden fer un assessorament a les fam\u00edlies sobre d&#8217;idone\u00eftat de l&#8217;instrument triat.<\/p>\n<p><a href=\"http:\/\/agora.xtec.cat\/esc-musica-parets\/wp-content\/uploads\/usu1283\/2017\/02\/DSCN6346-e1488217083103.jpg\"><img loading=\"lazy\" decoding=\"async\" class=\"alignnone wp-image-1304 size-large\" src=\"http:\/\/agora.xtec.cat\/esc-musica-parets\/wp-content\/uploads\/usu1283\/2017\/02\/DSCN6346-e1488217210612-1024x284.jpg\" alt=\"dscn6346\" width=\"1024\" height=\"284\" srcset=\"https:\/\/agora.xtec.cat\/esc-musica-parets\/wp-content\/uploads\/usu1283\/2017\/02\/DSCN6346-e1488217210612-1024x284.jpg 1024w, https:\/\/agora.xtec.cat\/esc-musica-parets\/wp-content\/uploads\/usu1283\/2017\/02\/DSCN6346-e1488217210612-300x83.jpg 300w, https:\/\/agora.xtec.cat\/esc-musica-parets\/wp-content\/uploads\/usu1283\/2017\/02\/DSCN6346-e1488217210612-768x213.jpg 768w\" sizes=\"auto, (max-width: 1024px) 100vw, 1024px\" \/><\/a><\/p>\n<p>&nbsp;<\/p>\n","protected":false},"excerpt":{"rendered":"<p>Sensibilitzaci\u00f3 musical per a nens i nenes de 5 a 7 anys en classes col\u00b7lectives amb l&#8217;objectiu d&#8217;iniciar-se en l&#8217;educaci\u00f3 musical. Aquest cicle es divideix en tres nivells.<br \/>\nDurant aquesta etapa, els alumnes assoleixen els fonaments b\u00e0sics de la m\u00fasica a trav\u00e9s del ritme, la veu&hellip;  <a href=\"https:\/\/agora.xtec.cat\/esc-musica-parets\/estudis-musicals\/iniciacions-musicals\/\" title=\"Read Iniciacions Musicals\">Llegeix m\u00e9s\u00bb<\/a><\/p>\n","protected":false},"author":1,"featured_media":0,"parent":592,"menu_order":10,"comment_status":"closed","ping_status":"closed","template":"page-templates\/side-menu.php","meta":{"_bbp_topic_count":0,"_bbp_reply_count":0,"_bbp_total_topic_count":0,"_bbp_total_reply_count":0,"_bbp_voice_count":0,"_bbp_anonymous_reply_count":0,"_bbp_topic_count_hidden":0,"_bbp_reply_count_hidden":0,"_bbp_forum_subforum_count":0,"footnotes":""},"class_list":["post-537","page","type-page","status-publish","hentry"],"post_mailing_queue_ids":[],"_links":{"self":[{"href":"https:\/\/agora.xtec.cat\/esc-musica-parets\/wp-json\/wp\/v2\/pages\/537","targetHints":{"allow":["GET"]}}],"collection":[{"href":"https:\/\/agora.xtec.cat\/esc-musica-parets\/wp-json\/wp\/v2\/pages"}],"about":[{"href":"https:\/\/agora.xtec.cat\/esc-musica-parets\/wp-json\/wp\/v2\/types\/page"}],"author":[{"embeddable":true,"href":"https:\/\/agora.xtec.cat\/esc-musica-parets\/wp-json\/wp\/v2\/users\/1"}],"replies":[{"embeddable":true,"href":"https:\/\/agora.xtec.cat\/esc-musica-parets\/wp-json\/wp\/v2\/comments?post=537"}],"version-history":[{"count":5,"href":"https:\/\/agora.xtec.cat\/esc-musica-parets\/wp-json\/wp\/v2\/pages\/537\/revisions"}],"predecessor-version":[{"id":3381,"href":"https:\/\/agora.xtec.cat\/esc-musica-parets\/wp-json\/wp\/v2\/pages\/537\/revisions\/3381"}],"up":[{"embeddable":true,"href":"https:\/\/agora.xtec.cat\/esc-musica-parets\/wp-json\/wp\/v2\/pages\/592"}],"wp:attachment":[{"href":"https:\/\/agora.xtec.cat\/esc-musica-parets\/wp-json\/wp\/v2\/media?parent=537"}],"curies":[{"name":"wp","href":"https:\/\/api.w.org\/{rel}","templated":true}]}}