{"id":27,"date":"2014-09-17T16:24:03","date_gmt":"2014-09-17T15:24:03","guid":{"rendered":"http:\/\/agora.xtec.cat\/esc-musica-parets\/?page_id=27"},"modified":"2024-09-18T20:47:27","modified_gmt":"2024-09-18T18:47:27","slug":"historia","status":"publish","type":"page","link":"https:\/\/agora.xtec.cat\/esc-musica-parets\/lescola\/historia\/","title":{"rendered":"Hist\u00f2ria"},"content":{"rendered":"<p>La nostra escola de m\u00fasica va n\u00e8ixer als anys 80 a les depend\u00e8ncies de Ca n&#8217;Oms. Tanmateix, l&#8217;any 1991 es va ubicar definitivament a l&#8217;antiga Torre del Director, edifici emblem\u00e0tic de l&#8217;\u00e8poca de la Catalunya industrial, propietat de la fam\u00edlia Feliu, i que estava integrat en el complex de la f\u00e0brica La Linera. Els terrenys que ocupava aquesta f\u00e0brica, s\u00f3n actualment el parc m\u00e9s gran de la poblaci\u00f3 de Parets.<\/p>\n<p>La Torre del Director va ser habilitada interiorment com a escola de m\u00fasica, redefinint els espais, construint diferents aules amb llum natural, una biblioteca-fonoteca aix\u00ed com un auditori amb una capacitat per a 76 persones on habitualment es celebren concerts, audicions i confer\u00e8ncies de petit i mitj\u00e0 format.<\/p>\n<p>Des de l&#8217;escola municipal de m\u00fasica s&#8217;han posat en marxa diferents projectes educatius i socials adre\u00e7ats a la poblaci\u00f3 com les &#8220;Audicions per a escolars&#8221; on, cada curs des de l&#8217;any 1999, passen per l&#8217;escola aproximadament un miler de nens i nenes d&#8217;educaci\u00f3 infantil i prim\u00e0ria, i en les que el professorat de l&#8217;escola els ofereix m\u00fasica en directe a trav\u00e9s de contes o guies tem\u00e0tiques adients per a cada edat. Tamb\u00e9 des de l&#8217;any 2015 es va iniciar el projecte CANTA Parets! en el que tots els alumnes d&#8217;Infantil-5 dels col\u00b7legis de Parets participen en una gran cantata organitzada i coordinada des de l&#8217;escola de m\u00fasica. La Macro-Orquestra, les sessions de m\u00fasica en viu a les escoles bressol o les rodes d&#8217;instrument s\u00f3n altres de les diferents activitats promogudes des del centre per impulsar la motivaci\u00f3 musical entre els m\u00e9s joves.<\/p>\n<p>Actualment, l&#8217;escola municipal de m\u00fasica de Parets del Vall\u00e8s ofereix educaci\u00f3 musical a partir de 2 mesos a trav\u00e9s dels cursos d&#8217;estimulaci\u00f3 musical per a nadons, sensibilitzaci\u00f3 i iniciacions musicals per a nens i nenes de 3 a 7 anys, grups de llenguatge musical, ofereix 9 especialitats instrumentals aix\u00ed com diferents corals i \u00e9s un centre autoritzat pel Departament d&#8217;Educaci\u00f3 de la Generalitat de Catalunya des de l&#8217;any 1993.<\/p>\n<p><a href=\"http:\/\/agora.xtec.cat\/esc-musica-parets\/wp-content\/uploads\/usu1283\/2016\/06\/11334041_1422647091392642_3974765254424996297_o.jpg\"><img loading=\"lazy\" decoding=\"async\" class=\"wp-image-725 size-large aligncenter\" src=\"http:\/\/agora.xtec.cat\/esc-musica-parets\/wp-content\/uploads\/usu1283\/2016\/06\/11334041_1422647091392642_3974765254424996297_o-1024x683.jpg\" alt=\"\" width=\"1024\" height=\"683\" srcset=\"https:\/\/agora.xtec.cat\/esc-musica-parets\/wp-content\/uploads\/usu1283\/2016\/06\/11334041_1422647091392642_3974765254424996297_o-1024x683.jpg 1024w, https:\/\/agora.xtec.cat\/esc-musica-parets\/wp-content\/uploads\/usu1283\/2016\/06\/11334041_1422647091392642_3974765254424996297_o-300x200.jpg 300w, https:\/\/agora.xtec.cat\/esc-musica-parets\/wp-content\/uploads\/usu1283\/2016\/06\/11334041_1422647091392642_3974765254424996297_o-768x512.jpg 768w, https:\/\/agora.xtec.cat\/esc-musica-parets\/wp-content\/uploads\/usu1283\/2016\/06\/11334041_1422647091392642_3974765254424996297_o.jpg 2048w\" sizes=\"auto, (max-width: 1024px) 100vw, 1024px\" \/><\/a><\/p>\n<p>&nbsp;<\/p>\n<p>&nbsp;<\/p>\n","protected":false},"excerpt":{"rendered":"<p>La nostra escola de m\u00fasica va n\u00e8ixer als anys 80 a les depend\u00e8ncies de Ca n&#8217;Oms. Tanmateix, l&#8217;any 1991 es va ubicar definitivament a l&#8217;antiga Torre del Director, edifici emblem\u00e0tic de l&#8217;\u00e8poca de la Catalunya industrial, propietat de la fam\u00edlia Feliu, i que estava integrat&hellip;  <a href=\"https:\/\/agora.xtec.cat\/esc-musica-parets\/lescola\/historia\/\" title=\"Read Hist\u00f2ria\">Llegeix m\u00e9s\u00bb<\/a><\/p>\n","protected":false},"author":1,"featured_media":0,"parent":19,"menu_order":40,"comment_status":"closed","ping_status":"closed","template":"page-templates\/side-menu.php","meta":{"_bbp_topic_count":0,"_bbp_reply_count":0,"_bbp_total_topic_count":0,"_bbp_total_reply_count":0,"_bbp_voice_count":0,"_bbp_anonymous_reply_count":0,"_bbp_topic_count_hidden":0,"_bbp_reply_count_hidden":0,"_bbp_forum_subforum_count":0,"footnotes":""},"class_list":["post-27","page","type-page","status-publish","hentry"],"post_mailing_queue_ids":[],"_links":{"self":[{"href":"https:\/\/agora.xtec.cat\/esc-musica-parets\/wp-json\/wp\/v2\/pages\/27","targetHints":{"allow":["GET"]}}],"collection":[{"href":"https:\/\/agora.xtec.cat\/esc-musica-parets\/wp-json\/wp\/v2\/pages"}],"about":[{"href":"https:\/\/agora.xtec.cat\/esc-musica-parets\/wp-json\/wp\/v2\/types\/page"}],"author":[{"embeddable":true,"href":"https:\/\/agora.xtec.cat\/esc-musica-parets\/wp-json\/wp\/v2\/users\/1"}],"replies":[{"embeddable":true,"href":"https:\/\/agora.xtec.cat\/esc-musica-parets\/wp-json\/wp\/v2\/comments?post=27"}],"version-history":[{"count":5,"href":"https:\/\/agora.xtec.cat\/esc-musica-parets\/wp-json\/wp\/v2\/pages\/27\/revisions"}],"predecessor-version":[{"id":3248,"href":"https:\/\/agora.xtec.cat\/esc-musica-parets\/wp-json\/wp\/v2\/pages\/27\/revisions\/3248"}],"up":[{"embeddable":true,"href":"https:\/\/agora.xtec.cat\/esc-musica-parets\/wp-json\/wp\/v2\/pages\/19"}],"wp:attachment":[{"href":"https:\/\/agora.xtec.cat\/esc-musica-parets\/wp-json\/wp\/v2\/media?parent=27"}],"curies":[{"name":"wp","href":"https:\/\/api.w.org\/{rel}","templated":true}]}}