{"id":2633,"date":"2021-06-30T17:54:39","date_gmt":"2021-06-30T15:54:39","guid":{"rendered":"http:\/\/agora.xtec.cat\/esc-musica-parets\/?page_id=2633"},"modified":"2021-06-30T18:15:42","modified_gmt":"2021-06-30T16:15:42","slug":"documents-simultaneitat","status":"publish","type":"page","link":"https:\/\/agora.xtec.cat\/esc-musica-parets\/documents-simultaneitat\/","title":{"rendered":"Documents per a la simultane\u00eftat d&#8217;estudis amb m\u00fasica"},"content":{"rendered":"<table style=\"border-style: double; border-color: #1a5fd6; width: 1200px; height: 408px;\" border=\"1\">\n<tbody>\n<tr style=\"height: 33px;\">\n<td style=\"width: 800px; height: 33px;\"><strong>Simultane\u00eftat d&#8217;estudis amb m\u00fasica<\/strong><\/td>\n<td style=\"text-align: center; width: 163.883px; height: 33px;\"><strong>Document<\/strong><\/td>\n<\/tr>\n<tr style=\"height: 49px;\">\n<td style=\"width: 800px; height: 49px;\">Certificat expedit per l\u2019escola de m\u00fasica autoritzada en qu\u00e8 s\u2019acredita el que fa l\u2019alumne\/a per al reconeixement dels estudis de m\u00fasica en l\u2019ESO. CMU2<\/td>\n<td style=\"width: 163.883px; text-align: center; height: 49px;\"><a href=\"https:\/\/agora.xtec.cat\/esc-musica-parets\/wp-content\/uploads\/usu1283\/2021\/06\/A155.pdf\">A155- 225b<\/a><\/td>\n<\/tr>\n<tr style=\"height: 49px;\">\n<td style=\"width: 800px; height: 49px;\">Certificat expedit per l\u2019escola de m\u00fasica autoritzada per tal que l\u2019alumne\/a pugui acollir-se al reconeixement amb reducci\u00f3 de mat\u00e8ries de batxillerat de la franja d\u2019espec\u00edfiques. CMU3<\/td>\n<td style=\"width: 163.883px; text-align: center; height: 49px;\"><a href=\"https:\/\/agora.xtec.cat\/esc-musica-parets\/wp-content\/uploads\/usu1283\/2021\/06\/A137.pdf\">A137- 225kb<\/a><\/td>\n<\/tr>\n<tr style=\"height: 49px;\">\n<td style=\"width: 800px; height: 49px;\">Pla de seguiment per als alumnes que cursen simult\u00e0niament l&#8217;etapa d&#8217;ESO i estudis de m\u00fasica en una escola de m\u00fasica autoritzada. EMU4<\/td>\n<td style=\"width: 163.883px; text-align: center; height: 49px;\"><a href=\"https:\/\/agora.xtec.cat\/esc-musica-parets\/wp-content\/uploads\/usu1283\/2021\/06\/Y332_039.pdf\">Y332_039- 264kb<\/a><\/td>\n<\/tr>\n<tr style=\"height: 49px;\">\n<td style=\"width: 800px; height: 49px;\">Resoluci\u00f3 per la qual es concedeix el reconeixement de mat\u00e8ries de batxillerat basant-se en estudis de m\u00fasica en una escola de m\u00fasica autoritzada. BMU4<\/td>\n<td style=\"width: 163.883px; text-align: center; height: 49px;\"><a href=\"https:\/\/agora.xtec.cat\/esc-musica-parets\/wp-content\/uploads\/usu1283\/2021\/06\/A141.pdf\">A141- 230kb<\/a><\/td>\n<\/tr>\n<tr style=\"height: 65px;\">\n<td style=\"width: 800px; height: 65px;\">Resoluci\u00f3 per la qual es concedeix el reconeixement de mat\u00e8ries optatives i\/o de la mat\u00e8ria de m\u00fasica de l&#8217;educaci\u00f3 secund\u00e0ria obligat\u00f2ria (ESO) als alumnes que cursen estudis de m\u00fasica en una escola de m\u00fasica autoritzada. EMU3<\/td>\n<td style=\"width: 163.883px; text-align: center; height: 65px;\"><a href=\"https:\/\/agora.xtec.cat\/esc-musica-parets\/wp-content\/uploads\/usu1283\/2021\/06\/Y332_067.pdf\">Y332_067- 245kb<\/a><\/td>\n<\/tr>\n<tr style=\"height: 65px;\">\n<td style=\"width: 800px; height: 65px;\">Sol\u00b7licitud de reducci\u00f3 de mat\u00e8ries de l&#8217;educaci\u00f3 secund\u00e0ria obligat\u00f2ria (ESO) per als alumnes que cursen estudis de m\u00fasica en un conservatori o centre professional o en una escola de m\u00fasica autoritzada. EMU1<\/td>\n<td style=\"width: 163.883px; text-align: center; height: 65px;\"><a href=\"https:\/\/agora.xtec.cat\/esc-musica-parets\/wp-content\/uploads\/usu1283\/2021\/06\/APU154.pdf\">APU154- 225kb<\/a><\/td>\n<\/tr>\n<tr style=\"height: 49px;\">\n<td style=\"width: 800px; height: 49px;\">Sol\u00b7licitud de reducci\u00f3 de mat\u00e8ries de batxillerat basant-se en estudis de m\u00fasica en una escola de m\u00fasica autoritzada. BMU3<\/td>\n<td style=\"width: 163.883px; text-align: center; height: 49px;\"><a href=\"https:\/\/agora.xtec.cat\/esc-musica-parets\/wp-content\/uploads\/usu1283\/2021\/06\/APU140.pdf\">APU140- 232kb<\/a><\/td>\n<\/tr>\n<\/tbody>\n<\/table>\n","protected":false},"excerpt":{"rendered":"<p>Simultane\u00eftat d&#8217;estudis amb m\u00fasica<br \/>\nDocument<\/p>\n<p>Certificat expedit per l\u2019escola de m\u00fasica autoritzada en qu\u00e8 s\u2019acredita el que fa l\u2019alumne\/a per al reconeixement dels estudis de m\u00fasica en l\u2019ESO. CMU2<br \/>\n<a href=\"https:\/\/agora.xtec.cat\/esc-musica-parets\/wp-content\/uploads\/usu1283\/2021\/06\/A155.pdf\">A155- 225b<\/a><\/p>\n<p>Certificat expedit per l\u2019escola de m\u00fasica autoritzada per tal que l\u2019alumne\/a pugui acollir-se al reconeixement amb reducci\u00f3&hellip;  <a href=\"https:\/\/agora.xtec.cat\/esc-musica-parets\/documents-simultaneitat\/\" title=\"Read Documents per a la simultane\u00eftat d&#8217;estudis amb m\u00fasica\">Llegeix m\u00e9s\u00bb<\/a><\/p>\n","protected":false},"author":1,"featured_media":0,"parent":0,"menu_order":0,"comment_status":"closed","ping_status":"closed","template":"","meta":{"_bbp_topic_count":0,"_bbp_reply_count":0,"_bbp_total_topic_count":0,"_bbp_total_reply_count":0,"_bbp_voice_count":0,"_bbp_anonymous_reply_count":0,"_bbp_topic_count_hidden":0,"_bbp_reply_count_hidden":0,"_bbp_forum_subforum_count":0,"footnotes":""},"class_list":["post-2633","page","type-page","status-publish","hentry"],"post_mailing_queue_ids":[],"_links":{"self":[{"href":"https:\/\/agora.xtec.cat\/esc-musica-parets\/wp-json\/wp\/v2\/pages\/2633","targetHints":{"allow":["GET"]}}],"collection":[{"href":"https:\/\/agora.xtec.cat\/esc-musica-parets\/wp-json\/wp\/v2\/pages"}],"about":[{"href":"https:\/\/agora.xtec.cat\/esc-musica-parets\/wp-json\/wp\/v2\/types\/page"}],"author":[{"embeddable":true,"href":"https:\/\/agora.xtec.cat\/esc-musica-parets\/wp-json\/wp\/v2\/users\/1"}],"replies":[{"embeddable":true,"href":"https:\/\/agora.xtec.cat\/esc-musica-parets\/wp-json\/wp\/v2\/comments?post=2633"}],"version-history":[{"count":3,"href":"https:\/\/agora.xtec.cat\/esc-musica-parets\/wp-json\/wp\/v2\/pages\/2633\/revisions"}],"predecessor-version":[{"id":2663,"href":"https:\/\/agora.xtec.cat\/esc-musica-parets\/wp-json\/wp\/v2\/pages\/2633\/revisions\/2663"}],"wp:attachment":[{"href":"https:\/\/agora.xtec.cat\/esc-musica-parets\/wp-json\/wp\/v2\/media?parent=2633"}],"curies":[{"name":"wp","href":"https:\/\/api.w.org\/{rel}","templated":true}]}}