{"id":2574,"date":"2021-06-25T18:35:00","date_gmt":"2021-06-25T16:35:00","guid":{"rendered":"http:\/\/agora.xtec.cat\/esc-musica-parets\/?page_id=2574"},"modified":"2025-09-30T20:41:57","modified_gmt":"2025-09-30T18:41:57","slug":"documents-organitzacio-de-centre","status":"publish","type":"page","link":"https:\/\/agora.xtec.cat\/esc-musica-parets\/documents-2\/documents-organitzacio-de-centre\/","title":{"rendered":"Documents per a tr\u00e0mits"},"content":{"rendered":"<ul>\n<li><a href=\"https:\/\/agora.xtec.cat\/esc-musica-parets\/wp-content\/uploads\/usu1283\/2025\/09\/2025-Full-sollicitud-placa.doc\">Sol\u00b7licitud de pla\u00e7a (fora del termini de preinscripci\u00f3)<\/a><\/li>\n<li><a href=\"https:\/\/paretsdelvalles.eadministracio.cat\/dossier.5\">Full de preinscripci\u00f3 dins dels terminis de preinscripci\u00f3 per a cada curs<\/a> (aquest tr\u00e0mit caldr\u00e0 fer-ho a trav\u00e9s de la seu electr\u00f2nica de l&#8217;Ajuntament de Parets del Vall\u00e8s o presencialment a l&#8217;OAC)<\/li>\n<li><a href=\"https:\/\/agora.xtec.cat\/esc-musica-parets\/wp-content\/uploads\/usu1283\/2025\/09\/Full-de-matricula.doc\">Full de matricula<\/a><\/li>\n<li><a href=\"https:\/\/agora.xtec.cat\/esc-musica-parets\/wp-content\/uploads\/usu1283\/2025\/09\/Full-de-domiciliacio-bancaria.doc\">Full de domiciliaci\u00f3 banc\u00e0ria<\/a><\/li>\n<li><a href=\"https:\/\/agora.xtec.cat\/esc-musica-parets\/wp-content\/uploads\/usu1283\/2025\/09\/Autoritzacio-us-imatge-menors.doc\">Full d&#8217;autoritzaci\u00f3 per l&#8217;\u00fas d&#8217;imatges &#8211; menors de 14 anys<\/a><\/li>\n<li><a href=\"https:\/\/agora.xtec.cat\/esc-musica-parets\/wp-content\/uploads\/usu1283\/2025\/09\/Autoritzacio-us-imatge-majors-i-profes.doc\">Full d&#8217;autoritzaci\u00f3 per l&#8217;\u00fas d&#8217;imatges &#8211; majors de 14 anys i professors\/es<\/a><\/li>\n<li><a href=\"https:\/\/paretsdelvalles.eadministracio.cat\/dossier.5\">Sol\u00b7licitud de baixa<\/a> (aquest tr\u00e0mit caldr\u00e0 fer-ho a trav\u00e9s de la seu electr\u00f2nica de l&#8217;Ajuntament de Parets del Vall\u00e8s o presencialment a l&#8217;OAC)<\/li>\n<\/ul>\n","protected":false},"excerpt":{"rendered":"<ul>\n<li><a href=\"https:\/\/agora.xtec.cat\/esc-musica-parets\/wp-content\/uploads\/usu1283\/2025\/09\/2025-Full-sollicitud-placa.doc\">Sol\u00b7licitud de pla\u00e7a (fora del termini de preinscripci\u00f3)<\/a><\/li>\n<li><a href=\"https:\/\/paretsdelvalles.eadministracio.cat\/dossier.5\">Full de preinscripci\u00f3 dins dels terminis de preinscripci\u00f3 per a cada curs<\/a> (aquest tr\u00e0mit caldr\u00e0 fer-ho a trav\u00e9s de la seu electr\u00f2nica de l&#8217;Ajuntament de Parets del Vall\u00e8s o presencialment a l&#8217;OAC)<\/li>\n<li><a href=\"https:\/\/agora.xtec.cat\/esc-musica-parets\/wp-content\/uploads\/usu1283\/2025\/09\/Full-de-matricula.doc\">Full de matricula<\/a><\/li>\n<li><a href=\"https:\/\/agora.xtec.cat\/esc-musica-parets\/wp-content\/uploads\/usu1283\/2025\/09\/Full-de-domiciliacio-bancaria.doc\">Full&hellip;  <a href=\"https:\/\/agora.xtec.cat\/esc-musica-parets\/documents-2\/documents-organitzacio-de-centre\/\" title=\"Read Documents per a tr\u00e0mits\">Llegeix m\u00e9s\u00bb<\/a><br \/>\n","protected":false},"author":1,"featured_media":0,"parent":2579,"menu_order":2,"comment_status":"closed","ping_status":"closed","template":"page-templates\/side-menu.php","meta":{"_bbp_topic_count":0,"_bbp_reply_count":0,"_bbp_total_topic_count":0,"_bbp_total_reply_count":0,"_bbp_voice_count":0,"_bbp_anonymous_reply_count":0,"_bbp_topic_count_hidden":0,"_bbp_reply_count_hidden":0,"_bbp_forum_subforum_count":0,"footnotes":""},"class_list":["post-2574","page","type-page","status-publish","hentry"],"post_mailing_queue_ids":[],"_links":{"self":[{"href":"https:\/\/agora.xtec.cat\/esc-musica-parets\/wp-json\/wp\/v2\/pages\/2574","targetHints":{"allow":["GET"]}}],"collection":[{"href":"https:\/\/agora.xtec.cat\/esc-musica-parets\/wp-json\/wp\/v2\/pages"}],"about":[{"href":"https:\/\/agora.xtec.cat\/esc-musica-parets\/wp-json\/wp\/v2\/types\/page"}],"author":[{"embeddable":true,"href":"https:\/\/agora.xtec.cat\/esc-musica-parets\/wp-json\/wp\/v2\/users\/1"}],"replies":[{"embeddable":true,"href":"https:\/\/agora.xtec.cat\/esc-musica-parets\/wp-json\/wp\/v2\/comments?post=2574"}],"version-history":[{"count":7,"href":"https:\/\/agora.xtec.cat\/esc-musica-parets\/wp-json\/wp\/v2\/pages\/2574\/revisions"}],"predecessor-version":[{"id":3433,"href":"https:\/\/agora.xtec.cat\/esc-musica-parets\/wp-json\/wp\/v2\/pages\/2574\/revisions\/3433"}],"up":[{"embeddable":true,"href":"https:\/\/agora.xtec.cat\/esc-musica-parets\/wp-json\/wp\/v2\/pages\/2579"}],"wp:attachment":[{"href":"https:\/\/agora.xtec.cat\/esc-musica-parets\/wp-json\/wp\/v2\/media?parent=2574"}],"curies":[{"name":"wp","href":"https:\/\/api.w.org\/{rel}","templated":true}]}}