{"id":2418,"date":"2020-10-23T19:15:15","date_gmt":"2020-10-23T17:15:15","guid":{"rendered":"http:\/\/agora.xtec.cat\/esc-musica-parets\/?page_id=2418"},"modified":"2025-06-04T19:35:14","modified_gmt":"2025-06-04T17:35:14","slug":"creixem-amb-musica","status":"publish","type":"page","link":"https:\/\/agora.xtec.cat\/esc-musica-parets\/estudis-musicals\/creixem-amb-musica\/","title":{"rendered":"Creixem amb M\u00fasica!"},"content":{"rendered":"<h3><span style=\"color: #0000ff;\">Sensibilitzaci\u00f3 musical per a infants de 3 i 4 anys.<\/span><\/h3>\n<p>&#8220;Creixem amb m\u00fasica!&#8221; \u00e9s una activitat de sensibilitzaci\u00f3 musical adre\u00e7ada a nens i nenes de 3 i 4 anys, en la qual es treballa la m\u00fasica d\u2019una manera l\u00fadica i motivadora. Est\u00e0 demostrat que aprendre m\u00fasica des de una metodologia global \u00e9s molt enriquidor per a l\u2019infant: a part d\u2019estimular la o\u00efda i la psicomotricitat, ajuda a desenvolupar les capacitats ling\u00fc\u00edstiques, la l\u00f2gica, les matem\u00e0tiques, ens ajuda a entendre i a fer-nos una imatge del m\u00f3n que ens envolta, afavoreix la creativitat i potencia el inter\u00e8s per l\u2019aprenentatge en general. Volem que els infants gaudeixin de les activitats musicals, perqu\u00e8 creiem fermament que divertint-se \u00e9s com millor s\u2019apr\u00e8n.<\/p>\n<p lang=\"es-ES\" align=\"JUSTIFY\">Els nens i nenes d\u2019aquestes edats ja s\u00f3n m\u00e9s aut\u00f2noms. Els encanta descobrir, aprendre, jugar\u2026 Partint d\u2019aquesta base l\u00fadica i a trav\u00e9s de la m\u00fasica, la dansa, la experimentaci\u00f3 i la imaginaci\u00f3, s\u2019aniran treballant capacitats com s\u00f3n l\u2019atenci\u00f3, la percepci\u00f3 sonora, la mem\u00f2ria r\u00edtmica, la melodia, la concentraci\u00f3 , la projecci\u00f3 de la veu i el desenvolupament motriu i postural.<\/p>\n<p lang=\"es-ES\" align=\"JUSTIFY\">En aquestes edats hi ha un inter\u00e8s pel descobriment del cos i del m\u00f3n, que s\u2019anir\u00e0 potenciant a partir de can\u00e7ons, sons, el moviment corporal, el treball creatiu i l\u2019orientaci\u00f3 a l\u2019espai.<\/p>\n<p lang=\"ca-ES\" align=\"JUSTIFY\">Tots plegats descobrirem com \u00e9s de divertit cantar i tocar instruments, moure\u2019s als comp\u00e0s d\u2019una melodia, inventar i crear ritmes nous, tot d&#8217;una manera molt sensorial, sense oblidar que per poder fer classe conjuntament, s\u2019han d\u2019aprendre unes pautes d\u2019actuaci\u00f3 com saber escoltar, saber quan toca practicar i quan toca relaxar-nos.<\/p>\n<p lang=\"ca-ES\" align=\"JUSTIFY\"><a href=\"https:\/\/agora.xtec.cat\/esc-musica-parets\/wp-content\/uploads\/usu1283\/2020\/10\/a0885be7b14f401bf646c6a124cc01bf.jpg\"><img loading=\"lazy\" decoding=\"async\" class=\"alignnone size-full wp-image-2427\" src=\"https:\/\/agora.xtec.cat\/esc-musica-parets\/wp-content\/uploads\/usu1283\/2020\/10\/a0885be7b14f401bf646c6a124cc01bf.jpg\" alt=\"\" width=\"798\" height=\"480\" srcset=\"https:\/\/agora.xtec.cat\/esc-musica-parets\/wp-content\/uploads\/usu1283\/2020\/10\/a0885be7b14f401bf646c6a124cc01bf.jpg 798w, https:\/\/agora.xtec.cat\/esc-musica-parets\/wp-content\/uploads\/usu1283\/2020\/10\/a0885be7b14f401bf646c6a124cc01bf-300x180.jpg 300w, https:\/\/agora.xtec.cat\/esc-musica-parets\/wp-content\/uploads\/usu1283\/2020\/10\/a0885be7b14f401bf646c6a124cc01bf-768x462.jpg 768w\" sizes=\"auto, (max-width: 798px) 100vw, 798px\" \/><\/a><\/p>\n","protected":false},"excerpt":{"rendered":"<p>Sensibilitzaci\u00f3 musical per a infants de 3 i 4 anys.<br \/>\n&#8220;Creixem amb m\u00fasica!&#8221; \u00e9s una activitat de sensibilitzaci\u00f3 musical adre\u00e7ada a nens i nenes de 3 i 4 anys, en la qual es treballa la m\u00fasica d\u2019una manera l\u00fadica i motivadora. Est\u00e0 demostrat que aprendre m\u00fasica&hellip;  <a href=\"https:\/\/agora.xtec.cat\/esc-musica-parets\/estudis-musicals\/creixem-amb-musica\/\" title=\"Read Creixem amb M\u00fasica!\">Llegeix m\u00e9s\u00bb<\/a><\/p>\n","protected":false},"author":1,"featured_media":0,"parent":592,"menu_order":2,"comment_status":"closed","ping_status":"closed","template":"page-templates\/side-menu.php","meta":{"_bbp_topic_count":0,"_bbp_reply_count":0,"_bbp_total_topic_count":0,"_bbp_total_reply_count":0,"_bbp_voice_count":0,"_bbp_anonymous_reply_count":0,"_bbp_topic_count_hidden":0,"_bbp_reply_count_hidden":0,"_bbp_forum_subforum_count":0,"footnotes":""},"class_list":["post-2418","page","type-page","status-publish","hentry"],"post_mailing_queue_ids":[],"_links":{"self":[{"href":"https:\/\/agora.xtec.cat\/esc-musica-parets\/wp-json\/wp\/v2\/pages\/2418","targetHints":{"allow":["GET"]}}],"collection":[{"href":"https:\/\/agora.xtec.cat\/esc-musica-parets\/wp-json\/wp\/v2\/pages"}],"about":[{"href":"https:\/\/agora.xtec.cat\/esc-musica-parets\/wp-json\/wp\/v2\/types\/page"}],"author":[{"embeddable":true,"href":"https:\/\/agora.xtec.cat\/esc-musica-parets\/wp-json\/wp\/v2\/users\/1"}],"replies":[{"embeddable":true,"href":"https:\/\/agora.xtec.cat\/esc-musica-parets\/wp-json\/wp\/v2\/comments?post=2418"}],"version-history":[{"count":5,"href":"https:\/\/agora.xtec.cat\/esc-musica-parets\/wp-json\/wp\/v2\/pages\/2418\/revisions"}],"predecessor-version":[{"id":3382,"href":"https:\/\/agora.xtec.cat\/esc-musica-parets\/wp-json\/wp\/v2\/pages\/2418\/revisions\/3382"}],"up":[{"embeddable":true,"href":"https:\/\/agora.xtec.cat\/esc-musica-parets\/wp-json\/wp\/v2\/pages\/592"}],"wp:attachment":[{"href":"https:\/\/agora.xtec.cat\/esc-musica-parets\/wp-json\/wp\/v2\/media?parent=2418"}],"curies":[{"name":"wp","href":"https:\/\/api.w.org\/{rel}","templated":true}]}}