{"id":19,"date":"2014-09-17T14:56:56","date_gmt":"2014-09-17T13:56:56","guid":{"rendered":"http:\/\/agora.xtec.cat\/esc-musica-parets\/?page_id=19"},"modified":"2021-06-30T10:18:07","modified_gmt":"2021-06-30T08:18:07","slug":"lescola","status":"publish","type":"page","link":"https:\/\/agora.xtec.cat\/esc-musica-parets\/lescola\/","title":{"rendered":"L&#8217;Escola Municipal de M\u00fasica"},"content":{"rendered":"<p>Centre d&#8217;ensenyaments musicals de nivell elemental, autoritzat acad\u00e8micament pel Departament d&#8217;Educaci\u00f3 de la Generalitat de Catalunya des de l&#8217;any 1993 per a impartir especialitats instrumentals diverses. S&#8217;imparteixen cursos de sensibilitzaci\u00f3 i estimulaci\u00f3 per a nadons, sensibilitaci\u00f3 per a nens i nenes de 3 i 4 anys, iniciaci\u00f3 musical per a nens i nenes a partir de 5 anys, aix\u00ed com de llenguatge musical i instrument a partir dels vuit anys. El centre ofereix activitats complement\u00e0ries com les corals infantil, junior i adults, orquestres variades, m\u00fasica de cambra i conjunt instrumental, combo modern, i ofereix cursos de llenguatge musical i instrument per adults. Al llarg del curs es fan activitats variades com la Festa dels Instrumentistes, Setmana Cultural, concerts i audicions p\u00fabliques. Des del nostre centre promovem la participaci\u00f3 amb l&#8217;entorn local tocant en esdeveniments del poble o rodalies. El nostre lema \u00e9s &#8220;Aprendre m\u00fasica fent m\u00fasica!&#8221;<\/p>\n","protected":false},"excerpt":{"rendered":"<p>Centre d&#8217;ensenyaments musicals de nivell elemental, autoritzat acad\u00e8micament pel Departament d&#8217;Educaci\u00f3 de la Generalitat de Catalunya des de l&#8217;any 1993 per a impartir especialitats instrumentals diverses. S&#8217;imparteixen cursos de sensibilitzaci\u00f3 i estimulaci\u00f3 per a nadons, sensibilitaci\u00f3 per a nens i nenes de 3 i 4&hellip;  <a href=\"https:\/\/agora.xtec.cat\/esc-musica-parets\/lescola\/\" title=\"Read L&#8217;Escola Municipal de M\u00fasica\">Llegeix m\u00e9s\u00bb<\/a><\/p>\n","protected":false},"author":1,"featured_media":0,"parent":0,"menu_order":0,"comment_status":"closed","ping_status":"closed","template":"page-templates\/side-menu.php","meta":{"_bbp_topic_count":0,"_bbp_reply_count":0,"_bbp_total_topic_count":0,"_bbp_total_reply_count":0,"_bbp_voice_count":0,"_bbp_anonymous_reply_count":0,"_bbp_topic_count_hidden":0,"_bbp_reply_count_hidden":0,"_bbp_forum_subforum_count":0,"footnotes":""},"class_list":["post-19","page","type-page","status-publish","hentry"],"post_mailing_queue_ids":[],"_links":{"self":[{"href":"https:\/\/agora.xtec.cat\/esc-musica-parets\/wp-json\/wp\/v2\/pages\/19","targetHints":{"allow":["GET"]}}],"collection":[{"href":"https:\/\/agora.xtec.cat\/esc-musica-parets\/wp-json\/wp\/v2\/pages"}],"about":[{"href":"https:\/\/agora.xtec.cat\/esc-musica-parets\/wp-json\/wp\/v2\/types\/page"}],"author":[{"embeddable":true,"href":"https:\/\/agora.xtec.cat\/esc-musica-parets\/wp-json\/wp\/v2\/users\/1"}],"replies":[{"embeddable":true,"href":"https:\/\/agora.xtec.cat\/esc-musica-parets\/wp-json\/wp\/v2\/comments?post=19"}],"version-history":[{"count":3,"href":"https:\/\/agora.xtec.cat\/esc-musica-parets\/wp-json\/wp\/v2\/pages\/19\/revisions"}],"predecessor-version":[{"id":2624,"href":"https:\/\/agora.xtec.cat\/esc-musica-parets\/wp-json\/wp\/v2\/pages\/19\/revisions\/2624"}],"wp:attachment":[{"href":"https:\/\/agora.xtec.cat\/esc-musica-parets\/wp-json\/wp\/v2\/media?parent=19"}],"curies":[{"name":"wp","href":"https:\/\/api.w.org\/{rel}","templated":true}]}}