{"id":586,"date":"2019-10-18T10:37:54","date_gmt":"2019-10-18T08:37:54","guid":{"rendered":"https:\/\/agora.xtec.cat\/esc-muntanyadeldrac\/?page_id=586"},"modified":"2026-03-25T14:01:55","modified_gmt":"2026-03-25T13:01:55","slug":"radio-muntanya-del-drac","status":"publish","type":"page","link":"https:\/\/agora.xtec.cat\/esc-muntanyadeldrac\/curs-20-21\/radio-muntanya-del-drac\/","title":{"rendered":"INFODRAC: R\u00e0dio Muntanya del Drac"},"content":{"rendered":"\n<p class=\"has-ast-global-color-1-color has-pale-pink-background-color has-text-color has-background has-link-color wp-elements-d75a1d6a1e20a8c41d11557b56f93c61\"><strong>PROGRAMACI\u00d3 CURS 25-26 CICLE INICIAL <\/strong><\/p>\n\n\n\n<figure class=\"wp-block-audio\"><audio controls src=\"https:\/\/agora.xtec.cat\/esc-muntanyadeldrac\/wp-content\/uploads\/usu1241\/2026\/03\/NADALCI.mp3\"><\/audio><\/figure>\n\n\n\n<figure class=\"wp-block-audio\"><audio controls src=\"https:\/\/agora.xtec.cat\/esc-muntanyadeldrac\/wp-content\/uploads\/usu1241\/2026\/03\/FEBRER19CI.mp3\"><\/audio><\/figure>\n\n\n\n<figure class=\"wp-block-audio\"><audio controls src=\"https:\/\/agora.xtec.cat\/esc-muntanyadeldrac\/wp-content\/uploads\/usu1241\/2026\/03\/GENER29CI.mp3\"><\/audio><\/figure>\n\n\n\n<figure class=\"wp-block-audio\"><audio controls src=\"https:\/\/agora.xtec.cat\/esc-muntanyadeldrac\/wp-content\/uploads\/usu1241\/2026\/03\/MARC12CI.mp3\"><\/audio><\/figure>\n\n\n\n<p class=\"has-ast-global-color-0-color has-ast-global-color-1-background-color has-text-color has-background has-link-color wp-elements-1256eb7f45b76e31a31eb98891788305\"><strong>PROGRAMACI\u00d3 CURS 25-26 CICLE CICLE MITJA<\/strong><\/p>\n\n\n\n<figure class=\"wp-block-audio\"><audio controls src=\"https:\/\/agora.xtec.cat\/esc-muntanyadeldrac\/wp-content\/uploads\/usu1241\/2026\/03\/GENER3CM.mp3\"><\/audio><\/figure>\n\n\n\n<figure class=\"wp-block-audio\"><audio controls src=\"https:\/\/agora.xtec.cat\/esc-muntanyadeldrac\/wp-content\/uploads\/usu1241\/2026\/03\/CMnenessiseMARC25-1.mp3\"><\/audio><\/figure>\n\n\n\n<figure class=\"wp-block-audio\"><audio controls src=\"https:\/\/agora.xtec.cat\/esc-muntanyadeldrac\/wp-content\/uploads\/usu1241\/2026\/03\/DESEMBRENADALCI-CM.mp3\"><\/audio><\/figure>\n\n\n\n<figure class=\"wp-block-audio\"><audio controls src=\"https:\/\/agora.xtec.cat\/esc-muntanyadeldrac\/wp-content\/uploads\/usu1241\/2025\/10\/cmitja22octok.mp3\"><\/audio><\/figure>\n\n\n\n<p class=\"has-luminous-vivid-amber-background-color has-background\"><strong>PROGRAMACI\u00d3 CURS 25-26 CICLE SUPERIOR<\/strong><\/p>\n\n\n\n<figure class=\"wp-block-audio\"><audio controls src=\"https:\/\/agora.xtec.cat\/esc-muntanyadeldrac\/wp-content\/uploads\/usu1241\/2025\/10\/radiooctcs.mp3\"><\/audio><\/figure>\n\n\n\n<figure class=\"wp-block-audio\"><audio controls src=\"https:\/\/agora.xtec.cat\/esc-muntanyadeldrac\/wp-content\/uploads\/usu1241\/2026\/03\/CSmarc24.mp3\"><\/audio><\/figure>\n\n\n\n<figure class=\"wp-block-audio\"><audio controls src=\"https:\/\/agora.xtec.cat\/esc-muntanyadeldrac\/wp-content\/uploads\/usu1241\/2026\/03\/CSGENER.mp3\"><\/audio><\/figure>\n\n\n\n<figure class=\"wp-block-audio\"><audio controls src=\"https:\/\/agora.xtec.cat\/esc-muntanyadeldrac\/wp-content\/uploads\/usu1241\/2026\/03\/CSFEBRER24.mp3\"><\/audio><\/figure>\n\n\n\n<p><\/p>\n\n\n\n<p><span style=\"background-color: #ff9900; font-size: 20px;\">PROGRAMACI\u00d3 CURS 24-25 CICLE INICIAL<\/span><\/p>\n\n\n\n<figure class=\"wp-block-audio\"><audio controls src=\"https:\/\/agora.xtec.cat\/esc-muntanyadeldrac\/wp-content\/uploads\/usu1241\/2024\/11\/CI-PROGRAMA-1-1.mp3\"><\/audio><\/figure>\n\n\n\n<figure class=\"wp-block-audio\"><audio controls src=\"https:\/\/agora.xtec.cat\/esc-muntanyadeldrac\/wp-content\/uploads\/usu1241\/2025\/04\/CI-PROGRAMA-2mp3.mp3\"><\/audio><\/figure>\n\n\n\n<figure class=\"wp-block-audio\"><audio controls src=\"https:\/\/agora.xtec.cat\/esc-muntanyadeldrac\/wp-content\/uploads\/usu1241\/2025\/06\/CI-programa-3.mp3\"><\/audio><\/figure>\n\n\n\n<p><span style=\"background-color: #00ff00; font-size: 20px;\">PROGRAMACI\u00d3 CURS 24-25 CICLE MITJA<\/span><\/p>\n\n\n\n<div class=\"mejs-time mejs-currenttime-container\" role=\"timer\" aria-live=\"off\">\n<p>\u00a0<\/p>\n<\/div>\n\n\n\n<figure class=\"wp-block-audio\"><audio controls src=\"https:\/\/agora.xtec.cat\/esc-muntanyadeldrac\/wp-content\/uploads\/usu1241\/2024\/11\/CM1.mp3\" preload=\"auto\"><\/audio><\/figure>\n\n\n\n<figure class=\"wp-block-audio\"><audio controls src=\"https:\/\/agora.xtec.cat\/esc-muntanyadeldrac\/wp-content\/uploads\/usu1241\/2024\/11\/CM3.mp3\" preload=\"auto\"><\/audio><\/figure>\n\n\n\n\n\n<figure class=\"wp-block-audio\"><audio controls src=\"https:\/\/agora.xtec.cat\/esc-muntanyadeldrac\/wp-content\/uploads\/usu1241\/2024\/11\/CM2.mp3\" preload=\"auto\"><\/audio><\/figure>\n\n\n\n<figure class=\"wp-block-audio\"><audio controls src=\"https:\/\/agora.xtec.cat\/esc-muntanyadeldrac\/wp-content\/uploads\/usu1241\/2025\/01\/CM4.mp3\" preload=\"auto\"><\/audio><\/figure>\n\n\n\n<figure class=\"wp-block-audio\"><audio controls src=\"https:\/\/agora.xtec.cat\/esc-muntanyadeldrac\/wp-content\/uploads\/usu1241\/2025\/03\/CM51.mp3\"><\/audio><\/figure>\n\n\n\n<figure class=\"wp-block-audio\"><audio controls src=\"https:\/\/agora.xtec.cat\/esc-muntanyadeldrac\/wp-content\/uploads\/usu1241\/2025\/04\/CM6.mp3\"><\/audio><\/figure>\n\n\n\n<figure class=\"wp-block-audio\"><audio controls src=\"https:\/\/agora.xtec.cat\/esc-muntanyadeldrac\/wp-content\/uploads\/usu1241\/2025\/06\/CM7.mp3\"><\/audio><\/figure>\n\n\n\n<figure class=\"wp-block-audio\"><audio controls src=\"https:\/\/agora.xtec.cat\/esc-muntanyadeldrac\/wp-content\/uploads\/usu1241\/2025\/06\/CM8.mp3\"><\/audio><\/figure>\n\n\n\n<p><span style=\"background-color: #ff00ff; font-size: 20px;\">PROGRAMACI\u00d3 CURS 24-25 CICLE SUPERIOR<\/span><\/p>\n\n\n\n<figure class=\"wp-block-audio\"><audio controls src=\"https:\/\/agora.xtec.cat\/esc-muntanyadeldrac\/wp-content\/uploads\/usu1241\/2024\/11\/RADIO-2-CS-1.mp3\" preload=\"auto\"><\/audio><\/figure>\n\n\n\n<figure class=\"wp-block-audio\"><audio controls src=\"https:\/\/agora.xtec.cat\/esc-muntanyadeldrac\/wp-content\/uploads\/usu1241\/2025\/02\/RADIO-3-CS-1.mp3\"><\/audio><\/figure>\n\n\n\n<figure class=\"wp-block-audio\"><audio controls src=\"https:\/\/agora.xtec.cat\/esc-muntanyadeldrac\/wp-content\/uploads\/usu1241\/2024\/11\/RADIO-1-CS-1.mp3\" preload=\"auto\"><\/audio><\/figure>\n\n\n\n<figure class=\"wp-block-audio\"><audio controls src=\"https:\/\/agora.xtec.cat\/esc-muntanyadeldrac\/wp-content\/uploads\/usu1241\/2025\/04\/RADIO-5-CS.mp3\"><\/audio><\/figure>\n\n\n\n<figure class=\"wp-block-audio\"><audio controls src=\"https:\/\/agora.xtec.cat\/esc-muntanyadeldrac\/wp-content\/uploads\/usu1241\/2025\/04\/RADIO-6-CS-1.mp3\"><\/audio><\/figure>\n\n\n\n<figure class=\"wp-block-audio\"><audio controls src=\"https:\/\/agora.xtec.cat\/esc-muntanyadeldrac\/wp-content\/uploads\/usu1241\/2025\/03\/RADIO-4-CS.mp3\"><\/audio><\/figure>\n\n\n\n<figure class=\"wp-block-audio\"><audio controls src=\"https:\/\/agora.xtec.cat\/esc-muntanyadeldrac\/wp-content\/uploads\/usu1241\/2025\/06\/RADIO-7-CS.mp3\"><\/audio><\/figure>\n\n\n\n<figure class=\"wp-block-audio\"><audio controls src=\"https:\/\/agora.xtec.cat\/esc-muntanyadeldrac\/wp-content\/uploads\/usu1241\/2025\/06\/RADIO-8-CS.mp3\"><\/audio><\/figure>\n","protected":false},"excerpt":{"rendered":"<p>PROGRAMACI\u00d3 CURS 25-26 CICLE INICIAL PROGRAMACI\u00d3 CURS 25-26 CICLE CICLE MITJA PROGRAMACI\u00d3 CURS 25-26 CICLE SUPERIOR PROGRAMACI\u00d3 CURS 24-25 CICLE INICIAL PROGRAMACI\u00d3 CURS 24-25 CICLE MITJA \u00a0 PROGRAMACI\u00d3 CURS 24-25 CICLE SUPERIOR<\/p>\n","protected":false},"author":1,"featured_media":4296,"parent":1340,"menu_order":4,"comment_status":"closed","ping_status":"closed","template":"","meta":{"_bbp_topic_count":0,"_bbp_reply_count":0,"_bbp_total_topic_count":0,"_bbp_total_reply_count":0,"_bbp_voice_count":0,"_bbp_anonymous_reply_count":0,"_bbp_topic_count_hidden":0,"_bbp_reply_count_hidden":0,"_bbp_forum_subforum_count":0,"site-sidebar-layout":"default","site-content-layout":"","ast-site-content-layout":"default","site-content-style":"default","site-sidebar-style":"default","ast-global-header-display":"","ast-banner-title-visibility":"","ast-main-header-display":"","ast-hfb-above-header-display":"","ast-hfb-below-header-display":"","ast-hfb-mobile-header-display":"","site-post-title":"","ast-breadcrumbs-content":"","ast-featured-img":"","footer-sml-layout":"","theme-transparent-header-meta":"","adv-header-id-meta":"","stick-header-meta":"","header-above-stick-meta":"","header-main-stick-meta":"","header-below-stick-meta":"","astra-migrate-meta-layouts":"set","ast-page-background-enabled":"default","ast-page-background-meta":{"desktop":{"background-color":"var(--ast-global-color-4)","background-image":"","background-repeat":"repeat","background-position":"center center","background-size":"auto","background-attachment":"scroll","background-type":"","background-media":"","overlay-type":"","overlay-color":"","overlay-opacity":"","overlay-gradient":""},"tablet":{"background-color":"","background-image":"","background-repeat":"repeat","background-position":"center center","background-size":"auto","background-attachment":"scroll","background-type":"","background-media":"","overlay-type":"","overlay-color":"","overlay-opacity":"","overlay-gradient":""},"mobile":{"background-color":"","background-image":"","background-repeat":"repeat","background-position":"center center","background-size":"auto","background-attachment":"scroll","background-type":"","background-media":"","overlay-type":"","overlay-color":"","overlay-opacity":"","overlay-gradient":""}},"ast-content-background-meta":{"desktop":{"background-color":"var(--ast-global-color-5)","background-image":"","background-repeat":"repeat","background-position":"center center","background-size":"auto","background-attachment":"scroll","background-type":"","background-media":"","overlay-type":"","overlay-color":"","overlay-opacity":"","overlay-gradient":""},"tablet":{"background-color":"var(--ast-global-color-5)","background-image":"","background-repeat":"repeat","background-position":"center center","background-size":"auto","background-attachment":"scroll","background-type":"","background-media":"","overlay-type":"","overlay-color":"","overlay-opacity":"","overlay-gradient":""},"mobile":{"background-color":"var(--ast-global-color-5)","background-image":"","background-repeat":"repeat","background-position":"center center","background-size":"auto","background-attachment":"scroll","background-type":"","background-media":"","overlay-type":"","overlay-color":"","overlay-opacity":"","overlay-gradient":""}},"footnotes":""},"class_list":["post-586","page","type-page","status-publish","has-post-thumbnail","hentry"],"post_mailing_queue_ids":[],"_links":{"self":[{"href":"https:\/\/agora.xtec.cat\/esc-muntanyadeldrac\/wp-json\/wp\/v2\/pages\/586","targetHints":{"allow":["GET"]}}],"collection":[{"href":"https:\/\/agora.xtec.cat\/esc-muntanyadeldrac\/wp-json\/wp\/v2\/pages"}],"about":[{"href":"https:\/\/agora.xtec.cat\/esc-muntanyadeldrac\/wp-json\/wp\/v2\/types\/page"}],"author":[{"embeddable":true,"href":"https:\/\/agora.xtec.cat\/esc-muntanyadeldrac\/wp-json\/wp\/v2\/users\/1"}],"replies":[{"embeddable":true,"href":"https:\/\/agora.xtec.cat\/esc-muntanyadeldrac\/wp-json\/wp\/v2\/comments?post=586"}],"version-history":[{"count":6,"href":"https:\/\/agora.xtec.cat\/esc-muntanyadeldrac\/wp-json\/wp\/v2\/pages\/586\/revisions"}],"predecessor-version":[{"id":4740,"href":"https:\/\/agora.xtec.cat\/esc-muntanyadeldrac\/wp-json\/wp\/v2\/pages\/586\/revisions\/4740"}],"up":[{"embeddable":true,"href":"https:\/\/agora.xtec.cat\/esc-muntanyadeldrac\/wp-json\/wp\/v2\/pages\/1340"}],"wp:featuredmedia":[{"embeddable":true,"href":"https:\/\/agora.xtec.cat\/esc-muntanyadeldrac\/wp-json\/wp\/v2\/media\/4296"}],"wp:attachment":[{"href":"https:\/\/agora.xtec.cat\/esc-muntanyadeldrac\/wp-json\/wp\/v2\/media?parent=586"}],"curies":[{"name":"wp","href":"https:\/\/api.w.org\/{rel}","templated":true}]}}