{"id":572,"date":"2019-09-17T12:58:18","date_gmt":"2019-09-17T10:58:18","guid":{"rendered":"https:\/\/agora.xtec.cat\/esc-muntanyadeldrac\/?page_id=572"},"modified":"2025-09-15T16:55:35","modified_gmt":"2025-09-15T14:55:35","slug":"claustre-muntanya-del-drac","status":"publish","type":"page","link":"https:\/\/agora.xtec.cat\/esc-muntanyadeldrac\/escola\/claustre-muntanya-del-drac\/","title":{"rendered":"Equip hum\u00e0"},"content":{"rendered":"<table style=\"height: 965px; width: 96.3734%;\" width=\"96.3734%\">\n<tbody>\n<tr style=\"height: 50px;\">\n<td style=\"width: 99.398%; height: 56px;\" colspan=\"2\"><span style=\"color: #cc99ff; font-size: 20px;\"><strong>PROFESSORAT<\/strong><\/span><\/td>\n<\/tr>\n<tr style=\"height: 34px;\">\n<td style=\"width: 36.7193%; height: 44px;\"><span style=\"color: #cc99ff;\">Helena P<\/span><\/td>\n<td style=\"width: 62.6787%; height: 44px;\"><span style=\"color: #cc99ff;\"><strong>Tutora d&#8217; I3\u00a0<\/strong><\/span><\/td>\n<\/tr>\n<tr style=\"height: 34px;\">\n<td style=\"width: 36.7193%; height: 41px;\"><span style=\"color: #cc99ff;\">Maria S<\/span><\/td>\n<td style=\"width: 62.6787%; height: 41px;\"><span style=\"color: #cc99ff;\"><strong>Tutora d&#8217; I4<\/strong><\/span><\/td>\n<\/tr>\n<tr style=\"height: 33px;\">\n<td style=\"width: 36.7193%; height: 48px;\"><span style=\"color: #cc99ff;\">Tania S<\/span><\/td>\n<td style=\"width: 62.6787%; height: 48px;\"><span style=\"color: #cc99ff;\"><strong>Tutora d&#8217; I5<\/strong><\/span><\/td>\n<\/tr>\n<tr style=\"height: 33px;\">\n<td style=\"width: 36.7193%; height: 52px;\"><span style=\"color: #cc99ff;\">Cristina P<\/span><\/td>\n<td style=\"width: 62.6787%; height: 52px;\"><span style=\"color: #cc99ff;\"><strong>Tutora de P1<\/strong><\/span><\/td>\n<\/tr>\n<tr style=\"height: 51px;\">\n<td style=\"width: 36.7193%; height: 42px;\"><span style=\"color: #cc99ff;\">Jordi C<\/span><\/td>\n<td style=\"width: 62.6787%; height: 42px;\"><span style=\"color: #cc99ff;\"><strong>Tutor de P2<\/strong><\/span><\/td>\n<\/tr>\n<tr style=\"height: 44px;\">\n<td style=\"width: 36.7193%; height: 44px;\"><span style=\"color: #cc99ff;\">N\u00eddia F<\/span><\/td>\n<td style=\"width: 62.6787%; height: 44px;\"><span style=\"color: #cc99ff;\"><strong>Tutora de P3<\/strong><\/span><\/td>\n<\/tr>\n<tr style=\"height: 51px;\">\n<td style=\"width: 36.7193%; height: 44px;\"><span style=\"color: #cc99ff;\">Laura M<\/span><\/td>\n<td style=\"width: 62.6787%; height: 44px;\"><span style=\"color: #cc99ff;\"><strong>Tutora de P4<\/strong><\/span><\/td>\n<\/tr>\n<tr style=\"height: 42px;\">\n<td style=\"width: 36.7193%; height: 53px;\"><span style=\"color: #cc99ff;\">Jordi D<\/span><\/td>\n<td style=\"width: 62.6787%; height: 53px;\"><span style=\"color: #cc99ff;\"><strong>Tutor P5<\/strong><\/span><\/td>\n<\/tr>\n<tr style=\"height: 47px;\">\n<td style=\"width: 36.7193%; height: 44px;\"><span style=\"color: #cc99ff;\">Sara F<\/span><\/td>\n<td style=\"width: 62.6787%; height: 44px;\"><span style=\"color: #cc99ff;\"><strong>Tutora de P6<\/strong><\/span><\/td>\n<\/tr>\n<tr style=\"height: 42px;\">\n<td style=\"width: 36.7193%; height: 50px;\"><span style=\"color: #cc99ff;\">Sheila G, Arantxa F i Cristina C<\/span><\/td>\n<td style=\"width: 62.6787%; height: 50px;\"><span style=\"color: #cc99ff;\"><strong>Refor\u00e7 d&#8217;Educaci\u00f3 Infantil<\/strong><\/span><\/td>\n<\/tr>\n<tr style=\"height: 39px;\">\n<td style=\"width: 36.7193%; height: 10px;\"><\/td>\n<td style=\"width: 62.6787%; height: 10px;\"><\/td>\n<\/tr>\n<tr style=\"height: 51px;\">\n<td style=\"width: 36.7193%; height: 49px;\"><span style=\"color: #cc99ff;\">Merche C, Carol C i Eva S<\/span><\/td>\n<td style=\"width: 62.6787%; height: 49px; text-align: justify;\"><span style=\"color: #cc99ff;\"><strong>Refor\u00e7 Cicle Inicial<\/strong><\/span><\/td>\n<\/tr>\n<tr style=\"height: 51px;\">\n<td style=\"width: 36.7193%; height: 47px;\"><span style=\"color: #cc99ff;\">Alba G<\/span><\/td>\n<td style=\"width: 62.6787%; height: 47px;\"><span style=\"color: #cc99ff;\"><strong>Refor\u00e7 Cicle Mitj\u00e0<\/strong><\/span><\/td>\n<\/tr>\n<tr style=\"height: 33px;\">\n<td style=\"width: 36.7193%; height: 48px;\"><span style=\"color: #cc99ff;\">Alba G<\/span><\/td>\n<td style=\"width: 62.6787%; height: 48px;\"><span style=\"color: #cc99ff;\"><strong>Refor\u00e7 Superior<\/strong><\/span><\/td>\n<\/tr>\n<tr style=\"height: 32px;\">\n<td style=\"height: 51px; width: 36.7193%;\"><span style=\"color: #cc99ff;\">Gabriel R<\/span><\/td>\n<td style=\"height: 51px; width: 62.6787%;\"><span style=\"color: #cc99ff;\"><strong>Especialista d&#8217;Educaci\u00f3 F\u00edsica<\/strong><\/span><\/td>\n<\/tr>\n<tr style=\"height: 33px;\">\n<td style=\"width: 36.7193%; height: 49px;\"><span style=\"color: #cc99ff;\">Anna Sol\u00e9<\/span><\/td>\n<td style=\"width: 62.6787%; height: 49px;\"><span style=\"color: #cc99ff;\"><strong>Especialista d&#8217;Angl\u00e8s<\/strong><\/span><\/td>\n<\/tr>\n<tr style=\"height: 33px;\">\n<td style=\"width: 36.7193%; height: 49px;\"><span style=\"color: #cc99ff;\">Goretti R<\/span><\/td>\n<td style=\"width: 62.6787%; height: 49px;\"><span style=\"color: #cc99ff;\"><strong>Especialista de M\u00fasica<\/strong><\/span><\/td>\n<\/tr>\n<tr style=\"height: 33px;\">\n<td style=\"width: 36.7193%; height: 47px;\"><span style=\"color: #cc99ff;\">Anna V i Laura S<\/span><\/td>\n<td style=\"width: 62.6787%; height: 47px;\"><span style=\"color: #cc99ff;\"><strong>SIEI<\/strong><\/span><\/td>\n<\/tr>\n<tr style=\"height: 33px;\">\n<td style=\"width: 36.7193%; height: 46px;\"><span style=\"color: #cc99ff;\">Montse Oller<\/span><\/td>\n<td style=\"width: 62.6787%; height: 46px;\"><span style=\"color: #cc99ff;\"><strong>Educaci\u00f3 Especial<\/strong><\/span><\/td>\n<\/tr>\n<tr style=\"height: 33px;\">\n<td style=\"width: 36.7193%; height: 51px;\"><span style=\"color: #cc99ff;\">Laura G<\/span><\/td>\n<td style=\"width: 62.6787%; height: 51px;\"><span style=\"color: #cc99ff;\"><strong>Integradora social<\/strong><\/span><\/td>\n<\/tr>\n<\/tbody>\n<\/table>\n<p><span style=\"color: #99ccff;\"><!--more--><\/span><\/p>\n<table style=\"height: 82px; width: 50.8036%;\">\n<tbody>\n<tr style=\"height: 31px;\">\n<td style=\"height: 31px; width: 98.8588%; text-align: left;\" colspan=\"2\"><span style=\"color: #cc99ff; font-size: 20px;\"><strong>C\u00c0RRECS DIRECTIUS<\/strong><\/span><\/td>\n<\/tr>\n<tr style=\"height: 31px;\">\n<td style=\"height: 31px; width: 33.9515%; text-align: left;\"><span style=\"color: #cc99ff;\">Eva S<\/span><\/td>\n<td style=\"height: 31px; width: 64.9073%; text-align: left;\"><span style=\"color: #cc99ff;\"><strong>Directora<\/strong><\/span><\/td>\n<\/tr>\n<tr style=\"height: 31px;\">\n<td style=\"height: 10px; width: 33.9515%; text-align: left;\"><span style=\"color: #cc99ff;\">Sara F<\/span><\/td>\n<td style=\"height: 10px; width: 64.9073%; text-align: left;\"><span style=\"color: #cc99ff;\"><strong>Cap d\u2019estudis<\/strong><\/span><\/td>\n<\/tr>\n<tr style=\"height: 31px;\">\n<td style=\"height: 10px; width: 33.9515%; text-align: left;\"><span style=\"color: #cc99ff;\">Sheila G<\/span><\/td>\n<td style=\"height: 10px; width: 64.9073%; text-align: left;\"><span style=\"color: #cc99ff;\"><strong>Secret\u00e0ria<\/strong><\/span><\/td>\n<\/tr>\n<\/tbody>\n<\/table>\n","protected":false},"excerpt":{"rendered":"<p>PROFESSORAT Helena P Tutora d&#8217; I3\u00a0 Maria S Tutora d&#8217; I4 Tania S Tutora d&#8217; I5 Cristina P Tutora de P1 Jordi C Tutor de P2 N\u00eddia F Tutora de P3 Laura M Tutora de P4 Jordi D Tutor P5 Sara F Tutora de P6 Sheila G, Arantxa F i Cristina C Refor\u00e7 d&#8217;Educaci\u00f3 Infantil [&hellip;]<\/p>\n","protected":false},"author":1,"featured_media":0,"parent":22,"menu_order":0,"comment_status":"closed","ping_status":"closed","template":"","meta":{"_bbp_topic_count":0,"_bbp_reply_count":0,"_bbp_total_topic_count":0,"_bbp_total_reply_count":0,"_bbp_voice_count":0,"_bbp_anonymous_reply_count":0,"_bbp_topic_count_hidden":0,"_bbp_reply_count_hidden":0,"_bbp_forum_subforum_count":0,"site-sidebar-layout":"default","site-content-layout":"","ast-site-content-layout":"default","site-content-style":"default","site-sidebar-style":"default","ast-global-header-display":"","ast-banner-title-visibility":"","ast-main-header-display":"","ast-hfb-above-header-display":"","ast-hfb-below-header-display":"","ast-hfb-mobile-header-display":"","site-post-title":"","ast-breadcrumbs-content":"","ast-featured-img":"","footer-sml-layout":"","theme-transparent-header-meta":"","adv-header-id-meta":"","stick-header-meta":"","header-above-stick-meta":"","header-main-stick-meta":"","header-below-stick-meta":"","astra-migrate-meta-layouts":"set","ast-page-background-enabled":"default","ast-page-background-meta":{"desktop":{"background-color":"var(--ast-global-color-4)","background-image":"","background-repeat":"repeat","background-position":"center center","background-size":"auto","background-attachment":"scroll","background-type":"","background-media":"","overlay-type":"","overlay-color":"","overlay-opacity":"","overlay-gradient":""},"tablet":{"background-color":"","background-image":"","background-repeat":"repeat","background-position":"center center","background-size":"auto","background-attachment":"scroll","background-type":"","background-media":"","overlay-type":"","overlay-color":"","overlay-opacity":"","overlay-gradient":""},"mobile":{"background-color":"","background-image":"","background-repeat":"repeat","background-position":"center center","background-size":"auto","background-attachment":"scroll","background-type":"","background-media":"","overlay-type":"","overlay-color":"","overlay-opacity":"","overlay-gradient":""}},"ast-content-background-meta":{"desktop":{"background-color":"var(--ast-global-color-5)","background-image":"","background-repeat":"repeat","background-position":"center center","background-size":"auto","background-attachment":"scroll","background-type":"","background-media":"","overlay-type":"","overlay-color":"","overlay-opacity":"","overlay-gradient":""},"tablet":{"background-color":"var(--ast-global-color-5)","background-image":"","background-repeat":"repeat","background-position":"center center","background-size":"auto","background-attachment":"scroll","background-type":"","background-media":"","overlay-type":"","overlay-color":"","overlay-opacity":"","overlay-gradient":""},"mobile":{"background-color":"var(--ast-global-color-5)","background-image":"","background-repeat":"repeat","background-position":"center center","background-size":"auto","background-attachment":"scroll","background-type":"","background-media":"","overlay-type":"","overlay-color":"","overlay-opacity":"","overlay-gradient":""}},"footnotes":""},"class_list":["post-572","page","type-page","status-publish","hentry"],"post_mailing_queue_ids":[],"_links":{"self":[{"href":"https:\/\/agora.xtec.cat\/esc-muntanyadeldrac\/wp-json\/wp\/v2\/pages\/572","targetHints":{"allow":["GET"]}}],"collection":[{"href":"https:\/\/agora.xtec.cat\/esc-muntanyadeldrac\/wp-json\/wp\/v2\/pages"}],"about":[{"href":"https:\/\/agora.xtec.cat\/esc-muntanyadeldrac\/wp-json\/wp\/v2\/types\/page"}],"author":[{"embeddable":true,"href":"https:\/\/agora.xtec.cat\/esc-muntanyadeldrac\/wp-json\/wp\/v2\/users\/1"}],"replies":[{"embeddable":true,"href":"https:\/\/agora.xtec.cat\/esc-muntanyadeldrac\/wp-json\/wp\/v2\/comments?post=572"}],"version-history":[{"count":5,"href":"https:\/\/agora.xtec.cat\/esc-muntanyadeldrac\/wp-json\/wp\/v2\/pages\/572\/revisions"}],"predecessor-version":[{"id":4566,"href":"https:\/\/agora.xtec.cat\/esc-muntanyadeldrac\/wp-json\/wp\/v2\/pages\/572\/revisions\/4566"}],"up":[{"embeddable":true,"href":"https:\/\/agora.xtec.cat\/esc-muntanyadeldrac\/wp-json\/wp\/v2\/pages\/22"}],"wp:attachment":[{"href":"https:\/\/agora.xtec.cat\/esc-muntanyadeldrac\/wp-json\/wp\/v2\/media?parent=572"}],"curies":[{"name":"wp","href":"https:\/\/api.w.org\/{rel}","templated":true}]}}