{"id":22,"date":"2014-09-18T12:19:57","date_gmt":"2014-09-18T11:19:57","guid":{"rendered":"http:\/\/agora.xtec.cat\/esc-muntanyadeldrac\/?page_id=22"},"modified":"2022-06-03T12:53:50","modified_gmt":"2022-06-03T10:53:50","slug":"escola","status":"publish","type":"page","link":"https:\/\/agora.xtec.cat\/esc-muntanyadeldrac\/escola\/","title":{"rendered":"MUNTANYA DEL DRAC"},"content":{"rendered":"<h2>Una educaci\u00f3 a l&#8217;altura del cor<\/h2>\n<p>L&#8217;Escola Muntanya del Drac \u00e9s un centre p\u00fablic situat a Manresa al barri del Xup d&#8217;una sola l\u00ednia. La nostra missi\u00f3 \u00e9s contribuir al desenvolupament i construcci\u00f3 de la societat, cuidant de l&#8217;educaci\u00f3 i preparaci\u00f3 de l&#8217;actiu m\u00e9s valu\u00f3s pel futur d&#8217;un poble: els seus infants i adolescents, creant i fent possible un \u00e0mbit d&#8217;intercanvi de coneixements, col\u00b7laboraci\u00f3 i conviv\u00e8ncia entre pares, educadors i institucions al servei de la societat.<\/p>\n<p>L&#8217;escola Muntanya del Drac \u00e9s una escola viva, oberta a la relaci\u00f3 amb la cultura i la innovaci\u00f3. No ens conformem amb el que ja sabem. Tot est\u00e0 al servei de la millora educativa, \u00e9s a dir, del creixement de cada alumne en el descobriment del m\u00f3n. Per aix\u00f2, som una escola arrelada al territori, que treballa amb l&#8217;alumne i amb l&#8217;entorn familiar, i que fa xarxa (comunitat d&#8217;aprenentatge). Acompanyant cada alumne en les seves necessitats, construint un verdader espai d&#8217;equitat i d&#8217;inclusi\u00f3, on cadasc\u00fa troba el seu lloc.<\/p>\n<p>Volem una escola per a tots i tothom, on les activitats s\u2019adeq\u00fcen a la diversitat que ens\u00a0envolta.<\/p>\n<p>Treballem en grups interactius a les \u00e0rees instrumentals amb diferents voluntaris que\u00a0col\u00b7laboren a l\u2019aula.<\/p>\n<p>Ens organitzem en comissions mixtes de familiars i mestres per dur a terme les diferents\u00a0activitats del centre i prendre decisions.<\/p>\n<p>&nbsp;<\/p>\n<h4><span style=\"color: #ff0000;\"><a style=\"color: #ff0000;\" href=\"https:\/\/agora.xtec.cat\/esc-muntanyadeldrac\/\">PANTALLA PRINICIPAL<\/a><\/span><\/h4>\n","protected":false},"excerpt":{"rendered":"<p>Una educaci\u00f3 a l&#8217;altura del cor L&#8217;Escola Muntanya del Drac \u00e9s un centre p\u00fablic situat a Manresa al barri del Xup d&#8217;una sola l\u00ednia. La nostra missi\u00f3 \u00e9s contribuir al desenvolupament i construcci\u00f3 de la societat, cuidant de l&#8217;educaci\u00f3 i preparaci\u00f3 de l&#8217;actiu m\u00e9s valu\u00f3s pel futur d&#8217;un poble: els seus infants i adolescents, creant [&hellip;]<\/p>\n","protected":false},"author":1,"featured_media":0,"parent":0,"menu_order":0,"comment_status":"closed","ping_status":"closed","template":"","meta":{"_bbp_topic_count":0,"_bbp_reply_count":0,"_bbp_total_topic_count":0,"_bbp_total_reply_count":0,"_bbp_voice_count":0,"_bbp_anonymous_reply_count":0,"_bbp_topic_count_hidden":0,"_bbp_reply_count_hidden":0,"_bbp_forum_subforum_count":0,"site-sidebar-layout":"default","site-content-layout":"","ast-site-content-layout":"","site-content-style":"default","site-sidebar-style":"default","ast-global-header-display":"","ast-banner-title-visibility":"","ast-main-header-display":"","ast-hfb-above-header-display":"","ast-hfb-below-header-display":"","ast-hfb-mobile-header-display":"","site-post-title":"","ast-breadcrumbs-content":"","ast-featured-img":"","footer-sml-layout":"","theme-transparent-header-meta":"","adv-header-id-meta":"","stick-header-meta":"","header-above-stick-meta":"","header-main-stick-meta":"","header-below-stick-meta":"","astra-migrate-meta-layouts":"default","ast-page-background-enabled":"default","ast-page-background-meta":{"desktop":{"background-color":"var(--ast-global-color-4)","background-image":"","background-repeat":"repeat","background-position":"center center","background-size":"auto","background-attachment":"scroll","background-type":"","background-media":"","overlay-type":"","overlay-color":"","overlay-opacity":"","overlay-gradient":""},"tablet":{"background-color":"","background-image":"","background-repeat":"repeat","background-position":"center center","background-size":"auto","background-attachment":"scroll","background-type":"","background-media":"","overlay-type":"","overlay-color":"","overlay-opacity":"","overlay-gradient":""},"mobile":{"background-color":"","background-image":"","background-repeat":"repeat","background-position":"center center","background-size":"auto","background-attachment":"scroll","background-type":"","background-media":"","overlay-type":"","overlay-color":"","overlay-opacity":"","overlay-gradient":""}},"ast-content-background-meta":{"desktop":{"background-color":"var(--ast-global-color-5)","background-image":"","background-repeat":"repeat","background-position":"center center","background-size":"auto","background-attachment":"scroll","background-type":"","background-media":"","overlay-type":"","overlay-color":"","overlay-opacity":"","overlay-gradient":""},"tablet":{"background-color":"var(--ast-global-color-5)","background-image":"","background-repeat":"repeat","background-position":"center center","background-size":"auto","background-attachment":"scroll","background-type":"","background-media":"","overlay-type":"","overlay-color":"","overlay-opacity":"","overlay-gradient":""},"mobile":{"background-color":"var(--ast-global-color-5)","background-image":"","background-repeat":"repeat","background-position":"center center","background-size":"auto","background-attachment":"scroll","background-type":"","background-media":"","overlay-type":"","overlay-color":"","overlay-opacity":"","overlay-gradient":""}},"footnotes":""},"class_list":["post-22","page","type-page","status-publish","hentry"],"post_mailing_queue_ids":[],"_links":{"self":[{"href":"https:\/\/agora.xtec.cat\/esc-muntanyadeldrac\/wp-json\/wp\/v2\/pages\/22","targetHints":{"allow":["GET"]}}],"collection":[{"href":"https:\/\/agora.xtec.cat\/esc-muntanyadeldrac\/wp-json\/wp\/v2\/pages"}],"about":[{"href":"https:\/\/agora.xtec.cat\/esc-muntanyadeldrac\/wp-json\/wp\/v2\/types\/page"}],"author":[{"embeddable":true,"href":"https:\/\/agora.xtec.cat\/esc-muntanyadeldrac\/wp-json\/wp\/v2\/users\/1"}],"replies":[{"embeddable":true,"href":"https:\/\/agora.xtec.cat\/esc-muntanyadeldrac\/wp-json\/wp\/v2\/comments?post=22"}],"version-history":[{"count":3,"href":"https:\/\/agora.xtec.cat\/esc-muntanyadeldrac\/wp-json\/wp\/v2\/pages\/22\/revisions"}],"predecessor-version":[{"id":500,"href":"https:\/\/agora.xtec.cat\/esc-muntanyadeldrac\/wp-json\/wp\/v2\/pages\/22\/revisions\/500"}],"wp:attachment":[{"href":"https:\/\/agora.xtec.cat\/esc-muntanyadeldrac\/wp-json\/wp\/v2\/media?parent=22"}],"curies":[{"name":"wp","href":"https:\/\/api.w.org\/{rel}","templated":true}]}}