{"id":1037,"date":"2020-04-08T18:08:00","date_gmt":"2020-04-08T16:08:00","guid":{"rendered":"https:\/\/agora.xtec.cat\/esc-muntanyadeldrac\/?page_id=1037"},"modified":"2020-05-11T11:42:17","modified_gmt":"2020-05-11T09:42:17","slug":"educacio-fisica","status":"publish","type":"page","link":"https:\/\/agora.xtec.cat\/esc-muntanyadeldrac\/nivells\/educacio-fisica\/","title":{"rendered":"Educaci\u00f3 F\u00edsica"},"content":{"rendered":"<p><a href=\"https:\/\/drive.google.com\/file\/d\/11UtYH8TsCXFyOqbechfE29cdKeakFfmn\/view?usp=sharing\" target=\"_blank\" rel=\"noopener noreferrer\">Propostes confinament infantil\u00a0\u00a0\u00a0<\/a><\/p>\n<p><a href=\"https:\/\/drive.google.com\/file\/d\/1o2qm8WW1pXgrcwmfqZZCTmLncwLSReXW\/view?usp=sharing\" target=\"_blank\" rel=\"noopener noreferrer\">Propostes confinament prim\u00e0ria<\/a><\/p>\n<p><a href=\"https:\/\/view.genial.ly\/5e85fbb688cf590db326d353\/game-memori-drac\" target=\"_blank\" rel=\"noopener noreferrer\">Joc de mem\u00f2ria\u00a0 \u00a0\u00a0\u00a0\u00a0\u00a0\u00a0\u00a0\u00a0\u00a0\u00a0\u00a0\u00a0\u00a0\u00a0\u00a0\u00a0\u00a0\u00a0\u00a0\u00a0\u00a0\u00a0\u00a0\u00a0<\/a> \u00a0\u00a0\u00a0\u00a0\u00a0\u00a0\u00a0\u00a0\u00a0\u00a0\u00a0\u00a0\u00a0\u00a0\u00a0\u00a0\u00a0\u00a0\u00a0 \u00a0 \u00a0 \u00a0 \u00a0 \u00a0 \u00a0 \u00a0 \u00a0 \u00a0 \u00a0 \u00a0 \u00a0 \u00a0 \u00a0 \u00a0 \u00a0 \u00a0 \u00a0 \u00a0 \u00a0 \u00a0 \u00a0 \u00a0 \u00a0 \u00a0 \u00a0 \u00a0 \u00a0\u00a0\u00a0\u00a0\u00a0\u00a0\u00a0\u00a0\u00a0\u00a0\u00a0\u00a0\u00a0\u00a0\u00a0\u00a0\u00a0\u00a0\u00a0\u00a0\u00a0\u00a0\u00a0\u00a0\u00a0\u00a0\u00a0\u00a0\u00a0\u00a0\u00a0\u00a0\u00a0\u00a0\u00a0\u00a0\u00a0\u00a0\u00a0 <a href=\"https:\/\/agora.xtec.cat\/esc-muntanyadeldrac\/wp-content\/uploads\/usu1241\/2020\/04\/giphy.gif\"><img loading=\"lazy\" decoding=\"async\" class=\"alignright wp-image-1050 \" src=\"https:\/\/agora.xtec.cat\/esc-muntanyadeldrac\/wp-content\/uploads\/usu1241\/2020\/04\/giphy.gif\" alt=\"\" width=\"447\" height=\"335\" \/><\/a><\/p>\n<p><a href=\"https:\/\/drive.google.com\/file\/d\/10PWkiiJoaoHGhEQYr-leWS-nYauWmHBC\/view?usp=sharing\" target=\"_blank\" rel=\"noopener noreferrer\">L&#8217;oca del confinament<\/a> (Aquest recurs es troba sota llic\u00e8ncia Creative Commons.<\/p>\n<p>Aix\u00f2 implica que es pot compartir sempre i quan es faci refer\u00e8ncia a l\u2019autor. <strong>Gr\u00e0cies Ivan Arasa (Recursos EF))<\/strong><\/p>\n<p><a href=\"https:\/\/www.youtube.com\/watch?v=R7WIS04wW34&amp;list=PLneMMHNCM2saWYwZ8PHKUBYX2Ny8-qKkN\" target=\"_blank\" rel=\"noopener noreferrer\">V\u00eddeo per ballar una mica<\/a><\/p>\n<p><a href=\"https:\/\/www.youtube.com\/watch?v=lc1Ag9m7XQo\" target=\"_blank\" rel=\"noopener noreferrer\">V\u00eddeo per mantenir la forma<\/a><\/p>\n<p><a href=\"https:\/\/www.youtube.com\/watch?v=3bjggxDiXyk\" target=\"_blank\" rel=\"noopener noreferrer\">Ioga per nens\/es<\/a><\/p>\n<p><a href=\"https:\/\/sites.google.com\/view\/ef-a-casa\/\" target=\"_blank\" rel=\"noopener noreferrer\">P\u00e0gina web amb propostes molt interessants<\/a><\/p>\n<p class=\"title style-scope ytd-video-primary-info-renderer\"><a href=\"https:\/\/www.youtube.com\/watch?v=lWB0V3GSH7w&amp;list=RDlWB0V3GSH7w&amp;start_radio=1&amp;t=0\" target=\"_blank\" rel=\"noopener noreferrer\">Dance Monkey<\/a><\/p>\n<p><a href=\"http:\/\/www.edu365.cat\/primaria\/ed_fisica\/index.html\" target=\"_blank\" rel=\"noopener noreferrer\">EDU365 (educaci\u00f3 f\u00edsica)<\/a><\/p>\n<p><a href=\"http:\/\/www.activilandia.aecosan.msssi.gob.es\/\" target=\"_blank\" rel=\"noopener noreferrer\">Activilandia<\/a><\/p>\n<p><a href=\"https:\/\/kidshealth.org\/\" target=\"_blank\" rel=\"noopener noreferrer\">KidsHealth<\/a> (KidsHealth \u00e9s un espai web en angl\u00e8s allotjat als Estats Units que incorpora informacions adre\u00e7ades a pares, nens, joves i educadors sobre la salut, el comportament i el desenvolupament des de la inf\u00e0ncia fins a l\u2019adolesc\u00e8ncia amb l\u2019objectiu de <span id=\"result_box\" class=\"\" lang=\"ca\"><span title=\"But we can provide unbiased, reliable information to help you and your family pursue good health and wellness for a lifetime.\">proporcionar informaci\u00f3 objectiva i fiable per promoure benestar i salut per a la vida.<\/span><\/span>)<\/p>\n<p><a href=\"http:\/\/servicios.educarm.es\/cnice\/epssd3\/sd3_00_01.html\" target=\"_blank\" rel=\"noopener noreferrer\">Alimentaci\u00f3n equilibrada\u00a0<\/a> \u00e9s un recurs en l\u00ednia elaborat per la Consejer\u00eda de Educaci\u00f3n y Universidades de la Regi\u00f3 de M\u00farcia que inclou una s\u00e8rie d\u2019activitats i jocs en relaci\u00f3 a una alimentaci\u00f3 variada, sana i equilibrada.<a href=\"https:\/\/agora.xtec.cat\/esc-muntanyadeldrac\/wp-content\/uploads\/usu1241\/2020\/04\/piramide_activitat_infancia-1.jpg\"><img loading=\"lazy\" decoding=\"async\" class=\"alignright wp-image-1078 \" src=\"https:\/\/agora.xtec.cat\/esc-muntanyadeldrac\/wp-content\/uploads\/usu1241\/2020\/04\/piramide_activitat_infancia-1.jpg\" alt=\"\" width=\"759\" height=\"535\" srcset=\"https:\/\/agora.xtec.cat\/esc-muntanyadeldrac\/wp-content\/uploads\/usu1241\/2020\/04\/piramide_activitat_infancia-1.jpg 854w, https:\/\/agora.xtec.cat\/esc-muntanyadeldrac\/wp-content\/uploads\/usu1241\/2020\/04\/piramide_activitat_infancia-1-300x211.jpg 300w, https:\/\/agora.xtec.cat\/esc-muntanyadeldrac\/wp-content\/uploads\/usu1241\/2020\/04\/piramide_activitat_infancia-1-768x541.jpg 768w\" sizes=\"auto, (max-width: 759px) 100vw, 759px\" \/><\/a><\/p>\n<p><a href=\"https:\/\/www.diba.cat\/web\/salutpublica\/menja_be_jocs\" target=\"_blank\" rel=\"noopener noreferrer\">Menja b\u00e9, tu hi guanyes!<\/a> jocs interactius<\/p>\n<p><a href=\"https:\/\/www.youtube.com\/watch?v=6sN8v2sTzvc\" target=\"_blank\" rel=\"noopener noreferrer\">Escalfament, per abans de les activitats 1<\/a><\/p>\n<p><a href=\"https:\/\/www.youtube.com\/watch?v=T8jI4RnHHf0\" target=\"_blank\" rel=\"noopener noreferrer\">Escalfament, per abans de les activitats 2<\/a><\/p>\n<p><a href=\"https:\/\/www.youtube.com\/watch?v=oc4QS2USKmk\" target=\"_blank\" rel=\"noopener noreferrer\">Escalfament, per abans de les activitats 3<\/a><\/p>\n<p><a href=\"https:\/\/www.youtube.com\/watch?v=GHCqRsrQwNU\" target=\"_blank\" rel=\"noopener noreferrer\">Escalfament, per abans de les activitats 4<\/a><\/p>\n<p><a href=\"https:\/\/www.youtube.com\/watch?v=L_A_HjHZxfI\" target=\"_blank\" rel=\"noopener noreferrer\">Escalfament, per abans de les activitats 5<\/a><\/p>\n<p><a href=\"https:\/\/www.youtube.com\/watch?v=lc1Ag9m7XQo\" target=\"_blank\" rel=\"noopener noreferrer\">Escalfament, per abans de les activitats 6<\/a><\/p>\n<p><a href=\"https:\/\/www.youtube.com\/watch?v=Yt0wuk_bOXI\" target=\"_blank\" rel=\"noopener noreferrer\">Escalfament, per abans de les activitats 7<\/a><\/p>\n<p><strong>L\u2019INEFC presenta la seva proposta d\u2019activitat f\u00edsica per pal\u00b7liar els efectes del confinament: \u201cTens 15 minuts per a tu?<\/strong><\/p>\n<p><a href=\"https:\/\/www.youtube.com\/watch?v=ddDEFyIVdus\" target=\"_blank\" rel=\"noopener noreferrer\">sessi\u00f3 1<\/a>\u00a0 \u00a0 \u00a0 \u00a0 \u00a0 \u00a0 \u00a0 \u00a0 \u00a0 \u00a0 \u00a0 \u00a0 \u00a0 \u00a0 \u00a0 \u00a0 \u00a0 \u00a0 \u00a0 \u00a0 <a href=\"https:\/\/www.youtube.com\/watch?v=cmHUkePq_oY\" target=\"_blank\" rel=\"noopener noreferrer\">sessi\u00f3 2<\/a><\/p>\n<p><a href=\"https:\/\/www.youtube.com\/watch?v=16U7ROKZ8iU&amp;feature=youtu.be\" target=\"_blank\" rel=\"noopener noreferrer\">sessi\u00f3 3<\/a><\/p>\n<p>&nbsp;<\/p>\n<p>Jocs varis sobre nutrici\u00f3 <a href=\"https:\/\/www.nutriplatonestle.es\/nutrikids\" target=\"_blank\" rel=\"noopener noreferrer\">\u00a0: nutriplato<\/a><\/p>\n<p><a href=\"http:\/\/www.can-seixanta.com\/mjocs.php\" target=\"_blank\" rel=\"noopener noreferrer\">\u00a0 \u00a0 \u00a0 \u00a0 \u00a0 \u00a0 \u00a0 \u00a0 \u00a0 \u00a0 \u00a0 \u00a0 \u00a0 \u00a0 \u00a0 \u00a0 \u00a0 \u00a0 \u00a0 \u00a0 \u00a0 \u00a0Can seixanta<\/a><\/p>\n<p><a href=\"http:\/\/www.sindromedown.net\/Spoti\/default.htm\" target=\"_blank\" rel=\"noopener noreferrer\">\u00a0 \u00a0 \u00a0 \u00a0 \u00a0 \u00a0 \u00a0 \u00a0 \u00a0 \u00a0 \u00a0 \u00a0 \u00a0 \u00a0 \u00a0 \u00a0 \u00a0 \u00a0 \u00a0 \u00a0 \u00a0 \u00a0Spoti<\/a><\/p>\n<p><a href=\"http:\/\/coolfoodplanet.org\/\" target=\"_blank\" rel=\"noopener noreferrer\">\u00a0 \u00a0 \u00a0 \u00a0 \u00a0 \u00a0 \u00a0 \u00a0 \u00a0 \u00a0 \u00a0 \u00a0 \u00a0 \u00a0 \u00a0 \u00a0 \u00a0 \u00a0 \u00a0 \u00a0 \u00a0 \u00a0Cool food planet<br \/>\n<\/a><\/p>\n<p><a href=\"http:\/\/www.consumopolis.es\/index.html?idioma=ca\" target=\"_blank\" rel=\"noopener noreferrer\">\u00a0 \u00a0 \u00a0 \u00a0 \u00a0 \u00a0 \u00a0 \u00a0 \u00a0 \u00a0 \u00a0 \u00a0 \u00a0 \u00a0 \u00a0 \u00a0 \u00a0 \u00a0 \u00a0 \u00a0 \u00a0 \u00a0Consumpolis<\/a><\/p>\n<p><a href=\"http:\/\/www.menjasaenfamilia.org\/ca\/\" target=\"_blank\" rel=\"noopener noreferrer\">\u00a0 \u00a0 \u00a0 \u00a0 \u00a0 \u00a0 \u00a0 \u00a0 \u00a0 \u00a0 \u00a0 \u00a0 \u00a0 \u00a0 \u00a0 \u00a0 \u00a0 \u00a0 \u00a0 \u00a0 \u00a0 \u00a0Menja sa en fam\u00edlia<\/a><\/p>\n<p><a href=\"https:\/\/www.vedoque.com\/juegos\/habitos-saludables.swf\" target=\"_blank\" rel=\"noopener noreferrer\">\u00a0 \u00a0 \u00a0 \u00a0 \u00a0 \u00a0 \u00a0 \u00a0 \u00a0 \u00a0 \u00a0 \u00a0 \u00a0 \u00a0 \u00a0 \u00a0 \u00a0 \u00a0 \u00a0 \u00a0 \u00a0 \u00a0<\/a><a href=\"https:\/\/www.vedoque.com\/\" target=\"_blank\" rel=\"noopener noreferrer\">Jocs varis<\/a>\u00a0(castell\u00e0)<\/p>\n<p>Bona nutrici\u00f3\u00a0 <a href=\"https:\/\/www.nestlefamilyclub.es\/articulo\/tipos-de-actividad-fisica\" target=\"_blank\" rel=\"noopener noreferrer\">https:\/\/www.nestlefamilyclub.es\/articulo\/tipos-de-actividad-fisica<\/a><\/p>\n<p><a href=\"https:\/\/canalsalut.gencat.cat\/ca\/inici\/\" target=\"_blank\" rel=\"noopener noreferrer\">\u00a0 \u00a0 \u00a0 \u00a0 \u00a0 \u00a0 \u00a0 \u00a0 \u00a0 \u00a0 \u00a0 https:\/\/canalsalut.gencat.cat\/ca\/inici\/<\/a><\/p>\n<p><a href=\"http:\/\/www.conlacomidasisejuega.org\/alimentacion-saludable\/\" target=\"_blank\" rel=\"noopener noreferrer\">\u00a0 \u00a0 \u00a0 \u00a0 \u00a0 \u00a0 \u00a0 \u00a0 \u00a0 \u00a0 \u00a0 http:\/\/www.conlacomidasisejuega.org\/alimentacion-saludable\/<\/a><\/p>\n<p><a href=\"https:\/\/www.youtube.com\/watch?time_continue=53&#038;v=Djq9ANAO0i8&#038;feature=emb_logo\">https:\/\/www.youtube.com\/watch?time_continue=53&amp;v=Djq9ANAO0i8&amp;feature=emb_logo<\/a><\/p>\n","protected":false},"excerpt":{"rendered":"<p>Propostes confinament infantil\u00a0\u00a0\u00a0 Propostes confinament prim\u00e0ria Joc de mem\u00f2ria\u00a0 \u00a0\u00a0\u00a0\u00a0\u00a0\u00a0\u00a0\u00a0\u00a0\u00a0\u00a0\u00a0\u00a0\u00a0\u00a0\u00a0\u00a0\u00a0\u00a0\u00a0\u00a0\u00a0\u00a0\u00a0 \u00a0\u00a0\u00a0\u00a0\u00a0\u00a0\u00a0\u00a0\u00a0\u00a0\u00a0\u00a0\u00a0\u00a0\u00a0\u00a0\u00a0\u00a0\u00a0 \u00a0 \u00a0 \u00a0 \u00a0 \u00a0 \u00a0 \u00a0 \u00a0 \u00a0 \u00a0 \u00a0 \u00a0 \u00a0 \u00a0 \u00a0 \u00a0 \u00a0 \u00a0 \u00a0 \u00a0 \u00a0 \u00a0 \u00a0 \u00a0 \u00a0 \u00a0 \u00a0 \u00a0\u00a0\u00a0\u00a0\u00a0\u00a0\u00a0\u00a0\u00a0\u00a0\u00a0\u00a0\u00a0\u00a0\u00a0\u00a0\u00a0\u00a0\u00a0\u00a0\u00a0\u00a0\u00a0\u00a0\u00a0\u00a0\u00a0\u00a0\u00a0\u00a0\u00a0\u00a0\u00a0\u00a0\u00a0\u00a0\u00a0\u00a0\u00a0 L&#8217;oca del confinament (Aquest recurs es troba sota llic\u00e8ncia Creative Commons. Aix\u00f2 implica que es pot [&hellip;]<\/p>\n","protected":false},"author":1,"featured_media":0,"parent":87,"menu_order":0,"comment_status":"closed","ping_status":"closed","template":"","meta":{"_bbp_topic_count":0,"_bbp_reply_count":0,"_bbp_total_topic_count":0,"_bbp_total_reply_count":0,"_bbp_voice_count":0,"_bbp_anonymous_reply_count":0,"_bbp_topic_count_hidden":0,"_bbp_reply_count_hidden":0,"_bbp_forum_subforum_count":0,"site-sidebar-layout":"default","site-content-layout":"","ast-site-content-layout":"","site-content-style":"default","site-sidebar-style":"default","ast-global-header-display":"","ast-banner-title-visibility":"","ast-main-header-display":"","ast-hfb-above-header-display":"","ast-hfb-below-header-display":"","ast-hfb-mobile-header-display":"","site-post-title":"","ast-breadcrumbs-content":"","ast-featured-img":"","footer-sml-layout":"","theme-transparent-header-meta":"","adv-header-id-meta":"","stick-header-meta":"","header-above-stick-meta":"","header-main-stick-meta":"","header-below-stick-meta":"","astra-migrate-meta-layouts":"default","ast-page-background-enabled":"default","ast-page-background-meta":{"desktop":{"background-color":"var(--ast-global-color-4)","background-image":"","background-repeat":"repeat","background-position":"center center","background-size":"auto","background-attachment":"scroll","background-type":"","background-media":"","overlay-type":"","overlay-color":"","overlay-opacity":"","overlay-gradient":""},"tablet":{"background-color":"","background-image":"","background-repeat":"repeat","background-position":"center center","background-size":"auto","background-attachment":"scroll","background-type":"","background-media":"","overlay-type":"","overlay-color":"","overlay-opacity":"","overlay-gradient":""},"mobile":{"background-color":"","background-image":"","background-repeat":"repeat","background-position":"center center","background-size":"auto","background-attachment":"scroll","background-type":"","background-media":"","overlay-type":"","overlay-color":"","overlay-opacity":"","overlay-gradient":""}},"ast-content-background-meta":{"desktop":{"background-color":"var(--ast-global-color-5)","background-image":"","background-repeat":"repeat","background-position":"center center","background-size":"auto","background-attachment":"scroll","background-type":"","background-media":"","overlay-type":"","overlay-color":"","overlay-opacity":"","overlay-gradient":""},"tablet":{"background-color":"var(--ast-global-color-5)","background-image":"","background-repeat":"repeat","background-position":"center center","background-size":"auto","background-attachment":"scroll","background-type":"","background-media":"","overlay-type":"","overlay-color":"","overlay-opacity":"","overlay-gradient":""},"mobile":{"background-color":"var(--ast-global-color-5)","background-image":"","background-repeat":"repeat","background-position":"center center","background-size":"auto","background-attachment":"scroll","background-type":"","background-media":"","overlay-type":"","overlay-color":"","overlay-opacity":"","overlay-gradient":""}},"footnotes":""},"class_list":["post-1037","page","type-page","status-publish","hentry"],"post_mailing_queue_ids":[],"_links":{"self":[{"href":"https:\/\/agora.xtec.cat\/esc-muntanyadeldrac\/wp-json\/wp\/v2\/pages\/1037","targetHints":{"allow":["GET"]}}],"collection":[{"href":"https:\/\/agora.xtec.cat\/esc-muntanyadeldrac\/wp-json\/wp\/v2\/pages"}],"about":[{"href":"https:\/\/agora.xtec.cat\/esc-muntanyadeldrac\/wp-json\/wp\/v2\/types\/page"}],"author":[{"embeddable":true,"href":"https:\/\/agora.xtec.cat\/esc-muntanyadeldrac\/wp-json\/wp\/v2\/users\/1"}],"replies":[{"embeddable":true,"href":"https:\/\/agora.xtec.cat\/esc-muntanyadeldrac\/wp-json\/wp\/v2\/comments?post=1037"}],"version-history":[{"count":4,"href":"https:\/\/agora.xtec.cat\/esc-muntanyadeldrac\/wp-json\/wp\/v2\/pages\/1037\/revisions"}],"predecessor-version":[{"id":1044,"href":"https:\/\/agora.xtec.cat\/esc-muntanyadeldrac\/wp-json\/wp\/v2\/pages\/1037\/revisions\/1044"}],"up":[{"embeddable":true,"href":"https:\/\/agora.xtec.cat\/esc-muntanyadeldrac\/wp-json\/wp\/v2\/pages\/87"}],"wp:attachment":[{"href":"https:\/\/agora.xtec.cat\/esc-muntanyadeldrac\/wp-json\/wp\/v2\/media?parent=1037"}],"curies":[{"name":"wp","href":"https:\/\/api.w.org\/{rel}","templated":true}]}}