{"id":703,"date":"2019-01-17T10:15:12","date_gmt":"2019-01-17T09:15:12","guid":{"rendered":"http:\/\/agora.xtec.cat\/esc-mrossell\/?page_id=703"},"modified":"2024-07-01T13:36:21","modified_gmt":"2024-07-01T11:36:21","slug":"formacio-professional","status":"publish","type":"page","link":"https:\/\/agora.xtec.cat\/esc-mrossell\/formacio-professional\/","title":{"rendered":"Cicles Formatius FP"},"content":{"rendered":"<h3><\/h3>\n<h3><a href=\"https:\/\/agora.xtec.cat\/esc-mrossell\/formacio-professional\/grau-mitja-en-olis-doliva-i-vins\/\"><img loading=\"lazy\" decoding=\"async\" class=\"alignnone wp-image-704 size-large\" src=\"https:\/\/agora.xtec.cat\/esc-mrossell\/wp-content\/uploads\/usu1609\/2019\/01\/CURSOS-FP-01-1024x363.jpg\" alt=\"\" width=\"1024\" height=\"363\" srcset=\"https:\/\/agora.xtec.cat\/esc-mrossell\/wp-content\/uploads\/usu1609\/2019\/01\/CURSOS-FP-01-1024x363.jpg 1024w, https:\/\/agora.xtec.cat\/esc-mrossell\/wp-content\/uploads\/usu1609\/2019\/01\/CURSOS-FP-01-300x106.jpg 300w, https:\/\/agora.xtec.cat\/esc-mrossell\/wp-content\/uploads\/usu1609\/2019\/01\/CURSOS-FP-01-768x272.jpg 768w, https:\/\/agora.xtec.cat\/esc-mrossell\/wp-content\/uploads\/usu1609\/2019\/01\/CURSOS-FP-01.jpg 1754w\" sizes=\"auto, (max-width: 1024px) 100vw, 1024px\" \/><\/a><\/h3>\n<p><strong>OBJECTIU<\/strong><br \/>\nEl Cicle Formatiu de Grau Mitj\u00e0 d\u2019Elaboraci\u00f3 d\u2019Olis d\u2019Oliva i Vins t\u00e9 com a objectiu la capacitaci\u00f3 de l\u2019alumnat per treballar en alm\u00e0sseres o cellers, tot formant-los per dur a terme les operacions d\u2019extracci\u00f3, elaboraci\u00f3 i envasament d\u2019olis i vins, i tamb\u00e9 per utilitzar\u2026\u00a0<a title=\"Read Grau mitj\u00e0 en olis d\u2019oliva i vins\" href=\"https:\/\/agora.xtec.cat\/esc-mrossell\/formacio-professional\/grau-mitja-en-olis-doliva-i-vins\/\">Llegeix m\u00e9s\u00bb<\/a><\/p>\n<p>&nbsp;<\/p>\n<p><a href=\"https:\/\/agora.xtec.cat\/esc-mrossell\/formacio-professional\/grau-superior-en-vitivinicultura\/\"><img loading=\"lazy\" decoding=\"async\" class=\"alignnone wp-image-705 size-large\" src=\"https:\/\/agora.xtec.cat\/esc-mrossell\/wp-content\/uploads\/usu1609\/2019\/01\/CURSOS-FP-02-1024x363.jpg\" alt=\"\" width=\"1024\" height=\"363\" srcset=\"https:\/\/agora.xtec.cat\/esc-mrossell\/wp-content\/uploads\/usu1609\/2019\/01\/CURSOS-FP-02-1024x363.jpg 1024w, https:\/\/agora.xtec.cat\/esc-mrossell\/wp-content\/uploads\/usu1609\/2019\/01\/CURSOS-FP-02-300x106.jpg 300w, https:\/\/agora.xtec.cat\/esc-mrossell\/wp-content\/uploads\/usu1609\/2019\/01\/CURSOS-FP-02-768x272.jpg 768w, https:\/\/agora.xtec.cat\/esc-mrossell\/wp-content\/uploads\/usu1609\/2019\/01\/CURSOS-FP-02.jpg 1754w\" sizes=\"auto, (max-width: 1024px) 100vw, 1024px\" \/><\/a><br \/>\n<strong>OBJECTIU<\/strong><br \/>\nEl Cicle Formatiu de Grau Superior en Vitivinicultura t\u00e9 com a objectiu la capacitaci\u00f3 de l\u2019alumnat per treballar en l\u2019explotaci\u00f3 vitivin\u00edcola. Els formem per que puguin planificar i realitzar les operacions d\u2019elaboraci\u00f3, estabilitzaci\u00f3 i envasament de vins i derivats, i tamb\u00e9 per programar i\u2026\u00a0<a title=\"Read Grau Superior en Vitivinicultura (DUAL)\" href=\"https:\/\/agora.xtec.cat\/esc-mrossell\/formacio-professional\/grau-superior-en-vitivinicultura\/\">Llegeix m\u00e9s\u00bb<\/a><\/p>\n<p>&nbsp;<\/p>\n<p><a href=\"https:\/\/agora.xtec.cat\/esc-mrossell\/formacio-professional\/grau-superior-en-marqueting-i-publicitat-perfil-enologic\/\"><img loading=\"lazy\" decoding=\"async\" class=\"alignnone wp-image-706 size-large\" src=\"https:\/\/agora.xtec.cat\/esc-mrossell\/wp-content\/uploads\/usu1609\/2019\/01\/CURSOS-FP-03-1024x363.jpg\" alt=\"\" width=\"1024\" height=\"363\" srcset=\"https:\/\/agora.xtec.cat\/esc-mrossell\/wp-content\/uploads\/usu1609\/2019\/01\/CURSOS-FP-03-1024x363.jpg 1024w, https:\/\/agora.xtec.cat\/esc-mrossell\/wp-content\/uploads\/usu1609\/2019\/01\/CURSOS-FP-03-300x106.jpg 300w, https:\/\/agora.xtec.cat\/esc-mrossell\/wp-content\/uploads\/usu1609\/2019\/01\/CURSOS-FP-03-768x272.jpg 768w, https:\/\/agora.xtec.cat\/esc-mrossell\/wp-content\/uploads\/usu1609\/2019\/01\/CURSOS-FP-03.jpg 1754w\" sizes=\"auto, (max-width: 1024px) 100vw, 1024px\" \/><\/a><br \/>\n<strong>OBJECTIU<\/strong><br \/>\nEl Cicle Formatiu de Grau Superior en M\u00e0rqueting i publicitat (perfil enol\u00f2gic) t\u00e9 com a objectiu la capacitaci\u00f3 de l\u2019alumnat per treballar en empreses del sector vitivin\u00edcola. Els formem perqu\u00e8 puguin dur a terme la definici\u00f3 i realitzaci\u00f3 del seguiment de les pol\u00edtiques de\u2026\u00a0<a title=\"Read Grau Superior en M\u00e0rqueting i publicitat (perfil enol\u00f2gic)\" href=\"https:\/\/agora.xtec.cat\/esc-mrossell\/formacio-professional\/grau-superior-en-marqueting-i-publicitat-perfil-enologic\/\">Llegeix m\u00e9s\u00bb<\/a><\/p>\n","protected":false},"excerpt":{"rendered":"<p><a href=\"https:\/\/agora.xtec.cat\/esc-mrossell\/formacio-professional\/grau-mitja-en-olis-doliva-i-vins\/\"><\/a><br \/>\nOBJECTIU<br \/>\nEl Cicle Formatiu de Grau Mitj\u00e0 d\u2019Elaboraci\u00f3 d\u2019Olis d\u2019Oliva i Vins t\u00e9 com a objectiu la capacitaci\u00f3 de l\u2019alumnat per treballar en alm\u00e0sseres o cellers, tot formant-los per dur a terme les operacions d\u2019extracci\u00f3, elaboraci\u00f3 i envasament d\u2019olis i vins, i tamb\u00e9 per utilitzar\u2026\u00a0<a&hellip;  <a href=\"https:\/\/agora.xtec.cat\/esc-mrossell\/formacio-professional\/\" title=\"Read Cicles Formatius FP\">Llegeix m\u00e9s\u00bb<\/a><\/p>\n","protected":false},"author":1,"featured_media":0,"parent":0,"menu_order":0,"comment_status":"closed","ping_status":"closed","template":"page-templates\/side-menu.php","meta":{"_bbp_topic_count":0,"_bbp_reply_count":0,"_bbp_total_topic_count":0,"_bbp_total_reply_count":0,"_bbp_voice_count":0,"_bbp_anonymous_reply_count":0,"_bbp_topic_count_hidden":0,"_bbp_reply_count_hidden":0,"_bbp_forum_subforum_count":0,"footnotes":""},"class_list":["post-703","page","type-page","status-publish","hentry"],"post_mailing_queue_ids":[],"_links":{"self":[{"href":"https:\/\/agora.xtec.cat\/esc-mrossell\/wp-json\/wp\/v2\/pages\/703","targetHints":{"allow":["GET"]}}],"collection":[{"href":"https:\/\/agora.xtec.cat\/esc-mrossell\/wp-json\/wp\/v2\/pages"}],"about":[{"href":"https:\/\/agora.xtec.cat\/esc-mrossell\/wp-json\/wp\/v2\/types\/page"}],"author":[{"embeddable":true,"href":"https:\/\/agora.xtec.cat\/esc-mrossell\/wp-json\/wp\/v2\/users\/1"}],"replies":[{"embeddable":true,"href":"https:\/\/agora.xtec.cat\/esc-mrossell\/wp-json\/wp\/v2\/comments?post=703"}],"version-history":[{"count":6,"href":"https:\/\/agora.xtec.cat\/esc-mrossell\/wp-json\/wp\/v2\/pages\/703\/revisions"}],"predecessor-version":[{"id":12788,"href":"https:\/\/agora.xtec.cat\/esc-mrossell\/wp-json\/wp\/v2\/pages\/703\/revisions\/12788"}],"wp:attachment":[{"href":"https:\/\/agora.xtec.cat\/esc-mrossell\/wp-json\/wp\/v2\/media?parent=703"}],"curies":[{"name":"wp","href":"https:\/\/api.w.org\/{rel}","templated":true}]}}