{"id":626,"date":"2018-12-03T06:04:52","date_gmt":"2018-12-03T05:04:52","guid":{"rendered":"http:\/\/agora.xtec.cat\/esc-mrossell\/?page_id=626"},"modified":"2026-02-04T09:07:51","modified_gmt":"2026-02-04T08:07:51","slug":"politica-de-qualitat","status":"publish","type":"page","link":"https:\/\/agora.xtec.cat\/esc-mrossell\/historia\/politica-de-qualitat\/","title":{"rendered":"Sistema de gesti\u00f3 de la qualitat integrat del Servei de Formaci\u00f3 Agroaliment\u00e0ria"},"content":{"rendered":"<p><a href=\"https:\/\/agora.xtec.cat\/esc-mrossell\/wp-content\/uploads\/usu1609\/2026\/02\/qualitat.jpg\"><img loading=\"lazy\" decoding=\"async\" class=\"alignnone wp-image-14096 size-full\" src=\"https:\/\/agora.xtec.cat\/esc-mrossell\/wp-content\/uploads\/usu1609\/2026\/02\/qualitat.jpg\" alt=\"\" width=\"609\" height=\"195\" srcset=\"https:\/\/agora.xtec.cat\/esc-mrossell\/wp-content\/uploads\/usu1609\/2026\/02\/qualitat.jpg 609w, https:\/\/agora.xtec.cat\/esc-mrossell\/wp-content\/uploads\/usu1609\/2026\/02\/qualitat-300x96.jpg 300w\" sizes=\"auto, (max-width: 609px) 100vw, 609px\" \/><\/a><\/p>\n<p style=\"text-align: justify;\">El Servei de Formaci\u00f3 Agroaliment\u00e0ria (SFA), com a organisme p\u00fablic del Departament d\u2019Agricultura, Ramaderia, Pesca i Alimentaci\u00f3 de la Generalitat de Catalunya, t\u00e9 com a missi\u00f3 principal orientar, capacitar i acompanyar les persones per millorar la seva qualificaci\u00f3 professional i contribuir al desenvolupament sostenible dels sectors agrari, forestal, agroalimentari i del medi rural.<\/p>\n<p style=\"text-align: justify;\">Amb aquesta finalitat, el Servei assumeix el comprom\u00eds d\u2019implantar, mantenir i millorar un Sistema de Gesti\u00f3 Integrat Multiempla\u00e7ament basat en les normes ISO 9001:2015 i ISO 14001:2015, que garanteixi la qualitat del servei i la protecci\u00f3 del medi ambient, i que li permeti aconseguir la satisfacci\u00f3 dels clients i\u00a0donar una resposta adequada a les necessitats i expectatives de les parts interessades.<\/p>\n<p>Per m\u00e9s informaci\u00f3, consulteu aquest <a href=\"https:\/\/agricultura.gencat.cat\/ca\/ambits\/formacio-innovacio\/formacio-agraria\/qualitat\/index.html\">enlla\u00e7<\/a><\/p>\n","protected":false},"excerpt":{"rendered":"<p><a href=\"https:\/\/agora.xtec.cat\/esc-mrossell\/wp-content\/uploads\/usu1609\/2026\/02\/qualitat.jpg\"><\/a><br \/>\nEl Servei de Formaci\u00f3 Agroaliment\u00e0ria (SFA), com a organisme p\u00fablic del Departament d\u2019Agricultura, Ramaderia, Pesca i Alimentaci\u00f3 de la Generalitat de Catalunya, t\u00e9 com a missi\u00f3 principal orientar, capacitar i acompanyar les persones per millorar la seva qualificaci\u00f3 professional i contribuir al desenvolupament sostenible&hellip;  <a href=\"https:\/\/agora.xtec.cat\/esc-mrossell\/historia\/politica-de-qualitat\/\" title=\"Read Sistema de gesti\u00f3 de la qualitat integrat del Servei de Formaci\u00f3 Agroaliment\u00e0ria\">Llegeix m\u00e9s\u00bb<\/a><\/p>\n","protected":false},"author":1,"featured_media":0,"parent":27,"menu_order":5,"comment_status":"closed","ping_status":"closed","template":"page-templates\/side-menu.php","meta":{"_bbp_topic_count":0,"_bbp_reply_count":0,"_bbp_total_topic_count":0,"_bbp_total_reply_count":0,"_bbp_voice_count":0,"_bbp_anonymous_reply_count":0,"_bbp_topic_count_hidden":0,"_bbp_reply_count_hidden":0,"_bbp_forum_subforum_count":0,"footnotes":""},"class_list":["post-626","page","type-page","status-publish","hentry"],"post_mailing_queue_ids":[],"_links":{"self":[{"href":"https:\/\/agora.xtec.cat\/esc-mrossell\/wp-json\/wp\/v2\/pages\/626","targetHints":{"allow":["GET"]}}],"collection":[{"href":"https:\/\/agora.xtec.cat\/esc-mrossell\/wp-json\/wp\/v2\/pages"}],"about":[{"href":"https:\/\/agora.xtec.cat\/esc-mrossell\/wp-json\/wp\/v2\/types\/page"}],"author":[{"embeddable":true,"href":"https:\/\/agora.xtec.cat\/esc-mrossell\/wp-json\/wp\/v2\/users\/1"}],"replies":[{"embeddable":true,"href":"https:\/\/agora.xtec.cat\/esc-mrossell\/wp-json\/wp\/v2\/comments?post=626"}],"version-history":[{"count":6,"href":"https:\/\/agora.xtec.cat\/esc-mrossell\/wp-json\/wp\/v2\/pages\/626\/revisions"}],"predecessor-version":[{"id":14097,"href":"https:\/\/agora.xtec.cat\/esc-mrossell\/wp-json\/wp\/v2\/pages\/626\/revisions\/14097"}],"up":[{"embeddable":true,"href":"https:\/\/agora.xtec.cat\/esc-mrossell\/wp-json\/wp\/v2\/pages\/27"}],"wp:attachment":[{"href":"https:\/\/agora.xtec.cat\/esc-mrossell\/wp-json\/wp\/v2\/media?parent=626"}],"curies":[{"name":"wp","href":"https:\/\/api.w.org\/{rel}","templated":true}]}}