{"id":600,"date":"2018-12-03T00:31:02","date_gmt":"2018-12-02T23:31:02","guid":{"rendered":"http:\/\/agora.xtec.cat\/esc-mrossell\/?page_id=600"},"modified":"2021-04-12T16:04:23","modified_gmt":"2021-04-12T14:04:23","slug":"suggeriments","status":"publish","type":"page","link":"https:\/\/agora.xtec.cat\/esc-mrossell\/historia\/suggeriments\/","title":{"rendered":"Incid\u00e8ncies i Suggeriments"},"content":{"rendered":"<p>&nbsp;<\/p>\n<p>Deixa en el seg\u00fcent formulari la teva incid\u00e8ncia, sugger\u00e8ncia o comentari que ens vulguis fer arribar.<\/p>\n<p><a href=\"https:\/\/docs.google.com\/forms\/d\/e\/1FAIpQLScLLA04zXYWleZumEySNN9CgeklQJrnziSnyLHQ3EEIOoJlRQ\/viewform\"><img loading=\"lazy\" decoding=\"async\" class=\"alignnone size-full wp-image-2439\" src=\"https:\/\/agora.xtec.cat\/esc-mrossell\/wp-content\/uploads\/usu1609\/2020\/11\/clic-e1606124310635.png\" alt=\"\" width=\"150\" height=\"110\" \/><\/a><\/p>\n<p>Aquest formulari \u00e9s an\u00f2nim.<\/p>\n<p>Si vols saber com hem procedit amb la teva incid\u00e8ncia, si us plau, deixa&#8217;ns les teves dades de contacte i et mantindrem informat\/ada.<\/p>\n<p>Moltes gr\u00e0cies per la teva col.laboraci\u00f3!<\/p>\n<p>&nbsp;<\/p>\n<p>&nbsp;<\/p>\n<p>&nbsp;<\/p>\n<p>&nbsp;<\/p>\n<p>&nbsp;<\/p>\n<p>&nbsp;<\/p>\n<p>&nbsp;<\/p>\n","protected":false},"excerpt":{"rendered":"<p>&nbsp;<br \/>\nDeixa en el seg\u00fcent formulari la teva incid\u00e8ncia, sugger\u00e8ncia o comentari que ens vulguis fer arribar.<br \/>\n<a href=\"https:\/\/docs.google.com\/forms\/d\/e\/1FAIpQLScLLA04zXYWleZumEySNN9CgeklQJrnziSnyLHQ3EEIOoJlRQ\/viewform\"><\/a><br \/>\nAquest formulari \u00e9s an\u00f2nim.<br \/>\nSi vols saber com hem procedit amb la teva incid\u00e8ncia, si us plau, deixa&#8217;ns les teves dades de contacte i et mantindrem informat\/ada.<br \/>\nMoltes gr\u00e0cies per la&hellip;  <a href=\"https:\/\/agora.xtec.cat\/esc-mrossell\/historia\/suggeriments\/\" title=\"Read Incid\u00e8ncies i Suggeriments\">Llegeix m\u00e9s\u00bb<\/a><\/p>\n","protected":false},"author":1,"featured_media":0,"parent":27,"menu_order":4,"comment_status":"closed","ping_status":"closed","template":"page-templates\/side-menu.php","meta":{"_bbp_topic_count":0,"_bbp_reply_count":0,"_bbp_total_topic_count":0,"_bbp_total_reply_count":0,"_bbp_voice_count":0,"_bbp_anonymous_reply_count":0,"_bbp_topic_count_hidden":0,"_bbp_reply_count_hidden":0,"_bbp_forum_subforum_count":0,"footnotes":""},"class_list":["post-600","page","type-page","status-publish","hentry"],"post_mailing_queue_ids":[],"_links":{"self":[{"href":"https:\/\/agora.xtec.cat\/esc-mrossell\/wp-json\/wp\/v2\/pages\/600","targetHints":{"allow":["GET"]}}],"collection":[{"href":"https:\/\/agora.xtec.cat\/esc-mrossell\/wp-json\/wp\/v2\/pages"}],"about":[{"href":"https:\/\/agora.xtec.cat\/esc-mrossell\/wp-json\/wp\/v2\/types\/page"}],"author":[{"embeddable":true,"href":"https:\/\/agora.xtec.cat\/esc-mrossell\/wp-json\/wp\/v2\/users\/1"}],"replies":[{"embeddable":true,"href":"https:\/\/agora.xtec.cat\/esc-mrossell\/wp-json\/wp\/v2\/comments?post=600"}],"version-history":[{"count":3,"href":"https:\/\/agora.xtec.cat\/esc-mrossell\/wp-json\/wp\/v2\/pages\/600\/revisions"}],"predecessor-version":[{"id":2829,"href":"https:\/\/agora.xtec.cat\/esc-mrossell\/wp-json\/wp\/v2\/pages\/600\/revisions\/2829"}],"up":[{"embeddable":true,"href":"https:\/\/agora.xtec.cat\/esc-mrossell\/wp-json\/wp\/v2\/pages\/27"}],"wp:attachment":[{"href":"https:\/\/agora.xtec.cat\/esc-mrossell\/wp-json\/wp\/v2\/media?parent=600"}],"curies":[{"name":"wp","href":"https:\/\/api.w.org\/{rel}","templated":true}]}}