{"id":553,"date":"2018-10-26T19:00:24","date_gmt":"2018-10-26T17:00:24","guid":{"rendered":"http:\/\/agora.xtec.cat\/esc-mrossell\/?page_id=553"},"modified":"2020-12-07T11:02:11","modified_gmt":"2020-12-07T10:02:11","slug":"ets-una-empresa-connectat-amb-lescola","status":"publish","type":"page","link":"https:\/\/agora.xtec.cat\/esc-mrossell\/historia\/ets-una-empresa-connectat-amb-lescola\/","title":{"rendered":"Ets una empresa que cerca treballadors o col\u00b7laboradors? Connecta&#8217;t a la borsa de treball"},"content":{"rendered":"<h3>PRESENTACI\u00d3<\/h3>\n<p><span style=\"font-family: inherit; font-size: 1em;\">L&#8217;Escola Viticultura I Enologia Merc\u00e8 Rossell I Dom\u00e8nech disposa d&#8217;una borsa de treball per els seus ex-alumnes. Poseu-vos en contacte mitjan\u00e7ant el seg\u00fcent correu electr\u00f2nic\u00a0<\/span><a href=\"mailto:aespiells.daam@gencat.cat\">aespiells.daam<span class=\"\">@gencat.ca<\/span>t<\/a> <span style=\"font-family: inherit; font-size: 1em;\">i ja ens posarem en contacte amb vosaltres per preparar l&#8217;oferta.<\/span><\/p>\n<p><span style=\"font-family: inherit; font-size: 1em;\">Una vegada rebuda l&#8217;oferta es publicar\u00e0 en la secci\u00f3 web d&#8217;ofertes laborals i a la cartellera del centre.<\/span><\/p>\n<p>Tamb\u00e9 podem fer difusi\u00f3 de l&#8217;oferta a la resta d&#8217;Escoles Agr\u00e0ries de Catalunya.<\/p>\n<h4><\/h4>\n","protected":false},"excerpt":{"rendered":"<p>PRESENTACI\u00d3<br \/>\nL&#8217;Escola Viticultura I Enologia Merc\u00e8 Rossell I Dom\u00e8nech disposa d&#8217;una borsa de treball per els seus ex-alumnes. Poseu-vos en contacte mitjan\u00e7ant el seg\u00fcent correu electr\u00f2nic\u00a0<a href=\"mailto:aespiells.daam@gencat.cat\">aespiells.daam@gencat.cat<\/a> i ja ens posarem en contacte amb vosaltres per preparar l&#8217;oferta.<br \/>\nUna vegada rebuda l&#8217;oferta es publicar\u00e0 en la secci\u00f3&hellip;  <a href=\"https:\/\/agora.xtec.cat\/esc-mrossell\/historia\/ets-una-empresa-connectat-amb-lescola\/\" title=\"Read Ets una empresa que cerca treballadors o col\u00b7laboradors? Connecta&#8217;t a la borsa de treball\">Llegeix m\u00e9s\u00bb<\/a><\/p>\n","protected":false},"author":1,"featured_media":0,"parent":27,"menu_order":3,"comment_status":"closed","ping_status":"closed","template":"page-templates\/side-menu.php","meta":{"_bbp_topic_count":0,"_bbp_reply_count":0,"_bbp_total_topic_count":0,"_bbp_total_reply_count":0,"_bbp_voice_count":0,"_bbp_anonymous_reply_count":0,"_bbp_topic_count_hidden":0,"_bbp_reply_count_hidden":0,"_bbp_forum_subforum_count":0,"footnotes":""},"class_list":["post-553","page","type-page","status-publish","hentry"],"post_mailing_queue_ids":[],"_links":{"self":[{"href":"https:\/\/agora.xtec.cat\/esc-mrossell\/wp-json\/wp\/v2\/pages\/553","targetHints":{"allow":["GET"]}}],"collection":[{"href":"https:\/\/agora.xtec.cat\/esc-mrossell\/wp-json\/wp\/v2\/pages"}],"about":[{"href":"https:\/\/agora.xtec.cat\/esc-mrossell\/wp-json\/wp\/v2\/types\/page"}],"author":[{"embeddable":true,"href":"https:\/\/agora.xtec.cat\/esc-mrossell\/wp-json\/wp\/v2\/users\/1"}],"replies":[{"embeddable":true,"href":"https:\/\/agora.xtec.cat\/esc-mrossell\/wp-json\/wp\/v2\/comments?post=553"}],"version-history":[{"count":3,"href":"https:\/\/agora.xtec.cat\/esc-mrossell\/wp-json\/wp\/v2\/pages\/553\/revisions"}],"predecessor-version":[{"id":2186,"href":"https:\/\/agora.xtec.cat\/esc-mrossell\/wp-json\/wp\/v2\/pages\/553\/revisions\/2186"}],"up":[{"embeddable":true,"href":"https:\/\/agora.xtec.cat\/esc-mrossell\/wp-json\/wp\/v2\/pages\/27"}],"wp:attachment":[{"href":"https:\/\/agora.xtec.cat\/esc-mrossell\/wp-json\/wp\/v2\/media?parent=553"}],"curies":[{"name":"wp","href":"https:\/\/api.w.org\/{rel}","templated":true}]}}