{"id":551,"date":"2018-10-26T18:54:27","date_gmt":"2018-10-26T16:54:27","guid":{"rendered":"http:\/\/agora.xtec.cat\/esc-mrossell\/?page_id=551"},"modified":"2021-06-04T14:35:49","modified_gmt":"2021-06-04T12:35:49","slug":"ofertes-laborals","status":"publish","type":"page","link":"https:\/\/agora.xtec.cat\/esc-mrossell\/historia\/ofertes-laborals\/","title":{"rendered":"Ofertes laborals"},"content":{"rendered":"<h3>ETS ESTUDIANT? CONNECTA\u2019T A LA FEINA!<\/h3>\n<p>Accedir a les ofertes laborals i pr\u00e0ctiques de treball \u00e9s molt senzill, nom\u00e9s has de pr\u00e9mer <a href=\"https:\/\/agora.xtec.cat\/esc-mrossell\/categoria\/borsa-de-treball\/\"><strong>aqu\u00ed<\/strong>.<\/a><\/p>\n","protected":false},"excerpt":{"rendered":"<p>ETS ESTUDIANT? CONNECTA\u2019T A LA FEINA!<br \/>\nAccedir a les ofertes laborals i pr\u00e0ctiques de treball \u00e9s molt senzill, nom\u00e9s has de pr\u00e9mer <a href=\"https:\/\/agora.xtec.cat\/esc-mrossell\/categoria\/borsa-de-treball\/\">aqu\u00ed.<\/a><\/p>\n","protected":false},"author":1,"featured_media":0,"parent":27,"menu_order":2,"comment_status":"closed","ping_status":"closed","template":"page-templates\/side-menu.php","meta":{"_bbp_topic_count":0,"_bbp_reply_count":0,"_bbp_total_topic_count":0,"_bbp_total_reply_count":0,"_bbp_voice_count":0,"_bbp_anonymous_reply_count":0,"_bbp_topic_count_hidden":0,"_bbp_reply_count_hidden":0,"_bbp_forum_subforum_count":0,"footnotes":""},"class_list":["post-551","page","type-page","status-publish","hentry"],"post_mailing_queue_ids":[],"_links":{"self":[{"href":"https:\/\/agora.xtec.cat\/esc-mrossell\/wp-json\/wp\/v2\/pages\/551","targetHints":{"allow":["GET"]}}],"collection":[{"href":"https:\/\/agora.xtec.cat\/esc-mrossell\/wp-json\/wp\/v2\/pages"}],"about":[{"href":"https:\/\/agora.xtec.cat\/esc-mrossell\/wp-json\/wp\/v2\/types\/page"}],"author":[{"embeddable":true,"href":"https:\/\/agora.xtec.cat\/esc-mrossell\/wp-json\/wp\/v2\/users\/1"}],"replies":[{"embeddable":true,"href":"https:\/\/agora.xtec.cat\/esc-mrossell\/wp-json\/wp\/v2\/comments?post=551"}],"version-history":[{"count":3,"href":"https:\/\/agora.xtec.cat\/esc-mrossell\/wp-json\/wp\/v2\/pages\/551\/revisions"}],"predecessor-version":[{"id":2990,"href":"https:\/\/agora.xtec.cat\/esc-mrossell\/wp-json\/wp\/v2\/pages\/551\/revisions\/2990"}],"up":[{"embeddable":true,"href":"https:\/\/agora.xtec.cat\/esc-mrossell\/wp-json\/wp\/v2\/pages\/27"}],"wp:attachment":[{"href":"https:\/\/agora.xtec.cat\/esc-mrossell\/wp-json\/wp\/v2\/media?parent=551"}],"curies":[{"name":"wp","href":"https:\/\/api.w.org\/{rel}","templated":true}]}}