{"id":548,"date":"2018-10-26T18:17:59","date_gmt":"2018-10-26T16:17:59","guid":{"rendered":"http:\/\/agora.xtec.cat\/esc-mrossell\/?page_id=548"},"modified":"2021-03-24T09:22:25","modified_gmt":"2021-03-24T08:22:25","slug":"presentacio","status":"publish","type":"page","link":"https:\/\/agora.xtec.cat\/esc-mrossell\/presentacio\/","title":{"rendered":"Presentaci\u00f3"},"content":{"rendered":"<h3 id=\"yui_3_17_2_1_1549959782377_92\" class=\"sectionname\"><span id=\"yui_3_17_2_1_1549959782377_91\">INTERNATIONAL STRATEGY<\/span><\/h3>\n<div><\/div>\n<div id=\"divRpF368468\"><strong>1-Institution\u2019s international strategy<\/strong><\/div>\n<div><\/div>\n<div><\/div>\n<div>\n<div>\n<p>-The \u201cEscola Agr\u00e0ria de Viticultura I Enologia Merc\u00e8 Rossell i Dom\u00e8nech\u201d is a public school belongs to the Regional Ministry of Agriculture of Catalonia, specialised in vocational education training in viticulture, enology and wines business, and also dedicated to offer courses to winegrowers and farmers.<\/p>\n<p>-The institution is situated in Sant Sadurn\u00ed d\u2019Anoia, near Barcelona and named \u201cthe capital of CAVA\u201d, a kind of sparkling wine. The school has 7 ha of vinyeards, a cellar, 2 labs, and its perform 120 students in short cycles in viticulture, enology and wine business. The Escola also offer many courses to specialize more than 300 winegrowers and farmers.<\/p>\n<p>-The wine sector requires international working and for this reason we are promoting international mobilities between our students.\u00a0 Some exchanges and mobilities than we have made until 1995:<\/p>\n<p>1995\u00a0\u00a0\u00a0\u00a0\u00a0 Leonardo with CFPPA Lyc\u00e9e de Beaune (Bourgogne-France)<\/p>\n<p>2002\u00a0\u00a0\u00a0\u00a0\u00a0 Comenius Lyc\u00e9e Viticole N\u00eemes.<\/p>\n<p>2007\u00a0\u00a0\u00a0\u00a0\u00a0 3 practical trainings in Weinbauschule Krems, Austria.<\/p>\n<p>2007\u00a0 \u00a0 \u00a0 1 practical training in Lyc\u00e9e viticole La Tour Blanche, Bordeaux, France.<\/p>\n<p>2008\u00a0 \u00a0 \u00a0 3 practical trainings in Instituto Umberto I, Alba, Piemont, Italy.<\/p>\n<p>2008\u00a0 \u00a0 \u00a0 3 practical trainings in LEGTA Charles Baltet, Champagne, France.<\/p>\n<p>2009\u00a0 \u00a0 \u00a0 3 practical trainings in Instituto Umberto I Alba, Piemon, Italy.<\/p>\n<p>2009\u00a0 \u00a0 \u00a0 6 practical trainings in LEGTA Charles Baltet, Champagne, France.<\/p>\n<p>2010\u00a0 \u00a0 \u00a0 2 practical trainings in France (Lyc\u00e9e de Beaune, Bourgogne).<\/p>\n<p>2009\/11\u00a0 Comenius \u201cWater for Life\u201d. Exchances between our school, Lyc\u00e9e viticole La Tour Blanche, Weinbauschule of Eisenstadt (Austria), and North Ireland school from Belfast.<\/p>\n<p>2011\u00a0 \u00a0 3 practical training in Italy (Instituto Umberto I Alba). 2 practical trainings in France( Lyc\u00e9e Montagne, Bordeaux).<\/p>\n<p>2012\u00a0 \u00a0 2 students practical trainings in cellars from Bourgogne (partner school Lyc\u00e9e de Beaune, Bourgogne, France).<\/p>\n<p>2013\u00a0 \u00a0 2 students practical trainings in cellars from Bourgogne and 2 in cellars from Champagne (partner school Lyc\u00e9e de Beaune, Bourgogne, France).<\/p>\n<p>2014\u00a0 \u00a0 5 sutudents from Isituto Umberto I (Piemonte-Italy) came to our region and they did\u00a0 practical trainings in differents cellars.<\/p>\n<p>2016\u00a0 \u00a0 2 students in practical trainings in a cellar from Istituto Agrario San Michele Fondazione E. Mach. Trentino-Alto Adige. Italy<\/p>\n<p>2017\u00a0 \u00a0 1 student in practical trainings in a cellar from Istituto Agrario San Michele Fondazione E. Mach. Trentino-Alto Adige. Italy<\/p>\n<p>2017\u00a0 \u00a0 Informative meeting with Lyc\u00e9e Avize to make exchanges in the next years.<\/p>\n<p>2019\u00a0 \u00a0 4 students in internship from\u00a0 <a href=\"http:\/\/www.avizeviticampus.fr\/\">Avize Viticampus<\/a>\u00a0 in our school and <a href=\"https:\/\/www.raventos.com\/\">Ravent\u00f3s i Blanc<\/a><\/p>\n<p>1 student from Escola d&#8217;Espiells did a traineeship at Champagne Region (<a href=\"https:\/\/www.union-champagne.fr\/\">Union Champagne<\/a> and <a href=\"https:\/\/www.champagne-paul-launois.fr\/\">Paul Launois<\/a>)<\/p>\n<p>2020\u00a0 \u00a0 1 student form Escola Espiells went to <a href=\"http:\/\/www.fabriziodionisio.it\">Fabrizio Dionisio<\/a> inToscana Region in Italy<\/p>\n<p><a href=\"https:\/\/ec.europa.eu\/programmes\/erasmus-plus\/projects\/eplus-project-details\/#project\/2020-1-ES01-KA103-078487\">ERASMUS PROJECT 2020-21<\/a> includes a second mobility of High Education in 2021<\/p>\n<p>-Since the school was funding in 1988, we are member of the Association of European vine school, association that meets every two years in a different European country, to further exchanges qnd pratical trainings between european schools.<\/p>\n<p>We wolud like to maintain the existing good partners and would like to look for new strong partner schools in different wine regions from\u00a0 Europe. Every course we prepare some students to do international mobilities in Europe.<\/p>\n<\/div>\n<\/div>\n<p id=\"yui_3_17_2_1_1549959782377_100\">Links:<\/p>\n<p id=\"yui_3_17_2_1_1549959782377_106\"><span id=\"yui_3_17_2_1_1549959782377_105\"><span id=\"yui_3_17_2_1_1549959782377_104\"><a id=\"yui_3_17_2_1_1549959782377_103\" title=\"Curricula Vitivinicultura\" href=\"http:\/\/www20.gencat.cat\/portal\/site\/portaldogc\/menuitem.c973d2fc58aa0083e4492d92b0c0e1a0\/?action=fitxa&amp;documentId=626454&amp;languageFitxa=es_ES&amp;newLang=es_ES\" target=\"_blank\" rel=\"noopener noreferrer\">Curricula of Grau Superior en Vitivinicultura<\/a>\u00a0(in spanish)<\/span><\/span><\/p>\n<p><a href=\"https:\/\/dogc.gencat.cat\/es\/pdogc_canals_interns\/pdogc_resultats_fitxa\/index.html?action=fitxa&amp;mode=single&amp;documentId=822050&amp;language=ca_ES&amp;newLang=es\" target=\"_blank\" rel=\"noopener noreferrer\">Curricula of Grau Superior en M\u00e0rqueting\u00a0i Publicitat (enol\u00f2gic<\/a><a title=\"Curricula Gesti\u00f3 Comercial i M\u00e0rqueting\" href=\"http:\/\/portaldogc.gencat.cat\/utilsEADOP\/PDF\/2175\/758362.pdf\" target=\"_blank\" rel=\"noopener noreferrer\">) <\/a>\u00a0(in spanish)<\/p>\n","protected":false},"excerpt":{"rendered":"<p>INTERNATIONAL STRATEGY<\/p>\n<p>1-Institution\u2019s international strategy<\/p>\n<p>-The \u201cEscola Agr\u00e0ria de Viticultura I Enologia Merc\u00e8 Rossell i Dom\u00e8nech\u201d is a public school belongs to the Regional Ministry of Agriculture of Catalonia, specialised in vocational education training in viticulture, enology and wines business, and also dedicated to offer courses to&hellip;  <a href=\"https:\/\/agora.xtec.cat\/esc-mrossell\/presentacio\/\" title=\"Read Presentaci\u00f3\">Llegeix m\u00e9s\u00bb<\/a><\/p>\n","protected":false},"author":1,"featured_media":0,"parent":0,"menu_order":0,"comment_status":"closed","ping_status":"closed","template":"page-templates\/side-menu.php","meta":{"_bbp_topic_count":0,"_bbp_reply_count":0,"_bbp_total_topic_count":0,"_bbp_total_reply_count":0,"_bbp_voice_count":0,"_bbp_anonymous_reply_count":0,"_bbp_topic_count_hidden":0,"_bbp_reply_count_hidden":0,"_bbp_forum_subforum_count":0,"footnotes":""},"class_list":["post-548","page","type-page","status-publish","hentry"],"post_mailing_queue_ids":[],"_links":{"self":[{"href":"https:\/\/agora.xtec.cat\/esc-mrossell\/wp-json\/wp\/v2\/pages\/548","targetHints":{"allow":["GET"]}}],"collection":[{"href":"https:\/\/agora.xtec.cat\/esc-mrossell\/wp-json\/wp\/v2\/pages"}],"about":[{"href":"https:\/\/agora.xtec.cat\/esc-mrossell\/wp-json\/wp\/v2\/types\/page"}],"author":[{"embeddable":true,"href":"https:\/\/agora.xtec.cat\/esc-mrossell\/wp-json\/wp\/v2\/users\/1"}],"replies":[{"embeddable":true,"href":"https:\/\/agora.xtec.cat\/esc-mrossell\/wp-json\/wp\/v2\/comments?post=548"}],"version-history":[{"count":3,"href":"https:\/\/agora.xtec.cat\/esc-mrossell\/wp-json\/wp\/v2\/pages\/548\/revisions"}],"predecessor-version":[{"id":2343,"href":"https:\/\/agora.xtec.cat\/esc-mrossell\/wp-json\/wp\/v2\/pages\/548\/revisions\/2343"}],"wp:attachment":[{"href":"https:\/\/agora.xtec.cat\/esc-mrossell\/wp-json\/wp\/v2\/media?parent=548"}],"curies":[{"name":"wp","href":"https:\/\/api.w.org\/{rel}","templated":true}]}}