{"id":468,"date":"2018-10-23T19:57:24","date_gmt":"2018-10-23T17:57:24","guid":{"rendered":"http:\/\/agora.xtec.cat\/esc-mrossell\/?page_id=468"},"modified":"2026-01-25T11:08:55","modified_gmt":"2026-01-25T10:08:55","slug":"grau-mitja-en-olis-doliva-i-vins","status":"publish","type":"page","link":"https:\/\/agora.xtec.cat\/esc-mrossell\/formacio-professional\/grau-mitja-en-olis-doliva-i-vins\/","title":{"rendered":"Grau mitj\u00e0 en olis d&#8217;oliva i vins"},"content":{"rendered":"<p><a href=\"https:\/\/agora.xtec.cat\/esc-mrossell\/wp-content\/uploads\/usu1609\/2019\/01\/CURSOS-FP-01.jpg\"><img loading=\"lazy\" decoding=\"async\" class=\"alignnone size-full wp-image-704\" src=\"https:\/\/agora.xtec.cat\/esc-mrossell\/wp-content\/uploads\/usu1609\/2019\/01\/CURSOS-FP-01.jpg\" sizes=\"auto, (max-width: 1754px) 100vw, 1754px\" srcset=\"https:\/\/agora.xtec.cat\/esc-mrossell\/wp-content\/uploads\/usu1609\/2019\/01\/CURSOS-FP-01.jpg 1754w, https:\/\/agora.xtec.cat\/esc-mrossell\/wp-content\/uploads\/usu1609\/2019\/01\/CURSOS-FP-01-300x106.jpg 300w, https:\/\/agora.xtec.cat\/esc-mrossell\/wp-content\/uploads\/usu1609\/2019\/01\/CURSOS-FP-01-768x272.jpg 768w, https:\/\/agora.xtec.cat\/esc-mrossell\/wp-content\/uploads\/usu1609\/2019\/01\/CURSOS-FP-01-1024x363.jpg 1024w\" alt=\"\" width=\"1754\" height=\"621\" \/><\/a><\/p>\n<p style=\"text-align: center;\"><img loading=\"lazy\" decoding=\"async\" src=\"https:\/\/mcusercontent.com\/778e7917527907b7335ebfb59\/images\/21f41253-c859-4b7d-8294-ff234aa181f7.jpg\" width=\"30\" height=\"22\" data-file-id=\"5529067\" data-cke-saved-src=\"https:\/\/mcusercontent.com\/778e7917527907b7335ebfb59\/images\/21f41253-c859-4b7d-8294-ff234aa181f7.jpg\" \/> 420\u20ac<br \/>\n<img loading=\"lazy\" decoding=\"async\" src=\"https:\/\/mcusercontent.com\/778e7917527907b7335ebfb59\/images\/83259613-075c-440f-a51e-676e94814856.png\" width=\"30\" height=\"30\" data-file-id=\"5529055\" data-cke-saved-src=\"https:\/\/mcusercontent.com\/778e7917527907b7335ebfb59\/images\/83259613-075c-440f-a51e-676e94814856.png\" \/> 2.000 h.<br \/>\n<img loading=\"lazy\" decoding=\"async\" src=\"https:\/\/mcusercontent.com\/778e7917527907b7335ebfb59\/images\/2f67418f-9ac8-4b2a-a384-dba45beb27c7.png\" width=\"30\" height=\"30\" data-file-id=\"5529059\" data-cke-saved-src=\"https:\/\/mcusercontent.com\/778e7917527907b7335ebfb59\/images\/2f67418f-9ac8-4b2a-a384-dba45beb27c7.png\" \/> Dos cursos lectius<\/p>\n<p style=\"text-align: center;\"><strong>(curr\u00edculum nova llei d&#8217;FP &#8211; <a href=\"https:\/\/www.boe.es\/boe\/dias\/2022\/04\/01\/pdfs\/BOE-A-2022-5139.pdf\" target=\"_blank\" rel=\"noopener\">Llei Org\u00e1nica 3\/2022<\/a>, de 31 de mar\u00e7-)<\/strong><\/p>\n<p><strong>OBJECTIU<\/strong><\/p>\n<p>El Cicle Formatiu de Grau Mitj\u00e0 d\u2019Elaboraci\u00f3 d\u2019Olis d\u2019Oliva i Vins t\u00e9 com a objectiu la capacitaci\u00f3 de l\u2019alumnat per treballar en alm\u00e0sseres o cellers, tot formant-los per dur a terme les operacions d\u2019extracci\u00f3, elaboraci\u00f3 i envasament d\u2019olis i vins, i tamb\u00e9 per utilitzar la maquin\u00e0ria i els equips corresponents i fer-ne un manteniment de primer nivell.<\/p>\n<p><a href=\"https:\/\/educaciodigital.cat\/esc-mrossell\/moodle\/pluginfile.php\/124850\/mod_resource\/content\/1\/EA_StSdAnoia%20CFGM%20olis%20oliva%20i%20vins-ALTA.pdf\"><img loading=\"lazy\" decoding=\"async\" class=\"alignnone wp-image-3635\" src=\"https:\/\/agora.xtec.cat\/esc-mrossell\/wp-content\/uploads\/usu1609\/2022\/02\/images-4.png\" alt=\"\" width=\"111\" height=\"111\" srcset=\"https:\/\/agora.xtec.cat\/esc-mrossell\/wp-content\/uploads\/usu1609\/2022\/02\/images-4.png 225w, https:\/\/agora.xtec.cat\/esc-mrossell\/wp-content\/uploads\/usu1609\/2022\/02\/images-4-150x150.png 150w\" sizes=\"auto, (max-width: 111px) 100vw, 111px\" \/><\/a><a href=\"https:\/\/educaciodigital.cat\/esc-mrossell\/moodle\/pluginfile.php\/124850\/mod_resource\/content\/1\/EA_StSdAnoia%20CFGM%20olis%20oliva%20i%20vins-ALTA.pdf\" target=\"_blank\" rel=\"noopener noreferrer\">\u00a0Tr\u00edptic del cicle<\/a><\/p>\n<p><strong>DURADA<\/strong><\/p>\n<p>\u2013 2.000 hores<br \/>\n\u2013 Formaci\u00f3 a l\u2019escola: 1.485hores<br \/>\n\u2013 Formaci\u00f3 en centres de treball: 515 hores<\/p>\n<p><strong>COST<\/strong><\/p>\n<p>Sols cal pagar el material (uns 405\u20ac aprox.) i l\u2019asseguran\u00e7a escolar (1,12\u20ac).<\/p>\n<p><strong>PROGRAMA<\/strong><\/p>\n<p>Mat\u00e8ries primeres i productes en la ind\u00fastria oliera, vin\u00edcola i d\u2019altres begudes<br \/>\nExtracci\u00f3 d\u2019olis d\u2019oliva<br \/>\nElaboraci\u00f3 de vins<br \/>\nPrincipis de manteniment electromec\u00e0nic<br \/>\nCondicionament d\u2019olis d\u2019oliva<br \/>\nElaboraci\u00f3 d\u2019altres begudes i derivats<br \/>\nAn\u00e0lisi sensorial<br \/>\nVenda i comercialitzaci\u00f3 de productes alimentaris<br \/>\nOperacions i control de magatzem en la ind\u00fastria aliment\u00e0ria<br \/>\nSeguretat i higiene en la manipulaci\u00f3 d\u2019aliments<br \/>\nFormaci\u00f3 i orientaci\u00f3 laboral<br \/>\nEmpresa i iniciativa emprenedora<br \/>\nFormaci\u00f3 en centres de treball<\/p>\n<p><strong>REQUISITS D\u2019ACC\u00c9S<\/strong><\/p>\n<p>\u2013 Graduat en ESO<br \/>\n\u2013 Prova d\u2019acc\u00e9s als cicles formatius<br \/>\n\u2013 T\u00edtol de FP1 (qualsevol especialitat)<br \/>\n\u2013 Tenir aprovat el 2n de BUP<\/p>\n<p><a href=\"https:\/\/agora.xtec.cat\/esc-mrossell\/wp-content\/uploads\/usu1609\/2026\/01\/o_IA30_olis_oliva_vins_20240428.docx\">Decret del curr\u00edculum<\/a><\/p>\n<div class=\"addtoany_share_save_container addtoany_content_bottom\">\n<div class=\"a2a_kit a2a_kit_size_25 addtoany_list\" data-a2a-url=\"https:\/\/agora.xtec.cat\/esc-mrossell\/formacio-professional\/grau-mitja-en-olis-doliva-i-vins\/\" data-a2a-title=\"Grau mitj\u00e0 en olis d\u2019oliva i vins\"><\/div>\n<\/div>\n","protected":false},"excerpt":{"rendered":"<p><a href=\"https:\/\/agora.xtec.cat\/esc-mrossell\/wp-content\/uploads\/usu1609\/2019\/01\/CURSOS-FP-01.jpg\"><\/a><br \/>\n 420\u20ac<br \/>\n 2.000 h.<br \/>\n Dos cursos lectius<br \/>\n(curr\u00edculum nova llei d&#8217;FP &#8211; <a href=\"https:\/\/www.boe.es\/boe\/dias\/2022\/04\/01\/pdfs\/BOE-A-2022-5139.pdf\" target=\"_blank\" rel=\"noopener\">Llei Org\u00e1nica 3\/2022<\/a>, de 31 de mar\u00e7-)<br \/>\nOBJECTIU<br \/>\nEl Cicle Formatiu de Grau Mitj\u00e0 d\u2019Elaboraci\u00f3 d\u2019Olis d\u2019Oliva i Vins t\u00e9 com a objectiu la capacitaci\u00f3 de l\u2019alumnat per treballar en alm\u00e0sseres o&hellip;  <a href=\"https:\/\/agora.xtec.cat\/esc-mrossell\/formacio-professional\/grau-mitja-en-olis-doliva-i-vins\/\" title=\"Read Grau mitj\u00e0 en olis d&#8217;oliva i vins\">Llegeix m\u00e9s\u00bb<\/a><\/p>\n","protected":false},"author":1,"featured_media":0,"parent":703,"menu_order":0,"comment_status":"closed","ping_status":"closed","template":"page-templates\/side-menu.php","meta":{"_bbp_topic_count":0,"_bbp_reply_count":0,"_bbp_total_topic_count":0,"_bbp_total_reply_count":0,"_bbp_voice_count":0,"_bbp_anonymous_reply_count":0,"_bbp_topic_count_hidden":0,"_bbp_reply_count_hidden":0,"_bbp_forum_subforum_count":0,"footnotes":""},"class_list":["post-468","page","type-page","status-publish","hentry"],"post_mailing_queue_ids":[],"_links":{"self":[{"href":"https:\/\/agora.xtec.cat\/esc-mrossell\/wp-json\/wp\/v2\/pages\/468","targetHints":{"allow":["GET"]}}],"collection":[{"href":"https:\/\/agora.xtec.cat\/esc-mrossell\/wp-json\/wp\/v2\/pages"}],"about":[{"href":"https:\/\/agora.xtec.cat\/esc-mrossell\/wp-json\/wp\/v2\/types\/page"}],"author":[{"embeddable":true,"href":"https:\/\/agora.xtec.cat\/esc-mrossell\/wp-json\/wp\/v2\/users\/1"}],"replies":[{"embeddable":true,"href":"https:\/\/agora.xtec.cat\/esc-mrossell\/wp-json\/wp\/v2\/comments?post=468"}],"version-history":[{"count":6,"href":"https:\/\/agora.xtec.cat\/esc-mrossell\/wp-json\/wp\/v2\/pages\/468\/revisions"}],"predecessor-version":[{"id":14074,"href":"https:\/\/agora.xtec.cat\/esc-mrossell\/wp-json\/wp\/v2\/pages\/468\/revisions\/14074"}],"up":[{"embeddable":true,"href":"https:\/\/agora.xtec.cat\/esc-mrossell\/wp-json\/wp\/v2\/pages\/703"}],"wp:attachment":[{"href":"https:\/\/agora.xtec.cat\/esc-mrossell\/wp-json\/wp\/v2\/media?parent=468"}],"curies":[{"name":"wp","href":"https:\/\/api.w.org\/{rel}","templated":true}]}}