{"id":39,"date":"2014-09-17T16:36:44","date_gmt":"2014-09-17T16:36:44","guid":{"rendered":"http:\/\/agora.xtec.cat\/esc-mrossell\/?page_id=39"},"modified":"2021-11-15T12:25:05","modified_gmt":"2021-11-15T11:25:05","slug":"instal%c2%b7lacions","status":"publish","type":"page","link":"https:\/\/agora.xtec.cat\/esc-mrossell\/historia\/instal%c2%b7lacions\/","title":{"rendered":"Instal\u00b7lacions"},"content":{"rendered":"\r\n\t<div class=\"slideshow_container slideshow_container_style-light\" style=\"height: 200px; \" data-slideshow-id=\"31\" data-style-name=\"style-light\" data-style-version=\"2.3.1\" >\r\n\r\n\t\t\t\t\t<div class=\"slideshow_loading_icon\"><\/div>\r\n\t\t\r\n\t\t<div class=\"slideshow_content\" style=\"display: none;\">\r\n\r\n\t\t\t<div class=\"slideshow_view\">\r\n\t\t\t\t<div class=\"slideshow_slide slideshow_slide_image\">\r\n\t\t\t\t\t\t\t\t\t\t\t<img src=\"https:\/\/agora.xtec.cat\/esc-mrossell\/wp-content\/uploads\/usu1609\/2019\/03\/sala_actes.jpg\" alt=\"sala_actes\" width=\"615\" height=\"461\" \/>\r\n\t\t\t\t\t\t\t\t\t\t<div class=\"slideshow_description_box slideshow_transparent\">\r\n\t\t\t\t\t\t<div class=\"slideshow_title\">sala_actes<\/div>\t\t\t\t\t\t\t\t\t\t\t<\/div>\r\n\t\t\t\t<\/div>\r\n\r\n\t\t\t\t\t\t<div style=\"clear: both;\"><\/div><\/div><div class=\"slideshow_view\">\r\n\t\t\t\t<div class=\"slideshow_slide slideshow_slide_image\">\r\n\t\t\t\t\t\t\t\t\t\t\t<img src=\"https:\/\/agora.xtec.cat\/esc-mrossell\/wp-content\/uploads\/usu1609\/2019\/03\/sala_botes.jpg\" alt=\"sala_botes\" width=\"615\" height=\"461\" \/>\r\n\t\t\t\t\t\t\t\t\t\t<div class=\"slideshow_description_box slideshow_transparent\">\r\n\t\t\t\t\t\t<div class=\"slideshow_title\">sala_botes<\/div>\t\t\t\t\t\t\t\t\t\t\t<\/div>\r\n\t\t\t\t<\/div>\r\n\r\n\t\t\t\t\t\t<div style=\"clear: both;\"><\/div><\/div><div class=\"slideshow_view\">\r\n\t\t\t\t<div class=\"slideshow_slide slideshow_slide_image\">\r\n\t\t\t\t\t\t\t\t\t\t\t<img src=\"https:\/\/agora.xtec.cat\/esc-mrossell\/wp-content\/uploads\/usu1609\/2019\/03\/sala_fermentacio.jpg\" alt=\"sala_fermentacio\" width=\"461\" height=\"615\" \/>\r\n\t\t\t\t\t\t\t\t\t\t<div class=\"slideshow_description_box slideshow_transparent\">\r\n\t\t\t\t\t\t<div class=\"slideshow_title\">sala_fermentacio<\/div>\t\t\t\t\t\t\t\t\t\t\t<\/div>\r\n\t\t\t\t<\/div>\r\n\r\n\t\t\t\t\t\t<div style=\"clear: both;\"><\/div><\/div><div class=\"slideshow_view\">\r\n\t\t\t\t<div class=\"slideshow_slide slideshow_slide_image\">\r\n\t\t\t\t\t\t\t\t\t\t\t<img src=\"https:\/\/agora.xtec.cat\/esc-mrossell\/wp-content\/uploads\/usu1609\/2019\/03\/sala_monells_laboratori.jpg\" alt=\"sala_monells_laboratori\" width=\"615\" height=\"461\" \/>\r\n\t\t\t\t\t\t\t\t\t\t<div class=\"slideshow_description_box slideshow_transparent\">\r\n\t\t\t\t\t\t<div class=\"slideshow_title\">sala_monells_laboratori<\/div>\t\t\t\t\t\t\t\t\t\t\t<\/div>\r\n\t\t\t\t<\/div>\r\n\r\n\t\t\t\t\t\t<div style=\"clear: both;\"><\/div><\/div><div class=\"slideshow_view\">\r\n\t\t\t\t<div class=\"slideshow_slide slideshow_slide_image\">\r\n\t\t\t\t\t\t\t\t\t\t\t<img src=\"https:\/\/agora.xtec.cat\/esc-mrossell\/wp-content\/uploads\/usu1609\/2019\/03\/sala_tast.jpg\" alt=\"sala_tast\" width=\"615\" height=\"461\" \/>\r\n\t\t\t\t\t\t\t\t\t\t<div class=\"slideshow_description_box slideshow_transparent\">\r\n\t\t\t\t\t\t<div class=\"slideshow_title\">sala_tast<\/div>\t\t\t\t\t\t\t\t\t\t\t<\/div>\r\n\t\t\t\t<\/div>\r\n\r\n\t\t\t\t\t\t<div style=\"clear: both;\"><\/div><\/div><div class=\"slideshow_view\">\r\n\t\t\t\t<div class=\"slideshow_slide slideshow_slide_image\">\r\n\t\t\t\t\t\t\t\t\t\t\t<img src=\"https:\/\/agora.xtec.cat\/esc-mrossell\/wp-content\/uploads\/usu1609\/2019\/03\/escola_monells_bodega.jpg\" alt=\"escola_monells_bodega\" width=\"615\" height=\"461\" \/>\r\n\t\t\t\t\t\t\t\t\t\t<div class=\"slideshow_description_box slideshow_transparent\">\r\n\t\t\t\t\t\t<div class=\"slideshow_title\">escola_monells_bodega<\/div>\t\t\t\t\t\t\t\t\t\t\t<\/div>\r\n\t\t\t\t<\/div>\r\n\r\n\t\t\t\t\t\t<div style=\"clear: both;\"><\/div><\/div><div class=\"slideshow_view\">\r\n\t\t\t\t<div class=\"slideshow_slide slideshow_slide_image\">\r\n\t\t\t\t\t\t\t\t\t\t\t<img src=\"https:\/\/agora.xtec.cat\/esc-mrossell\/wp-content\/uploads\/usu1609\/2019\/03\/escola_monells_interior.jpg\" alt=\"escola_monells_interior\" width=\"1000\" height=\"750\" \/>\r\n\t\t\t\t\t\t\t\t\t\t<div class=\"slideshow_description_box slideshow_transparent\">\r\n\t\t\t\t\t\t<div class=\"slideshow_title\">escola_monells_interior<\/div>\t\t\t\t\t\t\t\t\t\t\t<\/div>\r\n\t\t\t\t<\/div>\r\n\r\n\t\t\t\t\t\t<div style=\"clear: both;\"><\/div><\/div>\r\n\t\t<\/div>\r\n\r\n\t\t<div class=\"slideshow_controlPanel slideshow_transparent\" style=\"display: none;\"><ul><li class=\"slideshow_togglePlay\" data-play-text=\"Visualitza\" data-pause-text=\"Pausa\"><\/li><\/ul><\/div>\r\n\r\n\t\t<div class=\"slideshow_button slideshow_previous slideshow_transparent\" role=\"button\" data-previous-text=\"Anterior\" style=\"display: none;\"><\/div>\r\n\t\t<div class=\"slideshow_button slideshow_next slideshow_transparent\" role=\"button\" data-next-text=\"Seg\u00fcent\" style=\"display: none;\"><\/div>\r\n\r\n\t\t<div class=\"slideshow_pagination\" style=\"display: none;\" data-go-to-text=\"V\u00e9s a la diapositiva\"><div class=\"slideshow_pagination_center\"><\/div><\/div>\r\n\r\n\t\t<!-- WordPress Slideshow Version 2.3.1 -->\r\n\r\n\t\t\t<\/div>\r\n\r\n\n<p><strong>Equipament docent Aules<\/strong><\/p>\n<ul>\n<li>Aules pel treball en grup<\/li>\n<li>Laboratori docent i laboratori d&#8217;an\u00e0lisi enol\u00f2gica<\/li>\n<li>Sala de tast amb\u00a0cabines<\/li>\n<li>Aula d&#8217;inform\u00e0tica<\/li>\n<li>Biblioteca<\/li>\n<li>Sala d\u2019actes (capacitat 100 persones)<\/li>\n<\/ul>\n<p><strong>Explotaci\u00f3 agr\u00e0ria<\/strong><\/p>\n<ul>\n<li>Superf\u00edcie agr\u00e0ria de 11 hect\u00e0rees<\/li>\n<li>5 hect\u00e0rees en explotaci\u00f3 amb 15 varietats de vinya<\/li>\n<li>1 Hect\u00e0rea d\u2019oliveres amb col\u00b7lecci\u00f3 de varietats<\/li>\n<li>Col\u00b7lecci\u00f3 de clons de vinya per a la millora varietal (INCAVI)<\/li>\n<li>Maquin\u00e0ria agr\u00edcola de vinya<\/li>\n<li>Magatzems de maquin\u00e0ria<\/li>\n<li>Tractors<\/li>\n<li><a href=\"http:\/\/www.tamic.es\/opendata\/datachart_escolaespiells_open.php\" target=\"_blank\" rel=\"noopener\">ESTACI\u00d3 METEOROL\u00d2GICA ESCOLA ESPIELLS<\/a><\/li>\n<\/ul>\n<p><strong>Explotaci\u00f3 vin\u00edcola\u00a0<\/strong><\/p>\n<ul>\n<li>Recepci\u00f3 de verema<\/li>\n<li>Premsa pneum\u00e0tica<\/li>\n<li>Tines refrigerades per vinificaci\u00f3 independent<\/li>\n<li>Tines autobuidants per vinificaci\u00f3 en negres<\/li>\n<li>Control digital de la temperatura de fermentaci\u00f3<\/li>\n<li>Equipaments per estabilitzaci\u00f3 dels vins<\/li>\n<li>B\u00f3tes de roure i castanyer<\/li>\n<li>Caves d\u2019envelliment refrigerades<\/li>\n<li>L\u00ednia d\u2019embotellament semiautom\u00e0tica<\/li>\n<li>L\u00ednia d\u2019expedici\u00f3 del cava<\/li>\n<\/ul>\n<p><strong>Altres elaboracions<\/strong><\/p>\n<ul>\n<li>Mol\u00ed d&#8217;oli<\/li>\n<li>Micro planta d&#8217;elaboraci\u00f3 de cervesa<\/li>\n<\/ul>\n","protected":false},"excerpt":{"rendered":"<p>\t\t\t\t\t\tsala_actes\t\t\t\t\t\t\t\t\t\t\t<\/p>\n<p>\t\t\t\t\t\tsala_botes\t\t\t\t\t\t\t\t\t\t\t<\/p>\n<p>\t\t\t\t\t\tsala_fermentacio\t\t\t\t\t\t\t\t\t\t\t<\/p>\n<p>\t\t\t\t\t\tsala_monells_laboratori\t\t\t\t\t\t\t\t\t\t\t<\/p>\n<p>\t\t\t\t\t\tsala_tast\t\t\t\t\t\t\t\t\t\t\t<\/p>\n<p>\t\t\t\t\t\tescola_monells_bodega\t\t\t\t\t\t\t\t\t\t\t<\/p>\n<p>\t\t\t\t\t\tescola_monells_interior\t\t\t\t\t\t\t\t\t\t\t<\/p>\n<ul>\n<li class=\"slideshow_togglePlay\" data-play-text=\"Visualitza\" data-pause-text=\"Pausa\"><\/li>\n<\/ul>\n<p>Equipament docent Aules<\/p>\n<ul>\n<li>Aules pel treball en grup<\/li>\n<li>Laboratori docent i laboratori d&#8217;an\u00e0lisi enol\u00f2gica<\/li>\n<li>Sala de tast amb\u00a0cabines<\/li>\n<li>Aula d&#8217;inform\u00e0tica<\/li>\n<li>Biblioteca<\/li>\n<li>Sala d\u2019actes (capacitat 100 persones)<\/li>\n<\/ul>\n<p>Explotaci\u00f3 agr\u00e0ria<\/p>\n<ul>\n<li>Superf\u00edcie agr\u00e0ria de 11 hect\u00e0rees<\/li>\n<li>5 hect\u00e0rees en explotaci\u00f3 amb 15 varietats de vinya<\/li>\n<li>1 Hect\u00e0rea d\u2019oliveres amb col\u00b7lecci\u00f3 de varietats<\/li>\n<li>Col\u00b7lecci\u00f3 de clons de&hellip;  <a href=\"https:\/\/agora.xtec.cat\/esc-mrossell\/historia\/instal%c2%b7lacions\/\" title=\"Read Instal\u00b7lacions\">Llegeix m\u00e9s\u00bb<\/a><br \/>\n","protected":false},"author":1,"featured_media":0,"parent":27,"menu_order":30,"comment_status":"closed","ping_status":"closed","template":"page-templates\/side-menu.php","meta":{"_bbp_topic_count":0,"_bbp_reply_count":0,"_bbp_total_topic_count":0,"_bbp_total_reply_count":0,"_bbp_voice_count":0,"_bbp_anonymous_reply_count":0,"_bbp_topic_count_hidden":0,"_bbp_reply_count_hidden":0,"_bbp_forum_subforum_count":0,"footnotes":""},"class_list":["post-39","page","type-page","status-publish","hentry"],"post_mailing_queue_ids":[],"_links":{"self":[{"href":"https:\/\/agora.xtec.cat\/esc-mrossell\/wp-json\/wp\/v2\/pages\/39","targetHints":{"allow":["GET"]}}],"collection":[{"href":"https:\/\/agora.xtec.cat\/esc-mrossell\/wp-json\/wp\/v2\/pages"}],"about":[{"href":"https:\/\/agora.xtec.cat\/esc-mrossell\/wp-json\/wp\/v2\/types\/page"}],"author":[{"embeddable":true,"href":"https:\/\/agora.xtec.cat\/esc-mrossell\/wp-json\/wp\/v2\/users\/1"}],"replies":[{"embeddable":true,"href":"https:\/\/agora.xtec.cat\/esc-mrossell\/wp-json\/wp\/v2\/comments?post=39"}],"version-history":[{"count":3,"href":"https:\/\/agora.xtec.cat\/esc-mrossell\/wp-json\/wp\/v2\/pages\/39\/revisions"}],"predecessor-version":[{"id":3255,"href":"https:\/\/agora.xtec.cat\/esc-mrossell\/wp-json\/wp\/v2\/pages\/39\/revisions\/3255"}],"up":[{"embeddable":true,"href":"https:\/\/agora.xtec.cat\/esc-mrossell\/wp-json\/wp\/v2\/pages\/27"}],"wp:attachment":[{"href":"https:\/\/agora.xtec.cat\/esc-mrossell\/wp-json\/wp\/v2\/media?parent=39"}],"curies":[{"name":"wp","href":"https:\/\/api.w.org\/{rel}","templated":true}]}}