{"id":3109,"date":"2021-09-15T01:21:26","date_gmt":"2021-09-14T23:21:26","guid":{"rendered":"https:\/\/agora.xtec.cat\/esc-mrossell\/?page_id=3109"},"modified":"2025-07-03T11:35:12","modified_gmt":"2025-07-03T09:35:12","slug":"equip-directiu-del-centre","status":"publish","type":"page","link":"https:\/\/agora.xtec.cat\/esc-mrossell\/equip-directiu-del-centre\/","title":{"rendered":"Equip hum\u00e0"},"content":{"rendered":"<h4 style=\"text-align: center;\"><span style=\"color: #0000ff;\"><strong><a href=\"https:\/\/agora.xtec.cat\/esc-mrossell\/wp-content\/uploads\/usu1609\/2021\/09\/png-clipart-computer-icons-desktop-lack-teamwork-at-work-silhouette-desktop-wallpaper.png\"><img loading=\"lazy\" decoding=\"async\" class=\"alignnone wp-image-3120\" src=\"https:\/\/agora.xtec.cat\/esc-mrossell\/wp-content\/uploads\/usu1609\/2021\/09\/png-clipart-computer-icons-desktop-lack-teamwork-at-work-silhouette-desktop-wallpaper-300x300.png\" alt=\"\" width=\"118\" height=\"118\" srcset=\"https:\/\/agora.xtec.cat\/esc-mrossell\/wp-content\/uploads\/usu1609\/2021\/09\/png-clipart-computer-icons-desktop-lack-teamwork-at-work-silhouette-desktop-wallpaper-300x300.png 300w, https:\/\/agora.xtec.cat\/esc-mrossell\/wp-content\/uploads\/usu1609\/2021\/09\/png-clipart-computer-icons-desktop-lack-teamwork-at-work-silhouette-desktop-wallpaper-150x150.png 150w, https:\/\/agora.xtec.cat\/esc-mrossell\/wp-content\/uploads\/usu1609\/2021\/09\/png-clipart-computer-icons-desktop-lack-teamwork-at-work-silhouette-desktop-wallpaper-768x768.png 768w, https:\/\/agora.xtec.cat\/esc-mrossell\/wp-content\/uploads\/usu1609\/2021\/09\/png-clipart-computer-icons-desktop-lack-teamwork-at-work-silhouette-desktop-wallpaper.png 900w\" sizes=\"auto, (max-width: 118px) 100vw, 118px\" \/><\/a> <\/strong><\/span><\/h4>\n<h4 style=\"text-align: center;\"><span style=\"color: #0000ff;\"><strong><span style=\"color: #008000;\">Curs 2025-26<\/span><\/strong><\/span><\/h4>\n<h6><span style=\"color: #008000;\"><strong>\u00a0Equip directiu:<\/strong><\/span><\/h6>\n<ul>\n<li style=\"list-style-type: none;\">\n<ul>\n<li><span style=\"color: #000000;\">Direcci\u00f3:\u00a0 \u00a0 \u00a0 \u00a0 \u00a0 Joan Sol\u00e9<\/span><\/li>\n<li><span style=\"color: #000000;\">Cap d&#8217;estudis: Montserrat Amat<\/span><\/li>\n<li><span style=\"color: #000000;\">Secretaria:\u00a0 \u00a0 \u00a0 \u00a0Pilar Abajo<\/span><\/li>\n<\/ul>\n<\/li>\n<\/ul>\n<h6><span style=\"color: #008000;\"><strong>T\u00e8cnics i staff<\/strong><\/span><\/h6>\n<ul>\n<li style=\"list-style-type: none;\">\n<ul style=\"list-style-type: square;\">\n<li>15 t\u00e8cnics docents<\/li>\n<li>5 professors externs<\/li>\n<li>1 t\u00e8cnic de celler<\/li>\n<li>1 oficial de camp<\/li>\n<li>1 administrativa i 1 refor\u00e7 administratiu extern<\/li>\n<li>2 subalterns<\/li>\n<\/ul>\n<\/li>\n<\/ul>\n<p><em style=\"font-family: inherit; font-size: 1em;\">(Especialitzacions: Enginyers\/res Agr\u00f2noms i agr\u00edcoles , Economistes, Enginyers Industrials, En\u00f2legs\/gues, Qu\u00edmics, Dissenyadors gr\u00e0fics)<\/em><\/p>\n<h2 style=\"text-align: left;\"><span style=\"color: #008000;\">Entrevista amb Joan Sol\u00e9, director\u00a0<\/span><\/h2>\n<div id=\"page\" class=\"hfeed site\">\n<div id=\"main\" class=\"wrapper\">\n<div id=\"primary\" class=\"site-content\">\n<div id=\"content\" role=\"main\">\n<div class=\"row\"><\/div>\n<\/div>\n<\/div>\n<\/div>\n<\/div>\n<p><a href=\"https:\/\/agora.xtec.cat\/esc-mrossell\/wp-content\/uploads\/usu1609\/2021\/09\/Entrevista-Joan-Sole-NL-Setembre-2021.jpeg\"><img loading=\"lazy\" decoding=\"async\" class=\"alignnone size-medium wp-image-3118 alignleft\" src=\"https:\/\/agora.xtec.cat\/esc-mrossell\/wp-content\/uploads\/usu1609\/2021\/09\/Entrevista-Joan-Sole-NL-Setembre-2021-225x300.jpeg\" alt=\"\" width=\"225\" height=\"300\" srcset=\"https:\/\/agora.xtec.cat\/esc-mrossell\/wp-content\/uploads\/usu1609\/2021\/09\/Entrevista-Joan-Sole-NL-Setembre-2021-225x300.jpeg 225w, https:\/\/agora.xtec.cat\/esc-mrossell\/wp-content\/uploads\/usu1609\/2021\/09\/Entrevista-Joan-Sole-NL-Setembre-2021-768x1024.jpeg 768w, https:\/\/agora.xtec.cat\/esc-mrossell\/wp-content\/uploads\/usu1609\/2021\/09\/Entrevista-Joan-Sole-NL-Setembre-2021-1152x1536.jpeg 1152w, https:\/\/agora.xtec.cat\/esc-mrossell\/wp-content\/uploads\/usu1609\/2021\/09\/Entrevista-Joan-Sole-NL-Setembre-2021.jpeg 1200w\" sizes=\"auto, (max-width: 225px) 100vw, 225px\" \/><\/a><\/p>\n<p style=\"text-align: justify;\"><span style=\"color: #008000;\">Com i quan va comen\u00e7ar la teva hist\u00f2ria a l\u2019Escola Agr\u00e0ria de Viticultura i Enologia Merc\u00e8 Rosell i Dom\u00e8nech (Espiells)? Quin era el teu c\u00e0rrec\/posici\u00f3 abans de passar a la direcci\u00f3 i quines tasques desenvolupaves?:<\/span><\/p>\n<p style=\"text-align: justify;\">Els meus inicis a l\u2019escola van ser el setembre de l\u2019any 2005. Vaig comen\u00e7ar fent de professor dels cicles formatius d\u2019elaboraci\u00f3 de vins (grau mig) i d\u2019ind\u00fastries aliment\u00e0ries, especialitat viticultura i enologia (grau superior), a m\u00e9s de tutor de FCT\u2019s.<\/p>\n<p style=\"text-align: justify;\">A partir del curs 2009-10 i fins el curs passat vaig ocupar el c\u00e0rrec de secretari acad\u00e8mic i administratiu, compaginant-t\u2019ho amb classes al cicle d\u2019olis d\u2019oliva i vins.<\/p>\n<p style=\"text-align: justify;\"><span style=\"color: #008000;\">Quines s\u00f3n les teves funcions actuals a l\u2019escola?: \u00a0<\/span><\/p>\n<p style=\"text-align: justify;\">M\u2019acabo d\u2019estrenar com a director de l\u2019escola, el que per a mi ser\u00e0 un repte personal i professional. Tamb\u00e9 donar\u00e9 alguna classe al cicle d\u2019olis d\u2019oliva i vins. M\u2019estic endinsant en la realitzaci\u00f3 d\u2019aquestes noves tasques, d\u2019organitzaci\u00f3 i coordinaci\u00f3 de l\u2019escola, tot i que algunes ja em s\u00f3n properes i conegudes per haver exercit de secretari.<\/p>\n<p style=\"text-align: justify;\"><span style=\"color: #008000;\">Qu\u00e8 \u00e9s el que m\u00e9s t\u2019agrada de la teva feina? <\/span><\/p>\n<p style=\"text-align: justify;\">Que la feina que fem entre tots els companys de l\u2019escola t\u00e9 com a resultat la bona formaci\u00f3 dels alumnes. \u00a0Veure la seva evoluci\u00f3, com aprenen i com milloren com a persones, des del primer dia que arriben a l\u2019escola fins que se\u2019n van, \u00e9s per mi la principal motivaci\u00f3 per seguir fent aquesta feina. M\u2019agrada poder transmetre coneixements i adquirir-ne, i que aquests puguin ser \u00fatils als alumnes i als companys.<\/p>\n<p style=\"text-align: justify;\"><span style=\"color: #008000;\">Com definiries les Escoles Agr\u00e0ries en una sola paraula o en una frase breu? <\/span><\/p>\n<p style=\"text-align: justify;\">Formaci\u00f3 professional de refer\u00e8ncia.<\/p>\n<p style=\"text-align: justify;\"><span style=\"color: #008000;\">Si parlem d\u2019\u00e8xit en les Escoles Agr\u00e0ries, de qu\u00e8 creus que estar\u00edem parlant?<\/span><\/p>\n<p style=\"text-align: justify;\">De l\u2019\u00e8xit dels seus alumnes i de l\u2019\u00e8xit de les persones que hi treballen.<\/p>\n<p style=\"text-align: justify;\">De l\u2019\u00e8xit de l\u2019equip de persones que treballa a cada escola per qu\u00e8 siguin capaces d\u2019aconseguir formar i capacitar els seus alumnes, per ser bons professionals i els referents del seu sector. \u00a0El seu \u00e8xit tamb\u00e9 ser\u00e0 el de les escoles.<\/p>\n<p style=\"text-align: justify;\"><span style=\"color: #008000;\">\u00a0-Explica\u2019ns una an\u00e8cdota que hagis viscut a l\u2019escola que pugui servir de consell per a la resta de docents.<\/span><\/p>\n<p style=\"text-align: justify;\">No es va produir a l\u2019escola sin\u00f3 en una sortida t\u00e8cnica que vam fer per visitar les instal\u00b7lacions d\u2019una cooperativa amb mol\u00ed d\u2019oli. Hi vam anar amb autocar amb el grup d\u2019alumnes d\u2019olis i vins, i a l\u2018arribar a la vila no ten\u00edem clara l\u2019adre\u00e7a. \u00a0Vam preguntar a un ve\u00ed pel mol\u00ed en q\u00fcesti\u00f3, i aquest molt amablement ens va explicar a on es trobava, i a m\u00e9s ens va dir que n\u2019era prove\u00efdor d\u2019olives, i que la seva era la cooperativa que feia el millor oli del poble i del m\u00f3n.<\/p>\n<p style=\"text-align: justify;\">Nosaltres conven\u00e7uts de les explicacions vam seguir les seves indicacions, per\u00f2 a l\u2019arribar al lloc en q\u00fcesti\u00f3, ens van explicar que ens hav\u00edem equivocat de mol\u00ed, i que est\u00e0vem davant de l\u2019altre cooperativa del poble,&#8230; Est\u00e0 clar que aquell ve\u00ed ens va enviar expressament cap al seu mol\u00ed i que amb l\u2019altre hi tenia una gran rivalitat hist\u00f2rica!<\/p>\n<p style=\"text-align: justify;\"><span style=\"color: #008000;\">On et podem trobar fora de l\u2019horari laboral? Quines s\u00f3n les teves aficions?<\/span><\/p>\n<p style=\"text-align: justify;\">M\u2019agrada anar en bicicleta de muntanya per fer esport i pel contacte amb la natura. <span style=\"font-family: inherit; font-size: 1em;\">Soc molt aficionat al b\u00e0squet i sempre que puc m\u2019agrada viatjar.<\/span><\/p>\n<p style=\"text-align: justify;\"><span style=\"color: #008000;\">Quin producte de proximitat o quin producte de les Escoles Agr\u00e0ries no pot faltar mai al rebost de casa teva? <\/span><\/p>\n<p style=\"text-align: justify;\">Tots s\u00f3n indispensables, m\u2019agrada comprar productes de proximitat: fruita, carn, oli, vi, cava&#8230; El que segur que no falta mai a casa \u00e9s un bon vi i un bon escum\u00f3s de l\u2019escola Espiells!<\/p>\n<p style=\"text-align: justify;\"><span style=\"color: #008000;\">Quina can\u00e7\u00f3 o llibre ens recomanes per passar una bona estona?<\/span><\/p>\n<p style=\"text-align: justify;\">M\u2019agraden diferents can\u00e7ons i estils de m\u00fasica. Dir\u00e9 Bohemian Rhapsody de Queen i Esperan\u00e7a de Txarango.<\/p>\n<p style=\"text-align: justify;\">Un dels meus llibres preferits \u00e9s El perfum, de Patrick S\u00fcskind, sobretot per com descriu les olors i les situacions que viu el personatge. L\u2019\u00faltim llibre que he llegit ha estat T\u00e0ndem, de Maria Barbal.<\/p>\n<p style=\"text-align: justify;\"><span style=\"color: #008000;\">Si vols afegir alguna cosa m\u00e9s que no haguem parlat a les preguntes anteriors, no dubtis a fer-ho a continuaci\u00f3! <\/span><\/p>\n<p style=\"text-align: justify;\">Per finalitzar, recalcaria la feina que duen a terme les escoles agr\u00e0ries. \u00a0S\u00f3n entitats, sovint poc reconegudes, que ofereixen una formaci\u00f3 personalitzada i espec\u00edfica adre\u00e7ada a persones engrescades a treballar pel territori i els seus fruits, que en molts cassos nodreixen a les empreses del sector implicat, i les ajuden a fer millors productes.<\/p>\n","protected":false},"excerpt":{"rendered":"<p><a href=\"https:\/\/agora.xtec.cat\/esc-mrossell\/wp-content\/uploads\/usu1609\/2021\/09\/png-clipart-computer-icons-desktop-lack-teamwork-at-work-silhouette-desktop-wallpaper.png\"><\/a><br \/>\nCurs 2025-26<br \/>\n\u00a0Equip directiu:<\/p>\n<ul>\n<li style=\"list-style-type: none;\">\n<ul>\n<li>Direcci\u00f3:\u00a0 \u00a0 \u00a0 \u00a0 \u00a0 Joan Sol\u00e9<\/li>\n<li>Cap d&#8217;estudis: Montserrat Amat<\/li>\n<li>Secretaria:\u00a0 \u00a0 \u00a0 \u00a0Pilar Abajo<\/li>\n<\/ul>\n<\/li>\n<\/ul>\n<p>T\u00e8cnics i staff<\/p>\n<ul>\n<li style=\"list-style-type: none;\">\n<ul style=\"list-style-type: square;\">\n<li>15 t\u00e8cnics docents<\/li>\n<li>5 professors externs<\/li>\n<li>1 t\u00e8cnic de celler<\/li>\n<li>1 oficial de camp<\/li>\n<li>1 administrativa i 1 refor\u00e7 administratiu extern<\/li>\n<li>2 subalterns<\/li>\n<\/ul>\n<\/li>\n<\/ul>\n<p>(Especialitzacions: Enginyers\/res Agr\u00f2noms&hellip;  <a href=\"https:\/\/agora.xtec.cat\/esc-mrossell\/equip-directiu-del-centre\/\" title=\"Read Equip hum\u00e0\">Llegeix m\u00e9s\u00bb<\/a><\/p>\n","protected":false},"author":1,"featured_media":0,"parent":0,"menu_order":0,"comment_status":"closed","ping_status":"closed","template":"","meta":{"_bbp_topic_count":0,"_bbp_reply_count":0,"_bbp_total_topic_count":0,"_bbp_total_reply_count":0,"_bbp_voice_count":0,"_bbp_anonymous_reply_count":0,"_bbp_topic_count_hidden":0,"_bbp_reply_count_hidden":0,"_bbp_forum_subforum_count":0,"footnotes":""},"class_list":["post-3109","page","type-page","status-publish","hentry"],"post_mailing_queue_ids":[],"_links":{"self":[{"href":"https:\/\/agora.xtec.cat\/esc-mrossell\/wp-json\/wp\/v2\/pages\/3109","targetHints":{"allow":["GET"]}}],"collection":[{"href":"https:\/\/agora.xtec.cat\/esc-mrossell\/wp-json\/wp\/v2\/pages"}],"about":[{"href":"https:\/\/agora.xtec.cat\/esc-mrossell\/wp-json\/wp\/v2\/types\/page"}],"author":[{"embeddable":true,"href":"https:\/\/agora.xtec.cat\/esc-mrossell\/wp-json\/wp\/v2\/users\/1"}],"replies":[{"embeddable":true,"href":"https:\/\/agora.xtec.cat\/esc-mrossell\/wp-json\/wp\/v2\/comments?post=3109"}],"version-history":[{"count":6,"href":"https:\/\/agora.xtec.cat\/esc-mrossell\/wp-json\/wp\/v2\/pages\/3109\/revisions"}],"predecessor-version":[{"id":13748,"href":"https:\/\/agora.xtec.cat\/esc-mrossell\/wp-json\/wp\/v2\/pages\/3109\/revisions\/13748"}],"wp:attachment":[{"href":"https:\/\/agora.xtec.cat\/esc-mrossell\/wp-json\/wp\/v2\/media?parent=3109"}],"curies":[{"name":"wp","href":"https:\/\/api.w.org\/{rel}","templated":true}]}}