{"id":27,"date":"2014-09-17T16:24:03","date_gmt":"2014-09-17T16:24:03","guid":{"rendered":"http:\/\/agora.xtec.cat\/esc-mrossell\/?page_id=27"},"modified":"2024-07-05T20:56:05","modified_gmt":"2024-07-05T18:56:05","slug":"historia","status":"publish","type":"page","link":"https:\/\/agora.xtec.cat\/esc-mrossell\/historia\/","title":{"rendered":"Escola Agr\u00e0ria  de Viticultura i Enologia Merc\u00e8 Rossell i Dom\u00e8nech"},"content":{"rendered":"<p><span style=\"font-family: inherit; font-size: 1em;\"><a href=\"https:\/\/agora.xtec.cat\/esc-mrossell\/wp-content\/uploads\/usu1609\/2024\/06\/mrd.jpg\"><img loading=\"lazy\" decoding=\"async\" class=\"size-medium wp-image-12735 alignright\" src=\"https:\/\/agora.xtec.cat\/esc-mrossell\/wp-content\/uploads\/usu1609\/2024\/06\/mrd-214x300.jpg\" alt=\"\" width=\"214\" height=\"300\" srcset=\"https:\/\/agora.xtec.cat\/esc-mrossell\/wp-content\/uploads\/usu1609\/2024\/06\/mrd-214x300.jpg 214w, https:\/\/agora.xtec.cat\/esc-mrossell\/wp-content\/uploads\/usu1609\/2024\/06\/mrd.jpg 572w\" sizes=\"auto, (max-width: 214px) 100vw, 214px\" \/><\/a><\/span><\/p>\n<p style=\"text-align: justify;\"><span style=\"font-family: inherit; font-size: 1em;\">L&#8217;Escola de Viticultura i Enologia Merc\u00e8 Rossell i Dom\u00e8nech neix l&#8217;any 1987 arran de la donaci\u00f3 d&#8217;una finca per la fam\u00edlia Geli-Chopitea, amb l&#8217;objectiu d&#8217;oferir al sector vitivin\u00edcola una formaci\u00f3 professional de qualitat en aquest camp. (<em>imatge: Merc\u00e8 Rossell Dom\u00e8nech amb la seva filla Merc\u00e8 de Chopitea Rossell)<\/em><\/span><\/p>\n<p style=\"text-align: justify;\"><span style=\"font-family: inherit; font-size: 1em;\">La Diputaci\u00f3 de Barcelona, a inst\u00e0ncies de l&#8217;Ajuntament de Sant Sadurn\u00ed d&#8217;Anoia, es va fer c\u00e0rrec de la finca, i va construir l&#8217;escola (1985 &#8211; 1987), encarregant el projecte a l&#8217;estudi <em>Bach-Mora Arquitectes <\/em>(Jaume Bach N\u00fa\u00f1ez &#8211; Gabriel Mora Gramunt) que van concebre un <\/span>edifici que integra antigues construccions agr\u00edcoles com ara una masoveria i part de les bodegues annexes. Gran part de les noves edificacions se situen a la cara nord de la finca, configurant aix\u00ed un pati obert al sol a la manera dels tradicionals espais agr\u00edcoles. Una vella servitud de pas, els va obligar a connectar el nou amb l&#8217;existent, mitjan\u00e7ant un pont i un pas inferior. Una part de les antigues construccions s\u00f3n absorbides per les noves construccions, com la petita masoveria integrada a l&#8217;entrada principal, o a les runes de l&#8217;extrem nord, cuidadosament valorades per l&#8217;obertura de la sala d&#8217;actes.<\/p>\n<p style=\"text-align: justify;\"><span style=\"font-family: inherit; font-size: 1em;\">L\u2019escola es va incorporar al Departament <\/span><span style=\"font-family: inherit; font-size: 1em;\">d\u2019Acci\u00f3 clim\u00e0tica al Gener de 2007 amb titularitat de l\u2019INCAVI. Des de setembre de 2013, el centre dep\u00e8n del Servei de Formaci\u00f3 Agr\u00e0ria i forma part de la Xarxa\u00a0\u00a0d\u2019Escoles Agr\u00e0ries.<\/span><\/p>\n<div id=\"SITE_CONTAINER\" style=\"text-align: justify;\" data-santa-render-status=\"SUCCESS\">\n<div class=\"noop\" data-reactroot=\"\">\n<div id=\"SITE_ROOT\" class=\"SITE_ROOT\">\n<div id=\"masterPage\" data-ref=\"masterPage\">\n<div id=\"PAGES_CONTAINERcenteredContent\" class=\"pc1centeredContent\">\n<div id=\"PAGES_CONTAINERinlineContent\" class=\"pc1inlineContent\">\n<div id=\"SITE_PAGES\" class=\"s_VOwPageGroupSkin\" data-is-mesh=\"false\">\n<div id=\"ynpie\" class=\"p1\" data-is-mesh-layout=\"false\" data-ismobile=\"false\">\n<div id=\"ynpieinlineContent\" class=\"p1inlineContent\">\n<div id=\"comp-jrrloy59\" class=\"txtNew\" data-packed=\"true\">\n<p class=\"font_8\"><span class=\"wixGuard\">\u200b<\/span>L&#8217;Escola ent\u00e9n que la formaci\u00f3 professional, dins de qualsevol sector, constitueix una eina efica\u00e7 per a la inserci\u00f3 laboral, per al creixement econ\u00f2mic, i per a l&#8217;aprofitament \u00f2ptim dels recursos esmer\u00e7ats per les empreses i es troba \u00edntimament relacionada amb l&#8217;articulaci\u00f3 dels nous processos que exigeix la formaci\u00f3.<\/p>\n<p class=\"font_8\">En el cas del sector\u00a0vitiv\u00ednicola\u00a0aix\u00f2 s&#8217;aconsegueix mitjan\u00e7ant una formaci\u00f3 desenvolupada en estreta col\u00b7laboraci\u00f3 escola-empresa, i mitjan\u00e7ant la inserci\u00f3, a trav\u00e9s dels convenis de pr\u00e0ctiques dels alumnes a les empreses.<\/p>\n<p class=\"font_8\"><span class=\"wixGuard\">\u200b<\/span>L&#8217;explotaci\u00f3 vitivin\u00edcola escolar permet assolir aquest objectiu i constitueix el primer pas per a la inserci\u00f3 laboral puix que els alumnes realitzen les tasques d&#8217;elaboraci\u00f3 del vi i es fan responsables de les tasques encomanades a les feines de l&#8217;explotaci\u00f3 tal com despr\u00e9s els hi ser\u00e0 demanat a l&#8217;empresa.<\/p>\n<\/div>\n<\/div>\n<\/div>\n<\/div>\n<\/div>\n<\/div>\n<\/div>\n<\/div>\n<\/div>\n<\/div>\n<p style=\"text-align: justify;\"><a href=\"https:\/\/agora.xtec.cat\/esc-mrossell\/wp-content\/uploads\/usu1609\/2018\/12\/602416_194010327420374_8879722_n1-e1720202989440.jpg\"><img loading=\"lazy\" decoding=\"async\" class=\"wp-image-608 size-full aligncenter\" src=\"https:\/\/agora.xtec.cat\/esc-mrossell\/wp-content\/uploads\/usu1609\/2018\/12\/602416_194010327420374_8879722_n1-e1720202989440.jpg\" alt=\"\" width=\"710\" height=\"331\" srcset=\"https:\/\/agora.xtec.cat\/esc-mrossell\/wp-content\/uploads\/usu1609\/2018\/12\/602416_194010327420374_8879722_n1-e1720202989440.jpg 710w, https:\/\/agora.xtec.cat\/esc-mrossell\/wp-content\/uploads\/usu1609\/2018\/12\/602416_194010327420374_8879722_n1-e1720202989440-300x140.jpg 300w\" sizes=\"auto, (max-width: 710px) 100vw, 710px\" \/><\/a><\/p>\n<p>&nbsp;<\/p>\n<p>Coneix m\u00e9s sobre el disseny de l&#8217;escola fent clic a la<a href=\"https:\/\/www.arquitecturacatalana.cat\/ca\/obres\/escola-de-viticultura-i-enologia-merce-rossell-i-domenech#anchor2\"> seg\u00fcent imatge:<\/a><\/p>\n<p>&nbsp;<\/p>\n<p><a href=\"https:\/\/www.arquitecturacatalana.cat\/ca\/obres\/escola-de-viticultura-i-enologia-merce-rossell-i-domenech#anchor2\"><img loading=\"lazy\" decoding=\"async\" class=\"wp-image-12819  aligncenter\" src=\"https:\/\/agora.xtec.cat\/esc-mrossell\/wp-content\/uploads\/usu1609\/2024\/07\/Captura-e1720203246976-300x228.png\" alt=\"\" width=\"251\" height=\"191\" srcset=\"https:\/\/agora.xtec.cat\/esc-mrossell\/wp-content\/uploads\/usu1609\/2024\/07\/Captura-e1720203246976-300x228.png 300w, https:\/\/agora.xtec.cat\/esc-mrossell\/wp-content\/uploads\/usu1609\/2024\/07\/Captura-e1720203246976.png 400w\" sizes=\"auto, (max-width: 251px) 100vw, 251px\" \/><\/a><\/p>\n<p>&nbsp;<\/p>\n<p style=\"text-align: justify;\">\n","protected":false},"excerpt":{"rendered":"<p><a href=\"https:\/\/agora.xtec.cat\/esc-mrossell\/wp-content\/uploads\/usu1609\/2024\/06\/mrd.jpg\"><\/a><br \/>\nL&#8217;Escola de Viticultura i Enologia Merc\u00e8 Rossell i Dom\u00e8nech neix l&#8217;any 1987 arran de la donaci\u00f3 d&#8217;una finca per la fam\u00edlia Geli-Chopitea, amb l&#8217;objectiu d&#8217;oferir al sector vitivin\u00edcola una formaci\u00f3 professional de qualitat en aquest camp. (imatge: Merc\u00e8 Rossell Dom\u00e8nech amb la seva filla&hellip;  <a href=\"https:\/\/agora.xtec.cat\/esc-mrossell\/historia\/\" title=\"Read Escola Agr\u00e0ria  de Viticultura i Enologia Merc\u00e8 Rossell i Dom\u00e8nech\">Llegeix m\u00e9s\u00bb<\/a><\/p>\n","protected":false},"author":1,"featured_media":0,"parent":0,"menu_order":20,"comment_status":"closed","ping_status":"closed","template":"page-templates\/side-menu.php","meta":{"_bbp_topic_count":0,"_bbp_reply_count":0,"_bbp_total_topic_count":0,"_bbp_total_reply_count":0,"_bbp_voice_count":0,"_bbp_anonymous_reply_count":0,"_bbp_topic_count_hidden":0,"_bbp_reply_count_hidden":0,"_bbp_forum_subforum_count":0,"footnotes":""},"class_list":["post-27","page","type-page","status-publish","hentry"],"post_mailing_queue_ids":[],"_links":{"self":[{"href":"https:\/\/agora.xtec.cat\/esc-mrossell\/wp-json\/wp\/v2\/pages\/27","targetHints":{"allow":["GET"]}}],"collection":[{"href":"https:\/\/agora.xtec.cat\/esc-mrossell\/wp-json\/wp\/v2\/pages"}],"about":[{"href":"https:\/\/agora.xtec.cat\/esc-mrossell\/wp-json\/wp\/v2\/types\/page"}],"author":[{"embeddable":true,"href":"https:\/\/agora.xtec.cat\/esc-mrossell\/wp-json\/wp\/v2\/users\/1"}],"replies":[{"embeddable":true,"href":"https:\/\/agora.xtec.cat\/esc-mrossell\/wp-json\/wp\/v2\/comments?post=27"}],"version-history":[{"count":6,"href":"https:\/\/agora.xtec.cat\/esc-mrossell\/wp-json\/wp\/v2\/pages\/27\/revisions"}],"predecessor-version":[{"id":12821,"href":"https:\/\/agora.xtec.cat\/esc-mrossell\/wp-json\/wp\/v2\/pages\/27\/revisions\/12821"}],"wp:attachment":[{"href":"https:\/\/agora.xtec.cat\/esc-mrossell\/wp-json\/wp\/v2\/media?parent=27"}],"curies":[{"name":"wp","href":"https:\/\/api.w.org\/{rel}","templated":true}]}}