{"id":12780,"date":"2024-07-01T13:31:31","date_gmt":"2024-07-01T11:31:31","guid":{"rendered":"https:\/\/agora.xtec.cat\/esc-mrossell\/?page_id=12780"},"modified":"2024-07-01T14:11:32","modified_gmt":"2024-07-01T12:11:32","slug":"repercussio-aplicacio-nova-llei-dfp-sobre-curs-24-25-i-posteriors","status":"publish","type":"page","link":"https:\/\/agora.xtec.cat\/esc-mrossell\/formacio-professional\/repercussio-aplicacio-nova-llei-dfp-sobre-curs-24-25-i-posteriors\/","title":{"rendered":"Repercussi\u00f3 aplicaci\u00f3 nova llei d&#8217;FP sobre curs 24-25 i posteriors"},"content":{"rendered":"<p><a href=\"https:\/\/agora.xtec.cat\/esc-mrossell\/wp-content\/uploads\/usu1609\/2024\/07\/21163-80c3c0f9fe994b9ea5b16fbe474ba844.jpg\"><img loading=\"lazy\" decoding=\"async\" class=\"wp-image-12777 aligncenter\" src=\"https:\/\/agora.xtec.cat\/esc-mrossell\/wp-content\/uploads\/usu1609\/2024\/07\/21163-80c3c0f9fe994b9ea5b16fbe474ba844.jpg\" alt=\"\" width=\"606\" height=\"189\" srcset=\"https:\/\/agora.xtec.cat\/esc-mrossell\/wp-content\/uploads\/usu1609\/2024\/07\/21163-80c3c0f9fe994b9ea5b16fbe474ba844.jpg 1120w, https:\/\/agora.xtec.cat\/esc-mrossell\/wp-content\/uploads\/usu1609\/2024\/07\/21163-80c3c0f9fe994b9ea5b16fbe474ba844-300x94.jpg 300w, https:\/\/agora.xtec.cat\/esc-mrossell\/wp-content\/uploads\/usu1609\/2024\/07\/21163-80c3c0f9fe994b9ea5b16fbe474ba844-1024x320.jpg 1024w, https:\/\/agora.xtec.cat\/esc-mrossell\/wp-content\/uploads\/usu1609\/2024\/07\/21163-80c3c0f9fe994b9ea5b16fbe474ba844-768x240.jpg 768w\" sizes=\"auto, (max-width: 606px) 100vw, 606px\" \/><\/a><\/p>\n<p>El curs 2024-25\u00a0 ser\u00e0 el primer any en que s\u2019aplicar\u00e0 la nova llei d\u2019FP i per tant, l\u2019aplicaci\u00f3 d\u2019un nou curr\u00edculum formatiu pels alumnes nouvinguts i\u00a0 conviv\u00e8ncia amb alumnes que fan segon curs dels cicles del curr\u00edculum antic.<\/p>\n<p>Entre d\u2019altres, aquesta nova llei suposa:<\/p>\n<ul>\n<li style=\"list-style-type: none;\">\n<ul>\n<li>Desapareixen les unitats formatives. A partir d\u2019ara l\u2019alumne haur\u00e0 de superar m\u00f2duls formatius<\/li>\n<li>Hi haur\u00e0 nous m\u00f2duls transversals :<em> (sostenibilitat, digitalitzaci\u00f3, angl\u00e8s)<\/em><\/li>\n<li>M\u00e9s hores de formaci\u00f3 en centres de treball (FCT\u2019s)<\/li>\n<\/ul>\n<\/li>\n<\/ul>\n<p>Impacte de la llei sobre els alumnes el proper curs 24-25:<\/p>\n<ul>\n<li style=\"list-style-type: none;\">\n<ul>\n<li><strong>Alumnes nous (inscrits pel 2024-25):<\/strong> Aplicaci\u00f3 del nou curr\u00edculum al 100%<\/li>\n<li><strong>Alumnes que passen a segon curs \/ repetidors:<\/strong> No s\u2019aplica el nou curr\u00edculum, sin\u00f3 que es mantenen les UF\u2019s, m\u00f2duls formatius \u00a0i hores de pr\u00e0ctica en empreses (FCT\u2019s)\u00a0 del pla antic.<\/li>\n<\/ul>\n<\/li>\n<\/ul>\n<p>En acabar el curs, els alumnes de segon que suspenguin, o alumnes que nom\u00e9s tenen pendents UF\u2019s per acabar els cicles disposaran de tres anys com a m\u00e0xim a partir del curs 2024-25 per aprovar les UF\u2019s suspeses. <em>A partir del curs 27-28 desapareix el pla antic d\u2019estudis.<\/em><\/p>\n<p>En el cas que aquests alumnes no aprovin durant les corresponents convocat\u00f2ries (ordin\u00e0ria\/extraordin\u00e0ria) i terminis establerts, no podran obtenir el t\u00edtol.<\/p>\n<p style=\"text-align: justify;\">En el cas que els alumnes tinguin UF\u2019s pendents d\u2019aprovar i es matriculessin passat aquests terminis pr\u00e8viament indicats, caldr\u00e0 que es matriculin en el cicle amb pla nou, fent de nou els m\u00f2duls suspesos, i els nous m\u00f2duls generats en el curr\u00edculum <em>(com per exemple sostenibilitat o digitalitzaci\u00f3)<\/em><\/p>\n<p>Per m\u00e9s\u00a0 informaci\u00f3 sobre la nova llei de l&#8217;FP 2024, fes clic a la<a href=\"https:\/\/agora.xtec.cat\/esc-mrossell\/wp-content\/uploads\/usu1609\/2024\/07\/Nova-llei-FP.pdf\"> seg\u00fcent imatge:<\/a><\/p>\n<p><a href=\"https:\/\/agora.xtec.cat\/esc-mrossell\/wp-content\/uploads\/usu1609\/2024\/07\/Nova-llei-FP.pdf\"><img loading=\"lazy\" decoding=\"async\" class=\"wp-image-12777 aligncenter\" src=\"https:\/\/agora.xtec.cat\/esc-mrossell\/wp-content\/uploads\/usu1609\/2024\/07\/21163-80c3c0f9fe994b9ea5b16fbe474ba844-300x94.jpg\" alt=\"\" width=\"201\" height=\"63\" srcset=\"https:\/\/agora.xtec.cat\/esc-mrossell\/wp-content\/uploads\/usu1609\/2024\/07\/21163-80c3c0f9fe994b9ea5b16fbe474ba844-300x94.jpg 300w, https:\/\/agora.xtec.cat\/esc-mrossell\/wp-content\/uploads\/usu1609\/2024\/07\/21163-80c3c0f9fe994b9ea5b16fbe474ba844-1024x320.jpg 1024w, https:\/\/agora.xtec.cat\/esc-mrossell\/wp-content\/uploads\/usu1609\/2024\/07\/21163-80c3c0f9fe994b9ea5b16fbe474ba844-768x240.jpg 768w, https:\/\/agora.xtec.cat\/esc-mrossell\/wp-content\/uploads\/usu1609\/2024\/07\/21163-80c3c0f9fe994b9ea5b16fbe474ba844.jpg 1120w\" sizes=\"auto, (max-width: 201px) 100vw, 201px\" \/><\/a><\/p>\n<p>&nbsp;<\/p>\n<p>&nbsp;<\/p>\n","protected":false},"excerpt":{"rendered":"<p><a href=\"https:\/\/agora.xtec.cat\/esc-mrossell\/wp-content\/uploads\/usu1609\/2024\/07\/21163-80c3c0f9fe994b9ea5b16fbe474ba844.jpg\"><\/a><br \/>\nEl curs 2024-25\u00a0 ser\u00e0 el primer any en que s\u2019aplicar\u00e0 la nova llei d\u2019FP i per tant, l\u2019aplicaci\u00f3 d\u2019un nou curr\u00edculum formatiu pels alumnes nouvinguts i\u00a0 conviv\u00e8ncia amb alumnes que fan segon curs dels cicles del curr\u00edculum antic.<br \/>\nEntre d\u2019altres, aquesta nova llei suposa:<\/p>\n<ul>\n<li style=\"list-style-type:&hellip;  <a href=\"https:\/\/agora.xtec.cat\/esc-mrossell\/formacio-professional\/repercussio-aplicacio-nova-llei-dfp-sobre-curs-24-25-i-posteriors\/\" title=\"Read Repercussi\u00f3 aplicaci\u00f3 nova llei d&#8217;FP sobre curs 24-25 i posteriors\">Llegeix m\u00e9s\u00bb<\/a><br \/>\n","protected":false},"author":1,"featured_media":0,"parent":703,"menu_order":0,"comment_status":"closed","ping_status":"closed","template":"page-templates\/side-menu.php","meta":{"_bbp_topic_count":0,"_bbp_reply_count":0,"_bbp_total_topic_count":0,"_bbp_total_reply_count":0,"_bbp_voice_count":0,"_bbp_anonymous_reply_count":0,"_bbp_topic_count_hidden":0,"_bbp_reply_count_hidden":0,"_bbp_forum_subforum_count":0,"footnotes":""},"class_list":["post-12780","page","type-page","status-publish","hentry"],"post_mailing_queue_ids":[],"_links":{"self":[{"href":"https:\/\/agora.xtec.cat\/esc-mrossell\/wp-json\/wp\/v2\/pages\/12780","targetHints":{"allow":["GET"]}}],"collection":[{"href":"https:\/\/agora.xtec.cat\/esc-mrossell\/wp-json\/wp\/v2\/pages"}],"about":[{"href":"https:\/\/agora.xtec.cat\/esc-mrossell\/wp-json\/wp\/v2\/types\/page"}],"author":[{"embeddable":true,"href":"https:\/\/agora.xtec.cat\/esc-mrossell\/wp-json\/wp\/v2\/users\/1"}],"replies":[{"embeddable":true,"href":"https:\/\/agora.xtec.cat\/esc-mrossell\/wp-json\/wp\/v2\/comments?post=12780"}],"version-history":[{"count":5,"href":"https:\/\/agora.xtec.cat\/esc-mrossell\/wp-json\/wp\/v2\/pages\/12780\/revisions"}],"predecessor-version":[{"id":12790,"href":"https:\/\/agora.xtec.cat\/esc-mrossell\/wp-json\/wp\/v2\/pages\/12780\/revisions\/12790"}],"up":[{"embeddable":true,"href":"https:\/\/agora.xtec.cat\/esc-mrossell\/wp-json\/wp\/v2\/pages\/703"}],"wp:attachment":[{"href":"https:\/\/agora.xtec.cat\/esc-mrossell\/wp-json\/wp\/v2\/media?parent=12780"}],"curies":[{"name":"wp","href":"https:\/\/api.w.org\/{rel}","templated":true}]}}