{"id":11572,"date":"2022-12-30T22:29:25","date_gmt":"2022-12-30T21:29:25","guid":{"rendered":"https:\/\/projectes.xtec.cat\/impulsfp\/?page_id=11572"},"modified":"2025-05-23T14:05:17","modified_gmt":"2025-05-23T12:05:17","slug":"lexalumnat-4","status":"publish","type":"page","link":"https:\/\/agora.xtec.cat\/esc-mrossell\/lexalumnat-4\/","title":{"rendered":"Alumni"},"content":{"rendered":"<h6><span style=\"font-size: 10pt;\">L&#8217;exalumnat sou la pe\u00e7a clau dels AlumniFP. Sou els protagonistes d&#8217;aquest projecte. <\/span><\/h6>\n<h6><span style=\"font-size: 10pt;\">\u00c9s per aix\u00f2 que volem oferir-vos una s\u00e8rie de serveis per ajudar-vos a desenvolupar al m\u00e0xim les vostres capacitats professionals i personals.<\/span><\/h6>\n<p>Clica sobre la <a href=\"https:\/\/agora.xtec.cat\/esc-mrossell\/portada\/trobada-antics-alumnes-sessio-informativa-14-6-2024\/\">imatge<\/a> si et vols associar<\/p>\n<p>&nbsp;<\/p>\n<p data-wp-editing=\"1\"><a href=\"https:\/\/agora.xtec.cat\/esc-mrossell\/portada\/trobada-antics-alumnes-sessio-informativa-14-6-2024\/\"><img loading=\"lazy\" decoding=\"async\" class=\"wp-image-13499 aligncenter\" src=\"https:\/\/agora.xtec.cat\/esc-mrossell\/wp-content\/uploads\/usu1609\/2025\/03\/LogoAss2-300x123.jpg\" alt=\"\" width=\"542\" height=\"222\" srcset=\"https:\/\/agora.xtec.cat\/esc-mrossell\/wp-content\/uploads\/usu1609\/2025\/03\/LogoAss2-300x123.jpg 300w, https:\/\/agora.xtec.cat\/esc-mrossell\/wp-content\/uploads\/usu1609\/2025\/03\/LogoAss2.jpg 615w\" sizes=\"auto, (max-width: 542px) 100vw, 542px\" \/><\/a><\/p>\n<p>&nbsp;<\/p>\n<p><a href=\"alumnifp\/lexalumnat-4\/formacio\/\"><img loading=\"lazy\" decoding=\"async\" class=\"alignnone wp-image-11575\" src=\"https:\/\/projectes.xtec.cat\/impulsfp\/wp-content\/uploads\/usu2078\/2022\/12\/Formacio-alumniFP.png\" alt=\"\" width=\"214\" height=\"217\" \/><\/a><a href=\"alumnifp\/lexalumnat-4\/suport-i-mentoring\/\"><img loading=\"lazy\" decoding=\"async\" class=\"alignnone wp-image-12008\" src=\"https:\/\/projectes.xtec.cat\/impulsfp\/wp-content\/uploads\/usu2078\/2023\/01\/Suport-a-locupacio.png\" alt=\"\" width=\"211\" height=\"208\" \/><\/a><a href=\"alumnifp\/lexalumnat-4\/comunitat-2\/\"><img loading=\"lazy\" decoding=\"async\" class=\"alignnone wp-image-11578\" src=\"https:\/\/projectes.xtec.cat\/impulsfp\/wp-content\/uploads\/usu2078\/2022\/12\/Comunitat.png\" alt=\"\" width=\"206\" height=\"213\" \/><\/a><a href=\"alumnifp\/lexalumnat-4\/alumnifp-emprenedor\/\"><img loading=\"lazy\" decoding=\"async\" class=\"alignnone wp-image-11625\" src=\"https:\/\/projectes.xtec.cat\/impulsfp\/wp-content\/uploads\/usu2078\/2022\/12\/Alumni-emprenedor.png\" alt=\"\" width=\"209\" height=\"210\" \/><\/a><\/p>\n<p>&nbsp;<\/p>\n","protected":false},"excerpt":{"rendered":"<p>L&#8217;exalumnat sou la pe\u00e7a clau dels AlumniFP. Sou els protagonistes d&#8217;aquest projecte.<br \/>\n\u00c9s per aix\u00f2 que volem oferir-vos una s\u00e8rie de serveis per ajudar-vos a desenvolupar al m\u00e0xim les vostres capacitats professionals i personals.<br \/>\nClica sobre la <a href=\"https:\/\/agora.xtec.cat\/esc-mrossell\/portada\/trobada-antics-alumnes-sessio-informativa-14-6-2024\/\">imatge<\/a> si et vols associar<br \/>\n&nbsp;<br \/>\n<a href=\"https:\/\/agora.xtec.cat\/esc-mrossell\/portada\/trobada-antics-alumnes-sessio-informativa-14-6-2024\/\"><\/a><br \/>\n&nbsp;<br \/>\n<a href=\"alumnifp\/lexalumnat-4\/formacio\/\"><\/a><a href=\"alumnifp\/lexalumnat-4\/suport-i-mentoring\/\"><\/a><a&hellip;  <a href=\"https:\/\/agora.xtec.cat\/esc-mrossell\/lexalumnat-4\/\" title=\"Read Alumni\">Llegeix m\u00e9s\u00bb<\/a><\/p>\n","protected":false},"author":1,"featured_media":0,"parent":0,"menu_order":0,"comment_status":"closed","ping_status":"closed","template":"page-templates\/side-menu.php","meta":{"_bbp_topic_count":0,"_bbp_reply_count":0,"_bbp_total_topic_count":0,"_bbp_total_reply_count":0,"_bbp_voice_count":0,"_bbp_anonymous_reply_count":0,"_bbp_topic_count_hidden":0,"_bbp_reply_count_hidden":0,"_bbp_forum_subforum_count":0,"footnotes":""},"class_list":["post-11572","page","type-page","status-publish","hentry"],"post_mailing_queue_ids":[],"_links":{"self":[{"href":"https:\/\/agora.xtec.cat\/esc-mrossell\/wp-json\/wp\/v2\/pages\/11572","targetHints":{"allow":["GET"]}}],"collection":[{"href":"https:\/\/agora.xtec.cat\/esc-mrossell\/wp-json\/wp\/v2\/pages"}],"about":[{"href":"https:\/\/agora.xtec.cat\/esc-mrossell\/wp-json\/wp\/v2\/types\/page"}],"author":[{"embeddable":true,"href":"https:\/\/agora.xtec.cat\/esc-mrossell\/wp-json\/wp\/v2\/users\/1"}],"replies":[{"embeddable":true,"href":"https:\/\/agora.xtec.cat\/esc-mrossell\/wp-json\/wp\/v2\/comments?post=11572"}],"version-history":[{"count":6,"href":"https:\/\/agora.xtec.cat\/esc-mrossell\/wp-json\/wp\/v2\/pages\/11572\/revisions"}],"predecessor-version":[{"id":13688,"href":"https:\/\/agora.xtec.cat\/esc-mrossell\/wp-json\/wp\/v2\/pages\/11572\/revisions\/13688"}],"wp:attachment":[{"href":"https:\/\/agora.xtec.cat\/esc-mrossell\/wp-json\/wp\/v2\/media?parent=11572"}],"curies":[{"name":"wp","href":"https:\/\/api.w.org\/{rel}","templated":true}]}}