{"id":9,"date":"2014-09-17T15:08:18","date_gmt":"2014-09-17T13:08:18","guid":{"rendered":"http:\/\/agora.xtec.cat\/esc-molidefinestrelles\/?page_id=9"},"modified":"2024-06-17T12:46:36","modified_gmt":"2024-06-17T10:46:36","slug":"pagina-dinici-buida","status":"publish","type":"page","link":"https:\/\/agora.xtec.cat\/esc-molidefinestrelles\/","title":{"rendered":"QU\u00c8 FEM?"},"content":{"rendered":"<p><a href=\"https:\/\/agora.xtec.cat\/esc-molidefinestrelles\/categoria\/infantil\/p3\/\"><img loading=\"lazy\" decoding=\"async\" class=\"alignnone wp-image-9901\" src=\"https:\/\/agora.xtec.cat\/esc-molidefinestrelles\/wp-content\/uploads\/usu1469\/2022\/12\/i3.jpg\" alt=\"\" width=\"73\" height=\"71\" \/><\/a><a href=\"https:\/\/agora.xtec.cat\/esc-molidefinestrelles\/categoria\/infantil\/p4\/\"><img loading=\"lazy\" decoding=\"async\" class=\"alignnone wp-image-9902\" src=\"https:\/\/agora.xtec.cat\/esc-molidefinestrelles\/wp-content\/uploads\/usu1469\/2022\/12\/i4.jpg\" alt=\"\" width=\"79\" height=\"73\" \/><\/a><a href=\"https:\/\/agora.xtec.cat\/esc-molidefinestrelles\/categoria\/infantil\/P5\/\"><img loading=\"lazy\" decoding=\"async\" class=\"alignnone wp-image-9903\" src=\"https:\/\/agora.xtec.cat\/esc-molidefinestrelles\/wp-content\/uploads\/usu1469\/2022\/12\/i5.jpg\" alt=\"\" width=\"72\" height=\"72\" srcset=\"https:\/\/agora.xtec.cat\/esc-molidefinestrelles\/wp-content\/uploads\/usu1469\/2022\/12\/i5.jpg 176w, https:\/\/agora.xtec.cat\/esc-molidefinestrelles\/wp-content\/uploads\/usu1469\/2022\/12\/i5-150x150.jpg 150w\" sizes=\"auto, (max-width: 72px) 100vw, 72px\" \/><\/a><a href=\"https:\/\/agora.xtec.cat\/esc-molidefinestrelles\/categoria\/primaria\/1r\/\"><img loading=\"lazy\" decoding=\"async\" class=\"alignnone wp-image-9904\" src=\"https:\/\/agora.xtec.cat\/esc-molidefinestrelles\/wp-content\/uploads\/usu1469\/2022\/12\/1r.jpg\" alt=\"\" width=\"83\" height=\"73\" \/><\/a><a href=\"https:\/\/agora.xtec.cat\/esc-molidefinestrelles\/categoria\/primaria\/2n\/\"><img loading=\"lazy\" decoding=\"async\" class=\"alignnone wp-image-9905\" src=\"https:\/\/agora.xtec.cat\/esc-molidefinestrelles\/wp-content\/uploads\/usu1469\/2022\/12\/2n.jpg\" alt=\"\" width=\"79\" height=\"74\" \/><\/a><a href=\"https:\/\/agora.xtec.cat\/esc-molidefinestrelles\/categoria\/primaria\/3r\/\"><img loading=\"lazy\" decoding=\"async\" class=\"alignnone wp-image-9906\" src=\"https:\/\/agora.xtec.cat\/esc-molidefinestrelles\/wp-content\/uploads\/usu1469\/2022\/12\/3r.jpg\" alt=\"\" width=\"79\" height=\"78\" srcset=\"https:\/\/agora.xtec.cat\/esc-molidefinestrelles\/wp-content\/uploads\/usu1469\/2022\/12\/3r.jpg 184w, https:\/\/agora.xtec.cat\/esc-molidefinestrelles\/wp-content\/uploads\/usu1469\/2022\/12\/3r-150x150.jpg 150w\" sizes=\"auto, (max-width: 79px) 100vw, 79px\" \/><\/a><a href=\"https:\/\/agora.xtec.cat\/esc-molidefinestrelles\/categoria\/primaria\/4t\/\"><img loading=\"lazy\" decoding=\"async\" class=\"alignnone wp-image-9907\" src=\"https:\/\/agora.xtec.cat\/esc-molidefinestrelles\/wp-content\/uploads\/usu1469\/2022\/12\/4t.jpg\" alt=\"\" width=\"78\" height=\"79\" srcset=\"https:\/\/agora.xtec.cat\/esc-molidefinestrelles\/wp-content\/uploads\/usu1469\/2022\/12\/4t.jpg 187w, https:\/\/agora.xtec.cat\/esc-molidefinestrelles\/wp-content\/uploads\/usu1469\/2022\/12\/4t-150x150.jpg 150w\" sizes=\"auto, (max-width: 78px) 100vw, 78px\" \/><\/a><a href=\"https:\/\/agora.xtec.cat\/esc-molidefinestrelles\/categoria\/primaria\/5e\/\"><img loading=\"lazy\" decoding=\"async\" class=\"alignnone wp-image-9908\" src=\"https:\/\/agora.xtec.cat\/esc-molidefinestrelles\/wp-content\/uploads\/usu1469\/2022\/12\/5e.jpg\" alt=\"\" width=\"80\" height=\"74\" \/><\/a><a href=\"https:\/\/agora.xtec.cat\/esc-molidefinestrelles\/categoria\/primaria\/6e\/\"><img loading=\"lazy\" decoding=\"async\" class=\"alignnone wp-image-9909\" src=\"https:\/\/agora.xtec.cat\/esc-molidefinestrelles\/wp-content\/uploads\/usu1469\/2022\/12\/6e.jpg\" alt=\"\" width=\"79\" height=\"79\" srcset=\"https:\/\/agora.xtec.cat\/esc-molidefinestrelles\/wp-content\/uploads\/usu1469\/2022\/12\/6e.jpg 188w, https:\/\/agora.xtec.cat\/esc-molidefinestrelles\/wp-content\/uploads\/usu1469\/2022\/12\/6e-150x150.jpg 150w\" sizes=\"auto, (max-width: 79px) 100vw, 79px\" \/><\/a><\/p>\n<hr \/>\n<h3><span style=\"color: #ff6600;\"><strong>INSTITUT ESCOLA VAPOR I MOL\u00cd\u00a0 <\/strong><\/span><\/h3>\n<h3><strong><span style=\"color: #339966;\">MIREU AQUEST <a href=\"https:\/\/youtu.be\/QkzIgCGKids\">V\u00cdDEO!<\/a><\/span><\/strong><\/h3>\n<p><img loading=\"lazy\" decoding=\"async\" class=\"alignnone\" src=\"https:\/\/preinscripcio.gencat.cat\/web\/.content\/inici\/imatge-impacte2024.jpg\" alt=\"Preinscripci\u00f3. Preinscripci\u00f3\" width=\"590\" height=\"116\" \/><\/p>\n<h3 style=\"text-align: left;\"><span style=\"color: #ff6600;\"><strong>PREINSCRIPCI\u00d3:<\/strong><\/span><\/h3>\n<ul>\n<li style=\"text-align: left;\"><a href=\"https:\/\/drive.google.com\/file\/d\/1k3kcsi50C_obDDpajH-FgWPYufGl-EHR\/view?usp=sharing\">CALENDARI<\/a><\/li>\n<li style=\"text-align: left;\"><a href=\"https:\/\/drive.google.com\/file\/d\/18U5Urs3UrIQ8QNUuphgoEffkEVkBR_Mg\/view?usp=sharing\">LLISTA ORDENADA<\/a><\/li>\n<li style=\"text-align: left;\"><a href=\"https:\/\/drive.google.com\/file\/d\/16X2vNK6xellyzr5tCKQOPRATr2vloe12\/view?usp=sharing\">OFERTA<\/a><\/li>\n<li><a href=\"https:\/\/drive.google.com\/file\/d\/1R8ns91v2X4SFHp0CjsQ0isyzd68GTCJP\/view?usp=sharing\">BAREMS<\/a><\/li>\n<li style=\"text-align: left;\"><a href=\"https:\/\/drive.google.com\/file\/d\/1gGSLzHzMG4Y_xdE93M8rzHUkRF07isgi\/view?usp=sharing\">ON US PODEU INFORMAR<\/a><\/li>\n<li><a href=\"https:\/\/drive.google.com\/file\/d\/1TKfUNVbc9B9YkJqqpdvV6mYxumrt9qKZ\/view?usp=sharing\">N\u00daMERO DE DESEMPAT<\/a><\/li>\n<li><a href=\"https:\/\/drive.google.com\/file\/d\/1XenBtzmg4pgHDC_kyUWDF1pUrrErw0gD\/view?usp=sharing\">PUBLICACI\u00d3 DE L&#8217;OFERTA FINAL<\/a><\/li>\n<li><a href=\"https:\/\/drive.google.com\/file\/d\/1WH9dm2FUcdNUhjsbtc7-PX2LVf_e2vGq\/view?usp=sharing\">ALUMNES PREINSCRITS A L&#8217;INSTITUT ESCOLA<\/a><\/li>\n<li><a href=\"https:\/\/drive.google.com\/file\/d\/149IQMTWyiYx560MY7dHRxmj0pWppKC19\/view?usp=sharing\">ALUMNES ASSIGNATS EN PRIMERA PETICI\u00d3<\/a><\/li>\n<li><a href=\"https:\/\/drive.google.com\/file\/d\/1Fy4zXdLljAk2lLKpLv0h0YV6b4G54d49\/view?usp=sharing\">LLISTA D&#8217;ESPERA<\/a><\/li>\n<li>MATR\u00cdCULA: El per\u00edode de matr\u00edcula \u00e9s del 18 al 26 de juny del 2024, ambd\u00f3s inclosos. Recomanem que demaneu cita.<\/li>\n<\/ul>\n","protected":false},"excerpt":{"rendered":"<p><a href=\"https:\/\/agora.xtec.cat\/esc-molidefinestrelles\/categoria\/infantil\/p3\/\"><\/a><a href=\"https:\/\/agora.xtec.cat\/esc-molidefinestrelles\/categoria\/infantil\/p4\/\"><\/a><a href=\"https:\/\/agora.xtec.cat\/esc-molidefinestrelles\/categoria\/infantil\/P5\/\"><\/a><a href=\"https:\/\/agora.xtec.cat\/esc-molidefinestrelles\/categoria\/primaria\/1r\/\"><\/a><a href=\"https:\/\/agora.xtec.cat\/esc-molidefinestrelles\/categoria\/primaria\/2n\/\"><\/a><a href=\"https:\/\/agora.xtec.cat\/esc-molidefinestrelles\/categoria\/primaria\/3r\/\"><\/a><a href=\"https:\/\/agora.xtec.cat\/esc-molidefinestrelles\/categoria\/primaria\/4t\/\"><\/a><a href=\"https:\/\/agora.xtec.cat\/esc-molidefinestrelles\/categoria\/primaria\/5e\/\"><\/a><a href=\"https:\/\/agora.xtec.cat\/esc-molidefinestrelles\/categoria\/primaria\/6e\/\"><\/a><\/p>\n<p>INSTITUT ESCOLA VAPOR I MOL\u00cd\u00a0<br \/>\nMIREU AQUEST <a href=\"https:\/\/youtu.be\/QkzIgCGKids\">V\u00cdDEO!<\/a><\/p>\n<p>PREINSCRIPCI\u00d3:<\/p>\n<ul>\n<li style=\"text-align: left;\"><a href=\"https:\/\/drive.google.com\/file\/d\/1k3kcsi50C_obDDpajH-FgWPYufGl-EHR\/view?usp=sharing\">CALENDARI<\/a><\/li>\n<li style=\"text-align: left;\"><a href=\"https:\/\/drive.google.com\/file\/d\/18U5Urs3UrIQ8QNUuphgoEffkEVkBR_Mg\/view?usp=sharing\">LLISTA ORDENADA<\/a><\/li>\n<li style=\"text-align: left;\"><a href=\"https:\/\/drive.google.com\/file\/d\/16X2vNK6xellyzr5tCKQOPRATr2vloe12\/view?usp=sharing\">OFERTA<\/a><\/li>\n<li><a href=\"https:\/\/drive.google.com\/file\/d\/1R8ns91v2X4SFHp0CjsQ0isyzd68GTCJP\/view?usp=sharing\">BAREMS<\/a><\/li>\n<li style=\"text-align: left;\"><a href=\"https:\/\/drive.google.com\/file\/d\/1gGSLzHzMG4Y_xdE93M8rzHUkRF07isgi\/view?usp=sharing\">ON US PODEU INFORMAR<\/a><\/li>\n<li><a href=\"https:\/\/drive.google.com\/file\/d\/1TKfUNVbc9B9YkJqqpdvV6mYxumrt9qKZ\/view?usp=sharing\">N\u00daMERO DE DESEMPAT<\/a><\/li>\n<li><a href=\"https:\/\/drive.google.com\/file\/d\/1XenBtzmg4pgHDC_kyUWDF1pUrrErw0gD\/view?usp=sharing\">PUBLICACI\u00d3 DE L&#8217;OFERTA FINAL<\/a><\/li>\n<li><a href=\"https:\/\/drive.google.com\/file\/d\/1WH9dm2FUcdNUhjsbtc7-PX2LVf_e2vGq\/view?usp=sharing\">ALUMNES PREINSCRITS A&hellip;  <a href=\"https:\/\/agora.xtec.cat\/esc-molidefinestrelles\/\" title=\"Read QU\u00c8 FEM?\">Llegeix m\u00e9s\u00bb<\/a><br \/>\n","protected":false},"author":1,"featured_media":0,"parent":0,"menu_order":0,"comment_status":"closed","ping_status":"closed","template":"","meta":{"_bbp_topic_count":0,"_bbp_reply_count":0,"_bbp_total_topic_count":0,"_bbp_total_reply_count":0,"_bbp_voice_count":0,"_bbp_anonymous_reply_count":0,"_bbp_topic_count_hidden":0,"_bbp_reply_count_hidden":0,"_bbp_forum_subforum_count":0,"footnotes":""},"class_list":["post-9","page","type-page","status-publish","hentry"],"post_mailing_queue_ids":[],"_links":{"self":[{"href":"https:\/\/agora.xtec.cat\/esc-molidefinestrelles\/wp-json\/wp\/v2\/pages\/9","targetHints":{"allow":["GET"]}}],"collection":[{"href":"https:\/\/agora.xtec.cat\/esc-molidefinestrelles\/wp-json\/wp\/v2\/pages"}],"about":[{"href":"https:\/\/agora.xtec.cat\/esc-molidefinestrelles\/wp-json\/wp\/v2\/types\/page"}],"author":[{"embeddable":true,"href":"https:\/\/agora.xtec.cat\/esc-molidefinestrelles\/wp-json\/wp\/v2\/users\/1"}],"replies":[{"embeddable":true,"href":"https:\/\/agora.xtec.cat\/esc-molidefinestrelles\/wp-json\/wp\/v2\/comments?post=9"}],"version-history":[{"count":7,"href":"https:\/\/agora.xtec.cat\/esc-molidefinestrelles\/wp-json\/wp\/v2\/pages\/9\/revisions"}],"predecessor-version":[{"id":11262,"href":"https:\/\/agora.xtec.cat\/esc-molidefinestrelles\/wp-json\/wp\/v2\/pages\/9\/revisions\/11262"}],"wp:attachment":[{"href":"https:\/\/agora.xtec.cat\/esc-molidefinestrelles\/wp-json\/wp\/v2\/media?parent=9"}],"curies":[{"name":"wp","href":"https:\/\/api.w.org\/{rel}","templated":true}]}}