{"id":8231,"date":"2022-03-04T10:57:11","date_gmt":"2022-03-04T09:57:11","guid":{"rendered":"https:\/\/agora.xtec.cat\/esc-molidefinestrelles\/?page_id=8231"},"modified":"2022-03-04T15:40:48","modified_gmt":"2022-03-04T14:40:48","slug":"trets-didentitat-i-linia-pedagogica-de-lescola","status":"publish","type":"page","link":"https:\/\/agora.xtec.cat\/esc-molidefinestrelles\/pagines-dinici\/projectes-descola\/trets-didentitat-i-linia-pedagogica-de-lescola\/","title":{"rendered":"Trets d&#8217;identitat i l\u00ednia pedag\u00f2gica de l&#8217;escola"},"content":{"rendered":"<p>En aquests document es troba la organitzaci\u00f3 pedag\u00f2gica de la nostra escola<\/p>\n<p><a href=\"https:\/\/agora.xtec.cat\/esc-molidefinestrelles\/wp-content\/uploads\/usu1469\/2022\/03\/ident-linia-pedagogica-1.pdf\">ident-linia-pedagogica (1)<\/a><\/p>\n","protected":false},"excerpt":{"rendered":"<p>En aquests document es troba la organitzaci\u00f3 pedag\u00f2gica de la nostra escola<br \/>\n<a href=\"https:\/\/agora.xtec.cat\/esc-molidefinestrelles\/wp-content\/uploads\/usu1469\/2022\/03\/ident-linia-pedagogica-1.pdf\">ident-linia-pedagogica (1)<\/a><\/p>\n","protected":false},"author":124,"featured_media":0,"parent":3254,"menu_order":0,"comment_status":"closed","ping_status":"closed","template":"page-templates\/side-menu.php","meta":{"_bbp_topic_count":0,"_bbp_reply_count":0,"_bbp_total_topic_count":0,"_bbp_total_reply_count":0,"_bbp_voice_count":0,"_bbp_anonymous_reply_count":0,"_bbp_topic_count_hidden":0,"_bbp_reply_count_hidden":0,"_bbp_forum_subforum_count":0,"footnotes":""},"class_list":["post-8231","page","type-page","status-publish","hentry"],"post_mailing_queue_ids":[],"_links":{"self":[{"href":"https:\/\/agora.xtec.cat\/esc-molidefinestrelles\/wp-json\/wp\/v2\/pages\/8231","targetHints":{"allow":["GET"]}}],"collection":[{"href":"https:\/\/agora.xtec.cat\/esc-molidefinestrelles\/wp-json\/wp\/v2\/pages"}],"about":[{"href":"https:\/\/agora.xtec.cat\/esc-molidefinestrelles\/wp-json\/wp\/v2\/types\/page"}],"author":[{"embeddable":true,"href":"https:\/\/agora.xtec.cat\/esc-molidefinestrelles\/wp-json\/wp\/v2\/users\/124"}],"replies":[{"embeddable":true,"href":"https:\/\/agora.xtec.cat\/esc-molidefinestrelles\/wp-json\/wp\/v2\/comments?post=8231"}],"version-history":[{"count":2,"href":"https:\/\/agora.xtec.cat\/esc-molidefinestrelles\/wp-json\/wp\/v2\/pages\/8231\/revisions"}],"predecessor-version":[{"id":8236,"href":"https:\/\/agora.xtec.cat\/esc-molidefinestrelles\/wp-json\/wp\/v2\/pages\/8231\/revisions\/8236"}],"up":[{"embeddable":true,"href":"https:\/\/agora.xtec.cat\/esc-molidefinestrelles\/wp-json\/wp\/v2\/pages\/3254"}],"wp:attachment":[{"href":"https:\/\/agora.xtec.cat\/esc-molidefinestrelles\/wp-json\/wp\/v2\/media?parent=8231"}],"curies":[{"name":"wp","href":"https:\/\/api.w.org\/{rel}","templated":true}]}}