{"id":7343,"date":"2021-09-17T15:52:05","date_gmt":"2021-09-17T13:52:05","guid":{"rendered":"https:\/\/agora.xtec.cat\/esc-molidefinestrelles\/?page_id=7343"},"modified":"2021-10-25T15:11:03","modified_gmt":"2021-10-25T13:11:03","slug":"programa-transformempatis","status":"publish","type":"page","link":"https:\/\/agora.xtec.cat\/esc-molidefinestrelles\/pagines-dinici\/projectes-descola\/programa-transformempatis\/","title":{"rendered":"Programa Transformem Patis"},"content":{"rendered":"<p><a href=\"https:\/\/agora.xtec.cat\/esc-molidefinestrelles\/wp-content\/uploads\/usu1469\/2021\/09\/patis.jpg\"><img loading=\"lazy\" decoding=\"async\" class=\"alignnone size-full wp-image-7350\" src=\"https:\/\/agora.xtec.cat\/esc-molidefinestrelles\/wp-content\/uploads\/usu1469\/2021\/09\/patis.jpg\" alt=\"\" width=\"744\" height=\"258\" srcset=\"https:\/\/agora.xtec.cat\/esc-molidefinestrelles\/wp-content\/uploads\/usu1469\/2021\/09\/patis.jpg 744w, https:\/\/agora.xtec.cat\/esc-molidefinestrelles\/wp-content\/uploads\/usu1469\/2021\/09\/patis-300x104.jpg 300w\" sizes=\"auto, (max-width: 744px) 100vw, 744px\" \/><\/a><\/p>\n<div class=\"lead\">\n<p>Aprofitant les vacances d\u2019estiu, als patis de les escoles p\u00fabliques de la ciutat\u00a0 es fan obres de transformaci\u00f3 que s\u00f3n el resultat d\u2019un proc\u00e9s de cocreaci\u00f3\u00a0 amb la participaci\u00f3 de les comunitats educatives i les entitats que utilitzen els patis. La iniciativa es desenvolupa dins el programa \u00abTransformem els patis; m\u00e9s naturalitzats, coeducatius i comunitaris\u00bb, que est\u00e0 impulsat i finan\u00e7at per l\u2019Ajuntament de Barcelona.<\/p>\n<\/div>\n<div class=\"e_text\">\n<p>El projecte dins el qual es duen a terme aquestes obres, \u00abTransformem els patis\u00bb, \u00e9s un programa estable i sist\u00e8mic de transformaci\u00f3 dels patis per naturalitzar-los i seguir fent cr\u00e9ixer la xarxa de refugis clim\u00e0tics de la ciutat, i \u00e9s impulsat i finan\u00e7at per l\u2019Ajuntament. Els seus objectius s\u00f3n introduir elements que permetin aprofundir en la coeducaci\u00f3, ampliar els espais pedag\u00f2gics dels centres, i facilitar usos ve\u00efnals i comunitaris en horaris extraescolars i de vacances com a equipaments de barri i com a refugis clim\u00e0tics.<\/p>\n<p>Les millores es concreten en quatre actuacions:<\/p>\n<ul>\n<li>Incorporar elements de joc per diversificar al m\u00e0xim les possibilitats i ambients pel joc lliure, compartit, vers\u00e0til, incloent materials naturals, fonts i jocs d\u2019aigua.<\/li>\n<li>Plantar arbres i vegetaci\u00f3 en un n\u00famero significatiu per naturalitzar i incrementar el volum de verd i les possibilitats de contacte amb la natura o elements naturals.<\/li>\n<li>Generar ombra, ja sigui vegetal o amb estructures, per millorar el confort t\u00e8rmic i crear ambients diversos.<\/li>\n<li>Ampliar els espais de paviment tou per guanyar terra permeable com a jard\u00ed, sempre assegurant la conviv\u00e8ncia amb usos per a l\u2019educaci\u00f3 f\u00edsica i l\u2019esport.<\/li>\n<\/ul>\n<p>El programa es desenvolupa de manera progressiva per anar abordant les reformes d\u2019un m\u00ednim d\u2019una dotzena de patis d\u2019escoles cada estiu, amb la intenci\u00f3 que totes les escoles d\u2019infantil i prim\u00e0ria p\u00fabliques de la ciutat tinguin patis adequats que facin possible aprofitar al m\u00e0xim el potencial educatiu de l\u2019espai exterior dels centres i alhora crear entorns d\u2019aprenentatge m\u00e9s naturalitzats i saludables per lluitar contra l\u2019emerg\u00e8ncia clim\u00e0tica des de cada escola, tamb\u00e9 des de la transformaci\u00f3 dels patis.<\/p>\n<p><strong>Un pla de patis pensat per transformar els espais, les din\u00e0miques i els usos<\/strong><\/p>\n<p>Es tracta d\u2019un canvi no sols f\u00edsic sin\u00f3 tamb\u00e9 conceptual d\u2019aquest espai per a la conviv\u00e8ncia i per a unes relacions m\u00e9s igualit\u00e0ries. Els patis escolars s\u00f3n espais d\u2019esbarjo i de joc, i tenen una gran import\u00e0ncia i molt potencial com a espais educatius i d\u2019aprenentatge. Alhora, tamb\u00e9 s\u00f3n extensions de l\u2019espai p\u00fablic de la ciutat i, per tant, s\u00f3n entorns clau per avan\u00e7ar en la ciutat \u00abjugable\u00bb. A m\u00e9s, estan a l\u2019aire lliure, de manera que hi ha la voluntat de millorar-los com a\u00a0espais de benestar, trobada i confort t\u00e8rmic.<\/p>\n<p>M\u00e9s enll\u00e0 de la transformaci\u00f3 f\u00edsica, el programa inclou espais de debat i formaci\u00f3 oberts a totes les escoles per a l\u2019intercanvi d\u2019experi\u00e8ncies i amb orientacions pedag\u00f2giques que impulsen la millora de l\u2019aprofitament del potencial educatiu i l\u00fadic dels patis. Tot aix\u00f2 es desenvolupa en el marc del Consell Educatiu Municipal de ciutat (CEMB) i amb la col\u00b7laboraci\u00f3 de l\u2019Associaci\u00f3 de Mestres Rosa Sensat.<\/p>\n<p>Una de les intencions del programa \u00e9s donar m\u00e9s rellev\u00e0ncia a la vida als patis partint de la idea que el pati \u00e9s escola. Per tant, ha de formar part del projecte pedag\u00f2gic i la comunitat educativa ha de ser la protagonista de la reflexi\u00f3 i les millores dels espais, les experi\u00e8ncies i els usos dels patis. En aquest sentit, els treballs partiran de la proposta de criteris per a un bon pati (infografia disponible) sota la premissa que els patis s\u00f3n espais de joc i d\u2019aprenentatge molt valuosos.<\/p>\n<p><strong>Patis cocreats i amb participaci\u00f3 de les comunitats educatives i entitats<\/strong><\/p>\n<p>Les obres de transformaci\u00f3 que s\u2019estan executant aquests dies donaran lloc a nous dissenys, treballats pels equips t\u00e8cnics de la direcci\u00f3 d\u2019equipaments del Consorci d\u2019Educaci\u00f3. S\u2019ha dut a terme un proc\u00e9s de cocreaci\u00f3 a trav\u00e9s de grups motors generats a cada centre amb la participaci\u00f3 de les comunitats educatives respectives, \u00e9s a dir, l\u2019alumnat, el professorat, les AFA i les fam\u00edlies, com tamb\u00e9 les entitats esportives i de lleure, i els representants dels equips de monitoratge del migdia.<\/p>\n<p>La intenci\u00f3 \u00e9s consensuar els projectes executius a cada centre aplicant-hi els criteris de ciutat treballats i equilibrant les tres mirades: a) pedagogicoeducativa, a l\u2019entorn d\u2019aprenentatges i conviv\u00e8ncia, en l\u00ednia amb el projecte educatiu de centre; b) de sostenibilitat i naturalitzaci\u00f3, per mitigar els impactes del canvi clim\u00e0tic, i c) de l\u2019activitat f\u00edsica i esportiva, per promoure el joc actiu i la pr\u00e0ctica de l\u2019esport en edat escolar.<\/p>\n<p>En relaci\u00f3 amb aix\u00f2, tots els projectes que s\u2019estan duent a terme garanteixen la pista poliesportiva, imprescindible per a l\u2019educaci\u00f3 f\u00edsica escolar i per a les activitats f\u00edsiques i esportives extraescolars. Ha estat una premissa dels projectes i un acord del grup motor assegurar que totes les activitats f\u00edsiques i esportives es continuaran fent al mateix centre, o b\u00e9 que es puguin practicar en un altre equipament alternatiu del mateix barri.<\/p>\n<p>A m\u00e9s dels grups motors de cada centre, tamb\u00e9 s\u2019ha constitu\u00eft una Taula de Seguiment de Ciutat del projecte \u00abTransformem els patis\u00bb, que inclou una pluralitat d\u2019actors, tant de l\u2019Administraci\u00f3 local com del teixit social i persones expertes amb perspectives diverses des dels \u00e0mbits educatiu, feminista, ecologista i esportiu, amb interessos, vincles i experi\u00e8ncia en la millora dels patis escolars.<\/p>\n<p><a href=\"https:\/\/agora.xtec.cat\/esc-molidefinestrelles\/wp-content\/uploads\/usu1469\/2021\/10\/Presentacio-Programa-Transformem-Patis.pdf\">Presentaci\u00f3 &#8211; Programa Transformem Patis<\/a><\/p>\n<p>&nbsp;<\/p>\n<\/div>\n","protected":false},"excerpt":{"rendered":"<p><a href=\"https:\/\/agora.xtec.cat\/esc-molidefinestrelles\/wp-content\/uploads\/usu1469\/2021\/09\/patis.jpg\"><\/a><\/p>\n<p>Aprofitant les vacances d\u2019estiu, als patis de les escoles p\u00fabliques de la ciutat\u00a0 es fan obres de transformaci\u00f3 que s\u00f3n el resultat d\u2019un proc\u00e9s de cocreaci\u00f3\u00a0 amb la participaci\u00f3 de les comunitats educatives i les entitats que utilitzen els patis. La iniciativa es desenvolupa&hellip;  <a href=\"https:\/\/agora.xtec.cat\/esc-molidefinestrelles\/pagines-dinici\/projectes-descola\/programa-transformempatis\/\" title=\"Read Programa Transformem Patis\">Llegeix m\u00e9s\u00bb<\/a><\/p>\n","protected":false},"author":124,"featured_media":0,"parent":3254,"menu_order":0,"comment_status":"closed","ping_status":"closed","template":"page-templates\/side-menu.php","meta":{"_bbp_topic_count":0,"_bbp_reply_count":0,"_bbp_total_topic_count":0,"_bbp_total_reply_count":0,"_bbp_voice_count":0,"_bbp_anonymous_reply_count":0,"_bbp_topic_count_hidden":0,"_bbp_reply_count_hidden":0,"_bbp_forum_subforum_count":0,"footnotes":""},"class_list":["post-7343","page","type-page","status-publish","hentry"],"post_mailing_queue_ids":[],"_links":{"self":[{"href":"https:\/\/agora.xtec.cat\/esc-molidefinestrelles\/wp-json\/wp\/v2\/pages\/7343","targetHints":{"allow":["GET"]}}],"collection":[{"href":"https:\/\/agora.xtec.cat\/esc-molidefinestrelles\/wp-json\/wp\/v2\/pages"}],"about":[{"href":"https:\/\/agora.xtec.cat\/esc-molidefinestrelles\/wp-json\/wp\/v2\/types\/page"}],"author":[{"embeddable":true,"href":"https:\/\/agora.xtec.cat\/esc-molidefinestrelles\/wp-json\/wp\/v2\/users\/124"}],"replies":[{"embeddable":true,"href":"https:\/\/agora.xtec.cat\/esc-molidefinestrelles\/wp-json\/wp\/v2\/comments?post=7343"}],"version-history":[{"count":3,"href":"https:\/\/agora.xtec.cat\/esc-molidefinestrelles\/wp-json\/wp\/v2\/pages\/7343\/revisions"}],"predecessor-version":[{"id":7626,"href":"https:\/\/agora.xtec.cat\/esc-molidefinestrelles\/wp-json\/wp\/v2\/pages\/7343\/revisions\/7626"}],"up":[{"embeddable":true,"href":"https:\/\/agora.xtec.cat\/esc-molidefinestrelles\/wp-json\/wp\/v2\/pages\/3254"}],"wp:attachment":[{"href":"https:\/\/agora.xtec.cat\/esc-molidefinestrelles\/wp-json\/wp\/v2\/media?parent=7343"}],"curies":[{"name":"wp","href":"https:\/\/api.w.org\/{rel}","templated":true}]}}