{"id":73,"date":"2014-09-18T14:01:51","date_gmt":"2014-09-18T13:01:51","guid":{"rendered":"http:\/\/agora.xtec.cat\/esc-molidefinestrelles\/?page_id=73"},"modified":"2023-12-05T16:00:35","modified_gmt":"2023-12-05T15:00:35","slug":"menjador-escolar","status":"publish","type":"page","link":"https:\/\/agora.xtec.cat\/esc-molidefinestrelles\/serveis\/menjador-escolar\/","title":{"rendered":"Espai Migdia"},"content":{"rendered":"<p>El temps de migdia \u00e9s un temps for\u00e7a important per els infants ja que \u00e9s un moment on es poden esplaiar i fer un trencament en la seva jornada. Tot aix\u00f2 no ens hem d\u2019oblidar que s\u2019incorpora en l\u2019\u00e0mbit educatiu, i que aquest aspecte ha de ser tingut en compte, per a ser aprofitat i potenciat.<br \/>\nCom a responsables dels nens i nenes en l\u2019espai del migdia, el nostre objectiu \u00e9s convertir el menjador escolar en un espai l\u00fadic i educatiu. Aquesta tasca es porta a terme a trav\u00e9s del nostre personal especialitzat que, mitjan\u00e7ant el projecte educatiu, programa i fa activitats per promoure h\u00e0bits, valors i actituds b\u00e0siques per a l\u2019educaci\u00f3 dels nens i nenes el aquestes \u00e0rees principals:<\/p>\n<p>&#8211; Educaci\u00f3 per la salut: bons h\u00e0bits nutricionals i de vida activa.<br \/>\n&#8211; Educaci\u00f3 per a la conviv\u00e8ncia: h\u00e0bits de responsabilitat, cooperaci\u00f3, igualtat i respecte mutu.<br \/>\n&#8211; Educaci\u00f3 per la sostenibilitat: h\u00e0bits de respecte al medi ambient, reciclatge i aprofitament dels recursos.<\/p>\n<p>El temps de migdia ha de servir als nens i nenes per a descansar i esplaiar-se. \u00c9s el trencament del ritme horari que el treball escolar assenyala. Tamb\u00e9 ha de servir per a respondre a la necessitat d\u2019aportaci\u00f3 nutricional que l\u2019infant necessita. En aquest temps ha d\u2019aprendre a adquirir bons h\u00e0bits alimentaris.<br \/>\n\u00c9s molt important que es relacioni amb els companys i que aprengui a compartir i a respectar el material.<\/p>\n<p><strong>OBJECTIUS GENERALS<\/strong><\/p>\n<p>Els objectius que ens plantegem en l\u2019espai de migdia s\u00f3n els seg\u00fcents:<\/p>\n<p>&#8211; Adquirir bons h\u00e0bits alimentaris<br \/>\n&#8211; Respectar tota la comunitat educativa que participa en l\u2019horari de menjador i temps lliure.<br \/>\n&#8211; Usar correctament i amb cura el material del menjador i de les activitats<br \/>\n&#8211; Desenvolupar h\u00e0bits d\u2019higiene (rentar mans abans i despr\u00e9s de dinar, rentar les dents&#8230;).<br \/>\n&#8211; Potenciar el desenvolupament integral dels nens i de les nenes<br \/>\n&#8211; Fomentar el comportament correcte a taula<br \/>\n&#8211; Desenvolupar l\u2019autonomia personal<br \/>\n&#8211; Fomentar el companyerisme i les actituds de respecte i toler\u00e0ncia cap a tots els membres de la comunitat escolar.<br \/>\n&#8211; Motivar la iniciativa dels infants.<br \/>\n&#8211; Practicar la responsabilitat i en el desenvolupament de compromisos.<br \/>\n&#8211; Fomentar el respecte per l\u2019entorn.<br \/>\n&#8211; Aprendre a compartir.<br \/>\n&#8211; Utilitzar el di\u00e0leg com a eina de resoldre conflictes.<\/p>\n<p><strong>EL NOSTRE EQUIP DE MONITORS\/ES:<\/strong><\/p>\n<table dir=\"ltr\" style=\"width: 16.3728%;\" border=\"1\" cellspacing=\"0\" cellpadding=\"0\">\n<colgroup>\n<col width=\"80\" \/>\n<col width=\"218\" \/><\/colgroup>\n<tbody>\n<tr>\n<td style=\"width: 26.7327%;\" data-sheets-value=\"{&quot;1&quot;:2,&quot;2&quot;:&quot;P3A&quot;}\">I3A<\/td>\n<td style=\"width: 46.2046%;\" data-sheets-value=\"{&quot;1&quot;:2,&quot;2&quot;:&quot;MANOLI MARRUPE HERRADOR&quot;}\">M\u00aaANGELS G.<\/td>\n<\/tr>\n<tr>\n<td style=\"width: 26.7327%;\" data-sheets-value=\"{&quot;1&quot;:2,&quot;2&quot;:&quot;P3B&quot;}\">I3B<\/td>\n<td style=\"width: 46.2046%;\" data-sheets-value=\"{&quot;1&quot;:2,&quot;2&quot;:&quot;N\u00daRIA B\u00c1EZ FERN\u00c1NDEZ&quot;}\">S\u00d2NIA M.<\/td>\n<\/tr>\n<tr>\n<td style=\"width: 26.7327%;\" data-sheets-value=\"{&quot;1&quot;:2,&quot;2&quot;:&quot;REFOR\u00c7 P3&quot;}\">REFOR\u00c7 I3<\/td>\n<td style=\"width: 46.2046%;\" data-sheets-value=\"{&quot;1&quot;:2,&quot;2&quot;:&quot;ALEJANDRA BEN\u00cdTEZ MARIN&quot;}\">LAURA G<\/td>\n<\/tr>\n<tr>\n<td style=\"width: 26.7327%;\" data-sheets-value=\"{&quot;1&quot;:2,&quot;2&quot;:&quot;P4A&quot;}\">I4A<\/td>\n<td style=\"width: 46.2046%;\" data-sheets-value=\"{&quot;1&quot;:2,&quot;2&quot;:&quot;MARI GALLARDO FERN\u00c1NDEZ&quot;}\">MANOLI M.<\/td>\n<\/tr>\n<tr>\n<td style=\"width: 26.7327%;\" data-sheets-value=\"{&quot;1&quot;:2,&quot;2&quot;:&quot;P4B&quot;}\">I4B<\/td>\n<td style=\"width: 46.2046%;\" data-sheets-value=\"{&quot;1&quot;:2,&quot;2&quot;:&quot;KRIS RODR\u00cdGUEZ L\u00d3PEZ&quot;}\">N\u00daRIA\u00a0 B.<\/td>\n<\/tr>\n<tr>\n<td style=\"width: 26.7327%;\" data-sheets-value=\"{&quot;1&quot;:2,&quot;2&quot;:&quot;P5A&quot;}\">I5A<\/td>\n<td style=\"width: 46.2046%;\" data-sheets-value=\"{&quot;1&quot;:2,&quot;2&quot;:&quot;M\u00aa \u00c1NGELES GARC\u00cdA FRANCOL\u00cd&quot;}\">MARI G.<\/td>\n<\/tr>\n<tr>\n<td style=\"width: 26.7327%;\" data-sheets-value=\"{&quot;1&quot;:2,&quot;2&quot;:&quot;P5B&quot;}\">I5B<\/td>\n<td style=\"width: 46.2046%;\" data-sheets-value=\"{&quot;1&quot;:2,&quot;2&quot;:&quot;MAITE MOLINA ZURITA&quot;}\">CRISTINA R.<\/td>\n<\/tr>\n<tr>\n<td style=\"width: 26.7327%;\" data-sheets-value=\"{&quot;1&quot;:2,&quot;2&quot;:&quot;1rA&quot;}\">1rA<\/td>\n<td style=\"width: 46.2046%;\" data-sheets-value=\"{&quot;1&quot;:2,&quot;2&quot;:&quot;LAIA MORENO ATAR\u00c9S&quot;}\">MART\u00cd A.<\/td>\n<\/tr>\n<tr>\n<td style=\"width: 26.7327%;\" data-sheets-value=\"{&quot;1&quot;:2,&quot;2&quot;:&quot;1rB&quot;}\">1rB<\/td>\n<td style=\"width: 46.2046%;\" data-sheets-value=\"{&quot;1&quot;:2,&quot;2&quot;:&quot;SONIA MARRUPE HERRADOR&quot;}\">MARI R.<\/td>\n<\/tr>\n<tr>\n<td style=\"width: 26.7327%;\" data-sheets-value=\"{&quot;1&quot;:2,&quot;2&quot;:&quot;2nA&quot;}\">2nA<\/td>\n<td style=\"width: 46.2046%;\" data-sheets-value=\"{&quot;1&quot;:2,&quot;2&quot;:&quot;RAQUEL CATALAN MATEOS&quot;}\">LAIA A.<\/td>\n<\/tr>\n<tr>\n<td style=\"width: 26.7327%;\" data-sheets-value=\"{&quot;1&quot;:2,&quot;2&quot;:&quot;2nB&quot;}\">2nB<\/td>\n<td style=\"width: 46.2046%;\" data-sheets-value=\"{&quot;1&quot;:2,&quot;2&quot;:&quot;MARIA JOS\u00c9 ROMERO&quot;}\">MARC P.<\/td>\n<\/tr>\n<tr>\n<td style=\"width: 26.7327%;\" data-sheets-value=\"{&quot;1&quot;:2,&quot;2&quot;:&quot;3rA&quot;}\">3rA<\/td>\n<td style=\"width: 46.2046%;\" data-sheets-value=\"{&quot;1&quot;:2,&quot;2&quot;:&quot;SUSANA P\u00c9REZ MART\u00cdNEZ&quot;}\">RAQUEL C.<\/td>\n<\/tr>\n<tr>\n<td style=\"width: 26.7327%;\" data-sheets-value=\"{&quot;1&quot;:2,&quot;2&quot;:&quot;3rB&quot;}\">3rB<\/td>\n<td style=\"width: 46.2046%;\" data-sheets-value=\"{&quot;1&quot;:2,&quot;2&quot;:&quot;SUSANA RENAU MORAL&quot;}\">LAURA J.<\/td>\n<\/tr>\n<tr>\n<td style=\"width: 26.7327%;\" data-sheets-value=\"{&quot;1&quot;:2,&quot;2&quot;:&quot;4tA&quot;}\">4tA<\/td>\n<td style=\"width: 46.2046%;\" data-sheets-value=\"{&quot;1&quot;:2,&quot;2&quot;:&quot;ADRI\u00c0 D\u00cdAZ DE LA FUENTE&quot;}\">SUSANA P.<\/td>\n<\/tr>\n<tr>\n<td style=\"width: 26.7327%;\" data-sheets-value=\"{&quot;1&quot;:2,&quot;2&quot;:&quot;4tB&quot;}\">4tB<\/td>\n<td style=\"width: 46.2046%;\" data-sheets-value=\"{&quot;1&quot;:2,&quot;2&quot;:&quot;MARC PUEBLA NEILA&quot;}\">SUSANA R.<\/td>\n<\/tr>\n<tr>\n<td style=\"width: 26.7327%;\" data-sheets-value=\"{&quot;1&quot;:2,&quot;2&quot;:&quot;5\u00e8A&quot;}\">5\u00e8A<\/td>\n<td style=\"width: 46.2046%;\" data-sheets-value=\"{&quot;1&quot;:2,&quot;2&quot;:&quot;NURIA RUBI\u00d1O OBIOL&quot;}\">MARC A.<\/td>\n<\/tr>\n<tr>\n<td style=\"width: 26.7327%;\" data-sheets-value=\"{&quot;1&quot;:2,&quot;2&quot;:&quot;5\u00e8B&quot;}\">5\u00e8B<\/td>\n<td style=\"width: 46.2046%;\" data-sheets-value=\"{&quot;1&quot;:2,&quot;2&quot;:&quot;MART\u00cd ANIENTO MESTRE&quot;}\">ADRI\u00c0 D.<\/td>\n<\/tr>\n<tr>\n<td style=\"width: 26.7327%;\" data-sheets-value=\"{&quot;1&quot;:2,&quot;2&quot;:&quot;6\u00e8A&quot;}\">6\u00e8A<\/td>\n<td style=\"width: 46.2046%;\" data-sheets-value=\"{&quot;1&quot;:2,&quot;2&quot;:&quot;LAURA JIM\u00c9NEZ RUEDA&quot;}\">N\u00daRIA R.<\/td>\n<\/tr>\n<tr>\n<td style=\"width: 26.7327%;\" data-sheets-value=\"{&quot;1&quot;:2,&quot;2&quot;:&quot;6\u00e8B&quot;}\">6\u00e8B<\/td>\n<td style=\"width: 46.2046%;\" data-sheets-value=\"{&quot;1&quot;:2,&quot;2&quot;:&quot;MARC ANDRES LOZANO&quot;}\">ORIOL A.<\/td>\n<\/tr>\n<tr>\n<td style=\"width: 26.7327%;\" data-sheets-value=\"{&quot;1&quot;:2,&quot;2&quot;:&quot;COORD.&quot;}\">COORD.<\/td>\n<td style=\"width: 46.2046%;\" data-sheets-value=\"{&quot;1&quot;:2,&quot;2&quot;:&quot;N\u00daRIA BASTARRAS SOLER&quot;}\">N\u00daRIA B.<\/td>\n<\/tr>\n<\/tbody>\n<\/table>\n<p>&nbsp;<\/p>\n<p><strong>L&#8217;EQUIP DE CUINA:<\/strong><\/p>\n<table dir=\"ltr\" style=\"width: 30.858%;\" border=\"1\" cellspacing=\"0\" cellpadding=\"0\">\n<colgroup>\n<col width=\"218\" \/><\/colgroup>\n<tbody>\n<tr>\n<td style=\"width: 100%;\" data-sheets-value=\"{&quot;1&quot;:2,&quot;2&quot;:&quot;DANIEL RODR\u00cdGUEZ COLLDEFORNS&quot;}\">DANIEL RODR\u00cdGUEZ COLLDEFORNS<\/td>\n<\/tr>\n<tr>\n<td style=\"width: 100%;\" data-sheets-value=\"{&quot;1&quot;:2,&quot;2&quot;:&quot;ANDREA VENT\u00d3S RODR\u00cdGUEZ&quot;}\">ANDREA VENT\u00d3S RODR\u00cdGUEZ<\/td>\n<\/tr>\n<tr>\n<td style=\"width: 100%;\" data-sheets-value=\"{&quot;1&quot;:2,&quot;2&quot;:&quot;PILAR P\u00c9REZ DO\u00d1ATE&quot;}\">PILAR P\u00c9REZ DO\u00d1ATE<\/td>\n<\/tr>\n<tr>\n<td style=\"width: 100%;\" data-sheets-value=\"{&quot;1&quot;:2,&quot;2&quot;:&quot;ANA MAR\u00cdA MART\u00cd CONCEJO&quot;}\">ANA MAR\u00cdA MART\u00cd CONCEJO<\/td>\n<\/tr>\n<\/tbody>\n<\/table>\n<p><a href=\"https:\/\/docs.google.com\/spreadsheets\/d\/1xRTaO1nuvufft5UTwcVVw0csbSDJxU3S\/edit?usp=sharing&amp;ouid=100971446801575162510&amp;rtpof=true&amp;sd=true\">Preus del menjador 23-24<\/a><\/p>\n<p><a href=\"https:\/\/drive.google.com\/file\/d\/1nbv2N8BpXfdEY01wgYHr3RpcdcQnqT5l\/view?usp=sharing\">PROJECTE MENJADOR CURS 23-24<\/a><\/p>\n<p>&nbsp;<\/p>\n","protected":false},"excerpt":{"rendered":"<p>El temps de migdia \u00e9s un temps for\u00e7a important per els infants ja que \u00e9s un moment on es poden esplaiar i fer un trencament en la seva jornada. Tot aix\u00f2 no ens hem d\u2019oblidar que s\u2019incorpora en l\u2019\u00e0mbit educatiu, i que aquest aspecte ha&hellip;  <a href=\"https:\/\/agora.xtec.cat\/esc-molidefinestrelles\/serveis\/menjador-escolar\/\" title=\"Read Espai Migdia\">Llegeix m\u00e9s\u00bb<\/a><\/p>\n","protected":false},"author":1,"featured_media":0,"parent":66,"menu_order":30,"comment_status":"closed","ping_status":"closed","template":"page-templates\/side-menu.php","meta":{"_bbp_topic_count":0,"_bbp_reply_count":0,"_bbp_total_topic_count":0,"_bbp_total_reply_count":0,"_bbp_voice_count":0,"_bbp_anonymous_reply_count":0,"_bbp_topic_count_hidden":0,"_bbp_reply_count_hidden":0,"_bbp_forum_subforum_count":0,"footnotes":""},"class_list":["post-73","page","type-page","status-publish","hentry"],"post_mailing_queue_ids":[],"_links":{"self":[{"href":"https:\/\/agora.xtec.cat\/esc-molidefinestrelles\/wp-json\/wp\/v2\/pages\/73","targetHints":{"allow":["GET"]}}],"collection":[{"href":"https:\/\/agora.xtec.cat\/esc-molidefinestrelles\/wp-json\/wp\/v2\/pages"}],"about":[{"href":"https:\/\/agora.xtec.cat\/esc-molidefinestrelles\/wp-json\/wp\/v2\/types\/page"}],"author":[{"embeddable":true,"href":"https:\/\/agora.xtec.cat\/esc-molidefinestrelles\/wp-json\/wp\/v2\/users\/1"}],"replies":[{"embeddable":true,"href":"https:\/\/agora.xtec.cat\/esc-molidefinestrelles\/wp-json\/wp\/v2\/comments?post=73"}],"version-history":[{"count":5,"href":"https:\/\/agora.xtec.cat\/esc-molidefinestrelles\/wp-json\/wp\/v2\/pages\/73\/revisions"}],"predecessor-version":[{"id":10954,"href":"https:\/\/agora.xtec.cat\/esc-molidefinestrelles\/wp-json\/wp\/v2\/pages\/73\/revisions\/10954"}],"up":[{"embeddable":true,"href":"https:\/\/agora.xtec.cat\/esc-molidefinestrelles\/wp-json\/wp\/v2\/pages\/66"}],"wp:attachment":[{"href":"https:\/\/agora.xtec.cat\/esc-molidefinestrelles\/wp-json\/wp\/v2\/media?parent=73"}],"curies":[{"name":"wp","href":"https:\/\/api.w.org\/{rel}","templated":true}]}}