{"id":64,"date":"2014-09-18T12:39:08","date_gmt":"2014-09-18T11:39:08","guid":{"rendered":"http:\/\/agora.xtec.cat\/esc-molidefinestrelles\/?page_id=64"},"modified":"2023-04-27T09:52:13","modified_gmt":"2023-04-27T07:52:13","slug":"projecte-educatiu","status":"publish","type":"page","link":"https:\/\/agora.xtec.cat\/esc-molidefinestrelles\/pagines-dinici\/projectes-descola\/projecte-educatiu\/","title":{"rendered":"Projecte educatiu"},"content":{"rendered":"<p>El projecte educatiu de centre (PEC) \u00e9s un document que inclou els trets d&#8217;identitat del centre, els principis pedag\u00f2gics, els principis organitzatius i el projecte ling\u00fc\u00edstic.<\/p>\n<p>En aquest document s&#8217;especifiquen els valors, els objectius i les prioritats d&#8217;actuaci\u00f3 del centre, la concreci\u00f3 dels curr\u00edculums que s&#8217;imparteixen i el tractament transversal en les \u00e0rees, mat\u00e8ries o m\u00f2duls de l&#8217;educaci\u00f3 en valors i altres ensenyaments.<\/p>\n<p><strong>COM EDUQUEM<\/strong><\/p>\n<p>&#8211; Treballem per l&#8217;\u00e8xit educatiu de tots els nostres infants,<br \/>\natenent la diversitat a trav\u00e9s de tallers, racons i desdoblaments flexibles.<\/p>\n<p>&#8211; Treballem per a la creaci\u00f3 comunitat educativa oberta, integradora i responsable amb l&#8217;entorn.<\/p>\n<p>&#8211; Vetllem per a qu\u00e8 els nostres infants siguin conscients del que saben, del que i com cal aprendre i, d&#8217;aplicar aquests coneixements i capacitats en situacions i contextos diversos.<\/p>\n<p>&#8211; Treballem per potenciar el sentiment de pertinen\u00e7a i responsabilitat col\u00b7lectiva i per afavorir l&#8217;arrelament al nostre barri.<\/p>\n<p>&#8211; Treballem per a la implementaci\u00f3 dels canvis educatius: innovacions cient\u00edfiques, tecnol\u00f2giques i culturals, que requereix la nostra societat en evoluci\u00f3 constant i, que enriqueix la nostra comunitat escolar.<\/p>\n<p>&#8211; Sensibilitzem els nostres alumnes envers el reciclatge i els eduquem per prendre consci\u00e8ncia de la degradaci\u00f3 del medi ambient.<\/p>\n<p><a href=\"https:\/\/drive.google.com\/file\/d\/13l76egId4m0Yp2EKdqJQyo5ttXgPbuPI\/view?usp=sharing\">PEC-Moli de Finestrelles<\/a><\/p>\n","protected":false},"excerpt":{"rendered":"<p>El projecte educatiu de centre (PEC) \u00e9s un document que inclou els trets d&#8217;identitat del centre, els principis pedag\u00f2gics, els principis organitzatius i el projecte ling\u00fc\u00edstic.<br \/>\nEn aquest document s&#8217;especifiquen els valors, els objectius i les prioritats d&#8217;actuaci\u00f3 del centre, la concreci\u00f3 dels curr\u00edculums que s&#8217;imparteixen&hellip;  <a href=\"https:\/\/agora.xtec.cat\/esc-molidefinestrelles\/pagines-dinici\/projectes-descola\/projecte-educatiu\/\" title=\"Read Projecte educatiu\">Llegeix m\u00e9s\u00bb<\/a><\/p>\n","protected":false},"author":1,"featured_media":0,"parent":3254,"menu_order":0,"comment_status":"closed","ping_status":"closed","template":"page-templates\/side-menu.php","meta":{"_bbp_topic_count":0,"_bbp_reply_count":0,"_bbp_total_topic_count":0,"_bbp_total_reply_count":0,"_bbp_voice_count":0,"_bbp_anonymous_reply_count":0,"_bbp_topic_count_hidden":0,"_bbp_reply_count_hidden":0,"_bbp_forum_subforum_count":0,"footnotes":""},"class_list":["post-64","page","type-page","status-publish","hentry"],"post_mailing_queue_ids":[],"_links":{"self":[{"href":"https:\/\/agora.xtec.cat\/esc-molidefinestrelles\/wp-json\/wp\/v2\/pages\/64","targetHints":{"allow":["GET"]}}],"collection":[{"href":"https:\/\/agora.xtec.cat\/esc-molidefinestrelles\/wp-json\/wp\/v2\/pages"}],"about":[{"href":"https:\/\/agora.xtec.cat\/esc-molidefinestrelles\/wp-json\/wp\/v2\/types\/page"}],"author":[{"embeddable":true,"href":"https:\/\/agora.xtec.cat\/esc-molidefinestrelles\/wp-json\/wp\/v2\/users\/1"}],"replies":[{"embeddable":true,"href":"https:\/\/agora.xtec.cat\/esc-molidefinestrelles\/wp-json\/wp\/v2\/comments?post=64"}],"version-history":[{"count":3,"href":"https:\/\/agora.xtec.cat\/esc-molidefinestrelles\/wp-json\/wp\/v2\/pages\/64\/revisions"}],"predecessor-version":[{"id":10359,"href":"https:\/\/agora.xtec.cat\/esc-molidefinestrelles\/wp-json\/wp\/v2\/pages\/64\/revisions\/10359"}],"up":[{"embeddable":true,"href":"https:\/\/agora.xtec.cat\/esc-molidefinestrelles\/wp-json\/wp\/v2\/pages\/3254"}],"wp:attachment":[{"href":"https:\/\/agora.xtec.cat\/esc-molidefinestrelles\/wp-json\/wp\/v2\/media?parent=64"}],"curies":[{"name":"wp","href":"https:\/\/api.w.org\/{rel}","templated":true}]}}