{"id":6350,"date":"2021-02-22T11:55:15","date_gmt":"2021-02-22T10:55:15","guid":{"rendered":"http:\/\/agora.xtec.cat\/esc-molidefinestrelles\/?page_id=6350"},"modified":"2022-12-21T10:38:58","modified_gmt":"2022-12-21T09:38:58","slug":"projecte-de-direccio","status":"publish","type":"page","link":"https:\/\/agora.xtec.cat\/esc-molidefinestrelles\/pagines-dinici\/projectes-descola\/projecte-de-direccio\/","title":{"rendered":"Projecte de direcci\u00f3"},"content":{"rendered":"<p>El projecte de direcci\u00f3 \u00e9s un instrument essencial de l&#8217;autonomia dels centres educatius perqu\u00e8 ordena el desplegament i l&#8217;aplicaci\u00f3 del projecte educatiu per al per\u00edode de mandat de la direcci\u00f3 del centre, en concreta l&#8217;estructura organitzativa i n&#8217;inclou uns indicadors, derivats del que estableix el projecte educatiu del centre, que han de servir per avaluar l&#8217;exercici de la direcci\u00f3 (art. 23.1 del Decret 155\/2010, de 2 de novembre, de la direcci\u00f3 dels centres educatius p\u00fablics i del personal directiu professional docent).<br \/>\nAix\u00ed mateix, el projecte de direcci\u00f3 defineix el marc en qu\u00e8 el director o directora exerceix les funcions, en un context de lideratge distribu\u00eft per l&#8217;enfortiment institucional dels centres educatius (art.142.3 de la Llei 12\/2009, del 10 de juliol, d&#8217;educaci\u00f3).<br \/>\nEl projecte de direcci\u00f3 ha d&#8217;establir les l\u00ednies d&#8217;actuaci\u00f3 priorit\u00e0ries que s&#8217;han de desenvolupar durant el per\u00edode de mandat i, si escau, ha de formular propostes en relaci\u00f3 amb l&#8217;adaptaci\u00f3 o modificaci\u00f3, total o parcial, del projecte educatiu (art. 31 del Decret 102\/2010, de 3 d&#8217;agost, d&#8217;autonomia dels centres educatius, i art. 24 del Decret 155\/2010, de 2 de novembre, de la direcci\u00f3 dels centres educatius p\u00fablics i del personal directiu professional docent).<\/p>\n<p><a href=\"https:\/\/drive.google.com\/file\/d\/16ULt-DeojAPa2lrQl_Rr6KCj8abUUjEL\/view?usp=sharing\">Projecte direcci\u00f3 Moli de Finestrelles<\/a><\/p>\n","protected":false},"excerpt":{"rendered":"<p>El projecte de direcci\u00f3 \u00e9s un instrument essencial de l&#8217;autonomia dels centres educatius perqu\u00e8 ordena el desplegament i l&#8217;aplicaci\u00f3 del projecte educatiu per al per\u00edode de mandat de la direcci\u00f3 del centre, en concreta l&#8217;estructura organitzativa i n&#8217;inclou uns indicadors, derivats del que estableix el&hellip;  <a href=\"https:\/\/agora.xtec.cat\/esc-molidefinestrelles\/pagines-dinici\/projectes-descola\/projecte-de-direccio\/\" title=\"Read Projecte de direcci\u00f3\">Llegeix m\u00e9s\u00bb<\/a><\/p>\n","protected":false},"author":124,"featured_media":0,"parent":3254,"menu_order":0,"comment_status":"closed","ping_status":"closed","template":"page-templates\/side-menu.php","meta":{"_bbp_topic_count":0,"_bbp_reply_count":0,"_bbp_total_topic_count":0,"_bbp_total_reply_count":0,"_bbp_voice_count":0,"_bbp_anonymous_reply_count":0,"_bbp_topic_count_hidden":0,"_bbp_reply_count_hidden":0,"_bbp_forum_subforum_count":0,"footnotes":""},"class_list":["post-6350","page","type-page","status-publish","hentry"],"post_mailing_queue_ids":[],"_links":{"self":[{"href":"https:\/\/agora.xtec.cat\/esc-molidefinestrelles\/wp-json\/wp\/v2\/pages\/6350","targetHints":{"allow":["GET"]}}],"collection":[{"href":"https:\/\/agora.xtec.cat\/esc-molidefinestrelles\/wp-json\/wp\/v2\/pages"}],"about":[{"href":"https:\/\/agora.xtec.cat\/esc-molidefinestrelles\/wp-json\/wp\/v2\/types\/page"}],"author":[{"embeddable":true,"href":"https:\/\/agora.xtec.cat\/esc-molidefinestrelles\/wp-json\/wp\/v2\/users\/124"}],"replies":[{"embeddable":true,"href":"https:\/\/agora.xtec.cat\/esc-molidefinestrelles\/wp-json\/wp\/v2\/comments?post=6350"}],"version-history":[{"count":3,"href":"https:\/\/agora.xtec.cat\/esc-molidefinestrelles\/wp-json\/wp\/v2\/pages\/6350\/revisions"}],"predecessor-version":[{"id":9879,"href":"https:\/\/agora.xtec.cat\/esc-molidefinestrelles\/wp-json\/wp\/v2\/pages\/6350\/revisions\/9879"}],"up":[{"embeddable":true,"href":"https:\/\/agora.xtec.cat\/esc-molidefinestrelles\/wp-json\/wp\/v2\/pages\/3254"}],"wp:attachment":[{"href":"https:\/\/agora.xtec.cat\/esc-molidefinestrelles\/wp-json\/wp\/v2\/media?parent=6350"}],"curies":[{"name":"wp","href":"https:\/\/api.w.org\/{rel}","templated":true}]}}