{"id":6339,"date":"2021-02-22T11:41:15","date_gmt":"2021-02-22T10:41:15","guid":{"rendered":"http:\/\/agora.xtec.cat\/esc-molidefinestrelles\/?page_id=6339"},"modified":"2023-11-17T17:40:11","modified_gmt":"2023-11-17T16:40:11","slug":"programacio-general-anual","status":"publish","type":"page","link":"https:\/\/agora.xtec.cat\/esc-molidefinestrelles\/pagines-dinici\/projectes-descola\/programacio-general-anual\/","title":{"rendered":"Programaci\u00f3 general anual"},"content":{"rendered":"<p>Els centres han d&#8217;elaborar la programaci\u00f3 general anual d&#8217;acord amb el que estableix l&#8217; article 10 del Decret 102\/2010, d&#8217;autonomia dels centres educatius.<\/p>\n<p>En la programaci\u00f3 es recull la concreci\u00f3 de les prioritats, de les activitats i del funcionament del centre per al curs escolar corresponent, i dels diferents \u00e0mbits de l&#8217;autonomia del centre, d&#8217;acord<br \/>\namb el projecte educatiu i, en els centres p\u00fablics, d&#8217;acord amb el projecte de direcci\u00f3<\/p>\n<p>En els centres p\u00fablics, el claustre formula propostes i aprova la concreci\u00f3 del curr\u00edculum i dels aspectes educatius.<\/p>\n<p><a href=\"https:\/\/drive.google.com\/file\/d\/1gKYGeOrd9G24bTDakh9bLewOE9L05bXu\/view?usp=sharing\">PGA_2023-24\u00a0 Escola Moli de Finestrelles<\/a><\/p>\n","protected":false},"excerpt":{"rendered":"<p>Els centres han d&#8217;elaborar la programaci\u00f3 general anual d&#8217;acord amb el que estableix l&#8217; article 10 del Decret 102\/2010, d&#8217;autonomia dels centres educatius.<br \/>\nEn la programaci\u00f3 es recull la concreci\u00f3 de les prioritats, de les activitats i del funcionament del centre per al curs escolar corresponent,&hellip;  <a href=\"https:\/\/agora.xtec.cat\/esc-molidefinestrelles\/pagines-dinici\/projectes-descola\/programacio-general-anual\/\" title=\"Read Programaci\u00f3 general anual\">Llegeix m\u00e9s\u00bb<\/a><\/p>\n","protected":false},"author":124,"featured_media":0,"parent":3254,"menu_order":0,"comment_status":"closed","ping_status":"closed","template":"page-templates\/side-menu.php","meta":{"_bbp_topic_count":0,"_bbp_reply_count":0,"_bbp_total_topic_count":0,"_bbp_total_reply_count":0,"_bbp_voice_count":0,"_bbp_anonymous_reply_count":0,"_bbp_topic_count_hidden":0,"_bbp_reply_count_hidden":0,"_bbp_forum_subforum_count":0,"footnotes":""},"class_list":["post-6339","page","type-page","status-publish","hentry"],"post_mailing_queue_ids":[],"_links":{"self":[{"href":"https:\/\/agora.xtec.cat\/esc-molidefinestrelles\/wp-json\/wp\/v2\/pages\/6339","targetHints":{"allow":["GET"]}}],"collection":[{"href":"https:\/\/agora.xtec.cat\/esc-molidefinestrelles\/wp-json\/wp\/v2\/pages"}],"about":[{"href":"https:\/\/agora.xtec.cat\/esc-molidefinestrelles\/wp-json\/wp\/v2\/types\/page"}],"author":[{"embeddable":true,"href":"https:\/\/agora.xtec.cat\/esc-molidefinestrelles\/wp-json\/wp\/v2\/users\/124"}],"replies":[{"embeddable":true,"href":"https:\/\/agora.xtec.cat\/esc-molidefinestrelles\/wp-json\/wp\/v2\/comments?post=6339"}],"version-history":[{"count":4,"href":"https:\/\/agora.xtec.cat\/esc-molidefinestrelles\/wp-json\/wp\/v2\/pages\/6339\/revisions"}],"predecessor-version":[{"id":10873,"href":"https:\/\/agora.xtec.cat\/esc-molidefinestrelles\/wp-json\/wp\/v2\/pages\/6339\/revisions\/10873"}],"up":[{"embeddable":true,"href":"https:\/\/agora.xtec.cat\/esc-molidefinestrelles\/wp-json\/wp\/v2\/pages\/3254"}],"wp:attachment":[{"href":"https:\/\/agora.xtec.cat\/esc-molidefinestrelles\/wp-json\/wp\/v2\/media?parent=6339"}],"curies":[{"name":"wp","href":"https:\/\/api.w.org\/{rel}","templated":true}]}}