{"id":546,"date":"2016-11-01T17:58:53","date_gmt":"2016-11-01T16:58:53","guid":{"rendered":"http:\/\/agora.xtec.cat\/esc-molidefinestrelles\/?page_id=546"},"modified":"2019-01-15T16:16:34","modified_gmt":"2019-01-15T15:16:34","slug":"biblioteca","status":"publish","type":"page","link":"https:\/\/agora.xtec.cat\/esc-molidefinestrelles\/pagines-dinici\/projectes-descola\/biblioteca\/","title":{"rendered":"Biblioteca"},"content":{"rendered":"<p>El programa de la biblioteca t\u00e9 per objectiu potenciar<em>\u00a0<\/em>la<em>\u00a0<\/em>biblioteca escolar<em>\u00a0<\/em>com un espai de recursos on tant els alumnes com els professors, i tota la comunitat educativa en general puguin trobar informaci\u00f3 en diversos suports. S&#8217;ent\u00e9n la biblioteca com un\u00a0recurs fonamental per a l\u2019adquisici\u00f3 de les compet\u00e8ncies b\u00e0siques i el desplegament dels continguts curriculars, i com un element clau en l\u2019assoliment de l\u2019h\u00e0bit lector, la compet\u00e8ncia informacional i l\u2019adquisici\u00f3 d\u2019aprenentatges aut\u00f2noms.<\/p>\n<p>&nbsp;<\/p>\n","protected":false},"excerpt":{"rendered":"<p>El programa de la biblioteca t\u00e9 per objectiu potenciar\u00a0la\u00a0biblioteca escolar\u00a0com un espai de recursos on tant els alumnes com els professors, i tota la comunitat educativa en general puguin trobar informaci\u00f3 en diversos suports. S&#8217;ent\u00e9n la biblioteca com un\u00a0recurs fonamental per a l\u2019adquisici\u00f3 de les&hellip;  <a href=\"https:\/\/agora.xtec.cat\/esc-molidefinestrelles\/pagines-dinici\/projectes-descola\/biblioteca\/\" title=\"Read Biblioteca\">Llegeix m\u00e9s\u00bb<\/a><\/p>\n","protected":false},"author":1,"featured_media":0,"parent":3254,"menu_order":0,"comment_status":"closed","ping_status":"closed","template":"page-templates\/side-menu.php","meta":{"_bbp_topic_count":0,"_bbp_reply_count":0,"_bbp_total_topic_count":0,"_bbp_total_reply_count":0,"_bbp_voice_count":0,"_bbp_anonymous_reply_count":0,"_bbp_topic_count_hidden":0,"_bbp_reply_count_hidden":0,"_bbp_forum_subforum_count":0,"footnotes":""},"class_list":["post-546","page","type-page","status-publish","hentry"],"post_mailing_queue_ids":[],"_links":{"self":[{"href":"https:\/\/agora.xtec.cat\/esc-molidefinestrelles\/wp-json\/wp\/v2\/pages\/546","targetHints":{"allow":["GET"]}}],"collection":[{"href":"https:\/\/agora.xtec.cat\/esc-molidefinestrelles\/wp-json\/wp\/v2\/pages"}],"about":[{"href":"https:\/\/agora.xtec.cat\/esc-molidefinestrelles\/wp-json\/wp\/v2\/types\/page"}],"author":[{"embeddable":true,"href":"https:\/\/agora.xtec.cat\/esc-molidefinestrelles\/wp-json\/wp\/v2\/users\/1"}],"replies":[{"embeddable":true,"href":"https:\/\/agora.xtec.cat\/esc-molidefinestrelles\/wp-json\/wp\/v2\/comments?post=546"}],"version-history":[{"count":3,"href":"https:\/\/agora.xtec.cat\/esc-molidefinestrelles\/wp-json\/wp\/v2\/pages\/546\/revisions"}],"predecessor-version":[{"id":672,"href":"https:\/\/agora.xtec.cat\/esc-molidefinestrelles\/wp-json\/wp\/v2\/pages\/546\/revisions\/672"}],"up":[{"embeddable":true,"href":"https:\/\/agora.xtec.cat\/esc-molidefinestrelles\/wp-json\/wp\/v2\/pages\/3254"}],"wp:attachment":[{"href":"https:\/\/agora.xtec.cat\/esc-molidefinestrelles\/wp-json\/wp\/v2\/media?parent=546"}],"curies":[{"name":"wp","href":"https:\/\/api.w.org\/{rel}","templated":true}]}}