{"id":544,"date":"2016-11-01T17:58:08","date_gmt":"2016-11-01T16:58:08","guid":{"rendered":"http:\/\/agora.xtec.cat\/esc-molidefinestrelles\/?page_id=544"},"modified":"2020-01-23T10:02:32","modified_gmt":"2020-01-23T09:02:32","slug":"aula-dacollida","status":"publish","type":"page","link":"https:\/\/agora.xtec.cat\/esc-molidefinestrelles\/pagines-dinici\/projectes-descola\/aula-dacollida\/","title":{"rendered":"Aula d&#8217;acollida"},"content":{"rendered":"<p>L&#8217;aula d&#8217;acollida ha d&#8217;esdevenir un punt de refer\u00e8ncia i un marc de treball obert amb una constant interacci\u00f3 amb la din\u00e0mica del centre, que permeti una atenci\u00f3 emocional i curricular personalitzada i un aprenentatge intensiu de la llengua catalana. Ha de proporcionar a l&#8217;alumnat nouvingut una atenci\u00f3 adequada a les necessitats i als progressos relacionals i ling\u00fc\u00edstics, com a complement del treball del grup classe al qual estigui adscrit. L&#8217;alumnat d&#8217;incorporaci\u00f3 tardana o alumnat nouvingut \u00e9s l&#8217;alumnat que comen\u00e7a escola a Catalunya m\u00e9s tard dels sis anys, usualment provinent de la immigraci\u00f3\u00a0i amb desconeixement dels idiomes vehiculars de les classes. Aquests infants comencen a anar a l&#8217;aula d&#8217;acollida\u00a0fins que el nivell de llengua \u00e9s suficient com per assistir a la mateixa aula que els seus companys d&#8217;edat i requereixen una atenci\u00f3 educativa espec\u00edfica inicial. Segons l&#8217;edat d&#8217;inici de l&#8217;educaci\u00f3 formal o la cultura d&#8217;origen \u00e9s m\u00e9s lenta l&#8217;adaptaci\u00f3 a l&#8217;ensenyament catal\u00e0.<\/p>\n","protected":false},"excerpt":{"rendered":"<p>L&#8217;aula d&#8217;acollida ha d&#8217;esdevenir un punt de refer\u00e8ncia i un marc de treball obert amb una constant interacci\u00f3 amb la din\u00e0mica del centre, que permeti una atenci\u00f3 emocional i curricular personalitzada i un aprenentatge intensiu de la llengua catalana. Ha de proporcionar a l&#8217;alumnat nouvingut&hellip;  <a href=\"https:\/\/agora.xtec.cat\/esc-molidefinestrelles\/pagines-dinici\/projectes-descola\/aula-dacollida\/\" title=\"Read Aula d&#8217;acollida\">Llegeix m\u00e9s\u00bb<\/a><\/p>\n","protected":false},"author":1,"featured_media":0,"parent":3254,"menu_order":0,"comment_status":"closed","ping_status":"closed","template":"page-templates\/side-menu.php","meta":{"_bbp_topic_count":0,"_bbp_reply_count":0,"_bbp_total_topic_count":0,"_bbp_total_reply_count":0,"_bbp_voice_count":0,"_bbp_anonymous_reply_count":0,"_bbp_topic_count_hidden":0,"_bbp_reply_count_hidden":0,"_bbp_forum_subforum_count":0,"footnotes":""},"class_list":["post-544","page","type-page","status-publish","hentry"],"post_mailing_queue_ids":[],"_links":{"self":[{"href":"https:\/\/agora.xtec.cat\/esc-molidefinestrelles\/wp-json\/wp\/v2\/pages\/544","targetHints":{"allow":["GET"]}}],"collection":[{"href":"https:\/\/agora.xtec.cat\/esc-molidefinestrelles\/wp-json\/wp\/v2\/pages"}],"about":[{"href":"https:\/\/agora.xtec.cat\/esc-molidefinestrelles\/wp-json\/wp\/v2\/types\/page"}],"author":[{"embeddable":true,"href":"https:\/\/agora.xtec.cat\/esc-molidefinestrelles\/wp-json\/wp\/v2\/users\/1"}],"replies":[{"embeddable":true,"href":"https:\/\/agora.xtec.cat\/esc-molidefinestrelles\/wp-json\/wp\/v2\/comments?post=544"}],"version-history":[{"count":4,"href":"https:\/\/agora.xtec.cat\/esc-molidefinestrelles\/wp-json\/wp\/v2\/pages\/544\/revisions"}],"predecessor-version":[{"id":4629,"href":"https:\/\/agora.xtec.cat\/esc-molidefinestrelles\/wp-json\/wp\/v2\/pages\/544\/revisions\/4629"}],"up":[{"embeddable":true,"href":"https:\/\/agora.xtec.cat\/esc-molidefinestrelles\/wp-json\/wp\/v2\/pages\/3254"}],"wp:attachment":[{"href":"https:\/\/agora.xtec.cat\/esc-molidefinestrelles\/wp-json\/wp\/v2\/media?parent=544"}],"curies":[{"name":"wp","href":"https:\/\/api.w.org\/{rel}","templated":true}]}}