{"id":38,"date":"2014-09-18T12:34:08","date_gmt":"2014-09-18T11:34:08","guid":{"rendered":"http:\/\/agora.xtec.cat\/esc-molidefinestrelles\/?page_id=38"},"modified":"2019-01-16T09:40:03","modified_gmt":"2019-01-16T08:40:03","slug":"salut","status":"publish","type":"page","link":"https:\/\/agora.xtec.cat\/esc-molidefinestrelles\/lescola\/salut\/","title":{"rendered":"Salut"},"content":{"rendered":"<p>\u2022 L\u2019assist\u00e8ncia a l\u2019escola \u00e9s obligat\u00f2ria per a tots els alumnes matriculats. Quan per qualsevol motiu l\u2019alumne no pugui assistir a classe s\u2019ha de justificar per escrit, mitjan\u00e7ant l\u2019agenda o una nota signada.<\/p>\n<p>\u2022 Quan un nen o una nena presenta s\u00edmptomes de malaltia \u00e9s millor que es quedi a casa. En el cas que es posi malalt\/a dins l\u2019horari escolar, s\u2019avisar\u00e0 telef\u00f2nicament a la fam\u00edlia per tal que pugui fer-se c\u00e0rrec de l\u2019infant.<\/p>\n<p>\u2022 No s\u2019admetr\u00e0 cap alumne que presenti:<\/p>\n<p>&#8211; febre<br \/>\n&#8211; diarrea<br \/>\n&#8211; v\u00f2mits<br \/>\n&#8211; erupcions de la pell (excepte si el metge certifica per escrit que no hi ha perill de contagi)<br \/>\n&#8211; fongs<br \/>\n&#8211; parasitosi (polls)<br \/>\n&#8211; conjuntivitis<\/p>\n<p>\u2022 En cas d\u2019accident dins de l\u2019escola s\u2019avisar\u00e0 a les fam\u00edlies. En casos greus, si no es troba la fam\u00edlia, es portar\u00e0 l\u2019alumne al Centre Hospitalari m\u00e9s proper i\/o es trucar\u00e0 al 112.<\/p>\n<p>\u2022 No es poden donar medicaments a l\u2019escola. Si fos imprescindible s\u2019ha de portar la recepta del metge amb la dosis i indicant a les hores que s\u2019ha de donar i una autoritzaci\u00f3 signada per la fam\u00edlia al tutor\/a.<\/p>\n<p>En cas que el vostre fill\/a hagi e prendre alguna medicaci\u00f3 dins l&#8217;horari lectiu , cal que ompliu l&#8217;autoritzaci\u00f3 per administrar el medicament:<\/p>\n<p><a href=\"https:\/\/agora.xtec.cat\/esc-molidefinestrelles\/wp-content\/uploads\/usu1469\/2019\/01\/autoritzaci\u00f3-administraci\u00f3-medicaments.pdf\">autoritzaci\u00f3 administraci\u00f3 medicaments<\/a><\/p>\n<p>Tamb\u00e9 \u00e9s necessari que tinguem l&#8217;autoritzaci\u00f3 per administrar paracetamol en cas de que el nen o la nena presenti un quadre febril i se li hagi d&#8217;administrar el paracetamol:<\/p>\n<p><a href=\"https:\/\/agora.xtec.cat\/esc-molidefinestrelles\/wp-content\/uploads\/usu1469\/2019\/01\/autoritzacio-paracetamol.pdf\">autoritzacio-paracetamol<\/a><\/p>\n","protected":false},"excerpt":{"rendered":"<p>\u2022 L\u2019assist\u00e8ncia a l\u2019escola \u00e9s obligat\u00f2ria per a tots els alumnes matriculats. Quan per qualsevol motiu l\u2019alumne no pugui assistir a classe s\u2019ha de justificar per escrit, mitjan\u00e7ant l\u2019agenda o una nota signada.<br \/>\n\u2022 Quan un nen o una nena presenta s\u00edmptomes de malaltia \u00e9s millor&hellip;  <a href=\"https:\/\/agora.xtec.cat\/esc-molidefinestrelles\/lescola\/salut\/\" title=\"Read Salut\">Llegeix m\u00e9s\u00bb<\/a><\/p>\n","protected":false},"author":1,"featured_media":0,"parent":22,"menu_order":80,"comment_status":"closed","ping_status":"closed","template":"page-templates\/side-menu.php","meta":{"_bbp_topic_count":0,"_bbp_reply_count":0,"_bbp_total_topic_count":0,"_bbp_total_reply_count":0,"_bbp_voice_count":0,"_bbp_anonymous_reply_count":0,"_bbp_topic_count_hidden":0,"_bbp_reply_count_hidden":0,"_bbp_forum_subforum_count":0,"footnotes":""},"class_list":["post-38","page","type-page","status-publish","hentry"],"post_mailing_queue_ids":[],"_links":{"self":[{"href":"https:\/\/agora.xtec.cat\/esc-molidefinestrelles\/wp-json\/wp\/v2\/pages\/38","targetHints":{"allow":["GET"]}}],"collection":[{"href":"https:\/\/agora.xtec.cat\/esc-molidefinestrelles\/wp-json\/wp\/v2\/pages"}],"about":[{"href":"https:\/\/agora.xtec.cat\/esc-molidefinestrelles\/wp-json\/wp\/v2\/types\/page"}],"author":[{"embeddable":true,"href":"https:\/\/agora.xtec.cat\/esc-molidefinestrelles\/wp-json\/wp\/v2\/users\/1"}],"replies":[{"embeddable":true,"href":"https:\/\/agora.xtec.cat\/esc-molidefinestrelles\/wp-json\/wp\/v2\/comments?post=38"}],"version-history":[{"count":3,"href":"https:\/\/agora.xtec.cat\/esc-molidefinestrelles\/wp-json\/wp\/v2\/pages\/38\/revisions"}],"predecessor-version":[{"id":3308,"href":"https:\/\/agora.xtec.cat\/esc-molidefinestrelles\/wp-json\/wp\/v2\/pages\/38\/revisions\/3308"}],"up":[{"embeddable":true,"href":"https:\/\/agora.xtec.cat\/esc-molidefinestrelles\/wp-json\/wp\/v2\/pages\/22"}],"wp:attachment":[{"href":"https:\/\/agora.xtec.cat\/esc-molidefinestrelles\/wp-json\/wp\/v2\/media?parent=38"}],"curies":[{"name":"wp","href":"https:\/\/api.w.org\/{rel}","templated":true}]}}