{"id":3314,"date":"2019-01-16T09:48:01","date_gmt":"2019-01-16T08:48:01","guid":{"rendered":"http:\/\/agora.xtec.cat\/esc-molidefinestrelles\/?page_id=3314"},"modified":"2019-01-16T16:02:18","modified_gmt":"2019-01-16T15:02:18","slug":"aprenentatge-cooperatiu","status":"publish","type":"page","link":"https:\/\/agora.xtec.cat\/esc-molidefinestrelles\/pagines-dinici\/projectes-descola\/aprenentatge-cooperatiu\/","title":{"rendered":"Aprenentatge cooperatiu"},"content":{"rendered":"<p>L&#8217;aprenentatge cooperatiu\u00a0\u00e9s un enfocament metodol\u00f2gic per a l&#8217;aprenentatge\u00a0de qualsevol contingut en un\u00a0context\u00a0escolar. Parteix de la base que les difer\u00e8ncies entre els aprenents s\u00f3n un potencial per a l&#8217;aprenentatge, i no pas un entrebanc. A trav\u00e9s de diversos\u00a0m\u00e8todes\u00a0i\u00a0t\u00e8cniques\u00a0es practica el\u00a0treball en equip, un context en el qual l&#8217;aprenent sempre ha de ser actiu.<\/p>\n<p>L&#8217;aprenentatge\u00a0en aquest enfocament dep\u00e8n de l&#8217;intercanvi\u00a0d&#8217;informaci\u00f3\u00a0entre els alumnes, els quals estan motivats tant per aconseguir el seu propi aprenentatge com per a fer cr\u00e9ixer els \u00e8xits dels altres.<\/p>\n<p><a href=\"https:\/\/agora.xtec.cat\/esc-molidefinestrelles\/wp-content\/uploads\/usu1469\/2019\/01\/cropped-trabajo_equipo_2.jpg\"><img loading=\"lazy\" decoding=\"async\" class=\"alignnone size-full wp-image-3331\" src=\"https:\/\/agora.xtec.cat\/esc-molidefinestrelles\/wp-content\/uploads\/usu1469\/2019\/01\/cropped-trabajo_equipo_2.jpg\" alt=\"\" width=\"940\" height=\"581\" srcset=\"https:\/\/agora.xtec.cat\/esc-molidefinestrelles\/wp-content\/uploads\/usu1469\/2019\/01\/cropped-trabajo_equipo_2.jpg 940w, https:\/\/agora.xtec.cat\/esc-molidefinestrelles\/wp-content\/uploads\/usu1469\/2019\/01\/cropped-trabajo_equipo_2-300x185.jpg 300w, https:\/\/agora.xtec.cat\/esc-molidefinestrelles\/wp-content\/uploads\/usu1469\/2019\/01\/cropped-trabajo_equipo_2-768x475.jpg 768w\" sizes=\"auto, (max-width: 940px) 100vw, 940px\" \/><\/a><\/p>\n","protected":false},"excerpt":{"rendered":"<p>L&#8217;aprenentatge cooperatiu\u00a0\u00e9s un enfocament metodol\u00f2gic per a l&#8217;aprenentatge\u00a0de qualsevol contingut en un\u00a0context\u00a0escolar. Parteix de la base que les difer\u00e8ncies entre els aprenents s\u00f3n un potencial per a l&#8217;aprenentatge, i no pas un entrebanc. A trav\u00e9s de diversos\u00a0m\u00e8todes\u00a0i\u00a0t\u00e8cniques\u00a0es practica el\u00a0treball en equip, un context en el&hellip;  <a href=\"https:\/\/agora.xtec.cat\/esc-molidefinestrelles\/pagines-dinici\/projectes-descola\/aprenentatge-cooperatiu\/\" title=\"Read Aprenentatge cooperatiu\">Llegeix m\u00e9s\u00bb<\/a><\/p>\n","protected":false},"author":124,"featured_media":0,"parent":3254,"menu_order":0,"comment_status":"closed","ping_status":"closed","template":"page-templates\/side-menu.php","meta":{"_bbp_topic_count":0,"_bbp_reply_count":0,"_bbp_total_topic_count":0,"_bbp_total_reply_count":0,"_bbp_voice_count":0,"_bbp_anonymous_reply_count":0,"_bbp_topic_count_hidden":0,"_bbp_reply_count_hidden":0,"_bbp_forum_subforum_count":0,"footnotes":""},"class_list":["post-3314","page","type-page","status-publish","hentry"],"post_mailing_queue_ids":[],"_links":{"self":[{"href":"https:\/\/agora.xtec.cat\/esc-molidefinestrelles\/wp-json\/wp\/v2\/pages\/3314","targetHints":{"allow":["GET"]}}],"collection":[{"href":"https:\/\/agora.xtec.cat\/esc-molidefinestrelles\/wp-json\/wp\/v2\/pages"}],"about":[{"href":"https:\/\/agora.xtec.cat\/esc-molidefinestrelles\/wp-json\/wp\/v2\/types\/page"}],"author":[{"embeddable":true,"href":"https:\/\/agora.xtec.cat\/esc-molidefinestrelles\/wp-json\/wp\/v2\/users\/124"}],"replies":[{"embeddable":true,"href":"https:\/\/agora.xtec.cat\/esc-molidefinestrelles\/wp-json\/wp\/v2\/comments?post=3314"}],"version-history":[{"count":3,"href":"https:\/\/agora.xtec.cat\/esc-molidefinestrelles\/wp-json\/wp\/v2\/pages\/3314\/revisions"}],"predecessor-version":[{"id":3332,"href":"https:\/\/agora.xtec.cat\/esc-molidefinestrelles\/wp-json\/wp\/v2\/pages\/3314\/revisions\/3332"}],"up":[{"embeddable":true,"href":"https:\/\/agora.xtec.cat\/esc-molidefinestrelles\/wp-json\/wp\/v2\/pages\/3254"}],"wp:attachment":[{"href":"https:\/\/agora.xtec.cat\/esc-molidefinestrelles\/wp-json\/wp\/v2\/media?parent=3314"}],"curies":[{"name":"wp","href":"https:\/\/api.w.org\/{rel}","templated":true}]}}