{"id":3277,"date":"2019-01-15T16:28:45","date_gmt":"2019-01-15T15:28:45","guid":{"rendered":"http:\/\/agora.xtec.cat\/esc-molidefinestrelles\/?page_id=3277"},"modified":"2019-01-17T10:41:54","modified_gmt":"2019-01-17T09:41:54","slug":"continguts-curriculars","status":"publish","type":"page","link":"https:\/\/agora.xtec.cat\/esc-molidefinestrelles\/pagines-dinici\/projectes-descola\/continguts-curriculars\/","title":{"rendered":"Continguts curriculars"},"content":{"rendered":"<h5>El projecte curricular de centre \u00e9s un document normatiu que recull la distribuci\u00f3 dels objectius, continguts, capacitats i criteris d\u2019avaluaci\u00f3 que han d\u2019orientar la nostra pr\u00e0ctica docent.<br \/>\nLes mestres hi hem estat treballant intensament ja que ha estat necess\u00e0ria una profunda reflexi\u00f3 per tal d\u2019adequar a la nostra realitat\u00a0el treball de tot all\u00f2 que \u00e9s prescriptiu, mantenint en tot moment les aplicacions pr\u00e0ctiques centrades en una metodologia viva i activa, i el respecte pel ritme individual de cada infant.<\/h5>\n<p><a href=\"https:\/\/agora.xtec.cat\/esc-molidefinestrelles\/wp-content\/uploads\/usu1469\/2019\/01\/ContingutsP3.pdf\">ContingutsP3<\/a><\/p>\n<p><a href=\"https:\/\/agora.xtec.cat\/esc-molidefinestrelles\/wp-content\/uploads\/usu1469\/2019\/01\/ContingutsP4.pdf\">ContingutsP4<\/a><\/p>\n<p><a href=\"https:\/\/agora.xtec.cat\/esc-molidefinestrelles\/wp-content\/uploads\/usu1469\/2019\/01\/ContingutsP5.pdf\">ContingutsP5<\/a><\/p>\n<p><a href=\"https:\/\/agora.xtec.cat\/esc-molidefinestrelles\/wp-content\/uploads\/usu1469\/2019\/01\/Continguts-1r.pdf\">Continguts-1r<\/a><\/p>\n<p><a href=\"https:\/\/agora.xtec.cat\/esc-molidefinestrelles\/wp-content\/uploads\/usu1469\/2019\/01\/Continguts-2n.pdf\">Continguts-2n<\/a><\/p>\n<p><a href=\"https:\/\/agora.xtec.cat\/esc-molidefinestrelles\/wp-content\/uploads\/usu1469\/2019\/01\/Continguts-3r.pdf\">Continguts-3r<\/a><\/p>\n<p><a href=\"https:\/\/agora.xtec.cat\/esc-molidefinestrelles\/wp-content\/uploads\/usu1469\/2019\/01\/Continguts-4t.pdf\">Continguts-4t<\/a><\/p>\n<p><a href=\"https:\/\/agora.xtec.cat\/esc-molidefinestrelles\/wp-content\/uploads\/usu1469\/2019\/01\/Continguts-5\u00e8.pdf\">Continguts-5\u00e8<\/a><\/p>\n<p><a href=\"https:\/\/agora.xtec.cat\/esc-molidefinestrelles\/wp-content\/uploads\/usu1469\/2019\/01\/Continguts-6\u00e8.pdf\">Continguts-6\u00e8<\/a><\/p>\n","protected":false},"excerpt":{"rendered":"<p>El projecte curricular de centre \u00e9s un document normatiu que recull la distribuci\u00f3 dels objectius, continguts, capacitats i criteris d\u2019avaluaci\u00f3 que han d\u2019orientar la nostra pr\u00e0ctica docent.<br \/>\nLes mestres hi hem estat treballant intensament ja que ha estat necess\u00e0ria una profunda reflexi\u00f3 per tal d\u2019adequar a&hellip;  <a href=\"https:\/\/agora.xtec.cat\/esc-molidefinestrelles\/pagines-dinici\/projectes-descola\/continguts-curriculars\/\" title=\"Read Continguts curriculars\">Llegeix m\u00e9s\u00bb<\/a><\/p>\n","protected":false},"author":124,"featured_media":0,"parent":3254,"menu_order":0,"comment_status":"closed","ping_status":"closed","template":"page-templates\/side-menu.php","meta":{"_bbp_topic_count":0,"_bbp_reply_count":0,"_bbp_total_topic_count":0,"_bbp_total_reply_count":0,"_bbp_voice_count":0,"_bbp_anonymous_reply_count":0,"_bbp_topic_count_hidden":0,"_bbp_reply_count_hidden":0,"_bbp_forum_subforum_count":0,"footnotes":""},"class_list":["post-3277","page","type-page","status-publish","hentry"],"post_mailing_queue_ids":[],"_links":{"self":[{"href":"https:\/\/agora.xtec.cat\/esc-molidefinestrelles\/wp-json\/wp\/v2\/pages\/3277","targetHints":{"allow":["GET"]}}],"collection":[{"href":"https:\/\/agora.xtec.cat\/esc-molidefinestrelles\/wp-json\/wp\/v2\/pages"}],"about":[{"href":"https:\/\/agora.xtec.cat\/esc-molidefinestrelles\/wp-json\/wp\/v2\/types\/page"}],"author":[{"embeddable":true,"href":"https:\/\/agora.xtec.cat\/esc-molidefinestrelles\/wp-json\/wp\/v2\/users\/124"}],"replies":[{"embeddable":true,"href":"https:\/\/agora.xtec.cat\/esc-molidefinestrelles\/wp-json\/wp\/v2\/comments?post=3277"}],"version-history":[{"count":3,"href":"https:\/\/agora.xtec.cat\/esc-molidefinestrelles\/wp-json\/wp\/v2\/pages\/3277\/revisions"}],"predecessor-version":[{"id":3342,"href":"https:\/\/agora.xtec.cat\/esc-molidefinestrelles\/wp-json\/wp\/v2\/pages\/3277\/revisions\/3342"}],"up":[{"embeddable":true,"href":"https:\/\/agora.xtec.cat\/esc-molidefinestrelles\/wp-json\/wp\/v2\/pages\/3254"}],"wp:attachment":[{"href":"https:\/\/agora.xtec.cat\/esc-molidefinestrelles\/wp-json\/wp\/v2\/media?parent=3277"}],"curies":[{"name":"wp","href":"https:\/\/api.w.org\/{rel}","templated":true}]}}