{"id":30,"date":"2014-09-18T12:30:23","date_gmt":"2014-09-18T11:30:23","guid":{"rendered":"http:\/\/agora.xtec.cat\/esc-molidefinestrelles\/?page_id=30"},"modified":"2021-09-12T18:40:40","modified_gmt":"2021-09-12T16:40:40","slug":"instal%c2%b7lacions","status":"publish","type":"page","link":"https:\/\/agora.xtec.cat\/esc-molidefinestrelles\/lescola\/instal%c2%b7lacions\/","title":{"rendered":"Instal\u00b7lacions"},"content":{"rendered":"<table style=\"height: 2805px; width: 118.257%;\" width=\"735\">\n<tbody>\n<tr style=\"height: 32px;\">\n<td style=\"width: 540.625px; height: 32px;\"><strong>AULA\u00a0<\/strong><\/td>\n<td style=\"width: 186.932px; height: 32px;\"><strong>\u00a0<\/strong><\/td>\n<\/tr>\n<tr style=\"height: 388px;\">\n<td style=\"width: 540.625px; height: 388px;\"><strong>\u00a0<a href=\"https:\/\/agora.xtec.cat\/esc-molidefinestrelles\/wp-content\/uploads\/usu1469\/2021\/02\/definitiva.png\"><img loading=\"lazy\" decoding=\"async\" class=\"alignnone size-large wp-image-6175\" src=\"https:\/\/agora.xtec.cat\/esc-molidefinestrelles\/wp-content\/uploads\/usu1469\/2021\/02\/definitiva-1024x299.png\" alt=\"\" width=\"1024\" height=\"299\" srcset=\"https:\/\/agora.xtec.cat\/esc-molidefinestrelles\/wp-content\/uploads\/usu1469\/2021\/02\/definitiva-1024x299.png 1024w, https:\/\/agora.xtec.cat\/esc-molidefinestrelles\/wp-content\/uploads\/usu1469\/2021\/02\/definitiva-300x88.png 300w, https:\/\/agora.xtec.cat\/esc-molidefinestrelles\/wp-content\/uploads\/usu1469\/2021\/02\/definitiva-768x224.png 768w, https:\/\/agora.xtec.cat\/esc-molidefinestrelles\/wp-content\/uploads\/usu1469\/2021\/02\/definitiva.png 1870w\" sizes=\"auto, (max-width: 1024px) 100vw, 1024px\" \/><\/a><\/strong><\/td>\n<td style=\"width: 186.932px; height: 388px;\"><strong>AULA ANGL\u00c8S<\/strong><\/p>\n<p>A l\u2019escola comencem a treballar la llengua anglesa a partir de P-3.<\/p>\n<p>Treballem els diferents aspectes de la llengua a trav\u00e9s de contes<\/p>\n<p>Disposem d\u2019una aula espec\u00edfica d\u2019angl\u00e8s i molt material que permet realitzar les classes amb grups desdoblats.<\/p>\n<p>&nbsp;<\/td>\n<\/tr>\n<tr style=\"height: 161px;\">\n<td style=\"width: 540.625px; height: 161px;\"><strong>AULA M\u00daSICA<\/strong><\/p>\n<p>L\u2019aula de m\u00fasica \u00e9s l\u2019aula que est\u00e0 preparada en quant a espai per a poder fer danses i dramatitzacions de can\u00e7ons c\u00f2modament. En aquesta aula tamb\u00e9 hi ha diversos instruments com ara el teclat, els xil\u2022lofons&#8230; i una pissarra digital.<\/td>\n<td style=\"width: 186.932px; height: 161px;\"><strong>\u00a0<a href=\"http:\/\/agora.xtec.cat\/esc-molidefinestrelles\/wp-content\/uploads\/usu1469\/2014\/09\/IMG_3713.jpg\"><img loading=\"lazy\" decoding=\"async\" class=\"alignnone size-large wp-image-694\" src=\"http:\/\/agora.xtec.cat\/esc-molidefinestrelles\/wp-content\/uploads\/usu1469\/2014\/09\/IMG_3713-1024x768.jpg\" alt=\"img_3713\" width=\"1024\" height=\"768\" srcset=\"https:\/\/agora.xtec.cat\/esc-molidefinestrelles\/wp-content\/uploads\/usu1469\/2014\/09\/IMG_3713-1024x768.jpg 1024w, https:\/\/agora.xtec.cat\/esc-molidefinestrelles\/wp-content\/uploads\/usu1469\/2014\/09\/IMG_3713-300x225.jpg 300w, https:\/\/agora.xtec.cat\/esc-molidefinestrelles\/wp-content\/uploads\/usu1469\/2014\/09\/IMG_3713-768x576.jpg 768w, https:\/\/agora.xtec.cat\/esc-molidefinestrelles\/wp-content\/uploads\/usu1469\/2014\/09\/IMG_3713-200x150.jpg 200w\" sizes=\"auto, (max-width: 1024px) 100vw, 1024px\" \/><\/a><\/strong><\/td>\n<\/tr>\n<tr style=\"height: 262px;\">\n<td style=\"width: 540.625px; height: 262px;\"><strong>\u00a0<a href=\"http:\/\/agora.xtec.cat\/esc-molidefinestrelles\/wp-content\/uploads\/usu1469\/2014\/09\/IMG_3695.jpg\"><img loading=\"lazy\" decoding=\"async\" class=\"alignnone wp-image-684\" src=\"http:\/\/agora.xtec.cat\/esc-molidefinestrelles\/wp-content\/uploads\/usu1469\/2014\/09\/IMG_3695-1024x768.jpg\" alt=\"img_3695\" width=\"323\" height=\"242\" srcset=\"https:\/\/agora.xtec.cat\/esc-molidefinestrelles\/wp-content\/uploads\/usu1469\/2014\/09\/IMG_3695-1024x768.jpg 1024w, https:\/\/agora.xtec.cat\/esc-molidefinestrelles\/wp-content\/uploads\/usu1469\/2014\/09\/IMG_3695-300x225.jpg 300w, https:\/\/agora.xtec.cat\/esc-molidefinestrelles\/wp-content\/uploads\/usu1469\/2014\/09\/IMG_3695-768x576.jpg 768w, https:\/\/agora.xtec.cat\/esc-molidefinestrelles\/wp-content\/uploads\/usu1469\/2014\/09\/IMG_3695-200x150.jpg 200w\" sizes=\"auto, (max-width: 323px) 100vw, 323px\" \/><\/a><\/strong><\/td>\n<td style=\"width: 186.932px; height: 262px;\"><strong>AULES TAC<\/strong><\/p>\n<p>Aquestes aules estan dotades de maquinari per tal que pugui anar mig grup a realitzar activitats de recerca i altres on cada alumne disposa d&#8217;un ordinador.<\/td>\n<\/tr>\n<tr style=\"height: 161px;\">\n<td style=\"width: 540.625px; height: 161px;\"><strong>LABORATORI<\/strong><\/p>\n<p>Aquest ampli espai permet realitzar observaci\u00f3, experimentaci\u00f3 i manipulaci\u00f3 de diferents materials i productes en grup<\/td>\n<td style=\"width: 186.932px; height: 161px;\"><strong>\u00a0<a href=\"http:\/\/agora.xtec.cat\/esc-molidefinestrelles\/wp-content\/uploads\/usu1469\/2014\/09\/IMG_3694.jpg\"><img loading=\"lazy\" decoding=\"async\" class=\"alignnone wp-image-685\" src=\"http:\/\/agora.xtec.cat\/esc-molidefinestrelles\/wp-content\/uploads\/usu1469\/2014\/09\/IMG_3694-1024x768.jpg\" alt=\"img_3694\" width=\"336\" height=\"252\" srcset=\"https:\/\/agora.xtec.cat\/esc-molidefinestrelles\/wp-content\/uploads\/usu1469\/2014\/09\/IMG_3694-1024x768.jpg 1024w, https:\/\/agora.xtec.cat\/esc-molidefinestrelles\/wp-content\/uploads\/usu1469\/2014\/09\/IMG_3694-300x225.jpg 300w, https:\/\/agora.xtec.cat\/esc-molidefinestrelles\/wp-content\/uploads\/usu1469\/2014\/09\/IMG_3694-768x576.jpg 768w, https:\/\/agora.xtec.cat\/esc-molidefinestrelles\/wp-content\/uploads\/usu1469\/2014\/09\/IMG_3694-200x150.jpg 200w\" sizes=\"auto, (max-width: 336px) 100vw, 336px\" \/><\/a><\/strong><\/td>\n<\/tr>\n<tr style=\"height: 287px;\">\n<td style=\"width: 540.625px; height: 287px;\"><strong>\u00a0<a href=\"http:\/\/agora.xtec.cat\/esc-molidefinestrelles\/wp-content\/uploads\/usu1469\/2014\/09\/IMG_3698.jpg\"><img loading=\"lazy\" decoding=\"async\" class=\"alignnone wp-image-689\" src=\"http:\/\/agora.xtec.cat\/esc-molidefinestrelles\/wp-content\/uploads\/usu1469\/2014\/09\/IMG_3698-1024x768.jpg\" alt=\"img_3698\" width=\"356\" height=\"267\" srcset=\"https:\/\/agora.xtec.cat\/esc-molidefinestrelles\/wp-content\/uploads\/usu1469\/2014\/09\/IMG_3698-1024x768.jpg 1024w, https:\/\/agora.xtec.cat\/esc-molidefinestrelles\/wp-content\/uploads\/usu1469\/2014\/09\/IMG_3698-300x225.jpg 300w, https:\/\/agora.xtec.cat\/esc-molidefinestrelles\/wp-content\/uploads\/usu1469\/2014\/09\/IMG_3698-768x576.jpg 768w, https:\/\/agora.xtec.cat\/esc-molidefinestrelles\/wp-content\/uploads\/usu1469\/2014\/09\/IMG_3698-200x150.jpg 200w\" sizes=\"auto, (max-width: 356px) 100vw, 356px\" \/><\/a><\/strong><\/td>\n<td style=\"width: 186.932px; height: 287px;\"><strong>AULA DE PL\u00c0STICA \u00a0 \u00a0 \u00a0 \u00a0 \u00a0 \u00a0 \u00a0 \u00a0 \u00a0 \u00a0 \u00a0 \u00a0 \u00a0 \u00a0 \u00a0 \u00a0\u00a0<\/strong><\/p>\n<p>A l&#8217;aula de pl\u00e0stica els nens i les nenes de prim\u00e0ria gaudeixen d&#8217;un espai on poder desenvolupar la seva part m\u00e9s creativa i poder treballar en grup.<\/td>\n<\/tr>\n<tr style=\"height: 244px;\">\n<td style=\"width: 540.625px; height: 244px;\"><strong>BIBLIOTECA<\/strong><\/p>\n<p>Entenem la biblioteca escolar com un espai per afavorir l&#8217;aprenentatge i el coneixement transversal de l&#8217;alumnat.<\/p>\n<p>Tamb\u00e9 com un espai de difusi\u00f3 i promoci\u00f3 de la lectura, essent una ferma col\u2022laboradora de la tasca docent. Afavorim la m\u00e0xima integraci\u00f3 de la biblioteca amb el curr\u00edculum, tot donant a con\u00e8ixer recursos d\u2019inter\u00e8s a la Comunitat Educativa i formant l\u2019alumnat en el seu \u00fas, alhora que potenciant la seva autonomia i esperit cr\u00edtic.<\/td>\n<td style=\"width: 186.932px; height: 244px;\"><strong>\u00a0<a href=\"http:\/\/agora.xtec.cat\/esc-molidefinestrelles\/wp-content\/uploads\/usu1469\/2014\/09\/IMG_3691.jpg\"><img loading=\"lazy\" decoding=\"async\" class=\"alignnone wp-image-686\" src=\"http:\/\/agora.xtec.cat\/esc-molidefinestrelles\/wp-content\/uploads\/usu1469\/2014\/09\/IMG_3691-1024x768.jpg\" alt=\"img_3691\" width=\"346\" height=\"259\" srcset=\"https:\/\/agora.xtec.cat\/esc-molidefinestrelles\/wp-content\/uploads\/usu1469\/2014\/09\/IMG_3691-1024x768.jpg 1024w, https:\/\/agora.xtec.cat\/esc-molidefinestrelles\/wp-content\/uploads\/usu1469\/2014\/09\/IMG_3691-300x225.jpg 300w, https:\/\/agora.xtec.cat\/esc-molidefinestrelles\/wp-content\/uploads\/usu1469\/2014\/09\/IMG_3691-768x576.jpg 768w, https:\/\/agora.xtec.cat\/esc-molidefinestrelles\/wp-content\/uploads\/usu1469\/2014\/09\/IMG_3691-200x150.jpg 200w\" sizes=\"auto, (max-width: 346px) 100vw, 346px\" \/><\/a><\/strong><\/td>\n<\/tr>\n<tr style=\"height: 462px;\">\n<td style=\"width: 540.625px; height: 462px;\">\n<table style=\"height: 284px;\" width=\"423\">\n<tbody>\n<tr style=\"height: 284px;\">\n<td style=\"width: 205px; height: 284px;\"><a href=\"https:\/\/agora.xtec.cat\/esc-molidefinestrelles\/wp-content\/uploads\/usu1469\/2019\/10\/IMG_2016.jpg\"><img loading=\"lazy\" decoding=\"async\" class=\"alignnone size-full wp-image-4198\" src=\"https:\/\/agora.xtec.cat\/esc-molidefinestrelles\/wp-content\/uploads\/usu1469\/2019\/10\/IMG_2016.jpg\" alt=\"\" width=\"640\" height=\"480\" srcset=\"https:\/\/agora.xtec.cat\/esc-molidefinestrelles\/wp-content\/uploads\/usu1469\/2019\/10\/IMG_2016.jpg 640w, https:\/\/agora.xtec.cat\/esc-molidefinestrelles\/wp-content\/uploads\/usu1469\/2019\/10\/IMG_2016-300x225.jpg 300w, https:\/\/agora.xtec.cat\/esc-molidefinestrelles\/wp-content\/uploads\/usu1469\/2019\/10\/IMG_2016-200x150.jpg 200w\" sizes=\"auto, (max-width: 640px) 100vw, 640px\" \/><\/a><\/td>\n<td style=\"width: 210px; height: 284px;\"><a href=\"https:\/\/agora.xtec.cat\/esc-molidefinestrelles\/wp-content\/uploads\/usu1469\/2019\/10\/IMG_2017.jpg\"><img loading=\"lazy\" decoding=\"async\" class=\"alignnone size-full wp-image-4201\" src=\"https:\/\/agora.xtec.cat\/esc-molidefinestrelles\/wp-content\/uploads\/usu1469\/2019\/10\/IMG_2017.jpg\" alt=\"\" width=\"640\" height=\"480\" srcset=\"https:\/\/agora.xtec.cat\/esc-molidefinestrelles\/wp-content\/uploads\/usu1469\/2019\/10\/IMG_2017.jpg 640w, https:\/\/agora.xtec.cat\/esc-molidefinestrelles\/wp-content\/uploads\/usu1469\/2019\/10\/IMG_2017-300x225.jpg 300w, https:\/\/agora.xtec.cat\/esc-molidefinestrelles\/wp-content\/uploads\/usu1469\/2019\/10\/IMG_2017-200x150.jpg 200w\" sizes=\"auto, (max-width: 640px) 100vw, 640px\" \/><\/a><\/td>\n<\/tr>\n<\/tbody>\n<\/table>\n<\/td>\n<td style=\"width: 186.932px; height: 462px;\"><strong>LUDOTECA<\/strong><\/p>\n<p>El joc ocupa en les primeres etapes un espai significatiu dins del\u00a0 curr\u00edculum. Per aix\u00f2 els nens i les nenes hi van diferents sessions setmanals en funci\u00f3 de l&#8217;edat.<\/p>\n<p>A m\u00e9s d&#8217;ajudar a desplegar la personalitat i a expressar les seves emocions, el joc facilita els intercanvis socials, aprenen a compartir, a comunicar-se oralment, adquirint aprenentatges en un context divertit.<\/td>\n<\/tr>\n<tr style=\"height: 259px;\">\n<td style=\"width: 540.625px; height: 259px;\"><strong>GIMN\u00c0S<\/strong><\/p>\n<p>En aquest espai els nens i les nenes d&#8217;educaci\u00f3 infantil fan la psicomotricitat , la resta de grups realitzen tamb\u00e9 algunes activitats de l&#8217;\u00e0rea d&#8217;educaci\u00f3 f\u00edsica<\/td>\n<td style=\"width: 186.932px; height: 259px;\"><strong><a href=\"http:\/\/agora.xtec.cat\/esc-molidefinestrelles\/wp-content\/uploads\/usu1469\/2018\/02\/IMG_20180227_150954.jpg\"><img loading=\"lazy\" decoding=\"async\" class=\"alignnone size-large wp-image-2199\" src=\"http:\/\/agora.xtec.cat\/esc-molidefinestrelles\/wp-content\/uploads\/usu1469\/2018\/02\/IMG_20180227_150954-768x1024.jpg\" alt=\"\" width=\"768\" height=\"1024\" srcset=\"https:\/\/agora.xtec.cat\/esc-molidefinestrelles\/wp-content\/uploads\/usu1469\/2018\/02\/IMG_20180227_150954-768x1024.jpg 768w, https:\/\/agora.xtec.cat\/esc-molidefinestrelles\/wp-content\/uploads\/usu1469\/2018\/02\/IMG_20180227_150954-225x300.jpg 225w, https:\/\/agora.xtec.cat\/esc-molidefinestrelles\/wp-content\/uploads\/usu1469\/2018\/02\/IMG_20180227_150954.jpg 1944w\" sizes=\"auto, (max-width: 768px) 100vw, 768px\" \/><\/a>\u00a0<\/strong><\/td>\n<\/tr>\n<tr style=\"height: 454px;\">\n<td style=\"width: 540.625px; height: 454px;\">\n<table style=\"height: 72px;\" width=\"438\">\n<tbody>\n<tr style=\"height: 72px;\">\n<td style=\"width: 215px; height: 72px;\"><a href=\"https:\/\/agora.xtec.cat\/esc-molidefinestrelles\/wp-content\/uploads\/usu1469\/2019\/10\/IMG_2020.jpg\"><img loading=\"lazy\" decoding=\"async\" class=\"alignnone size-full wp-image-4199\" src=\"https:\/\/agora.xtec.cat\/esc-molidefinestrelles\/wp-content\/uploads\/usu1469\/2019\/10\/IMG_2020.jpg\" alt=\"\" width=\"640\" height=\"480\" srcset=\"https:\/\/agora.xtec.cat\/esc-molidefinestrelles\/wp-content\/uploads\/usu1469\/2019\/10\/IMG_2020.jpg 640w, https:\/\/agora.xtec.cat\/esc-molidefinestrelles\/wp-content\/uploads\/usu1469\/2019\/10\/IMG_2020-300x225.jpg 300w, https:\/\/agora.xtec.cat\/esc-molidefinestrelles\/wp-content\/uploads\/usu1469\/2019\/10\/IMG_2020-200x150.jpg 200w\" sizes=\"auto, (max-width: 640px) 100vw, 640px\" \/><\/a><\/td>\n<td style=\"width: 215px; height: 72px;\"><a href=\"https:\/\/agora.xtec.cat\/esc-molidefinestrelles\/wp-content\/uploads\/usu1469\/2019\/10\/IMG_2021.jpg\"><img loading=\"lazy\" decoding=\"async\" class=\"alignnone size-full wp-image-4200\" src=\"https:\/\/agora.xtec.cat\/esc-molidefinestrelles\/wp-content\/uploads\/usu1469\/2019\/10\/IMG_2021.jpg\" alt=\"\" width=\"640\" height=\"480\" srcset=\"https:\/\/agora.xtec.cat\/esc-molidefinestrelles\/wp-content\/uploads\/usu1469\/2019\/10\/IMG_2021.jpg 640w, https:\/\/agora.xtec.cat\/esc-molidefinestrelles\/wp-content\/uploads\/usu1469\/2019\/10\/IMG_2021-300x225.jpg 300w, https:\/\/agora.xtec.cat\/esc-molidefinestrelles\/wp-content\/uploads\/usu1469\/2019\/10\/IMG_2021-200x150.jpg 200w\" sizes=\"auto, (max-width: 640px) 100vw, 640px\" \/><\/a><\/td>\n<\/tr>\n<\/tbody>\n<\/table>\n<\/td>\n<td style=\"width: 186.932px; height: 454px;\"><strong>ESPAI DE CI\u00c8NCIES<\/strong><\/p>\n<p>\u00c9s un entorn d&#8217;aprenentatge destinat a facilitar l&#8217;actualitzaci\u00f3 cient\u00edfica. Es pret\u00e9n desenvolupar el coneixement cient\u00edfic per identificar preguntes i obtenir conclusions, a partir d&#8217;evid\u00e8ncies, amb la finalitat de prendre decisions sobre el m\u00f3n natural.<\/p>\n<p>&nbsp;<\/p>\n<p>&nbsp;<\/p>\n<p>&nbsp;<\/td>\n<\/tr>\n<tr style=\"height: 95px;\">\n<td style=\"width: 540.625px; height: 95px;\"><strong>MENJADOR I CUINA<\/strong><\/p>\n<p>L&#8217;escola disposa de cuina pr\u00f2pia i dos menjadors , un per als m\u00e9s petits i l&#8217;altra per als nens i les nenes de prim\u00e0ria, que dinen en diferents torns .<\/td>\n<td style=\"width: 186.932px; height: 95px;\"><strong><a href=\"https:\/\/agora.xtec.cat\/esc-molidefinestrelles\/wp-content\/uploads\/usu1469\/2021\/09\/IMG_3652.jpg\"><img loading=\"lazy\" decoding=\"async\" class=\"alignnone size-large wp-image-7318\" src=\"https:\/\/agora.xtec.cat\/esc-molidefinestrelles\/wp-content\/uploads\/usu1469\/2021\/09\/IMG_3652-1024x765.jpg\" alt=\"\" width=\"1024\" height=\"765\" srcset=\"https:\/\/agora.xtec.cat\/esc-molidefinestrelles\/wp-content\/uploads\/usu1469\/2021\/09\/IMG_3652-1024x765.jpg 1024w, https:\/\/agora.xtec.cat\/esc-molidefinestrelles\/wp-content\/uploads\/usu1469\/2021\/09\/IMG_3652-300x224.jpg 300w, https:\/\/agora.xtec.cat\/esc-molidefinestrelles\/wp-content\/uploads\/usu1469\/2021\/09\/IMG_3652-768x574.jpg 768w, https:\/\/agora.xtec.cat\/esc-molidefinestrelles\/wp-content\/uploads\/usu1469\/2021\/09\/IMG_3652-200x150.jpg 200w, https:\/\/agora.xtec.cat\/esc-molidefinestrelles\/wp-content\/uploads\/usu1469\/2021\/09\/IMG_3652.jpg 1296w\" sizes=\"auto, (max-width: 1024px) 100vw, 1024px\" \/><\/a><a href=\"https:\/\/agora.xtec.cat\/esc-molidefinestrelles\/wp-content\/uploads\/usu1469\/2021\/09\/IMG_3651.jpg\"><img loading=\"lazy\" decoding=\"async\" class=\"alignnone size-large wp-image-7317\" src=\"https:\/\/agora.xtec.cat\/esc-molidefinestrelles\/wp-content\/uploads\/usu1469\/2021\/09\/IMG_3651-1024x765.jpg\" alt=\"\" width=\"1024\" height=\"765\" srcset=\"https:\/\/agora.xtec.cat\/esc-molidefinestrelles\/wp-content\/uploads\/usu1469\/2021\/09\/IMG_3651-1024x765.jpg 1024w, https:\/\/agora.xtec.cat\/esc-molidefinestrelles\/wp-content\/uploads\/usu1469\/2021\/09\/IMG_3651-300x224.jpg 300w, https:\/\/agora.xtec.cat\/esc-molidefinestrelles\/wp-content\/uploads\/usu1469\/2021\/09\/IMG_3651-768x574.jpg 768w, https:\/\/agora.xtec.cat\/esc-molidefinestrelles\/wp-content\/uploads\/usu1469\/2021\/09\/IMG_3651-200x150.jpg 200w, https:\/\/agora.xtec.cat\/esc-molidefinestrelles\/wp-content\/uploads\/usu1469\/2021\/09\/IMG_3651.jpg 1296w\" sizes=\"auto, (max-width: 1024px) 100vw, 1024px\" \/><\/a><a href=\"https:\/\/agora.xtec.cat\/esc-molidefinestrelles\/wp-content\/uploads\/usu1469\/2021\/09\/IMG_3655.jpg\"><img loading=\"lazy\" decoding=\"async\" class=\"alignnone size-large wp-image-7315\" src=\"https:\/\/agora.xtec.cat\/esc-molidefinestrelles\/wp-content\/uploads\/usu1469\/2021\/09\/IMG_3655-1024x765.jpg\" alt=\"\" width=\"1024\" height=\"765\" srcset=\"https:\/\/agora.xtec.cat\/esc-molidefinestrelles\/wp-content\/uploads\/usu1469\/2021\/09\/IMG_3655-1024x765.jpg 1024w, https:\/\/agora.xtec.cat\/esc-molidefinestrelles\/wp-content\/uploads\/usu1469\/2021\/09\/IMG_3655-300x224.jpg 300w, https:\/\/agora.xtec.cat\/esc-molidefinestrelles\/wp-content\/uploads\/usu1469\/2021\/09\/IMG_3655-768x574.jpg 768w, https:\/\/agora.xtec.cat\/esc-molidefinestrelles\/wp-content\/uploads\/usu1469\/2021\/09\/IMG_3655-200x150.jpg 200w, https:\/\/agora.xtec.cat\/esc-molidefinestrelles\/wp-content\/uploads\/usu1469\/2021\/09\/IMG_3655.jpg 1296w\" sizes=\"auto, (max-width: 1024px) 100vw, 1024px\" \/><\/a><\/strong><\/td>\n<\/tr>\n<\/tbody>\n<\/table>\n<p>&nbsp;<\/p>\n","protected":false},"excerpt":{"rendered":"<p>AULA\u00a0<br \/>\n\u00a0<\/p>\n<p>\u00a0<a href=\"https:\/\/agora.xtec.cat\/esc-molidefinestrelles\/wp-content\/uploads\/usu1469\/2021\/02\/definitiva.png\"><\/a><br \/>\nAULA ANGL\u00c8S<br \/>\nA l\u2019escola comencem a treballar la llengua anglesa a partir de P-3.<br \/>\nTreballem els diferents aspectes de la llengua a trav\u00e9s de contes<br \/>\nDisposem d\u2019una aula espec\u00edfica d\u2019angl\u00e8s i molt material que permet realitzar les classes amb grups desdoblats.<br \/>\n&nbsp;<\/p>\n<p>AULA M\u00daSICA<br \/>\nL\u2019aula de m\u00fasica \u00e9s l\u2019aula que&hellip;  <a href=\"https:\/\/agora.xtec.cat\/esc-molidefinestrelles\/lescola\/instal%c2%b7lacions\/\" title=\"Read Instal\u00b7lacions\">Llegeix m\u00e9s\u00bb<\/a><\/p>\n","protected":false},"author":1,"featured_media":0,"parent":22,"menu_order":40,"comment_status":"closed","ping_status":"closed","template":"page-templates\/side-menu.php","meta":{"_bbp_topic_count":0,"_bbp_reply_count":0,"_bbp_total_topic_count":0,"_bbp_total_reply_count":0,"_bbp_voice_count":0,"_bbp_anonymous_reply_count":0,"_bbp_topic_count_hidden":0,"_bbp_reply_count_hidden":0,"_bbp_forum_subforum_count":0,"footnotes":""},"class_list":["post-30","page","type-page","status-publish","hentry"],"post_mailing_queue_ids":[],"_links":{"self":[{"href":"https:\/\/agora.xtec.cat\/esc-molidefinestrelles\/wp-json\/wp\/v2\/pages\/30","targetHints":{"allow":["GET"]}}],"collection":[{"href":"https:\/\/agora.xtec.cat\/esc-molidefinestrelles\/wp-json\/wp\/v2\/pages"}],"about":[{"href":"https:\/\/agora.xtec.cat\/esc-molidefinestrelles\/wp-json\/wp\/v2\/types\/page"}],"author":[{"embeddable":true,"href":"https:\/\/agora.xtec.cat\/esc-molidefinestrelles\/wp-json\/wp\/v2\/users\/1"}],"replies":[{"embeddable":true,"href":"https:\/\/agora.xtec.cat\/esc-molidefinestrelles\/wp-json\/wp\/v2\/comments?post=30"}],"version-history":[{"count":4,"href":"https:\/\/agora.xtec.cat\/esc-molidefinestrelles\/wp-json\/wp\/v2\/pages\/30\/revisions"}],"predecessor-version":[{"id":7324,"href":"https:\/\/agora.xtec.cat\/esc-molidefinestrelles\/wp-json\/wp\/v2\/pages\/30\/revisions\/7324"}],"up":[{"embeddable":true,"href":"https:\/\/agora.xtec.cat\/esc-molidefinestrelles\/wp-json\/wp\/v2\/pages\/22"}],"wp:attachment":[{"href":"https:\/\/agora.xtec.cat\/esc-molidefinestrelles\/wp-json\/wp\/v2\/media?parent=30"}],"curies":[{"name":"wp","href":"https:\/\/api.w.org\/{rel}","templated":true}]}}