{"id":26,"date":"2014-09-18T12:24:32","date_gmt":"2014-09-18T11:24:32","guid":{"rendered":"http:\/\/agora.xtec.cat\/esc-molidefinestrelles\/?page_id=26"},"modified":"2024-01-31T18:12:29","modified_gmt":"2024-01-31T17:12:29","slug":"equipdemestres","status":"publish","type":"page","link":"https:\/\/agora.xtec.cat\/esc-molidefinestrelles\/lescola\/equipdemestres\/","title":{"rendered":"Equip de l&#8217;escola"},"content":{"rendered":"<p><span style=\"color: #ff6600;\">Equip Directiu<\/span><\/p>\n<p>Directora: Patr\u00edcia Traveria<br \/>\nCap d&#8217;estudis: Silvia Lirola<br \/>\nSecret\u00e0ria: Marta Aisa<\/p>\n<p><span style=\"color: #ff6600;\">Equip d&#8217;Educaci\u00f3 Infantil<\/span><\/p>\n<p>Coordinadora: N\u00faria Ros<\/p>\n<p>EI 3 anys A: Olga Jimeno<br \/>\nEI 3 anys B: Cristina Caso<\/p>\n<p>EI 4 anys A: Conxi Sena<br \/>\nEI 4 anys B:Anna M\u00aa Casals<\/p>\n<p>EI 5 anys A: N\u00faria Ros<br \/>\nEI 5 anys B: Imma Verdejo<\/p>\n<p>Suport 3 anys TEEI: Pili Marin<br \/>\nEducaci\u00f3 Especial i refor\u00e7: Amanda Polan<br \/>\nRefor\u00e7:\u00a0 Eva Valls<br \/>\nM\u00fasica: Laia Rojas<br \/>\nAngl\u00e8s: Ester Garriga<\/p>\n<p><span style=\"color: #ff6600;\">Equip de Cicle Inicial<\/span><\/p>\n<p>Coordinadora: M.Jos\u00e9 Pascual<\/p>\n<p>1r A: Ivan D\u00edaz<br \/>\n1r B: M.Jos\u00e9 Pascual<\/p>\n<p>2n A: Elena Tejera i<br \/>\n2n B: Anna Tarr\u00e9s<\/p>\n<p>Religi\u00f3: Suni Cervell\u00f3<br \/>\nM\u00fasica: Laia Rojas<br \/>\nAngl\u00e8s: Jordina Solans<\/p>\n<p>Refor\u00e7: Pat Traveria<\/p>\n<p>Ed. Especial: Amanda Polan<br \/>\nEd. F\u00edsica: 1r Ivan D\u00edaz i 2n \u00c1ngela Ruiz<\/p>\n<p>&nbsp;<\/p>\n<p><span style=\"color: #ff6600;\">Equip de Cicle Mitj\u00e0<\/span><\/p>\n<p>Coordinadora: M. Luz Valero<\/p>\n<p>3r A: Paloma de Gracia<br \/>\n3r B: M.Luz Valero<\/p>\n<p>4t A:N\u00faria Sabid\u00f3<br \/>\n4t B:M.Elena Mart\u00ednez<\/p>\n<p>Religi\u00f3: 3r Suni Cervell\u00f3 i 4t Mar Quintana<br \/>\nM\u00fasica: Laia Rojas<br \/>\nAngl\u00e8s: 3r Ester Garriga i 4t S\u00f2nia Alarc\u00f3n<br \/>\nEd. Especial: Maria Casta\u00f1o<br \/>\nEd. F\u00edsica: \u00c1ngela Ruiz<\/p>\n<p>Refor\u00e7: Marta Aisa<\/p>\n<p><span style=\"color: #ff6600;\">Equip de Cicle Superior<\/span><\/p>\n<p>Coordinadora: S\u00f2nia Alarc\u00f3n<\/p>\n<p>5\u00e8 A: Alba Garcia<br \/>\n5\u00e8 B: M.Jos\u00e9 Grau<\/p>\n<p>6\u00e8 A: N\u00faria Montes<br \/>\n6\u00e8 B: Xavier \u00c1lvarez<\/p>\n<p>Aula d&#8217;acollida: Marta Gallego<\/p>\n<p>Religi\u00f3: M\u00aaMar Quintana<br \/>\nM\u00fasica: Laia Rojas<br \/>\nAngl\u00e8s: S\u00f2nia Alarc\u00f3n<br \/>\nEd. Especial: Maria Casta\u00f1o<br \/>\nEd. F\u00edsica: \u00c1ngela Ruiz<\/p>\n<p>Refor\u00e7: Silvia Lirola<\/p>\n<p>&nbsp;<\/p>\n<p><span style=\"color: #ff6600;\">VETLLADORES:<\/span><\/p>\n<p>Esther Moreno<br \/>\nSusana Renau<br \/>\nLaura Jim\u00e9nez<\/p>\n<p><span style=\"color: #ff6600;\">COORDINADORA DEL MENJADOR:<\/span> N\u00faria Bastarras<\/p>\n<p><span style=\"color: #ff6600;\">ADMINISTRATIVA<\/span>: M\u00aaLuz Carballo<\/p>\n<p><span style=\"color: #ff6600;\">CONSERGE<\/span>: Rosa M\u00aa Comas<\/p>\n<p>&nbsp;<\/p>\n<p><span style=\"color: #ff6600;\">PROFESSIONALS DE SUPORT A L&#8217;ESCOLA DEL SERVEIS EDUCATIUS<\/span><\/p>\n<p>EAP: Psicopedagoga: Ester Climent<br \/>\nTreballadora Social: Montserrat Sierra<br \/>\nELIC: Assessor: Artur Vidal<br \/>\nCRP: Professional: Carme Hoyas<\/p>\n","protected":false},"excerpt":{"rendered":"<p>Equip Directiu<br \/>\nDirectora: Patr\u00edcia Traveria<br \/>\nCap d&#8217;estudis: Silvia Lirola<br \/>\nSecret\u00e0ria: Marta Aisa<br \/>\nEquip d&#8217;Educaci\u00f3 Infantil<br \/>\nCoordinadora: N\u00faria Ros<br \/>\nEI 3 anys A: Olga Jimeno<br \/>\nEI 3 anys B: Cristina Caso<br \/>\nEI 4 anys A: Conxi Sena<br \/>\nEI 4 anys B:Anna M\u00aa Casals<br \/>\nEI 5 anys A: N\u00faria Ros<br \/>\nEI 5 anys B: Imma Verdejo<br \/>\nSuport 3 anys&hellip;  <a href=\"https:\/\/agora.xtec.cat\/esc-molidefinestrelles\/lescola\/equipdemestres\/\" title=\"Read Equip de l&#8217;escola\">Llegeix m\u00e9s\u00bb<\/a><\/p>\n","protected":false},"author":1,"featured_media":0,"parent":22,"menu_order":20,"comment_status":"closed","ping_status":"closed","template":"page-templates\/side-menu.php","meta":{"_bbp_topic_count":0,"_bbp_reply_count":0,"_bbp_total_topic_count":0,"_bbp_total_reply_count":0,"_bbp_voice_count":0,"_bbp_anonymous_reply_count":0,"_bbp_topic_count_hidden":0,"_bbp_reply_count_hidden":0,"_bbp_forum_subforum_count":0,"footnotes":""},"class_list":["post-26","page","type-page","status-publish","hentry"],"post_mailing_queue_ids":[],"_links":{"self":[{"href":"https:\/\/agora.xtec.cat\/esc-molidefinestrelles\/wp-json\/wp\/v2\/pages\/26","targetHints":{"allow":["GET"]}}],"collection":[{"href":"https:\/\/agora.xtec.cat\/esc-molidefinestrelles\/wp-json\/wp\/v2\/pages"}],"about":[{"href":"https:\/\/agora.xtec.cat\/esc-molidefinestrelles\/wp-json\/wp\/v2\/types\/page"}],"author":[{"embeddable":true,"href":"https:\/\/agora.xtec.cat\/esc-molidefinestrelles\/wp-json\/wp\/v2\/users\/1"}],"replies":[{"embeddable":true,"href":"https:\/\/agora.xtec.cat\/esc-molidefinestrelles\/wp-json\/wp\/v2\/comments?post=26"}],"version-history":[{"count":7,"href":"https:\/\/agora.xtec.cat\/esc-molidefinestrelles\/wp-json\/wp\/v2\/pages\/26\/revisions"}],"predecessor-version":[{"id":11076,"href":"https:\/\/agora.xtec.cat\/esc-molidefinestrelles\/wp-json\/wp\/v2\/pages\/26\/revisions\/11076"}],"up":[{"embeddable":true,"href":"https:\/\/agora.xtec.cat\/esc-molidefinestrelles\/wp-json\/wp\/v2\/pages\/22"}],"wp:attachment":[{"href":"https:\/\/agora.xtec.cat\/esc-molidefinestrelles\/wp-json\/wp\/v2\/media?parent=26"}],"curies":[{"name":"wp","href":"https:\/\/api.w.org\/{rel}","templated":true}]}}