{"id":84,"date":"2014-09-18T14:11:31","date_gmt":"2014-09-18T13:11:31","guid":{"rendered":"http:\/\/agora.xtec.cat\/esc-mmata-mataro\/?page_id=84"},"modified":"2024-09-26T11:58:33","modified_gmt":"2024-09-26T09:58:33","slug":"activitats-extraescolars","status":"publish","type":"page","link":"https:\/\/agora.xtec.cat\/esc-mmata-mataro\/ampa\/activitats-extraescolars\/","title":{"rendered":"Activitats extraescolars"},"content":{"rendered":"<div class=\"separator\" style=\"clear: both; text-align: center;\"><\/div>\n<p>Actualment disposem de diferents empreses que s\u2019encarreguen del lleure d\u2019extraescolars en la nostra escola. Tenim un ampli ventall d\u2019activitats per a totes les edats des de P-3 fins a \u00a06\u00e9, totes les activitats requereixen d\u2019un m\u00ednim d\u2019alumnes per la seva viabilitat.<\/p>\n<p><!--more--><\/p>\n<h3 style=\"text-align: left;\"><strong>Quadre d&#8217;activitats<\/strong><\/h3>\n<p><img loading=\"lazy\" decoding=\"async\" class=\"alignnone size-full wp-image-5487\" src=\"https:\/\/agora.xtec.cat\/esc-mmata-mataro\/wp-content\/uploads\/usu828\/2024\/09\/info-extraescolars-infantil.jpg\" alt=\"\" width=\"800\" height=\"565\" srcset=\"https:\/\/agora.xtec.cat\/esc-mmata-mataro\/wp-content\/uploads\/usu828\/2024\/09\/info-extraescolars-infantil.jpg 800w, https:\/\/agora.xtec.cat\/esc-mmata-mataro\/wp-content\/uploads\/usu828\/2024\/09\/info-extraescolars-infantil-300x212.jpg 300w, https:\/\/agora.xtec.cat\/esc-mmata-mataro\/wp-content\/uploads\/usu828\/2024\/09\/info-extraescolars-infantil-768x542.jpg 768w\" sizes=\"auto, (max-width: 800px) 100vw, 800px\" \/><\/p>\n<p>&nbsp;<\/p>\n<p><img loading=\"lazy\" decoding=\"async\" class=\"alignnone size-full wp-image-5485\" src=\"https:\/\/agora.xtec.cat\/esc-mmata-mataro\/wp-content\/uploads\/usu828\/2024\/09\/extraescolars-primaria.jpg\" alt=\"\" width=\"800\" height=\"565\" srcset=\"https:\/\/agora.xtec.cat\/esc-mmata-mataro\/wp-content\/uploads\/usu828\/2024\/09\/extraescolars-primaria.jpg 800w, https:\/\/agora.xtec.cat\/esc-mmata-mataro\/wp-content\/uploads\/usu828\/2024\/09\/extraescolars-primaria-300x212.jpg 300w, https:\/\/agora.xtec.cat\/esc-mmata-mataro\/wp-content\/uploads\/usu828\/2024\/09\/extraescolars-primaria-768x542.jpg 768w\" sizes=\"auto, (max-width: 800px) 100vw, 800px\" \/><\/p>\n<p>&nbsp;<\/p>\n<h2>Preus d&#8217;extraescolars<\/h2>\n<p><img loading=\"lazy\" decoding=\"async\" class=\"alignnone size-full wp-image-5488\" src=\"https:\/\/agora.xtec.cat\/esc-mmata-mataro\/wp-content\/uploads\/usu828\/2024\/09\/preus-info.jpg\" alt=\"\" width=\"800\" height=\"565\" srcset=\"https:\/\/agora.xtec.cat\/esc-mmata-mataro\/wp-content\/uploads\/usu828\/2024\/09\/preus-info.jpg 800w, https:\/\/agora.xtec.cat\/esc-mmata-mataro\/wp-content\/uploads\/usu828\/2024\/09\/preus-info-300x212.jpg 300w, https:\/\/agora.xtec.cat\/esc-mmata-mataro\/wp-content\/uploads\/usu828\/2024\/09\/preus-info-768x542.jpg 768w\" sizes=\"auto, (max-width: 800px) 100vw, 800px\" \/><\/p>\n<div style=\"text-align: left;\">\n<div><\/div>\n<h2 style=\"text-align: justify;\">Empreses d&#8217;extraescolars<\/h2>\n<div><\/div>\n<ul style=\"list-style-type: square;\">\n<li><span style=\"text-decoration: underline;\"><strong>Activitats Vadelleure i Volei\u00a0<\/strong><\/span><\/li>\n<\/ul>\n<div><strong>incripcions<\/strong>:\u00a0<a href=\"https:\/\/www.vadelleure.cat\/inscripcions\" target=\"_blank\" rel=\"noopener noreferrer\">https:\/\/www.vadelleure.cat\/inscripcions<\/a><\/div>\n<div><strong>E-mail:<\/strong> info@vadelleure.cat<\/div>\n<div><strong>Tel\u00e8fon de contacte<\/strong>:93 863 46 58<\/div>\n<div><strong>Web<\/strong>:\u00a0<a href=\"http:\/\/www.vadelleure.cat\/\" target=\"_blank\" rel=\"noopener noreferrer\">www.vadelleure.cat\/<\/a><\/div>\n<div><\/div>\n<ul style=\"list-style-type: square;\">\n<li><span style=\"text-decoration: underline;\"><strong>Club esportiu TaeKwonDo Matar\u00f3<\/strong><\/span><\/li>\n<\/ul>\n<div><strong>Inscripcions:<\/strong> Al propi gimn\u00e0s, Carrer Avila n\u00ba28, Matar\u00f3<\/div>\n<div><strong>Tel\u00e8fon de contacte<\/strong>: <span role=\"link\" aria-label=\"Llamar al n\u00famero de tel\u00e9fono 937 98 84 71\">937 98 84 71<\/span><\/div>\n<div><strong>Web<\/strong>:\u00a0<a href=\"https:\/\/clubtaekwondomataro.com\/?i=1\">https:\/\/clubtaekwondomataro.com\/?i=1<\/a><\/div>\n<\/div>\n<div><\/div>\n<ul style=\"list-style-type: square;\">\n<li><span style=\"text-decoration: underline;\"><strong>Angl\u00e8s Newlingua<\/strong><\/span><\/li>\n<\/ul>\n<div><strong>Inscripcions<\/strong> A la pr\u00f2pia acad\u00e8mi, Via Europa 181, Matar\u00f3<\/div>\n<div><strong>Tel\u00e8fon de contacte:<\/strong> 937 57 65 71<\/div>\n<div><strong>Web:\u00a0<\/strong><a href=\"https:\/\/www.newlinguamataro.com\/\">https:\/\/www.newlinguamataro.com\/<\/a><\/div>\n<p>&nbsp;<\/p>\n<div style=\"text-align: left;\">\n<p><strong>Important:<\/strong> Els alumnes socis de l&#8217;AFA tenen descomptes en les activitats<\/p>\n<p><img loading=\"lazy\" decoding=\"async\" class=\"alignnone wp-image-5477\" src=\"https:\/\/agora.xtec.cat\/esc-mmata-mataro\/wp-content\/uploads\/usu828\/2024\/09\/image005.jpg\" alt=\"\" width=\"422\" height=\"147\" srcset=\"https:\/\/agora.xtec.cat\/esc-mmata-mataro\/wp-content\/uploads\/usu828\/2024\/09\/image005.jpg 847w, https:\/\/agora.xtec.cat\/esc-mmata-mataro\/wp-content\/uploads\/usu828\/2024\/09\/image005-300x104.jpg 300w, https:\/\/agora.xtec.cat\/esc-mmata-mataro\/wp-content\/uploads\/usu828\/2024\/09\/image005-768x267.jpg 768w\" sizes=\"auto, (max-width: 422px) 100vw, 422px\" \/>\u00a0 <a href=\"https:\/\/agora.xtec.cat\/esc-mmata-mataro\/wp-content\/uploads\/usu828\/2020\/09\/Vadelleure.jpg\"><img loading=\"lazy\" decoding=\"async\" class=\"alignnone wp-image-2115\" src=\"https:\/\/agora.xtec.cat\/esc-mmata-mataro\/wp-content\/uploads\/usu828\/2020\/09\/Vadelleure.jpg\" alt=\"\" width=\"235\" height=\"153\" srcset=\"https:\/\/agora.xtec.cat\/esc-mmata-mataro\/wp-content\/uploads\/usu828\/2020\/09\/Vadelleure.jpg 374w, https:\/\/agora.xtec.cat\/esc-mmata-mataro\/wp-content\/uploads\/usu828\/2020\/09\/Vadelleure-300x196.jpg 300w\" sizes=\"auto, (max-width: 235px) 100vw, 235px\" \/><\/a><\/p>\n<\/div>\n<p><img loading=\"lazy\" decoding=\"async\" class=\"alignnone  wp-image-5491\" src=\"https:\/\/agora.xtec.cat\/esc-mmata-mataro\/wp-content\/uploads\/usu828\/2024\/09\/Captura-de-pantalla-2024-09-26-a-las-11.57.10.png\" alt=\"\" width=\"365\" height=\"188\" srcset=\"https:\/\/agora.xtec.cat\/esc-mmata-mataro\/wp-content\/uploads\/usu828\/2024\/09\/Captura-de-pantalla-2024-09-26-a-las-11.57.10.png 840w, https:\/\/agora.xtec.cat\/esc-mmata-mataro\/wp-content\/uploads\/usu828\/2024\/09\/Captura-de-pantalla-2024-09-26-a-las-11.57.10-300x154.png 300w, https:\/\/agora.xtec.cat\/esc-mmata-mataro\/wp-content\/uploads\/usu828\/2024\/09\/Captura-de-pantalla-2024-09-26-a-las-11.57.10-768x395.png 768w\" sizes=\"auto, (max-width: 365px) 100vw, 365px\" \/>.\u00a0 \u00a0 \u00a0 \u00a0 \u00a0 \u00a0 \u00a0 \u00a0 \u00a0 \u00a0 \u00a0 \u00a0\u00a0\u00a0<a href=\"https:\/\/agora.xtec.cat\/esc-mmata-mataro\/wp-content\/uploads\/usu828\/2020\/09\/Martelguepard.jpg\"><img loading=\"lazy\" decoding=\"async\" class=\"alignnone wp-image-2114\" src=\"https:\/\/agora.xtec.cat\/esc-mmata-mataro\/wp-content\/uploads\/usu828\/2020\/09\/Martelguepard.jpg\" alt=\"\" width=\"142\" height=\"152\" srcset=\"https:\/\/agora.xtec.cat\/esc-mmata-mataro\/wp-content\/uploads\/usu828\/2020\/09\/Martelguepard.jpg 647w, https:\/\/agora.xtec.cat\/esc-mmata-mataro\/wp-content\/uploads\/usu828\/2020\/09\/Martelguepard-280x300.jpg 280w\" sizes=\"auto, (max-width: 142px) 100vw, 142px\" \/><\/a><\/p>\n","protected":false},"excerpt":{"rendered":"<p>Actualment disposem de diferents empreses que s\u2019encarreguen del lleure d\u2019extraescolars en la nostra escola. Tenim un ampli ventall d\u2019activitats per a totes les edats des de P-3 fins a \u00a06\u00e9, totes les activitats requereixen d\u2019un m\u00ednim d\u2019alumnes per la seva viabilitat.<\/p>\n","protected":false},"author":1,"featured_media":0,"parent":1117,"menu_order":60,"comment_status":"closed","ping_status":"closed","template":"page-templates\/side-menu.php","meta":{"_bbp_topic_count":0,"_bbp_reply_count":0,"_bbp_total_topic_count":0,"_bbp_total_reply_count":0,"_bbp_voice_count":0,"_bbp_anonymous_reply_count":0,"_bbp_topic_count_hidden":0,"_bbp_reply_count_hidden":0,"_bbp_forum_subforum_count":0,"footnotes":""},"class_list":["post-84","page","type-page","status-publish","hentry"],"post_mailing_queue_ids":[],"_links":{"self":[{"href":"https:\/\/agora.xtec.cat\/esc-mmata-mataro\/wp-json\/wp\/v2\/pages\/84","targetHints":{"allow":["GET"]}}],"collection":[{"href":"https:\/\/agora.xtec.cat\/esc-mmata-mataro\/wp-json\/wp\/v2\/pages"}],"about":[{"href":"https:\/\/agora.xtec.cat\/esc-mmata-mataro\/wp-json\/wp\/v2\/types\/page"}],"author":[{"embeddable":true,"href":"https:\/\/agora.xtec.cat\/esc-mmata-mataro\/wp-json\/wp\/v2\/users\/1"}],"replies":[{"embeddable":true,"href":"https:\/\/agora.xtec.cat\/esc-mmata-mataro\/wp-json\/wp\/v2\/comments?post=84"}],"version-history":[{"count":9,"href":"https:\/\/agora.xtec.cat\/esc-mmata-mataro\/wp-json\/wp\/v2\/pages\/84\/revisions"}],"predecessor-version":[{"id":5492,"href":"https:\/\/agora.xtec.cat\/esc-mmata-mataro\/wp-json\/wp\/v2\/pages\/84\/revisions\/5492"}],"up":[{"embeddable":true,"href":"https:\/\/agora.xtec.cat\/esc-mmata-mataro\/wp-json\/wp\/v2\/pages\/1117"}],"wp:attachment":[{"href":"https:\/\/agora.xtec.cat\/esc-mmata-mataro\/wp-json\/wp\/v2\/media?parent=84"}],"curies":[{"name":"wp","href":"https:\/\/api.w.org\/{rel}","templated":true}]}}