{"id":73,"date":"2014-09-18T14:01:51","date_gmt":"2014-09-18T13:01:51","guid":{"rendered":"http:\/\/agora.xtec.cat\/esc-mmata-mataro\/?page_id=73"},"modified":"2024-04-16T16:28:37","modified_gmt":"2024-04-16T14:28:37","slug":"menjador-escolar","status":"publish","type":"page","link":"https:\/\/agora.xtec.cat\/esc-mmata-mataro\/ampa\/menjador-escolar\/","title":{"rendered":"Menjador Escolar"},"content":{"rendered":"<div><\/div>\n<div style=\"text-align: center;\"><a href=\"http:\/\/camposestela.com\/\"><img loading=\"lazy\" decoding=\"async\" class=\"alignnone size-full wp-image-3506\" src=\"https:\/\/agora.xtec.cat\/esc-mmata-mataro\/wp-content\/uploads\/usu828\/2021\/12\/CAMPOS-ESTALA.png\" alt=\"\" width=\"287\" height=\"100\" \/><\/a><\/div>\n<div><\/div>\n<div>L\u2019escola t\u00e9 cuina pr\u00f2pia i el servei de menjador el gestiona l\u2019empresa Campos Estela que s\u2019ocupa de confeccionar els men\u00fas, gestionar el personal i mat\u00e8ria primera, mantenir les instal\u00b7lacions netes, gestionar els rebuts bancaris i organitzar les activitats de lleure. El servei es presta de dilluns a divendres no festius durant tot el curs escolar de 12.30 a 15 h.<\/div>\n<div><\/div>\n<div><\/div>\n<div><\/div>\n<div>Seguim la Dieta Mediterr\u00e0nia afavorint el consum de cereals, verdures de temporada o llegums com a base dels plats, a m\u00e9s de fruita seca, oli d\u2019oliva, herbes arom\u00e0tiques i fruita fresca. Treballem amb una selecci\u00f3 de prove\u00efdors que prioritzen aliments de proximitat com s\u00f3n les hortalisses, fruita, carn, ous i lactics.<\/div>\n<p><!--more--><\/p>\n<ul style=\"list-style-type: square;\">\n<li><b><u>Cada mes trobareu els men\u00fas en el seg\u00fcent enlla\u00e7<\/u><\/b><br \/>\n<a href=\"https:\/\/drive.google.com\/drive\/folders\/1RUVaZmfHBTd_9I1Mc7irc5e5YnTdwZwP?usp=sharing\" target=\"_blank\" rel=\"noopener noreferrer\">Acc\u00e9s als men\u00fas \u00a0 \u00a0 <\/a><em>(Per la sol.licitut de men\u00fas especial es necessari justificant m\u00e8dic)<\/em><\/li>\n<\/ul>\n<div><a href=\"https:\/\/camposestela.com\/wp-content\/uploads\/2021\/10\/Menu_1er_trimestre_curs2021_21_llegenda.pdf\"><img loading=\"lazy\" decoding=\"async\" class=\"wp-image-3509 aligncenter\" src=\"https:\/\/agora.xtec.cat\/esc-mmata-mataro\/wp-content\/uploads\/usu828\/2021\/12\/Sense-titol.jpg\" alt=\"\" width=\"149\" height=\"219\" srcset=\"https:\/\/agora.xtec.cat\/esc-mmata-mataro\/wp-content\/uploads\/usu828\/2021\/12\/Sense-titol.jpg 485w, https:\/\/agora.xtec.cat\/esc-mmata-mataro\/wp-content\/uploads\/usu828\/2021\/12\/Sense-titol-204x300.jpg 204w\" sizes=\"auto, (max-width: 149px) 100vw, 149px\" \/><\/a><\/div>\n<ul>\n<li><b><u>Elaboraci\u00f3 de men\u00fas per la nostre nutricionista<\/u><\/b><br \/>\n<a href=\"https:\/\/drive.google.com\/file\/d\/1oA08Jl8uuqbvapqJzNZLakMbHqWQbmzA\/view?usp=sharing\" target=\"_blank\" rel=\"noopener noreferrer\">Com s&#8217;elaboren els men\u00fas de l&#8217;escola<\/a><\/li>\n<\/ul>\n<div><\/div>\n<ul>\n<li style=\"text-align: justify;\"><b><u>Funcionament i preus<\/u><\/b><\/li>\n<\/ul>\n<div><a href=\"https:\/\/agora.xtec.cat\/esc-mmata-mataro\/wp-content\/uploads\/usu828\/2024\/04\/Funcionament-i-preus-Menjador-1.pdf\" target=\"_blank\" rel=\"noopener noreferrer\">\u00a0 \u00a0 Acc\u00e9s a Funcionament i preus menjador<\/a><\/div>\n<div><\/div>\n<div><\/div>\n<div>\n<ul>\n<li style=\"text-align: justify;\"><span style=\"text-decoration: underline;\"><strong>Tutorial per la compra i validaci\u00f3 de tiquets<\/strong><\/span><\/li>\n<\/ul>\n<\/div>\n<div>\n<div style=\"text-align: left;\">\n<div>\u00a0 \u00a0 Es fa a trav\u00e9s de l&#8217;app Campos Estela.<\/div>\n<div><\/div>\n<\/div>\n<\/div>\n<div><\/div>\n<div>\n<p><iframe loading=\"lazy\" title=\"Tutorial actualitzat per descarregar l&#039;app del menjador\" width=\"500\" height=\"281\" src=\"https:\/\/www.youtube.com\/embed\/WW_N6J6rILs?feature=oembed\" frameborder=\"0\" allow=\"accelerometer; autoplay; clipboard-write; encrypted-media; gyroscope; picture-in-picture; web-share\" referrerpolicy=\"strict-origin-when-cross-origin\" allowfullscreen><\/iframe><\/p>\n<\/div>\n<div>\n<div><\/div>\n<div style=\"text-align: left;\">\n<p><!--more--><\/p>\n<\/div>\n<div style=\"text-align: justify;\">\n<ul>\n<li><strong>Informaci\u00f3 sobre la contractaci\u00f3 del servei<\/strong><\/li>\n<\/ul>\n<p><em>Horaris:<\/em><br \/>\nL\u2019horari habitual de menjador durant el curs escolar ser\u00e0 de 12.30 a 15.00.<br \/>\nL\u2019horari dels dies de jornada intensiva ser\u00e0 de 13.00 a 15.30.<br \/>\nL\u2019horari d\u2019atenci\u00f3 a les fam\u00edlies ser\u00e0 de 09:00 a 09:30 h. del mat\u00ed.<\/p>\n<ul>\n<li><strong>Alta al servei de menjador\u00a0<\/strong><\/li>\n<\/ul>\n<p style=\"text-align: left;\">Per tal que totes i tots estiguem a punt quan arribi el moment, us adjuntem un document i un <a href=\"http:\/\/link \u00e9s https:\/\/camposestela.com\/instruccions-per-donar-se-dalta-a-lapp-del-menjador- escolar\/?et_fb=1&amp;PageSpeed=off\">link<\/a> en el que us explica com descarregar-vos l\u2019APP i donar d\u2019alta els vostres fill@s. Als 2 llocs hi ha la mateixa informaci\u00f3, per\u00f2 al pdf hi teniu tamb\u00e9 les pantalles que trobareu en el proc\u00e9s.<\/p>\n<p style=\"text-align: left;\">Si durant el proc\u00e9s teniu qualsevol entrebanc, us demanem que envieu un correu a\u00a0<a href=\"mailto:app@camposestela.com\">app@camposestela.com<\/a> i us contactarem el m\u00e9s aviat possible.<\/p>\n<\/div>\n<\/div>\n<div style=\"text-align: justify;\"><\/div>\n<div><\/div>\n<div>\n<div style=\"text-align: justify;\"><u><b>Abs\u00e8ncies<\/b><\/u><\/div>\n<div style=\"text-align: justify;\"><\/div>\n<div style=\"text-align: justify;\">Quan un alumne fix no es queda puntualment al menjador, cal comunicar-ho a l&#8217;empresa abans de les 10h del mat\u00ed mitjan\u00e7ant algun dels procediments indicats a l&#8217;apartat contacte i incid\u00e8ncies.<\/div>\n<div style=\"text-align: justify;\"><\/div>\n<div style=\"text-align: justify;\">En aquest cas, es descomptar\u00e0 l\u2019import del menjar de 3 euros, per\u00f2 no el cost de les monitores i cuinera. Aquest abonament es fa el mes seg\u00fcent.<\/div>\n<div style=\"text-align: justify;\"><\/div>\n<div style=\"text-align: justify;\">En el cas de les excursions i col\u00f2nies (amb opci\u00f3 \u201cNO P\u00cdCNIC\u201d) es descomptar\u00e0 el preu del men\u00fa total.<\/div>\n<\/div>\n<div style=\"text-align: justify;\"><\/div>\n<div><\/div>\n<div>\n<div><\/div>\n<div style=\"text-align: justify;\"><u><b>Pol\u00edtica de rebuts bancaris. <\/b><\/u><\/div>\n<div style=\"text-align: justify;\"><\/div>\n<div style=\"text-align: justify;\">Entre l\u20191 i el 5 de cada mes pels usuaris fixes es girar\u00e0 al TPV el pagament corresponent al mes iniciat. Aquest pagament contemplar\u00e0 les correccions comentades en l\u2019apartat anterior.<\/div>\n<div style=\"text-align: justify;\"><\/div>\n<div style=\"text-align: justify;\">Excepcionalment, el rebut corresponent al mes de setembre es girar\u00e0 entre el 15 i 20 d\u2019aquest mes.<\/div>\n<div style=\"text-align: justify;\"><\/div>\n<div style=\"text-align: justify;\">En el cas de no pagament del rebuts, s\u2019haur\u00e0 de solucionar aquest problema en un pla\u00e7 de 5 dies des de la notificaci\u00f3 de l&#8217;empresa. Si el problema no es soluciona, es procedir\u00e0 a la baixa de l\u2019alumne del servei de menjador. Els costos associats a les devolucions dels rebuts, es tindran en compte per girar el nou rebut.<\/div>\n<div style=\"text-align: justify;\"><\/div>\n<div><\/div>\n<div><\/div>\n<div style=\"text-align: justify;\"><b><u>Informaci\u00f3 addicional<\/u><\/b><\/div>\n<div><\/div>\n<\/div>\n<div>\n<div style=\"text-align: justify;\">Qualsevol alumne que es vulgui donar de baixa d\u2019un dels serveis fixes que estigui utilitzant, ha de comunicar-ho per escrit, abans del dia 20 del mes anterior a causar baixa, a la coordinadora de menjador. Fins que no es faci aquesta notificaci\u00f3 , l\u2019alumne no ser\u00e0 donat de baixa i s\u2019haur\u00e0 de fer efectiu, conseq\u00fcentment, el pagament de la quota del mes corresponent.<\/div>\n<div style=\"text-align: justify;\"><\/div>\n<div style=\"text-align: justify;\">Per acord de l\u2019assemblea de l\u2019AMPA i del Consell Escolar, no es podr\u00e0 fer \u00fas del serveis si no s\u2019est\u00e0 al corrent de pagament o si es tenen quotes pendents de qualsevol activitat organitzada per l\u2019AMPA.<\/div>\n<div>\n<div class=\"MsoNormal\"><\/div>\n<p><!--more--><\/p>\n<\/div>\n<div><b><u>Documents relacionats<\/u><\/b><\/div>\n<div><\/div>\n<div><a href=\"https:\/\/drive.google.com\/file\/d\/1DFVdjhCYYv8WVYVHtdUUk4ziW2fBYslY\/view?usp=sharing\" target=\"_blank\" rel=\"noopener noreferrer\">Autoritzaci\u00f3 per administraci\u00f3 medicaments<\/a><\/div>\n<\/div>\n<div><\/div>\n<div><\/div>\n<div>\n<div><a href=\"https:\/\/drive.google.com\/file\/d\/1bgZr8NaCwf-_kIM_GoQmF2m5Uy9LqXSo\/view?usp=sharing\" target=\"_blank\" rel=\"noopener noreferrer\">Material necessari <\/a><b><br \/>\n<\/b><\/div>\n<\/div>\n<div class=\"separator\" style=\"clear: both; text-align: center;\"><\/div>\n<div class=\"separator\" style=\"clear: both; text-align: center;\"><\/div>\n<div><\/div>\n<div><\/div>\n<div><b>\u00a0<\/b><\/div>\n<div><b>\u00a0<\/b><\/div>\n<div><\/div>\n","protected":false},"excerpt":{"rendered":"<p><a href=\"http:\/\/camposestela.com\/\"><\/a><\/p>\n<p>L\u2019escola t\u00e9 cuina pr\u00f2pia i el servei de menjador el gestiona l\u2019empresa Campos Estela que s\u2019ocupa de confeccionar els men\u00fas, gestionar el personal i mat\u00e8ria primera, mantenir les instal\u00b7lacions netes, gestionar els rebuts bancaris i organitzar les activitats de lleure. El servei es presta&hellip;  <a href=\"https:\/\/agora.xtec.cat\/esc-mmata-mataro\/ampa\/menjador-escolar\/\" title=\"Read Menjador Escolar\">Llegeix m\u00e9s\u00bb<\/a><\/p>\n","protected":false},"author":1,"featured_media":0,"parent":1117,"menu_order":30,"comment_status":"closed","ping_status":"closed","template":"page-templates\/side-menu.php","meta":{"_bbp_topic_count":0,"_bbp_reply_count":0,"_bbp_total_topic_count":0,"_bbp_total_reply_count":0,"_bbp_voice_count":0,"_bbp_anonymous_reply_count":0,"_bbp_topic_count_hidden":0,"_bbp_reply_count_hidden":0,"_bbp_forum_subforum_count":0,"footnotes":""},"class_list":["post-73","page","type-page","status-publish","hentry"],"post_mailing_queue_ids":[],"_links":{"self":[{"href":"https:\/\/agora.xtec.cat\/esc-mmata-mataro\/wp-json\/wp\/v2\/pages\/73","targetHints":{"allow":["GET"]}}],"collection":[{"href":"https:\/\/agora.xtec.cat\/esc-mmata-mataro\/wp-json\/wp\/v2\/pages"}],"about":[{"href":"https:\/\/agora.xtec.cat\/esc-mmata-mataro\/wp-json\/wp\/v2\/types\/page"}],"author":[{"embeddable":true,"href":"https:\/\/agora.xtec.cat\/esc-mmata-mataro\/wp-json\/wp\/v2\/users\/1"}],"replies":[{"embeddable":true,"href":"https:\/\/agora.xtec.cat\/esc-mmata-mataro\/wp-json\/wp\/v2\/comments?post=73"}],"version-history":[{"count":6,"href":"https:\/\/agora.xtec.cat\/esc-mmata-mataro\/wp-json\/wp\/v2\/pages\/73\/revisions"}],"predecessor-version":[{"id":5388,"href":"https:\/\/agora.xtec.cat\/esc-mmata-mataro\/wp-json\/wp\/v2\/pages\/73\/revisions\/5388"}],"up":[{"embeddable":true,"href":"https:\/\/agora.xtec.cat\/esc-mmata-mataro\/wp-json\/wp\/v2\/pages\/1117"}],"wp:attachment":[{"href":"https:\/\/agora.xtec.cat\/esc-mmata-mataro\/wp-json\/wp\/v2\/media?parent=73"}],"curies":[{"name":"wp","href":"https:\/\/api.w.org\/{rel}","templated":true}]}}