{"id":583,"date":"2018-10-04T13:08:41","date_gmt":"2018-10-04T11:08:41","guid":{"rendered":"http:\/\/agora.xtec.cat\/esc-mmata-mataro\/?page_id=583"},"modified":"2023-04-28T08:49:18","modified_gmt":"2023-04-28T06:49:18","slug":"pla-davaluacio-de-centre","status":"publish","type":"page","link":"https:\/\/agora.xtec.cat\/esc-mmata-mataro\/projecte-educatiu\/pla-davaluacio-de-centre\/","title":{"rendered":"Pla d&#8217;avaluaci\u00f3 del centre"},"content":{"rendered":"<p>El Pla d&#8217;avaluaci\u00f3 de centre recull tot el proc\u00e9s d&#8217;avaluaci\u00f3 integral de l&#8217;escola amb l&#8217;objectiu de convertir-se en un est\u00edmul de millora constant per als mestres i contribuir en la millora de la qualitat educativa.<\/p>\n<p><a href=\"https:\/\/agora.xtec.cat\/esc-mmata-mataro\/wp-content\/uploads\/usu828\/2020\/05\/PLA-INTEGRAL-AVAL-NODES.pdf\" target=\"_blank\" rel=\"noopener\">Pla d&#8217;avaluaci\u00f3 de centre<\/a><a href=\"https:\/\/agora.xtec.cat\/esc-mmata-mataro\/wp-content\/uploads\/usu828\/2020\/05\/PLA-INTEGRAL-AVAL-NODES.pdf\" target=\"_blank\" rel=\"noopener\"> \u00a0<img loading=\"lazy\" decoding=\"async\" class=\"\" src=\"https:\/\/t4.ftcdn.net\/jpg\/01\/03\/75\/43\/240_F_103754394_xSNhdDOKFusz9Vrb8ZZNLY8SXSwLfaIT.jpg\" alt=\"103754394\" width=\"60\" height=\"60\" \/><\/a><\/p>\n","protected":false},"excerpt":{"rendered":"<p>El Pla d&#8217;avaluaci\u00f3 de centre recull tot el proc\u00e9s d&#8217;avaluaci\u00f3 integral de l&#8217;escola amb l&#8217;objectiu de convertir-se en un est\u00edmul de millora constant per als mestres i contribuir en la millora de la qualitat educativa.<br \/>\n<a href=\"https:\/\/agora.xtec.cat\/esc-mmata-mataro\/wp-content\/uploads\/usu828\/2020\/05\/PLA-INTEGRAL-AVAL-NODES.pdf\" target=\"_blank\" rel=\"noopener\">Pla d&#8217;avaluaci\u00f3 de centre<\/a><a href=\"https:\/\/agora.xtec.cat\/esc-mmata-mataro\/wp-content\/uploads\/usu828\/2020\/05\/PLA-INTEGRAL-AVAL-NODES.pdf\" target=\"_blank\" rel=\"noopener\"> \u00a0<\/a><\/p>\n","protected":false},"author":3,"featured_media":0,"parent":64,"menu_order":6,"comment_status":"closed","ping_status":"closed","template":"page-templates\/side-menu.php","meta":{"_bbp_topic_count":0,"_bbp_reply_count":0,"_bbp_total_topic_count":0,"_bbp_total_reply_count":0,"_bbp_voice_count":0,"_bbp_anonymous_reply_count":0,"_bbp_topic_count_hidden":0,"_bbp_reply_count_hidden":0,"_bbp_forum_subforum_count":0,"footnotes":""},"class_list":["post-583","page","type-page","status-publish","hentry"],"post_mailing_queue_ids":[],"_links":{"self":[{"href":"https:\/\/agora.xtec.cat\/esc-mmata-mataro\/wp-json\/wp\/v2\/pages\/583","targetHints":{"allow":["GET"]}}],"collection":[{"href":"https:\/\/agora.xtec.cat\/esc-mmata-mataro\/wp-json\/wp\/v2\/pages"}],"about":[{"href":"https:\/\/agora.xtec.cat\/esc-mmata-mataro\/wp-json\/wp\/v2\/types\/page"}],"author":[{"embeddable":true,"href":"https:\/\/agora.xtec.cat\/esc-mmata-mataro\/wp-json\/wp\/v2\/users\/3"}],"replies":[{"embeddable":true,"href":"https:\/\/agora.xtec.cat\/esc-mmata-mataro\/wp-json\/wp\/v2\/comments?post=583"}],"version-history":[{"count":4,"href":"https:\/\/agora.xtec.cat\/esc-mmata-mataro\/wp-json\/wp\/v2\/pages\/583\/revisions"}],"predecessor-version":[{"id":5041,"href":"https:\/\/agora.xtec.cat\/esc-mmata-mataro\/wp-json\/wp\/v2\/pages\/583\/revisions\/5041"}],"up":[{"embeddable":true,"href":"https:\/\/agora.xtec.cat\/esc-mmata-mataro\/wp-json\/wp\/v2\/pages\/64"}],"wp:attachment":[{"href":"https:\/\/agora.xtec.cat\/esc-mmata-mataro\/wp-json\/wp\/v2\/media?parent=583"}],"curies":[{"name":"wp","href":"https:\/\/api.w.org\/{rel}","templated":true}]}}