{"id":582,"date":"2018-10-04T13:08:41","date_gmt":"2018-10-04T11:08:41","guid":{"rendered":"http:\/\/agora.xtec.cat\/esc-mmata-mataro\/?page_id=582"},"modified":"2024-10-08T12:22:27","modified_gmt":"2024-10-08T10:22:27","slug":"festes-tradicions","status":"publish","type":"page","link":"https:\/\/agora.xtec.cat\/esc-mmata-mataro\/projecte-educatiu\/festes-tradicions\/","title":{"rendered":"Festes i tradicions"},"content":{"rendered":"<p style=\"text-align: left;\">Les festes i tradicions, fan anar a l&#8217;escola m\u00e9s enll\u00e0 d&#8217;ella mateixa, \u00e9s una de les seves oportunitats de pert\u00e0nyer a un lloc, a un barri, a una ciutat i en definitiva a una comunitat educativa. S&#8217;ha d&#8217;innovar partint de les nostres tradicions i obrir la nostra mirada cap a l&#8217;art, la cultura (amb totes les cultures), aportant-t&#8217;hi valors i sent interculturals. Sabem que partim d&#8217;una vessant l\u00fadica, per\u00f2 tampoc oblidem que s\u00f3n un bon fil conductor per a treballar continguts i\/o capacitats, gaudint de moments gaireb\u00e9 inoblidables, sobre tot per als m\u00e9s petits. Representen l&#8217;esfor\u00e7 en l&#8217;el\u00b7laboraci\u00f3, preparaci\u00f3, organitzaci\u00f3, etc. per\u00f2 aquest queda alleugerit amb la col\u00b7laboraci\u00f3 de tota la comunitat educativa i la gran recompensa que arriba amb l&#8217;alegria que ens toca el cor dels i de les que son el motor del nostre dia a dia, per aix\u00f2 a l&#8217;escola gaudim de:<\/p>\n<p>&nbsp;<\/p>\n<h3 style=\"text-align: left;\">La castanyada<\/h3>\n<p>La Castanyada \u00e9s una festa tradicional molt estimada! A l&#8217;escola tenim unes activitats ben especials per a celebrar-la. Els m\u00e9s petits gaudeixen de la visita de la Castanyera i escolten els seves hist\u00f2ries, fan dances i mengen castanyes. Les colles dels mitjans i els grans es reuneixen al pati per mostrar les dances que han treballat a Educaci\u00f3 F\u00edsica i menjar castanyes junts. \u00c9s una manera molt bonica de mantenir viva la tradici\u00f3 i compartir una estona festiva entre tots.<\/p>\n<p><img loading=\"lazy\" decoding=\"async\" class=\"alignnone wp-image-5504 size-medium\" src=\"https:\/\/agora.xtec.cat\/esc-mmata-mataro\/wp-content\/uploads\/usu828\/2024\/10\/foto-2-castanyada-300x225.jpg\" alt=\"\" width=\"300\" height=\"225\" srcset=\"https:\/\/agora.xtec.cat\/esc-mmata-mataro\/wp-content\/uploads\/usu828\/2024\/10\/foto-2-castanyada-300x225.jpg 300w, https:\/\/agora.xtec.cat\/esc-mmata-mataro\/wp-content\/uploads\/usu828\/2024\/10\/foto-2-castanyada-1024x768.jpg 1024w, https:\/\/agora.xtec.cat\/esc-mmata-mataro\/wp-content\/uploads\/usu828\/2024\/10\/foto-2-castanyada-768x576.jpg 768w, https:\/\/agora.xtec.cat\/esc-mmata-mataro\/wp-content\/uploads\/usu828\/2024\/10\/foto-2-castanyada-1536x1152.jpg 1536w, https:\/\/agora.xtec.cat\/esc-mmata-mataro\/wp-content\/uploads\/usu828\/2024\/10\/foto-2-castanyada-2048x1536.jpg 2048w, https:\/\/agora.xtec.cat\/esc-mmata-mataro\/wp-content\/uploads\/usu828\/2024\/10\/foto-2-castanyada-200x150.jpg 200w\" sizes=\"auto, (max-width: 300px) 100vw, 300px\" \/> <img loading=\"lazy\" decoding=\"async\" class=\"alignnone wp-image-5505 size-medium\" src=\"https:\/\/agora.xtec.cat\/esc-mmata-mataro\/wp-content\/uploads\/usu828\/2024\/10\/Foto-1-castanya-300x225.jpg\" alt=\"\" width=\"300\" height=\"225\" srcset=\"https:\/\/agora.xtec.cat\/esc-mmata-mataro\/wp-content\/uploads\/usu828\/2024\/10\/Foto-1-castanya-300x225.jpg 300w, https:\/\/agora.xtec.cat\/esc-mmata-mataro\/wp-content\/uploads\/usu828\/2024\/10\/Foto-1-castanya-1024x768.jpg 1024w, https:\/\/agora.xtec.cat\/esc-mmata-mataro\/wp-content\/uploads\/usu828\/2024\/10\/Foto-1-castanya-768x576.jpg 768w, https:\/\/agora.xtec.cat\/esc-mmata-mataro\/wp-content\/uploads\/usu828\/2024\/10\/Foto-1-castanya-1536x1152.jpg 1536w, https:\/\/agora.xtec.cat\/esc-mmata-mataro\/wp-content\/uploads\/usu828\/2024\/10\/Foto-1-castanya-2048x1536.jpg 2048w, https:\/\/agora.xtec.cat\/esc-mmata-mataro\/wp-content\/uploads\/usu828\/2024\/10\/Foto-1-castanya-200x150.jpg 200w\" sizes=\"auto, (max-width: 300px) 100vw, 300px\" \/><\/p>\n<h3>Nadal i Ti\u00f3<\/h3>\n<p>Com cada any, a l&#8217;escola ens preparem per viure el Nadal amb molta il\u00b7lusi\u00f3 i alegria. Tots els alumnes, des dels m\u00e9s petits fins als m\u00e9s grans, participen en activitats plenes de tradici\u00f3 i esperit nadalenc.<\/p>\n<p>Els m\u00e9s petits i la colla de mitjans fan cagar el Ti\u00f3, que ens porta neules i torrons per a tothom! \u00c9s un moment ple de m\u00e0gia i diversi\u00f3, on les cares d&#8217;alegria dels infants s\u00f3n les aut\u00e8ntiques protagonistes.<\/p>\n<p>Els grans, per la seva part, es converteixen en amics invisibles. Amb molta emoci\u00f3 i complicitat, es fan petits regals i sorpreses que fomenten l&#8217;amistat i el bon ambient entre tots.<\/p>\n<p>A m\u00e9s, cada nivell est\u00e0 preparant amb molt d&#8217;esfor\u00e7 i dedicaci\u00f3 un vers i una can\u00e7\u00f3 de Nadal que recitaran i cantaran davant les fam\u00edlies l&#8217;\u00faltim dia del trimestre. Un acte que tanca el trimestre amb emoci\u00f3 i un caliu especial, compartint el fruit del treball de tots els nens i nenes.<\/p>\n<p>El Nadal ja \u00e9s aqu\u00ed, i a l&#8217;escola es respira l&#8217;ambient festiu i ple de tradici\u00f3 que ens fa viure aquesta \u00e8poca de l&#8217;any amb una il\u00b7lusi\u00f3 especial.<\/p>\n<p><img loading=\"lazy\" decoding=\"async\" class=\"alignnone wp-image-5515\" src=\"https:\/\/agora.xtec.cat\/esc-mmata-mataro\/wp-content\/uploads\/usu828\/2024\/10\/arriba-el-tio-768x1024.jpg\" alt=\"\" width=\"168\" height=\"224\" srcset=\"https:\/\/agora.xtec.cat\/esc-mmata-mataro\/wp-content\/uploads\/usu828\/2024\/10\/arriba-el-tio-768x1024.jpg 768w, https:\/\/agora.xtec.cat\/esc-mmata-mataro\/wp-content\/uploads\/usu828\/2024\/10\/arriba-el-tio-225x300.jpg 225w, https:\/\/agora.xtec.cat\/esc-mmata-mataro\/wp-content\/uploads\/usu828\/2024\/10\/arriba-el-tio-1152x1536.jpg 1152w, https:\/\/agora.xtec.cat\/esc-mmata-mataro\/wp-content\/uploads\/usu828\/2024\/10\/arriba-el-tio.jpg 1200w\" sizes=\"auto, (max-width: 168px) 100vw, 168px\" \/> <img loading=\"lazy\" decoding=\"async\" class=\"alignnone wp-image-5516\" src=\"https:\/\/agora.xtec.cat\/esc-mmata-mataro\/wp-content\/uploads\/usu828\/2024\/10\/piquem-el-tio-1024x768.jpg\" alt=\"\" width=\"301\" height=\"226\" srcset=\"https:\/\/agora.xtec.cat\/esc-mmata-mataro\/wp-content\/uploads\/usu828\/2024\/10\/piquem-el-tio-1024x768.jpg 1024w, https:\/\/agora.xtec.cat\/esc-mmata-mataro\/wp-content\/uploads\/usu828\/2024\/10\/piquem-el-tio-300x225.jpg 300w, https:\/\/agora.xtec.cat\/esc-mmata-mataro\/wp-content\/uploads\/usu828\/2024\/10\/piquem-el-tio-768x576.jpg 768w, https:\/\/agora.xtec.cat\/esc-mmata-mataro\/wp-content\/uploads\/usu828\/2024\/10\/piquem-el-tio-1536x1152.jpg 1536w, https:\/\/agora.xtec.cat\/esc-mmata-mataro\/wp-content\/uploads\/usu828\/2024\/10\/piquem-el-tio-2048x1536.jpg 2048w, https:\/\/agora.xtec.cat\/esc-mmata-mataro\/wp-content\/uploads\/usu828\/2024\/10\/piquem-el-tio-200x150.jpg 200w\" sizes=\"auto, (max-width: 301px) 100vw, 301px\" \/> <img loading=\"lazy\" decoding=\"async\" class=\"alignnone wp-image-5517\" src=\"https:\/\/agora.xtec.cat\/esc-mmata-mataro\/wp-content\/uploads\/usu828\/2024\/10\/Amic-invisible-1024x768.jpg\" alt=\"\" width=\"299\" height=\"224\" srcset=\"https:\/\/agora.xtec.cat\/esc-mmata-mataro\/wp-content\/uploads\/usu828\/2024\/10\/Amic-invisible-1024x768.jpg 1024w, https:\/\/agora.xtec.cat\/esc-mmata-mataro\/wp-content\/uploads\/usu828\/2024\/10\/Amic-invisible-300x225.jpg 300w, https:\/\/agora.xtec.cat\/esc-mmata-mataro\/wp-content\/uploads\/usu828\/2024\/10\/Amic-invisible-768x576.jpg 768w, https:\/\/agora.xtec.cat\/esc-mmata-mataro\/wp-content\/uploads\/usu828\/2024\/10\/Amic-invisible-1536x1152.jpg 1536w, https:\/\/agora.xtec.cat\/esc-mmata-mataro\/wp-content\/uploads\/usu828\/2024\/10\/Amic-invisible-2048x1536.jpg 2048w, https:\/\/agora.xtec.cat\/esc-mmata-mataro\/wp-content\/uploads\/usu828\/2024\/10\/Amic-invisible-200x150.jpg 200w\" sizes=\"auto, (max-width: 299px) 100vw, 299px\" \/><\/p>\n<p><img loading=\"lazy\" decoding=\"async\" class=\"wp-image-5520 alignnone\" src=\"https:\/\/agora.xtec.cat\/esc-mmata-mataro\/wp-content\/uploads\/usu828\/2024\/10\/Concert-de-Nadal-1024x768.jpg\" alt=\"\" width=\"776\" height=\"582\" srcset=\"https:\/\/agora.xtec.cat\/esc-mmata-mataro\/wp-content\/uploads\/usu828\/2024\/10\/Concert-de-Nadal-1024x768.jpg 1024w, https:\/\/agora.xtec.cat\/esc-mmata-mataro\/wp-content\/uploads\/usu828\/2024\/10\/Concert-de-Nadal-300x225.jpg 300w, https:\/\/agora.xtec.cat\/esc-mmata-mataro\/wp-content\/uploads\/usu828\/2024\/10\/Concert-de-Nadal-768x576.jpg 768w, https:\/\/agora.xtec.cat\/esc-mmata-mataro\/wp-content\/uploads\/usu828\/2024\/10\/Concert-de-Nadal-1536x1152.jpg 1536w, https:\/\/agora.xtec.cat\/esc-mmata-mataro\/wp-content\/uploads\/usu828\/2024\/10\/Concert-de-Nadal-2048x1536.jpg 2048w, https:\/\/agora.xtec.cat\/esc-mmata-mataro\/wp-content\/uploads\/usu828\/2024\/10\/Concert-de-Nadal-200x150.jpg 200w\" sizes=\"auto, (max-width: 776px) 100vw, 776px\" \/><\/p>\n<h3><\/h3>\n<h3>Dia escolar de la No-Violencia i la Pau (DENIP)<\/h3>\n<p>A la nostra escola, commemorem el DENIP amb activitats que promouen la cooperaci\u00f3, la solidaritat i el respecte mutu. La mestra d&#8217;Educaci\u00f3 F\u00edsica ha preparat un circuit de jocs cooperatius, on els alumnes de 5\u00e8 i 6\u00e8 tenen un paper molt especial: fan de monitors i ajuden els m\u00e9s petits a gaudir de les activitats.<\/p>\n<p>Aquest circuit \u00e9s una oportunitat perqu\u00e8 tots els nens i nenes aprenguin valors de treball en equip i col\u00b7laboraci\u00f3, alhora que es diverteixen i enforteixen els vincles entre ells.<\/p>\n<p>Per acabar la jornada, tots ens reunim en una gran rotllana al pati, on cantem junts una can\u00e7\u00f3 dedicada a la Pau. \u00c9s un moment molt emotiu, que ens recorda la import\u00e0ncia de viure en harmonia i de construir un m\u00f3n m\u00e9s just i pac\u00edfic.<\/p>\n<p>Amb aquesta celebraci\u00f3, ens comprometem a promoure la pau i la no-viol\u00e8ncia en el nostre dia a dia, dins i fora de l\u2019escola.<\/p>\n<p><img loading=\"lazy\" decoding=\"async\" class=\"alignnone size-large wp-image-5507\" src=\"https:\/\/agora.xtec.cat\/esc-mmata-mataro\/wp-content\/uploads\/usu828\/2024\/10\/Denip--1024x357.jpg\" alt=\"\" width=\"1024\" height=\"357\" srcset=\"https:\/\/agora.xtec.cat\/esc-mmata-mataro\/wp-content\/uploads\/usu828\/2024\/10\/Denip--1024x357.jpg 1024w, https:\/\/agora.xtec.cat\/esc-mmata-mataro\/wp-content\/uploads\/usu828\/2024\/10\/Denip--300x105.jpg 300w, https:\/\/agora.xtec.cat\/esc-mmata-mataro\/wp-content\/uploads\/usu828\/2024\/10\/Denip--768x268.jpg 768w, https:\/\/agora.xtec.cat\/esc-mmata-mataro\/wp-content\/uploads\/usu828\/2024\/10\/Denip--1536x535.jpg 1536w, https:\/\/agora.xtec.cat\/esc-mmata-mataro\/wp-content\/uploads\/usu828\/2024\/10\/Denip--2048x714.jpg 2048w\" sizes=\"auto, (max-width: 1024px) 100vw, 1024px\" \/><\/p>\n<h3>Carnaval<\/h3>\n<p>Una de les setmanes m\u00e9s esbojarrades i divertides de l&#8217;any: el Carnaval! El Rei Carnestoltes arribara a l&#8217;escola, i ens portar les seves consignes plenes de creativitat i alegria per venir disfressats cada dia.<\/p>\n<p>Durant tota la setmana, els alumnes hauran de seguir aquestes consignes i deixar volar la seva imaginaci\u00f3 amb les disfresses m\u00e9s originals. Per\u00f2 aix\u00f2 no \u00e9s tot! A cada nivell, estem preparant una disfressa tem\u00e0tica i una dansa especial que presentarem durant la.<\/p>\n<p>La nostra rua \u00e9s un dels moments m\u00e9s esperats: m\u00fasica, color i molt de ritme mentre cada grup mostra la seva disfressa i la coreografia que han estat assajant amb tanta il\u00b7lusi\u00f3. Tot plegat, una festa plena de diversi\u00f3 que fa del Carnaval una celebraci\u00f3 \u00fanica a l&#8217;escola!<\/p>\n<p>&nbsp;<\/p>\n<h3>La vella quaresma<\/h3>\n<p>Despr\u00e9s de la disbauxa del Carnaval, arriba la <strong>Vetlla Quaresma<\/strong> per posar fi a les festes i donar pas a un per\u00edode m\u00e9s tranquil. A l&#8217;escola, els m\u00e9s petits seran els encarregats de seguir la tradici\u00f3 de la Vella Quaresma. Cada setmana, durant les setmanes que dura la Quaresma, els nens li tallaran una pota, simbolitzant el pas del temps fins arribar a les esperades vacances de Setmana Santa.<\/p>\n<p>Amb molta il\u00b7lusi\u00f3 i expectaci\u00f3, els infants participen en aquest ritual, que ens recorda que tot arriba a la seva fi, per\u00f2 que sempre hi ha un nou comen\u00e7ament.<span style=\"font-family: inherit; font-size: 1em;\">Un moment molt especial que ajuda els m\u00e9s petits a connectar amb les tradicions i a gaudir del cam\u00ed cap a les vacances.<\/span><\/p>\n<p><img loading=\"lazy\" decoding=\"async\" class=\"wp-image-5522 aligncenter\" src=\"https:\/\/agora.xtec.cat\/esc-mmata-mataro\/wp-content\/uploads\/usu828\/2024\/10\/Vella-Quaresma-768x1024.jpg\" alt=\"\" width=\"275\" height=\"367\" srcset=\"https:\/\/agora.xtec.cat\/esc-mmata-mataro\/wp-content\/uploads\/usu828\/2024\/10\/Vella-Quaresma-768x1024.jpg 768w, https:\/\/agora.xtec.cat\/esc-mmata-mataro\/wp-content\/uploads\/usu828\/2024\/10\/Vella-Quaresma-225x300.jpg 225w, https:\/\/agora.xtec.cat\/esc-mmata-mataro\/wp-content\/uploads\/usu828\/2024\/10\/Vella-Quaresma-1152x1536.jpg 1152w, https:\/\/agora.xtec.cat\/esc-mmata-mataro\/wp-content\/uploads\/usu828\/2024\/10\/Vella-Quaresma-1536x2048.jpg 1536w, https:\/\/agora.xtec.cat\/esc-mmata-mataro\/wp-content\/uploads\/usu828\/2024\/10\/Vella-Quaresma-scaled.jpg 1920w\" sizes=\"auto, (max-width: 275px) 100vw, 275px\" \/><\/p>\n<h3>Sant Jordi i Setmana cultural: Una Festa de Lletres i Tradicions<\/h3>\n<p>Coincidint amb la Diada de Sant Jordi, l&#8217;escola celebra una de les setmanes m\u00e9s especials de l&#8217;any: la Setmana Cultural. Durant aquests dies, els alumnes de Grans i Mitjans faran de <strong>padrins lectors <\/strong>i es preparen amb dedicaci\u00f3 per compartir contes amb els m\u00e9s petits. Per parelles, els i les alumnes llegiran aquests contes, hist\u00f2ries, o llegendes que faran gaudir i somiar els m\u00e9s joves de l&#8217;escola, fomentant aix\u00ed el gust per la lectura i creant moments de complicitat entre els diferents grups.<\/p>\n<p>Les tardes de la setmana estaran dedicades als <strong>tallers culturals<\/strong>, on tots els alumnes participaran en activitats creatives que posen en valor la cultura, l&#8217;art i les tradicions de la nostra terra.<\/p>\n<p>Per culminar la Setmana Cultural, celebrarem els <strong>Jocs Florals<\/strong>, un dels moments m\u00e9s esperats de l&#8217;any. Cada nivell ha preparat una producci\u00f3 cooperativa que ser\u00e0 presentada i premiada. A m\u00e9s, els mestres ens sorprendran amb la <strong>representaci\u00f3 teatral<\/strong> de la llegenda de Sant Jordi, una manera divertida i entranyable de reviure aquesta llegenda tan estimada per tots.<\/p>\n<p>La Setmana Cultural i la Diada de Sant Jordi s\u00f3n una festa plena d&#8217;aprenentatge, tradicions i molta diversi\u00f3!<\/p>\n<p><img loading=\"lazy\" decoding=\"async\" class=\"wp-image-5524 aligncenter\" src=\"https:\/\/agora.xtec.cat\/esc-mmata-mataro\/wp-content\/uploads\/usu828\/2024\/10\/teatre-sant-jordi-1024x577.jpg\" alt=\"\" width=\"760\" height=\"428\" srcset=\"https:\/\/agora.xtec.cat\/esc-mmata-mataro\/wp-content\/uploads\/usu828\/2024\/10\/teatre-sant-jordi-1024x577.jpg 1024w, https:\/\/agora.xtec.cat\/esc-mmata-mataro\/wp-content\/uploads\/usu828\/2024\/10\/teatre-sant-jordi-300x169.jpg 300w, https:\/\/agora.xtec.cat\/esc-mmata-mataro\/wp-content\/uploads\/usu828\/2024\/10\/teatre-sant-jordi-768x432.jpg 768w, https:\/\/agora.xtec.cat\/esc-mmata-mataro\/wp-content\/uploads\/usu828\/2024\/10\/teatre-sant-jordi-1536x865.jpg 1536w, https:\/\/agora.xtec.cat\/esc-mmata-mataro\/wp-content\/uploads\/usu828\/2024\/10\/teatre-sant-jordi-2048x1153.jpg 2048w\" sizes=\"auto, (max-width: 760px) 100vw, 760px\" \/><\/p>\n<h3>Festa dels avis. Temps de Jugar amb els Avis i \u00c0vies!<\/h3>\n<p>Al mes de maig, quan el bon temps ens acompanya, a l&#8217;escola celebrem una jornada molt especial: convidem als nostres avis i \u00e0vies a venir a jugar amb nosaltres. Aquest dia, ple d&#8217;afecte i somriures, es converteix en una oportunitat \u00fanica per intercanviar maneres de jugar i compartir experi\u00e8ncies entre generacions.<\/p>\n<p>Els avis i \u00e0vies ens expliquen a qu\u00e8 jugaven quan eren petits, ens ensenyen jocs tradicionals que potser no coneix\u00edem, i nosaltres, amb molta il\u00b7lusi\u00f3, els mostrem les joguines actuals de l&#8217;escola i els ensenyem a jugar amb elles. Aquest intercanvi no nom\u00e9s enriqueix els infants, sin\u00f3 que crea un vincle molt especial amb els nostres avis i \u00e0vies.<\/p>\n<p>\u00c9s un dia ple de complicitat i aprenentatge mutu, on el joc es converteix en un pont entre generacions, fent-nos sentir m\u00e9s propers els uns als altres.<\/p>\n<p>&nbsp;<\/p>\n<p><img loading=\"lazy\" decoding=\"async\" class=\"wp-image-5513 aligncenter\" src=\"https:\/\/agora.xtec.cat\/esc-mmata-mataro\/wp-content\/uploads\/usu828\/2024\/10\/Festa-dels-avis-1024x768.jpg\" alt=\"\" width=\"615\" height=\"461\" srcset=\"https:\/\/agora.xtec.cat\/esc-mmata-mataro\/wp-content\/uploads\/usu828\/2024\/10\/Festa-dels-avis-1024x768.jpg 1024w, https:\/\/agora.xtec.cat\/esc-mmata-mataro\/wp-content\/uploads\/usu828\/2024\/10\/Festa-dels-avis-300x225.jpg 300w, https:\/\/agora.xtec.cat\/esc-mmata-mataro\/wp-content\/uploads\/usu828\/2024\/10\/Festa-dels-avis-768x576.jpg 768w, https:\/\/agora.xtec.cat\/esc-mmata-mataro\/wp-content\/uploads\/usu828\/2024\/10\/Festa-dels-avis-1536x1152.jpg 1536w, https:\/\/agora.xtec.cat\/esc-mmata-mataro\/wp-content\/uploads\/usu828\/2024\/10\/Festa-dels-avis-2048x1536.jpg 2048w, https:\/\/agora.xtec.cat\/esc-mmata-mataro\/wp-content\/uploads\/usu828\/2024\/10\/Festa-dels-avis-200x150.jpg 200w\" sizes=\"auto, (max-width: 615px) 100vw, 615px\" \/><\/p>\n<p>&nbsp;<\/p>\n<h3>Festa de fi de curs: Joc de l&#8217;Oca d&#8217;Esports i Comiat dels Alumnes de 6\u00e8<\/h3>\n<p>El final de curs arriba carregat d&#8217;emocions i diversi\u00f3! Per acomiadar-nos d&#8217;aquest curs, tots els alumnes de l&#8217;escola participem en el tradicional Joc de l&#8217;Oca d&#8217;Esports. Repartits per colles al pati, gaudim d\u2019una jornada plena d\u2019activitat f\u00edsica i jocs, on cada casella ens porta nous reptes i somriures. \u00c9s un dia especial on la competici\u00f3 sana i el treball en equip ens uneixen encara m\u00e9s.<\/p>\n<p>A m\u00e9s, tamb\u00e9 arriba el moment de dir ad\u00e9u als nostres companys i companyes de 6\u00e8, que comencen una nova etapa a l&#8217;institut. Per celebrar aquest pas important, tots els alumnes formem un t\u00fanel hum\u00e0 per acomiadar-los de manera simb\u00f2lica i desitjar-los molta sort en aquest nou cam\u00ed que inicien. El t\u00fanel representa el pas a l\u2019institut, un moment ple d&#8217;emoci\u00f3, abra\u00e7ades i bons desitjos.<\/p>\n<p>Amb aquest dia tan especial, tanquem un curs ple d&#8217;aprenentatges, viv\u00e8ncies i moments inoblidables, amb la mirada posada a l\u2019estiu i a les noves aventures que vindran.<\/p>\n<p>&nbsp;<\/p>\n","protected":false},"excerpt":{"rendered":"<p>Les festes i tradicions, fan anar a l&#8217;escola m\u00e9s enll\u00e0 d&#8217;ella mateixa, \u00e9s una de les seves oportunitats de pert\u00e0nyer a un lloc, a un barri, a una ciutat i en definitiva a una comunitat educativa. S&#8217;ha d&#8217;innovar partint de les nostres tradicions i obrir&hellip;  <a href=\"https:\/\/agora.xtec.cat\/esc-mmata-mataro\/projecte-educatiu\/festes-tradicions\/\" title=\"Read Festes i tradicions\">Llegeix m\u00e9s\u00bb<\/a><\/p>\n","protected":false},"author":3,"featured_media":0,"parent":64,"menu_order":8,"comment_status":"closed","ping_status":"closed","template":"page-templates\/side-menu.php","meta":{"_bbp_topic_count":0,"_bbp_reply_count":0,"_bbp_total_topic_count":0,"_bbp_total_reply_count":0,"_bbp_voice_count":0,"_bbp_anonymous_reply_count":0,"_bbp_topic_count_hidden":0,"_bbp_reply_count_hidden":0,"_bbp_forum_subforum_count":0,"footnotes":""},"class_list":["post-582","page","type-page","status-publish","hentry"],"post_mailing_queue_ids":[],"_links":{"self":[{"href":"https:\/\/agora.xtec.cat\/esc-mmata-mataro\/wp-json\/wp\/v2\/pages\/582","targetHints":{"allow":["GET"]}}],"collection":[{"href":"https:\/\/agora.xtec.cat\/esc-mmata-mataro\/wp-json\/wp\/v2\/pages"}],"about":[{"href":"https:\/\/agora.xtec.cat\/esc-mmata-mataro\/wp-json\/wp\/v2\/types\/page"}],"author":[{"embeddable":true,"href":"https:\/\/agora.xtec.cat\/esc-mmata-mataro\/wp-json\/wp\/v2\/users\/3"}],"replies":[{"embeddable":true,"href":"https:\/\/agora.xtec.cat\/esc-mmata-mataro\/wp-json\/wp\/v2\/comments?post=582"}],"version-history":[{"count":8,"href":"https:\/\/agora.xtec.cat\/esc-mmata-mataro\/wp-json\/wp\/v2\/pages\/582\/revisions"}],"predecessor-version":[{"id":5526,"href":"https:\/\/agora.xtec.cat\/esc-mmata-mataro\/wp-json\/wp\/v2\/pages\/582\/revisions\/5526"}],"up":[{"embeddable":true,"href":"https:\/\/agora.xtec.cat\/esc-mmata-mataro\/wp-json\/wp\/v2\/pages\/64"}],"wp:attachment":[{"href":"https:\/\/agora.xtec.cat\/esc-mmata-mataro\/wp-json\/wp\/v2\/media?parent=582"}],"curies":[{"name":"wp","href":"https:\/\/api.w.org\/{rel}","templated":true}]}}